{"id":10,"date":"2021-04-21T18:30:27","date_gmt":"2021-04-21T16:30:27","guid":{"rendered":"https:\/\/karandoogo.com\/?page_id=10"},"modified":"2024-04-25T23:27:14","modified_gmt":"2024-04-25T23:27:14","slug":"accueil","status":"publish","type":"page","link":"https:\/\/karandoogo.com\/","title":{"rendered":"Acceuil"},"content":{"rendered":"\r\n<p>Depuis 2014, <strong>KARANDOOGO<\/strong> est un leader dans la fourniture de documents de recherche sur des th\u00e9matiques didactiques et sociales essentielles \u00e0 l&rsquo;\u00e9panouissement scolaire et \u00e9tudiant, collaborant avec plus de <strong>30 secr\u00e9tariats\/cybers partenaires au Burkina et en Afrique francophone.<\/strong> De plus, nous dispensons des <strong>formations en techniques de recherche et en pr\u00e9sentation efficace d&rsquo;expos\u00e9s et de th\u00e8ses<\/strong>. Utilisez le menu en haut du site pour consulter la liste de nos expos\u00e9s disponibles par mati\u00e8re ou en cliquant <strong><a href=\"https:\/\/karandoogo.com\/index.php\/2021\/05\/13\/liste-des-exposes-et-documents-disponibles\/\" target=\"_blank\" rel=\"noreferrer noopener\">ici<\/a><\/strong><\/p>\r\n\r\n\r\n\r\n<p><strong>KARANDOOGO<\/strong> propose des sujets de recherche gratuits, mais les sujets pertinents sont payants. Les paiements peuvent \u00eatre effectu\u00e9s via des <strong>moyens mobiles ou des cartes Visa\/Mastercard<\/strong>, et le service client est disponible 7j\/7 par e-mail et WhatsApp.<\/p>\r\n<p><strong>KARANDOOGO<\/strong> est un outil compl\u00e9mentaire pour enrichir votre culture g\u00e9n\u00e9rale et am\u00e9liorer votre travail, mais il ne remplace pas vos cours. Pour en savoir plus consultez nos <a href=\"https:\/\/karandoogo.com\/index.php\/conditions-generales-dutilisation\/\"><strong>CONDITIONS GENERALES D&rsquo;UTILISATION.<\/strong><\/a><\/p>\r\n\r\n\r\n\r\n<p>&nbsp;<\/p>\r\n\r\n\r\n","protected":false},"excerpt":{"rendered":"<p>Depuis 2014, KARANDOOGO est un leader dans la fourniture de documents de recherche sur des th\u00e9matiques didactiques et sociales essentielles \u00e0 l&rsquo;\u00e9panouissement scolaire et \u00e9tudiant, collaborant avec plus de 30 secr\u00e9tariats\/cybers partenaires au Burkina et en Afrique francophone. De plus, nous dispensons des formations en techniques de recherche et en pr\u00e9sentation efficace d&rsquo;expos\u00e9s et de &hellip; <a href=\"https:\/\/karandoogo.com\/\" class=\"more-link\">Continue reading <span class=\"screen-reader-text\">Acceuil<\/span> <span class=\"meta-nav\">&rarr;<\/span><\/a><\/p>\n","protected":false},"author":1,"featured_media":197,"parent":0,"menu_order":0,"comment_status":"closed","ping_status":"closed","template":"","meta":{"footnotes":""},"class_list":["post-10","page","type-page","status-publish","has-post-thumbnail","hentry"],"aioseo_notices":[],"jetpack-related-posts":[],"jetpack_sharing_enabled":true,"_links":{"self":[{"href":"https:\/\/karandoogo.com\/index.php\/wp-json\/wp\/v2\/pages\/10","targetHints":{"allow":["GET"]}}],"collection":[{"href":"https:\/\/karandoogo.com\/index.php\/wp-json\/wp\/v2\/pages"}],"about":[{"href":"https:\/\/karandoogo.com\/index.php\/wp-json\/wp\/v2\/types\/page"}],"author":[{"embeddable":true,"href":"https:\/\/karandoogo.com\/index.php\/wp-json\/wp\/v2\/users\/1"}],"replies":[{"embeddable":true,"href":"https:\/\/karandoogo.com\/index.php\/wp-json\/wp\/v2\/comments?post=10"}],"version-history":[{"count":22,"href":"https:\/\/karandoogo.com\/index.php\/wp-json\/wp\/v2\/pages\/10\/revisions"}],"predecessor-version":[{"id":7161,"href":"https:\/\/karandoogo.com\/index.php\/wp-json\/wp\/v2\/pages\/10\/revisions\/7161"}],"wp:featuredmedia":[{"embeddable":true,"href":"https:\/\/karandoogo.com\/index.php\/wp-json\/wp\/v2\/media\/197"}],"wp:attachment":[{"href":"https:\/\/karandoogo.com\/index.php\/wp-json\/wp\/v2\/media?parent=10"}],"curies":[{"name":"wp","href":"https:\/\/api.w.org\/{rel}","templated":true}]}}