{"id":1338,"date":"2022-08-10T01:27:02","date_gmt":"2022-08-10T01:27:02","guid":{"rendered":"https:\/\/karandoogo.com\/index.php\/politiques-de-confidentialite\/"},"modified":"2022-08-23T17:09:52","modified_gmt":"2022-08-23T17:09:52","slug":"politiques-de-confidentialite","status":"publish","type":"page","link":"https:\/\/karandoogo.com\/index.php\/politiques-de-confidentialite\/","title":{"rendered":"Politique de confidentialit\u00e9"},"content":{"rendered":"\r\n<p><strong>Politique de confidentialit\u00e9 <\/strong><\/p>\r\n\r\n\r\n\r\n<p>Le site Web KARANDOOGO appartient \u00e0 Overland Group, qui est un responsable du traitement de vos donn\u00e9es personnelles. Nous avons adopt\u00e9 la pr\u00e9sente Politique de Confidentialit\u00e9, qui d\u00e9termine la mani\u00e8re dont nous traitons les informations collect\u00e9es par KARANDOOGO, qui pr\u00e9cise \u00e9galement les raisons pour lesquelles nous devons collecter certaines donn\u00e9es personnelles vous concernant. Par cons\u00e9quent, vous devez lire cette politique de confidentialit\u00e9 avant d&rsquo;utiliser le site Web de KARANDOOGO.<\/p>\r\n\r\n\r\n\r\n<p>Nous prenons soin de vos donn\u00e9es personnelles et nous engageons \u00e0 en garantir la confidentialit\u00e9 et la s\u00e9curit\u00e9. Informations personnelles que nous collectons : Lorsque vous visitez KARANDOOGO, nous collectons automatiquement certaines informations sur votre appareil, notamment des informations sur votre navigateur Web, votre adresse IP, votre fuseau horaire et certains des cookies install\u00e9s sur votre appareil. De plus, lorsque vous naviguez sur le site, nous recueillons des informations sur les pages Web individuelles ou les produits que vous consultez, les sites Web ou les termes de recherche qui vous ont r\u00e9f\u00e9r\u00e9 au site et la mani\u00e8re dont vous interagissez avec le site. Nous appelons ces informations collect\u00e9es automatiquement les \u00ab informations sur l&rsquo;appareil \u00bb. De plus, nous pouvons collecter les donn\u00e9es personnelles que vous nous fournissez (y compris, mais sans s&rsquo;y limiter, le nom, le pr\u00e9nom, l&rsquo;adresse, les informations de paiement, etc.) lors de l&rsquo;inscription pour pouvoir remplir l&rsquo;accord.<\/p>\r\n\r\n\r\n\r\n<p><strong>Pourquoi traitons-nous vos donn\u00e9es ?<\/strong><\/p>\r\n\r\n\r\n\r\n<p>Notre priorit\u00e9 absolue est la s\u00e9curit\u00e9 des donn\u00e9es des clients et, \u00e0 ce titre, nous ne pouvons traiter que des donn\u00e9es utilisateur minimales, uniquement dans la mesure o\u00f9 cela est absolument n\u00e9cessaire pour maintenir le site Web. Les informations collect\u00e9es automatiquement ne sont utilis\u00e9es que pour identifier les cas potentiels d&rsquo;abus et \u00e9tablir des informations statistiques sur l&rsquo;utilisation du site Web. Ces informations statistiques ne sont pas autrement agr\u00e9g\u00e9es de mani\u00e8re \u00e0 identifier un utilisateur particulier du syst\u00e8me. Vous pouvez visiter le site Web sans nous dire qui vous \u00eates ni r\u00e9v\u00e9ler aucune information par laquelle quelqu&rsquo;un pourrait vous identifier en tant qu&rsquo;individu sp\u00e9cifique et identifiable.<\/p>\r\n\r\n\r\n\r\n<p>Si toutefois vous souhaitez utiliser certaines fonctionnalit\u00e9s du site, ou si vous souhaitez recevoir notre newsletter ou fournir d&rsquo;autres informations en remplissant un formulaire, vous pouvez nous fournir des donn\u00e9es personnelles telles que votre email, pr\u00e9nom, nom, ville de r\u00e9sidence, organisation, num\u00e9ro de t\u00e9l\u00e9phone. Vous pouvez choisir de ne pas nous fournir vos donn\u00e9es personnelles, mais vous ne pourrez peut-\u00eatre pas profiter de certaines fonctionnalit\u00e9s du site Web. Par exemple, vous ne pourrez pas recevoir notre Newsletter ou nous contacter directement depuis le site. Les utilisateurs qui ne sont pas s\u00fbrs des informations obligatoires sont invit\u00e9s \u00e0 nous contacter via <strong>contact@karandoogo.com<\/strong>.<\/p>\r\n\r\n\r\n\r\n<p>&nbsp;<\/p>\r\n","protected":false},"excerpt":{"rendered":"<p>Politique de confidentialit\u00e9 Le site Web KARANDOOGO appartient \u00e0 Overland Group, qui est un responsable du traitement de vos donn\u00e9es personnelles. Nous avons adopt\u00e9 la pr\u00e9sente Politique de Confidentialit\u00e9, qui d\u00e9termine la mani\u00e8re dont nous traitons les informations collect\u00e9es par KARANDOOGO, qui pr\u00e9cise \u00e9galement les raisons pour lesquelles nous devons collecter certaines donn\u00e9es personnelles vous &hellip; <a href=\"https:\/\/karandoogo.com\/index.php\/politiques-de-confidentialite\/\" class=\"more-link\">Continue reading <span class=\"screen-reader-text\">Politique de confidentialit\u00e9<\/span> <span class=\"meta-nav\">&rarr;<\/span><\/a><\/p>\n","protected":false},"author":1,"featured_media":0,"parent":0,"menu_order":0,"comment_status":"closed","ping_status":"closed","template":"","meta":{"footnotes":""},"class_list":["post-1338","page","type-page","status-publish","hentry"],"aioseo_notices":[],"jetpack-related-posts":[],"jetpack_sharing_enabled":true,"_links":{"self":[{"href":"https:\/\/karandoogo.com\/index.php\/wp-json\/wp\/v2\/pages\/1338","targetHints":{"allow":["GET"]}}],"collection":[{"href":"https:\/\/karandoogo.com\/index.php\/wp-json\/wp\/v2\/pages"}],"about":[{"href":"https:\/\/karandoogo.com\/index.php\/wp-json\/wp\/v2\/types\/page"}],"author":[{"embeddable":true,"href":"https:\/\/karandoogo.com\/index.php\/wp-json\/wp\/v2\/users\/1"}],"replies":[{"embeddable":true,"href":"https:\/\/karandoogo.com\/index.php\/wp-json\/wp\/v2\/comments?post=1338"}],"version-history":[{"count":2,"href":"https:\/\/karandoogo.com\/index.php\/wp-json\/wp\/v2\/pages\/1338\/revisions"}],"predecessor-version":[{"id":1448,"href":"https:\/\/karandoogo.com\/index.php\/wp-json\/wp\/v2\/pages\/1338\/revisions\/1448"}],"wp:attachment":[{"href":"https:\/\/karandoogo.com\/index.php\/wp-json\/wp\/v2\/media?parent=1338"}],"curies":[{"name":"wp","href":"https:\/\/api.w.org\/{rel}","templated":true}]}}