{"id":1011,"date":"2022-07-26T17:05:40","date_gmt":"2022-07-26T17:05:40","guid":{"rendered":"https:\/\/karandoogo.com\/?post_type=product&#038;p=1011"},"modified":"2025-10-19T14:00:00","modified_gmt":"2025-10-19T14:00:00","slug":"expose-complet-sur-le-cercle-des-tropiques-dalioun-fantoure","status":"publish","type":"product","link":"https:\/\/karandoogo.com\/index.php\/produit\/expose-complet-sur-le-cercle-des-tropiques-dalioun-fantoure\/","title":{"rendered":"Expos\u00e9 complet sur le cercle des Tropiques d&rsquo;Alioun Fantour\u00e9"},"content":{"rendered":"","protected":false},"excerpt":{"rendered":"<p><strong>NB<\/strong>: Les documents mis \u00e0 disposition sur ce site sont des documents \u00e0 exploiter, autrement dit des compl\u00e9ments pour parfaire votre travail. Ils ne sont pas faits pour \u00eatre pr\u00e9sent\u00e9s \u00e0 l\u2019\u00e9tat.<\/p>\n<p><strong><u>PLAN<\/u><\/strong><\/p>\n<p><strong><u>INTRODUCTION<\/u><\/strong><\/p>\n<p><strong><u>I-\u00a0\u00a0\u00a0\u00a0\u00a0 ETUDE DE L\u2019AUTEUR ET DE L\u2019\u0152UVRE<\/u><\/strong><\/p>\n<p><strong><u>A-\u00a0\u00a0\u00a0\u00a0 L\u2019AUTEUR<\/u><\/strong><\/p>\n<p><strong><u>1-\u00a0\u00a0\u00a0\u00a0 Biographie de l\u2019auteur<\/u><\/strong><\/p>\n<p><strong><u>2-\u00a0\u00a0\u00a0\u00a0 Bibliographie :<\/u><\/strong><\/p>\n<p><strong><u>B-\u00a0\u00a0\u00a0\u00a0 ETUDE DE L\u2019\u0152UVRE<\/u><\/strong><\/p>\n<p><strong><u>1-\u00a0\u00a0\u00a0\u00a0 R\u00e9sum\u00e9<\/u><\/strong><\/p>\n<p><strong><u>2-\u00a0\u00a0\u00a0\u00a0 L\u2019\u0153uvre :<\/u><\/strong><\/p>\n<p><strong><u>II-\u00a0\u00a0\u00a0\u00a0 ETUDE DES PERSONNAGES :<\/u><\/strong><\/p>\n<p><strong><u>1-\u00a0\u00a0\u00a0\u00a0 Personnage principal :<\/u><\/strong><\/p>\n<p><strong><u>2-\u00a0\u00a0\u00a0\u00a0 Personnages secondaires :<\/u><\/strong><\/p>\n<p><strong><u>III-\u00a0\u00a0 ETUDE THEMATIQUE DE L\u2019\u0152UVRE :<\/u><\/strong><\/p>\n<p><strong><u>1-\u00a0\u00a0\u00a0\u00a0 Th\u00e8me principal :<\/u><\/strong><\/p>\n<p><strong><u>La Tyranie :<\/u><\/strong><\/p>\n<p><strong><u>2-\u00a0\u00a0\u00a0\u00a0 Th\u00e8mes secondaires :<\/u><\/strong><\/p>\n<p><strong><u>L\u2019Aventure :<\/u><\/strong><\/p>\n<p><strong><u>Le n\u00e9ocolonialisme<\/u><\/strong><\/p>\n<p><strong><u>CONCLUSION<\/u><\/strong><\/p>\n<p><strong><u>INTRODUCTION<\/u><\/strong><\/p>\n<p>Sur le continent africain, au moment historique o\u00f9 se font les \u201cind\u00e9pendances \u201c, un homme simple, un peuple et un Etat font l\u2019apprentissage de leur lib\u00e9ration. L\u2019auteur en montre surtout la face nocturne, am\u00e8re et violente. AlioumFantour\u00e9 voit la mis\u00e8re de l\u2019homme et que le pouvoir rend fou, et c\u2019est sans indulgence qu\u2019il d\u00e9voile les ravages de cette indigence et de cette aveugle puissance. Tr\u00e8s fortement p\u00e8sent sur ce livre comme l\u2019irrationalit\u00e9 du destin et la fermeture d\u2019un cercle infernal, \u00e0 quoi, toutefois s\u2019oppose une poign\u00e9e d\u2019hommes et de femmes, amis de la libert\u00e9, militants de l\u2019espoir et de la raison dans un monde absurde que la tyrannie a instaur\u00e9.<\/p>\n<p>Un roman novateur sur tous ses aspects dans l\u2019histoire du livre d\u2019Afrique noire (l\u2019\u0153uvre ne compte que deux chapitres et fait la part belle aux flashbacks). A sa lecture, il est manifeste que son prix est loin d\u2019\u00eatre usurp\u00e9 tant il apporte un plus par rapport \u00e0 tout ce qui se faisait \u00e0 l\u2019\u00e9poque. Bien s\u00fbr, il n\u2019invente pas une nouvelle technique d\u2019expression, se contentant de rester dans le formalisme r\u00e9dactionnel propre aux \u00e9crivains occidentaux, mais l\u2019\u00e9crit est si captivant qu\u2019on ne lui en tiendra pas rigueur, surtout que n\u2019est pas Kourouma qui veut.<\/p>\n<ol type=\"I\">\n<li><strong><u>ETUDE DE L\u2019AUTEUR ET DE L\u2019\u0152UVRE<\/u><\/strong><\/li>\n<li><strong><u>L\u2019AUTEUR<\/u><\/strong><\/li>\n<li><strong><u>Biographie de l\u2019auteur<\/u><\/strong><\/li>\n<\/ol>\n<p>AliounFantour\u00e9 fait des \u00e9tudes de sciences \u00e9conomiques en France et en Belgique, avant de travailler en tant qu\u2019\u00e9conomiste et sp\u00e9cialiste du d\u00e9veloppement industriel \u00e0 laCommunaut\u00e9 \u00e9conomique europ\u00e9enne (CEE) \u00e0 Bruxelles en Belgique. Il s\u2019int\u00e9ressera aussi aux probl\u00e8mes du d\u00e9veloppement de l\u2019Afrique. Par ailleurs, il se lance dans une carri\u00e8re d\u2019\u00e9crivain en publiant son premier roman tr\u00e8s remarqu\u00e9 par la critique, Le Cercle des tropiques, \u00e9dit\u00e9 chez Pr\u00e9sence Africaineen 1972, la maison d\u2019\u00e9dition dirig\u00e9e par Alioune Diop. Ce roman lui vaudra le Grand prix litt\u00e9raire d\u2019Afrique noire en 1973. Il est un des premiers \u00e9crivains \u00e0\u2026<\/p>\n<p>Pour obtenir l&rsquo;expos\u00e9 complet contactez le +226 56196345 (WhatsApp).<\/p>\n","protected":false},"featured_media":831,"template":"","meta":{"jetpack_publicize_message":"","jetpack_publicize_feature_enabled":true,"jetpack_social_post_already_shared":false,"jetpack_social_options":{"image_generator_settings":{"template":"highway","default_image_id":0,"font":"","enabled":false},"version":2}},"product_brand":[],"product_cat":[544,547],"product_tag":[553,552],"class_list":{"0":"post-1011","1":"product","2":"type-product","3":"status-publish","4":"has-post-thumbnail","6":"product_cat-exposes","7":"product_cat-litterature-africaine","8":"product_tag-auteur-africain","9":"product_tag-litterature-africaine","11":"first","12":"instock","13":"downloadable","14":"virtual","15":"sold-individually","16":"purchasable","17":"product-type-simple"},"aioseo_notices":[],"jetpack_publicize_connections":[],"jetpack-related-posts":[],"jetpack_sharing_enabled":true,"_links":{"self":[{"href":"https:\/\/karandoogo.com\/index.php\/wp-json\/wp\/v2\/product\/1011","targetHints":{"allow":["GET"]}}],"collection":[{"href":"https:\/\/karandoogo.com\/index.php\/wp-json\/wp\/v2\/product"}],"about":[{"href":"https:\/\/karandoogo.com\/index.php\/wp-json\/wp\/v2\/types\/product"}],"wp:featuredmedia":[{"embeddable":true,"href":"https:\/\/karandoogo.com\/index.php\/wp-json\/wp\/v2\/media\/831"}],"wp:attachment":[{"href":"https:\/\/karandoogo.com\/index.php\/wp-json\/wp\/v2\/media?parent=1011"}],"wp:term":[{"taxonomy":"product_brand","embeddable":true,"href":"https:\/\/karandoogo.com\/index.php\/wp-json\/wp\/v2\/product_brand?post=1011"},{"taxonomy":"product_cat","embeddable":true,"href":"https:\/\/karandoogo.com\/index.php\/wp-json\/wp\/v2\/product_cat?post=1011"},{"taxonomy":"product_tag","embeddable":true,"href":"https:\/\/karandoogo.com\/index.php\/wp-json\/wp\/v2\/product_tag?post=1011"}],"curies":[{"name":"wp","href":"https:\/\/api.w.org\/{rel}","templated":true}]}}