{"id":1019,"date":"2022-07-26T20:05:51","date_gmt":"2022-07-26T20:05:51","guid":{"rendered":"https:\/\/karandoogo.com\/?post_type=product&#038;p=1019"},"modified":"2025-10-19T14:00:00","modified_gmt":"2025-10-19T14:00:00","slug":"expose-complet-sur-lexcision-causes-consequencessolutions","status":"publish","type":"product","link":"https:\/\/karandoogo.com\/index.php\/produit\/expose-complet-sur-lexcision-causes-consequencessolutions\/","title":{"rendered":"Expos\u00e9 complet sur l&rsquo;excision (causes, cons\u00e9quences,solutions)"},"content":{"rendered":"","protected":false},"excerpt":{"rendered":"<p><strong>NB:<\/strong> Les documents mis \u00e0 disposition sur ce site sont des documents \u00e0 exploiter, autrement dit des compl\u00e9ments pour parfaire votre travail. Ils ne sont pas faits pour \u00eatre pr\u00e9sent\u00e9s \u00e0 l\u2019\u00e9tat.<\/p>\n<p><strong><u>Plan<\/u><\/strong><\/p>\n<p><strong><u>INTRODUCTION<\/u><\/strong><\/p>\n<ol type=\"I\">\n<li><strong><u>DEFINITION<\/u><\/strong><\/li>\n<li><strong><u>LES CAUSES<\/u><\/strong><\/li>\n<li><strong><u>CONSEQUENCES<\/u><\/strong><\/li>\n<li><strong><u>Inconv\u00e9nients<\/u><\/strong><\/li>\n<\/ol>\n<p><strong>b)\u00a0\u00a0<u>Avantages<\/u><\/strong><\/p>\n<p><strong>IV-\u00a0<u>SOLUTIONS<\/u><\/strong><\/p>\n<p><strong><u>CONCLUSION<\/u><\/strong><\/p>\n<p><strong><u>INTRODUCTION<\/u><\/strong><\/p>\n<p>L\u2019excision est un th\u00e8me qui a demeur\u00e9 et demeure toujours vu sa complexit\u00e9 de compr\u00e9hension. Les mutilations g\u00e9nitales f\u00e9minine \/ excision sont le plus souvent effectu\u00e9 sur les enfants et des adolescents de 4 \u00e0 14 ans. Cependant, dans certains\u00a0 pays\u00a0 jusqu\u2019\u00e0 la moiti\u00e9 des mutilations g\u00e9nitales \/excision sont pratiqu\u00e9 sur des nourrissons des moins d\u2019un an .Ces pourcentages sont de 44% en Egypte et de 29% au Mali. Les maculations g\u00e9nitales f\u00e9minines \/excision sont effectu\u00e9e\u00a0 par les praticiens locaux, g\u00e9n\u00e9ralement des femmes qui h\u00e9ritent leurs savoir-faire de la g\u00e9n\u00e9ration pr\u00e9c\u00e9dente. Elles b\u00e9n\u00e9ficient d\u2019un statut particulier dans les sant\u00e9s traditionnelles. Elles sont r\u00e9mun\u00e9r\u00e9es en \u00e9change de ces services. On estime que de 100 \u00e0 130 millions des femmes actuellement en vie ont \u00e9t\u00e9 victime de mutilation g\u00e9nitale f\u00e9minine\/excision en Afrique. Quelque 26 million ont suivi une infibulation. Etant donn\u00e9 les taux de natalit\u00e9 actuelle, cela veut dire que 2 millions de fille environ\u00a0\u00a0\u00a0\u00a0\u00a0\u00a0\u00a0\u00a0\u00a0\u00a0\u00a0\u00a0\u00a0\u00a0\u00a0\u00a0\u00a0\u00a0\u00a0\u00a0\u00a0\u00a0\u00a0\u00a0\u00a0\u00a0\u00a0\u00a0\u00a0\u00a0\u00a0\u00a0\u00a0\u00a0\u00a0\u00a0\u00a0\u00a0\u00a0\u00a0\u00a0\u00a0\u00a0\u00a0\u00a0\u00a0\u00a0\u00a0\u00a0\u00a0\u00a0\u00a0\u00a0\u00a0\u00a0\u00a0\u00a0\u00a0\u00a0\u00a0\u00a0\u00a0\u00a0\u00a0\u00a0 d\u2019\u00eatre victime de mutilation g\u00e9nitale \/ excision y compris d\u2019infibulation. Ces pratiques ont \u00e9t\u00e9 signal\u00e9es dans 28 pays Africains, ainsi que parmi un certain nombre de populations d\u2019Asie, du Sud Est et parmi certains immigrants originaires de ces pays\u00a0 et r\u00e9gions vivant en Europe, en Am\u00e9rique du Nord et en Australie. La m\u00e9dicalisation des mutilations g\u00e9nitales f\u00e9minines \/excision signifie que ces pratiques sont prises en charge n\u2019ont plus par des praticiens traditionnels mais par des sages-femmes et des infirmiers ayant re\u00e7u une formation m\u00e9dicale. Cette m\u00e9dicalisation s\u2019est accrue dans certains pays au cour des 10 derni\u00e8res ann\u00e9es. Cela constitue une atteinte implicite au droits fondamental des filles et des femmes \u00e0 l\u2019int\u00e9grit\u00e9 physique et au lieu de mettre fin \u00e0 ces pratiques, tant au contraire a l\u00e9gitimit\u00e9 les mutilations g\u00e9nitale f\u00e9minines\/excision.<\/p>\n<p>Apr\u00e8s avoir donn\u00e9 une id\u00e9e g\u00e9n\u00e9rale sur\u00a0 l\u2019excision, nous allons par la suite proposer d\u2019abord une d\u00e9finition, ensuite les causes et les cons\u00e9quences \u00e9videntes et enfin \u00e9tay\u00e9 les solutions possibles en vue de l\u2019\u00e9radiquer.<\/p>\n<ol type=\"I\">\n<li><strong><u>DEFINITION<\/u><\/strong><\/li>\n<\/ol>\n<p>Les modulations g\u00e9nitales f\u00e9minines \/excision d\u00e9signent tous les proc\u00e9dures chirurgicale consistant a enlev\u00e9\u00a0 en partie ou dans leur int\u00e9gralit\u00e9, les organes g\u00e9nitaux externe de la fille ou de la femme ou a les meurtries d\u2019une quelconque autre fa\u00e7on, pour des raisons culturelles ou autre que th\u00e9rapeutique.<\/p>\n<p>Quelles peuvent \u00eatre les autres raisons d\u2019une telle pratique\u00a0?<\/p>\n<ol type=\"I\">\n<li><strong><u>LES CAUSES<\/u><\/strong><\/li>\n<\/ol>\n<p>Les mutilations g\u00e9nitales f\u00e9minines sont pratiqu\u00e9es pour un certain nombre de question.<\/p>\n<p>Causes psycho-sexuelle\u00a0: pour attenir le d\u00e9sir sexuel chez la femme, pr\u00e9serv\u00e9 la Cholet et la virginit\u00e9 avant le mariage ainsi que la fid\u00e9lit\u00e9 pendant le mariage, et accroitre le plaisir sexuel chez l\u2019homme.<\/p>\n<p><strong><u>Les causes sociologiques<\/u><\/strong>\u00a0: par respect des traditions culturelles, pour l\u2019initiation des filles au statut de femme adulte, l\u2019int\u00e9gration sociale et le maintien de la coh\u00e9sion sociale.<\/p>\n<p><strong>Causes hygi\u00e9niques et esth\u00e9tiques<\/strong>\u00a0: dans certaines soci\u00e9t\u00e9s les organes g\u00e9nitaux externes de la fille et de la femme sont jug\u00e9es\u2026<\/p>\n<p>Pour obtenir l&rsquo;expos\u00e9 complet contactez le +226 56196345 (WhatsApp).<\/p>\n","protected":false},"featured_media":831,"template":"","meta":{"jetpack_publicize_message":"","jetpack_publicize_feature_enabled":true,"jetpack_social_post_already_shared":false,"jetpack_social_options":{"image_generator_settings":{"template":"highway","default_image_id":0,"font":"","enabled":false},"version":2}},"product_brand":[],"product_cat":[544,546],"product_tag":[601],"class_list":{"0":"post-1019","1":"product","2":"type-product","3":"status-publish","4":"has-post-thumbnail","6":"product_cat-exposes","7":"product_cat-societe","8":"product_tag-excision","10":"first","11":"instock","12":"downloadable","13":"virtual","14":"sold-individually","15":"purchasable","16":"product-type-simple"},"aioseo_notices":[],"jetpack_publicize_connections":[],"jetpack-related-posts":[],"jetpack_sharing_enabled":true,"_links":{"self":[{"href":"https:\/\/karandoogo.com\/index.php\/wp-json\/wp\/v2\/product\/1019","targetHints":{"allow":["GET"]}}],"collection":[{"href":"https:\/\/karandoogo.com\/index.php\/wp-json\/wp\/v2\/product"}],"about":[{"href":"https:\/\/karandoogo.com\/index.php\/wp-json\/wp\/v2\/types\/product"}],"wp:featuredmedia":[{"embeddable":true,"href":"https:\/\/karandoogo.com\/index.php\/wp-json\/wp\/v2\/media\/831"}],"wp:attachment":[{"href":"https:\/\/karandoogo.com\/index.php\/wp-json\/wp\/v2\/media?parent=1019"}],"wp:term":[{"taxonomy":"product_brand","embeddable":true,"href":"https:\/\/karandoogo.com\/index.php\/wp-json\/wp\/v2\/product_brand?post=1019"},{"taxonomy":"product_cat","embeddable":true,"href":"https:\/\/karandoogo.com\/index.php\/wp-json\/wp\/v2\/product_cat?post=1019"},{"taxonomy":"product_tag","embeddable":true,"href":"https:\/\/karandoogo.com\/index.php\/wp-json\/wp\/v2\/product_tag?post=1019"}],"curies":[{"name":"wp","href":"https:\/\/api.w.org\/{rel}","templated":true}]}}