{"id":1032,"date":"2022-07-26T20:21:34","date_gmt":"2022-07-26T20:21:34","guid":{"rendered":"https:\/\/karandoogo.com\/?post_type=product&#038;p=1032"},"modified":"2025-10-19T14:00:00","modified_gmt":"2025-10-19T14:00:00","slug":"expose-complet-sur-les-paysages-agraires-en-zone-soudano-shelienne-cas-du-burkina-faso","status":"publish","type":"product","link":"https:\/\/karandoogo.com\/index.php\/produit\/expose-complet-sur-les-paysages-agraires-en-zone-soudano-shelienne-cas-du-burkina-faso\/","title":{"rendered":"Expose Complet sur les Paysages Agraires en zone soudano-sahelienne cas du Burkina Faso"},"content":{"rendered":"","protected":false},"excerpt":{"rendered":"<p><strong>NB:<\/strong>\u00a0Les documents mis \u00e0 disposition sur ce site sont des documents \u00e0 exploiter, autrement dit des compl\u00e9ments pour parfaire votre travail. Ils ne sont pas faits pour \u00eatre pr\u00e9sent\u00e9s \u00e0 l\u2019\u00e9tat.<\/p>\n<p><strong>PLAN<\/strong><\/p>\n<p>&nbsp;<\/p>\n<p><strong>Introduction<\/strong><\/p>\n<p>&nbsp;<\/p>\n<p><strong>I- G\u00e9n\u00e9ralit\u00e9 sur la zone Soudano-Sah\u00e9lienne<\/strong><\/p>\n<p>&nbsp;<\/p>\n<p><strong>1. La situation g\u00e9ographique<\/strong><\/p>\n<p>&nbsp;<\/p>\n<p><strong>2. Le climat<\/strong><\/p>\n<p>&nbsp;<\/p>\n<p><strong>3. Lav\u00e9g\u00e9tation<\/strong><\/p>\n<p>&nbsp;<\/p>\n<p><strong>4. Les sols<\/strong><\/p>\n<p>&nbsp;<\/p>\n<p><strong>II- L\u2019homme dans la zone Soudano-Sah\u00e9lienne<\/strong><\/p>\n<p>&nbsp;<\/p>\n<p><strong>1- L\u2019habitat<\/strong><\/p>\n<p>&nbsp;<\/p>\n<p><strong>\u2013 Habitat urbain<\/strong><\/p>\n<p>&nbsp;<\/p>\n<p><strong>III. Les syst\u00e8mes de productions en zone Soudano-Sah\u00e9lienne<\/strong><\/p>\n<p>&nbsp;<\/p>\n<p><strong>1. Les techniques culturales<\/strong><\/p>\n<p>&nbsp;<\/p>\n<p><strong>2. Les diff\u00e9rents types de cultures<\/strong><\/p>\n<p>&nbsp;<\/p>\n<p><strong>Les cultures vivri\u00e8res<\/strong><\/p>\n<p>&nbsp;<\/p>\n<p><strong>IV \u2013 Les cons\u00e9quences des activit\u00e9s de l\u2019homme sur l\u2019environnement<\/strong><\/p>\n<p>&nbsp;<\/p>\n<p><strong>1 \u2013 Lescons\u00e9quences positives (atouts)<\/strong><\/p>\n<p>&nbsp;<\/p>\n<p><strong>2 \u2013 Les cons\u00e9quencesn\u00e9gatives<\/strong><\/p>\n<p>&nbsp;<\/p>\n<p><strong>V- SOLUTIONS<\/strong><\/p>\n<p>&nbsp;<\/p>\n<p><strong>Conclusion<\/strong><\/p>\n<p>&nbsp;<\/p>\n<p>&nbsp;<\/p>\n<p>&nbsp;<\/p>\n<p><strong>Introduction<\/strong><\/p>\n<p>Le Burkina Faso est un pays tr\u00e8s majoritairement agricole. Le secteur primaire, constitu\u00e9 par l\u2019agriculture et l\u2019\u00e9levage emploie presque toute la population rurale et une partie importante de la population urbaine. Entre 80 et 85% des Burkinab\u00e8 travaillent dans le secteur primaire. Mais le faible rendement agricole, les m\u00e9thodes archa\u00efques et les al\u00e9as climatiques rendent cette partie de la population pauvre et fragile m\u00eame si elle contribue \u00e0 hauteur de 40% au petit PIB du Faso.<\/p>\n<p>Le climat et les traditions conditionnent \u00e9videmment les activit\u00e9s agricoles qui sont r\u00e9parties entre les diff\u00e9rentes communaut\u00e9s du pays et entre les diff\u00e9rentes r\u00e9gions.<\/p>\n<p>&nbsp;<\/p>\n<p><strong>I- G\u00e9n\u00e9ralit\u00e9 sur la zone Soudano-Sah\u00e9lienne<\/strong><\/p>\n<p>&nbsp;<\/p>\n<p><strong>1. La situation g\u00e9ographique<\/strong><\/p>\n<p>&nbsp;<\/p>\n<p><strong>2. Le climat<\/strong><\/p>\n<p>&nbsp;<\/p>\n<p><strong>3. Lav\u00e9g\u00e9tation<\/strong><\/p>\n<p>&nbsp;<\/p>\n<p><strong>4. Les sols<\/strong><\/p>\n<p>&nbsp;<\/p>\n<p><strong>II- L\u2019homme dans la zone Soudano-Sah\u00e9lienne<\/strong><\/p>\n<p>&nbsp;<\/p>\n<p><strong>1- L\u2019habitat<\/strong><\/p>\n<p>&nbsp;<\/p>\n<p><strong>\u2013 Habitat urbain<\/strong><\/p>\n<p>&nbsp;<\/p>\n<p><strong>III. Les syst\u00e8mes de productions en zone Soudano-Sah\u00e9lienne<\/strong><\/p>\n<p>&nbsp;<\/p>\n<p><strong>1. Les techniques culturales<\/strong><\/p>\n<p>&nbsp;<\/p>\n<p><strong>2. Les diff\u00e9rents types de cultures<\/strong><\/p>\n<p>&nbsp;<\/p>\n<p><strong>Les cultures vivri\u00e8res<\/strong><\/p>\n<p>&nbsp;<\/p>\n<p><strong>IV \u2013 Les cons\u00e9quences des activit\u00e9s de l\u2019homme sur l\u2019environnement<\/strong><\/p>\n<p>&nbsp;<\/p>\n<p><strong>1 \u2013 Lescons\u00e9quences positives (atouts)<\/strong><\/p>\n<p>&nbsp;<\/p>\n<p><strong>2 \u2013 Les cons\u00e9quencesn\u00e9gatives<\/strong><\/p>\n<p>&nbsp;<\/p>\n<p><strong>V- SOLUTIONS<\/strong><\/p>\n<p>&nbsp;<\/p>\n<p><strong>Conclusion<\/strong><\/p>\n<p>L\u2019environnement est tout ce qui nous entoure. C\u2019est l\u2019ensemble des \u00e9l\u00e9ments naturels et artificiels au sein duquel se d\u00e9roule la vie humaine. Avec les enjeux \u00e9cologiques actuels, le terme environnement tend actuellement \u00e0 prendre une dimension de plus en plus mondiale. L\u2019environnement est d\u00e9fini comme \u00ab l\u2019ensemble des \u00e9l\u00e9ments (biotiques ou abiotiques) qui entourent un individu ou une esp\u00e8ce et dont certains contribuent directement \u00e0 subvenir \u00e0 ses besoins \u00bb, ou encore comme \u00ab l\u2019ensemble des conditions naturelles (physiques, chimiques, biologiques) et culturelles (sociologiques) susceptibles d\u2019agir sur les organismes vivant et les activit\u00e9s humaines \u00bb.<\/p>\n<p>Pour obtenir l&rsquo;expos\u00e9 complet contactez le +226 56196345 (WhatsApp).<\/p>\n","protected":false},"featured_media":831,"template":"","meta":{"jetpack_publicize_message":"","jetpack_publicize_feature_enabled":true,"jetpack_social_post_already_shared":false,"jetpack_social_options":{"image_generator_settings":{"template":"highway","default_image_id":0,"font":"","enabled":false},"version":2}},"product_brand":[],"product_cat":[544,548],"product_tag":[602,603],"class_list":{"0":"post-1032","1":"product","2":"type-product","3":"status-publish","4":"has-post-thumbnail","6":"product_cat-exposes","7":"product_cat-histoire-geographie","8":"product_tag-paysages-agraires","9":"product_tag-paysagesagraires-africains","11":"first","12":"instock","13":"downloadable","14":"virtual","15":"sold-individually","16":"purchasable","17":"product-type-simple"},"aioseo_notices":[],"jetpack_publicize_connections":[],"jetpack-related-posts":[],"jetpack_sharing_enabled":true,"_links":{"self":[{"href":"https:\/\/karandoogo.com\/index.php\/wp-json\/wp\/v2\/product\/1032","targetHints":{"allow":["GET"]}}],"collection":[{"href":"https:\/\/karandoogo.com\/index.php\/wp-json\/wp\/v2\/product"}],"about":[{"href":"https:\/\/karandoogo.com\/index.php\/wp-json\/wp\/v2\/types\/product"}],"wp:featuredmedia":[{"embeddable":true,"href":"https:\/\/karandoogo.com\/index.php\/wp-json\/wp\/v2\/media\/831"}],"wp:attachment":[{"href":"https:\/\/karandoogo.com\/index.php\/wp-json\/wp\/v2\/media?parent=1032"}],"wp:term":[{"taxonomy":"product_brand","embeddable":true,"href":"https:\/\/karandoogo.com\/index.php\/wp-json\/wp\/v2\/product_brand?post=1032"},{"taxonomy":"product_cat","embeddable":true,"href":"https:\/\/karandoogo.com\/index.php\/wp-json\/wp\/v2\/product_cat?post=1032"},{"taxonomy":"product_tag","embeddable":true,"href":"https:\/\/karandoogo.com\/index.php\/wp-json\/wp\/v2\/product_tag?post=1032"}],"curies":[{"name":"wp","href":"https:\/\/api.w.org\/{rel}","templated":true}]}}