{"id":1068,"date":"2022-07-27T17:50:23","date_gmt":"2022-07-27T17:50:23","guid":{"rendered":"https:\/\/karandoogo.com\/?post_type=product&#038;p=1068"},"modified":"2025-10-19T14:00:00","modified_gmt":"2025-10-19T14:00:00","slug":"expose-complet-sur-la-philosophie-antique-les-post-socratiques","status":"publish","type":"product","link":"https:\/\/karandoogo.com\/index.php\/produit\/expose-complet-sur-la-philosophie-antique-les-post-socratiques\/","title":{"rendered":"expos\u00e9 complet sur la philosophie Antique: Les post socratiques"},"content":{"rendered":"","protected":false},"excerpt":{"rendered":"<p><strong>NB:<\/strong> Les documents mis \u00e0 disposition sur ce site sont des documents \u00e0 exploiter, autrement dit des compl\u00e9ments pour parfaire votre travail. Ils ne sont pas faits pour \u00eatre pr\u00e9sent\u00e9s \u00e0 l\u2019\u00e9tat.<\/p>\n<p><strong><u>INTRODUCTION<\/u><\/strong><\/p>\n<ol type=\"I\">\n<li><strong><u>LES DIFF\u00c9RENTS COURANTS PHILOSOPHIQUES SOCRATIQUES<\/u><\/strong><\/li>\n<li><strong><u>Le sto\u00efcisme<\/u><\/strong><\/li>\n<li><strong>\u00c9picurisme<\/strong><strong><u>.<\/u><\/strong><\/li>\n<li><strong><u>LES PHILOSOPHES DE LA PHILOSOPHIE ANTIQUE<\/u><\/strong><\/li>\n<li><strong><u>Platon<\/u><\/strong><\/li>\n<li><strong><u>Diog\u00e8ne de Sinope<\/u><\/strong><\/li>\n<li><strong><u>Aristippe de Cyr\u00e8ne<\/u><\/strong><\/li>\n<li><strong><u>H\u00e9g\u00e9sias<\/u><\/strong><\/li>\n<li><strong><u>QUELQUES CONCEPTS FORTS DE LA PHILOSOPHIE SOCRATIQUE\u00a0:<\/u><\/strong><\/li>\n<li><strong><u>La philosophie antique comme art de vivre<\/u><\/strong><\/li>\n<li><strong><u>La conscience de soi : Connais-toi toi-m\u00eame !<\/u><\/strong><\/li>\n<\/ol>\n<p><strong><u>CONCLUSION<\/u><\/strong><\/p>\n<p><strong><u>INTRODUCTION<\/u><\/strong><\/p>\n<p>Le terme de\u00a0<strong>philosophie antique<\/strong>\u00a0d\u00e9signe en g\u00e9n\u00e9ral la\u00a0<a href=\"https:\/\/fr.wikipedia.org\/wiki\/Philosophie_hell%C3%A9nistique\">philosophie hell\u00e9nistique<\/a>, qui na\u00eet au\u00a0vii<sup>e<\/sup>\u00a0si\u00e8cle\u00a0av. J.-C., avec\u00a0<a href=\"https:\/\/fr.wikipedia.org\/wiki\/Socrate\">Socrate<\/a>\u00a0et\u00a0<a href=\"https:\/\/fr.wikipedia.org\/wiki\/Platon\">Platon<\/a>, et ses successeurs dans l\u2019<a href=\"https:\/\/fr.wikipedia.org\/wiki\/Empire_romain\">empire romain<\/a>\u00a0ainsi que dans le\u00a0<a href=\"https:\/\/fr.wikipedia.org\/wiki\/Monde_arabo-musulman\">monde arabo-musulman<\/a>. Il s\u2019applique ainsi \u00e0 une philosophie dite \u00ab\u00a0occidentale\u00a0\u00bb, qui correspond\u00a0<em>grosso modo<\/em>\u00a0\u00e0 l\u2019<a href=\"https:\/\/fr.wikipedia.org\/wiki\/Antiquit%C3%A9_gr%C3%A9co-romaine\">Antiquit\u00e9 gr\u00e9co-romaine<\/a>\u00a0\u2014 les sagesses ou philosophies d\u2019autres civilisations (Chine, Inde, etc.) ne sont en g\u00e9n\u00e9ral pas comprises sous ce terme. On inclut aussi sous ce terme ce qu\u2019une partie importante de l\u2019<a href=\"https:\/\/fr.wikipedia.org\/wiki\/Histoire_de_la_philosophie\">histoire de la philosophie<\/a>\u00a0consid\u00e8re comme les\u00a0<a href=\"https:\/\/fr.wikipedia.org\/w\/index.php?title=Origines_de_la_philosophie&amp;action=edit&amp;redlink=1\">origines de la philosophie<\/a>, \u00e0 savoir les penseurs\u00a0<a href=\"https:\/\/fr.wikipedia.org\/wiki\/Pr%C3%A9socratiques\">pr\u00e9socratiques<\/a>, dont les premiers datent du milieu du\u00a0<a href=\"https:\/\/fr.wikipedia.org\/wiki\/VIIe_si%C3%A8cle_av._J.-C.\">vii<sup>e<\/sup>\u00a0si\u00e8cle<\/a>\u00a0avant notre \u00e8re.<\/p>\n<p>Les \u00ab socratiques \u00bb d\u00e9signent les penseurs des courants du sto\u00efcisme, de l\u2019\u00e9picurisme, du scepticisme. Cette appellation confirme le statut de Socrate penseur fondateur de l\u2019Occident. Toutefois, \u00ab socratique \u00bb d\u00e9finit aussi une rupture avec Socrate, Platon et Aristote. Ces philosophes grecs classiques mettent la Cit\u00e9 au premier plan de leurs r\u00e9flexions, en affirmant la n\u00e9cessit\u00e9 d \u2018une soci\u00e9t\u00e9 juste pour que l\u2019homme puisse lui aussi \u00eatre juste ; de leur point de vue, l\u2019homme est d\u2019abord un animal social. Les socratiques d\u00e9fendent une conception de l\u2019homme tr\u00e8s diff\u00e9rente.<\/p>\n<ol type=\"I\">\n<li><strong><u>LES DIFF\u00c9RENTS COURANTS PHILOSOPHIQUES SOCRATIQUES<\/u><\/strong><\/li>\n<\/ol>\n<ol type=\"1\">\n<li><strong><u>Le sto\u00efcisme<\/u><\/strong><\/li>\n<\/ol>\n<p>L\u2019\u00e9cole sto\u00efcienne fut cr\u00e9\u00e9e par\u00a0<a href=\"https:\/\/fr.wikipedia.org\/w\/index.php?title=Z%C3%A9non_de_%CE%9Aition&amp;action=edit&amp;redlink=1\">Z\u00e9non de \u039aition<\/a>\u00a0au\u00a0iv<sup>e<\/sup>\u00a0si\u00e8cle avant notre \u00e8re parce que l\u2019\u00e9cole se situait pr\u00e8s du portique\u00a0<a href=\"https:\/\/fr.wikipedia.org\/wiki\/Stoa_Poikil%C3%A8\">P\u00e9cile<\/a>, dans l\u2019<a href=\"https:\/\/fr.wikipedia.org\/wiki\/Agora\">Agora<\/a>\u00a0d\u2019Ath\u00e8nes. Elle est aussi nomm\u00e9e l\u2019\u00e9cole du Portique.<\/p>\n<p>C\u2019est une philosophie\u00a0<a href=\"https:\/\/fr.wikipedia.org\/wiki\/Rationalisme\">rationaliste<\/a>\u00a0qui se rattache notamment \u00e0\u00a0<a href=\"https:\/\/fr.wikipedia.org\/wiki\/H%C3%A9raclite\">H\u00e9raclite<\/a>\u00a0(id\u00e9e d\u2019un\u00a0<a href=\"https:\/\/fr.wikipedia.org\/wiki\/Logos\">logos<\/a>\u00a0universel) et au cynisme (<a href=\"https:\/\/fr.wikipedia.org\/w\/index.php?title=Z%C3%A9non_de_%CE%9Aition&amp;action=edit&amp;redlink=1\">Z\u00e9non de \u039aition<\/a>\u00a0fut \u00e9l\u00e8ve de\u00a0<a href=\"https:\/\/fr.wikipedia.org\/wiki\/Crat%C3%A8s_de_Th%C3%A8bes\">Crat\u00e8s de Th\u00e8bes<\/a>)\u00a0; il reprend certains aspects de la pens\u00e9e d\u2019<a href=\"https:\/\/fr.wikipedia.org\/wiki\/Aristote\">Aristote<\/a>. On peut r\u00e9sumer cette doctrine \u00e0 l\u2019id\u00e9e qu\u2019il faut vivre en accord avec la\u00a0<a href=\"https:\/\/fr.wikipedia.org\/wiki\/Nature\">nature<\/a>\u00a0et la\u00a0<a href=\"https:\/\/fr.wikipedia.org\/wiki\/Raison\">raison<\/a>\u00a0pour atteindre la\u00a0<a href=\"https:\/\/fr.wikipedia.org\/wiki\/Sagesse\">sagesse<\/a>\u00a0et le\u00a0<a href=\"https:\/\/fr.wikipedia.org\/wiki\/Bonheur\">bonheur<\/a>. La philosophie sto\u00efcienne est un tout coh\u00e9rent\u00a0: c\u2019est une philosophie de la totalit\u00e9 qui se veut consciemment syst\u00e9matique, ce qui est l\u2019un des traits caract\u00e9ristiques des syst\u00e8mes de pens\u00e9es antique. Cette doctrine proc\u00e8de \u00e0\u2026<\/p>\n<p>Pour obtenir l&rsquo;expos\u00e9 complet contactez le +226 56196345 (WhatsApp).<\/p>\n","protected":false},"featured_media":831,"template":"","meta":{"jetpack_publicize_message":"","jetpack_publicize_feature_enabled":true,"jetpack_social_post_already_shared":false,"jetpack_social_options":{"image_generator_settings":{"template":"highway","default_image_id":0,"font":"","enabled":false},"version":2}},"product_brand":[],"product_cat":[544,608,613],"product_tag":[614,615],"class_list":{"0":"post-1068","1":"product","2":"type-product","3":"status-publish","4":"has-post-thumbnail","6":"product_cat-exposes","7":"product_cat-histoire","8":"product_cat-philosophie","9":"product_tag-philosophie-antique","10":"product_tag-socrate","12":"first","13":"instock","14":"downloadable","15":"virtual","16":"sold-individually","17":"purchasable","18":"product-type-simple"},"aioseo_notices":[],"jetpack_publicize_connections":[],"jetpack-related-posts":[],"jetpack_sharing_enabled":true,"_links":{"self":[{"href":"https:\/\/karandoogo.com\/index.php\/wp-json\/wp\/v2\/product\/1068","targetHints":{"allow":["GET"]}}],"collection":[{"href":"https:\/\/karandoogo.com\/index.php\/wp-json\/wp\/v2\/product"}],"about":[{"href":"https:\/\/karandoogo.com\/index.php\/wp-json\/wp\/v2\/types\/product"}],"wp:featuredmedia":[{"embeddable":true,"href":"https:\/\/karandoogo.com\/index.php\/wp-json\/wp\/v2\/media\/831"}],"wp:attachment":[{"href":"https:\/\/karandoogo.com\/index.php\/wp-json\/wp\/v2\/media?parent=1068"}],"wp:term":[{"taxonomy":"product_brand","embeddable":true,"href":"https:\/\/karandoogo.com\/index.php\/wp-json\/wp\/v2\/product_brand?post=1068"},{"taxonomy":"product_cat","embeddable":true,"href":"https:\/\/karandoogo.com\/index.php\/wp-json\/wp\/v2\/product_cat?post=1068"},{"taxonomy":"product_tag","embeddable":true,"href":"https:\/\/karandoogo.com\/index.php\/wp-json\/wp\/v2\/product_tag?post=1068"}],"curies":[{"name":"wp","href":"https:\/\/api.w.org\/{rel}","templated":true}]}}