{"id":1076,"date":"2022-07-27T18:14:00","date_gmt":"2022-07-27T18:14:00","guid":{"rendered":"https:\/\/karandoogo.com\/?post_type=product&#038;p=1076"},"modified":"2025-10-19T13:59:59","modified_gmt":"2025-10-19T13:59:59","slug":"expose-complet-sur-les-conquetes-et-resistances-au-burkina-faso","status":"publish","type":"product","link":"https:\/\/karandoogo.com\/index.php\/produit\/expose-complet-sur-les-conquetes-et-resistances-au-burkina-faso\/","title":{"rendered":"Expos\u00e9 complet sur les conqu\u00eates et r\u00e9sistances au Burkina Faso"},"content":{"rendered":"","protected":false},"excerpt":{"rendered":"<p><strong>NB:<\/strong> Les documents mis \u00e0 disposition sur ce site sont des documents \u00e0 exploiter, autrement dit des compl\u00e9ments pour parfaire votre travail. Ils ne sont pas faits pour \u00eatre pr\u00e9sent\u00e9s \u00e0 l\u2019\u00e9tat.<\/p>\n<p><strong><u>PLAN<\/u><\/strong><\/p>\n<p><strong><u>INTRODUCTION<\/u><\/strong><\/p>\n<ol type=\"I\">\n<li><strong><u>LES PRINCIPAUX EXPLORATEURS DU BURKINA<\/u><\/strong><\/li>\n<\/ol>\n<p><strong><u>II . LA SITUATION SOCIO-POLITIQUE DU BURKINA A LA VEILLE DE<\/u><\/strong><\/p>\n<p><strong><u>LA PENETRATION COLONIALE<\/u><\/strong><\/p>\n<p><strong><u>II .1. Dans l\u2019Oubritenga<\/u><\/strong><\/p>\n<p><strong><u>II .2. Dans le Gourma<\/u><\/strong><\/p>\n<p><strong><u>II .3. Dans le Yatenga.<\/u><\/strong><\/p>\n<p><strong><u>II . 4. A Tenkodogo<\/u><\/strong><\/p>\n<p><strong><u>III . LA PENETRATION COLONIALE DU BURKINA<\/u><\/strong><\/p>\n<p><strong><u>III .1 . La p\u00e9n\u00e9tration coloniale du Gulmu ou de l\u2019Est.<\/u><\/strong><\/p>\n<p><strong><u>III .2 . La p\u00e9n\u00e9tration coloniale du Mogho et le pays gourounsi<\/u><\/strong><\/p>\n<p><strong><u>III .3 . La p\u00e9n\u00e9tration coloniale de l\u2019Ouest<\/u><\/strong><\/p>\n<p><strong><u>III .4 . La p\u00e9n\u00e9tration coloniale du Nord<\/u><\/strong><\/p>\n<p><strong><u>IV . LES RESISTANCES<\/u><\/strong><\/p>\n<p><strong><u>IV . 1 .Les r\u00e9sistances passives.<\/u><\/strong><\/p>\n<p><strong><u>IV . 2 .Les r\u00e9sistances actives<\/u><\/strong><strong>.<\/strong><\/p>\n<p><strong><u>CONCLUSION<\/u><\/strong><\/p>\n<p><strong><u>Introduction<\/u><\/strong><\/p>\n<p>Le d\u00e9but du XIX s marque le d\u00e9part de l\u2019imp\u00e9rialisme europ\u00e9en en Afrique. Le Burkina \u00e0 l\u2019instar des autres territoires africains suscite l\u2019int\u00e9r\u00eat des europ\u00e9ens. La p\u00e9n\u00e9tration colonialeest pr\u00e9c\u00e9d\u00e9e d\u2019une phase d\u2019exploration dirig\u00e9e par trois puissances de 1853 \u00e0 1894.<\/p>\n<p><strong><u>I.LES PRINCIPAUX EXPLORATEURS DU BURKINA<\/u><\/strong><\/p>\n<ul>\n<li><strong><u>Heinrich Barth :<\/u><\/strong>\u00a0c\u2019est un docteur allemand, il est le premier europ\u00e9en \u00e0 fouler le sol burkinab\u00e9 en atteignant Dori en Juillet 1853. Il \u00e9tait membre d\u2019un ordre humanitariste dirig\u00e9 par un anti- esclavagiste.<\/li>\n<li><strong><u>Le docteur Krause.<\/u><\/strong>\u00a0Parti d\u2019Accra (Ghana) le 12 Mai 1886 , dans le cadre d\u2019une mission scientifique , il arrive \u00e0 Ouagadougou le 24 Septembre 1886. Il est le premier europ\u00e9en \u00e0 p\u00e9n\u00e9trer dans la capitale du Mogho.<\/li>\n<li><strong><u>Louis Gustave Binger :<\/u><\/strong>\u00a0c\u2019est un officier fran\u00e7ais charg\u00e9 d\u2019\u00e9tudier les possibilit\u00e9s de rattachement des des territoires fran\u00e7ais de la boucle de la C\u00f4te d\u2019Ivoire \u00e0 ceux de l\u2019int\u00e9rieur et pr\u00e9parer des n\u00e9gociations politiques et commerciales, la prise de possession effective de la sph\u00e8re. Parti de Bamako (Mali) le 30 juin 1887,il atteint Bobo le 25 Avril 1888 puis Ouagadougou o\u00f9 il est re\u00e7u par Naba Sanem qui l\u2019interdira de continuer vers le Nord. Il laissa d\u2019importants renseignements sur les peuples du Burkina.<\/li>\n<li><strong><u>Kurt Von Fran\u00e7ois:<\/u><\/strong>\u00a0cet explorateur allemand signa un trait\u00e9 avec le Mampursi , traversa le pays bissa , mais il fut interdit par Naba Sanem d\u2019entrer \u00e0 Ouagadougou.<\/li>\n<li><strong><u>Le lieutenant Spitzer :<\/u><\/strong>\u00a0il avait pour mission de signer un trait\u00e9 avec le Mogho et le Yatenga, mais il fut contraint de rebrousser chemin \u00e0 partir de Fio par le chef Amadou Abdoul Balobo.<\/li>\n<li><strong><u>Crozat ,<\/u><\/strong>\u00a0il \u00e9tait charg\u00e9 de signer un trait\u00e9 avec le Mogho pour la France. Parti de Sikasso (Mali) en Ao\u00fbt 1890, il est re\u00e7u par le MoghoNaba le 21 Septembre 1890 mais il n\u2019obtient par la signature du trait\u00e9.<\/li>\n<li><strong><u>Monteil ,<\/u><\/strong>\u00a0sa mission fut un \u00e9chec car il n\u2019est pas re\u00e7u par l\u2019empereur qui lui intime l\u2019ordre de quitter son territoire le 28 Avril 1891<\/li>\n<li><strong><u>George Eykem<\/u><\/strong>\u00a0Fergusson, ce m\u00e9tis afro britannique venait saluer le MoghoNaba au nom de la Reine Victoria d\u2019Angleterre. il r\u00e9ussit \u00e0 signer un trait\u00e9 d\u2019amiti\u00e9 et de libre commerce . En retour le MoghoNaba s\u2019engage \u00e0 n\u2019accepter aucun autre trait\u00e9 sans le consentement des anglais. Pour les fran\u00e7ais ce trait\u00e9 est usurp\u00e9, il est donc nul et non avenu.<\/li>\n<\/ul>\n<p>A partir de 1895, la comp\u00e9tition devient \u00e2pre. Les allemands d\u00e9l\u00e9gu\u00e8rent Gruner, Von Karnap et Von Zech; les anglais envoy\u00e8rent Lugard, les fran\u00e7ais d\u00e9p\u00each\u00e8rent Alby, Decoeur, Baud, et surtout le capitaine Destenaves aid\u00e9 des lieutenants Voulet, Margaine,Gaden.<\/p>\n<p><strong><u>II . LA SITUATION SOCIO-POLITIQUE DU BURKINA A LA VEILLE DE LA PENETRATION COLONIALE<\/u><\/strong><\/p>\n<p>A l\u2019int\u00e9rieur le territoire \u00e9tait min\u00e9 par de nombreuses crises et guerres civiles.<\/p>\n<p><strong><u>II .1. Dans l\u2019Oubritenga<\/u><\/strong>\u00a0Le MoghoNabaWobgo \u00e9tait en lutte contre un tout petit vassal, le chef de canton de Lall\u00e9. Incapable de s\u2019imposer et\u2026<\/p>\n<p>Pour obtenir l&rsquo;expos\u00e9 complet contactez le +226 56196345 (WhatsApp).<\/p>\n","protected":false},"featured_media":831,"template":"","meta":{"jetpack_publicize_message":"","jetpack_publicize_feature_enabled":true,"jetpack_social_post_already_shared":false,"jetpack_social_options":{"image_generator_settings":{"template":"highway","default_image_id":0,"font":"","enabled":false},"version":2}},"product_brand":[],"product_cat":[544,608],"product_tag":[617,561,616,618],"class_list":{"0":"post-1076","1":"product","2":"type-product","3":"status-publish","4":"has-post-thumbnail","6":"product_cat-exposes","7":"product_cat-histoire","8":"product_tag-afrique-de-louest","9":"product_tag-burkina-faso","10":"product_tag-conquetes-coloniale","11":"product_tag-resistances-a-la-colonisation","13":"first","14":"instock","15":"downloadable","16":"virtual","17":"sold-individually","18":"purchasable","19":"product-type-simple"},"aioseo_notices":[],"jetpack_publicize_connections":[],"jetpack-related-posts":[],"jetpack_sharing_enabled":true,"_links":{"self":[{"href":"https:\/\/karandoogo.com\/index.php\/wp-json\/wp\/v2\/product\/1076","targetHints":{"allow":["GET"]}}],"collection":[{"href":"https:\/\/karandoogo.com\/index.php\/wp-json\/wp\/v2\/product"}],"about":[{"href":"https:\/\/karandoogo.com\/index.php\/wp-json\/wp\/v2\/types\/product"}],"wp:featuredmedia":[{"embeddable":true,"href":"https:\/\/karandoogo.com\/index.php\/wp-json\/wp\/v2\/media\/831"}],"wp:attachment":[{"href":"https:\/\/karandoogo.com\/index.php\/wp-json\/wp\/v2\/media?parent=1076"}],"wp:term":[{"taxonomy":"product_brand","embeddable":true,"href":"https:\/\/karandoogo.com\/index.php\/wp-json\/wp\/v2\/product_brand?post=1076"},{"taxonomy":"product_cat","embeddable":true,"href":"https:\/\/karandoogo.com\/index.php\/wp-json\/wp\/v2\/product_cat?post=1076"},{"taxonomy":"product_tag","embeddable":true,"href":"https:\/\/karandoogo.com\/index.php\/wp-json\/wp\/v2\/product_tag?post=1076"}],"curies":[{"name":"wp","href":"https:\/\/api.w.org\/{rel}","templated":true}]}}