{"id":1086,"date":"2022-07-27T19:01:50","date_gmt":"2022-07-27T19:01:50","guid":{"rendered":"https:\/\/karandoogo.com\/?post_type=product&#038;p=1086"},"modified":"2025-10-19T13:59:59","modified_gmt":"2025-10-19T13:59:59","slug":"expose-complet-sur-la-delinquence-en-milieu-scolaire","status":"publish","type":"product","link":"https:\/\/karandoogo.com\/index.php\/produit\/expose-complet-sur-la-delinquence-en-milieu-scolaire\/","title":{"rendered":"Expos\u00e9 complet sur la d\u00e9linquance en milieu scolaire"},"content":{"rendered":"","protected":false},"excerpt":{"rendered":"<p><strong>NB:<\/strong> Les documents mis \u00e0 disposition sur ce site sont des documents \u00e0 exploiter, autrement dit des compl\u00e9ments pour parfaire votre travail. Ils ne sont pas faits pour \u00eatre pr\u00e9sent\u00e9s \u00e0 l\u2019\u00e9tat.<\/p>\n<p><strong><u>INTRODUCTION<\/u><\/strong><\/p>\n<p>I-<strong><u>LES CAUSES DE LA DELINQUANCE EN MILIEU SCOLAIRE<\/u><\/strong><\/p>\n<p><strong><u>1-la pauvret\u00e9 et la mis\u00e8re<\/u><\/strong><\/p>\n<p><strong><u>2-les crises sociales politiques<\/u><\/strong><\/p>\n<p><strong><u>3-d\u00e9missions des parents<\/u><\/strong><\/p>\n<p><strong><u>II-CONSEQUENCES DE LA DELINQUANCE EN MILIEU SCOLAIRE<\/u><\/strong><\/p>\n<p><strong><u>1-Cons\u00e9quences psychologiques<\/u><\/strong><\/p>\n<p><strong><u>2-Cons\u00e9quences physiques<\/u><\/strong><\/p>\n<p><strong><u>3-Cons\u00e9quences comportementales<\/u><\/strong><\/p>\n<p><strong><u>4-Cons\u00e9quences cognitives et\/ou scolaires<\/u><\/strong><\/p>\n<p><strong><u>III-SOLUTIONS POUR LUTTER CONTRE LA DELINQUANCE EN MILIEU SCOLAIRE<\/u><\/strong><\/p>\n<p><strong><u>CONCLUSION<\/u><\/strong><\/p>\n<p>&nbsp;<\/p>\n<p><strong><u>INTRODUCTION<\/u><\/strong><\/p>\n<p>La d\u00e9linquance scolaire est une conduite caract\u00e9ris\u00e9e par des d\u00e9lits r\u00e9p\u00e9t\u00e9s, consid\u00e9r\u00e9e surtout sous son aspect social en l\u2019encontre des camarades de classe et souvent m\u00eame contre les enseignants.\u00a0 La d\u00e9linquance scolaire a longtemps \u00e9t\u00e9 interpr\u00e9t\u00e9e comme un ph\u00e9nom\u00e8ne h\u00e9r\u00e9ditaire, li\u00e9 \u00e0 des d\u00e9ficiences intellectuelles ou des troubles mentaux. Mais ce trait est loin d\u2019\u00eatre d\u00e9terminant. En effet, la d\u00e9linquance juv\u00e9nile vient d\u2019un ensemble de facteurs dont l\u2019impact est plus ou moins important selon les individus. Ces facteurs peuvent \u00eatre regroup\u00e9s en trois grands groupes : les facteurs li\u00e9s \u00e0 la psychologie de l\u2019adolescent et \u00e0 la fragilit\u00e9\u00a0; les facteurs familiaux ; les facteurs sociaux. Un grand nombre de choses de nous ne manquerons pas d\u2019aborder au cours de notre expos\u00e9.<\/p>\n<p>I-<strong><u>LES CAUSES DE LA DELINQUANCE EN MILIEU SCOLAIRE<\/u><\/strong><\/p>\n<p><strong><u>1-la pauvret\u00e9 et la mis\u00e8re<\/u><\/strong><\/p>\n<p><strong><u>2-les crises sociales politiques<\/u><\/strong><\/p>\n<p><strong><u>3-d\u00e9missions des parents<\/u><\/strong><\/p>\n<p><strong><u>II-CONSEQUENCES DE LA DELINQUANCE EN MILIEU SCOLAIRE<\/u><\/strong><\/p>\n<p><strong><u>1-Cons\u00e9quences psychologiques<\/u><\/strong><\/p>\n<p><strong><u>2-Cons\u00e9quences physiques<\/u><\/strong><\/p>\n<p><strong><u>3-Cons\u00e9quences comportementales<\/u><\/strong><\/p>\n<p><strong><u>4-Cons\u00e9quences cognitives et\/ou scolaires<\/u><\/strong><\/p>\n<p><strong><u>III-SOLUTIONS POUR LUTTER CONTRE LA DELINQUANCE EN MILIEU SCOLAIRE<\/u><\/strong><\/p>\n<p><strong><u>CONCLUSION<\/u><\/strong><\/p>\n<p><strong><u>CONCLUSION<\/u><\/strong><\/p>\n<p>Notre soci\u00e9t\u00e9 est actuellement marqu\u00e9e par une mont\u00e9e croissante de la d\u00e9linquance. Les familles se d\u00e9t\u00e9riorent de plus en plus par la perte de ses enfants empruntant des voies inconnus des anciens souvent sans avenir. Des mesures idoines doivent \u00eatre prise au plus vite de toute part afin d\u2019endiguer ce ph\u00e9nom\u00e8ne et garantir un brillant avenir pour nos nations.<\/p>\n<p>Pour obtenir l&rsquo;expos\u00e9 complet contactez le +226 56196345 (WhatsApp).<\/p>\n","protected":false},"featured_media":831,"template":"","meta":{"jetpack_publicize_message":"","jetpack_publicize_feature_enabled":true,"jetpack_social_post_already_shared":false,"jetpack_social_options":{"image_generator_settings":{"template":"highway","default_image_id":0,"font":"","enabled":false},"version":2}},"product_brand":[],"product_cat":[544,546],"product_tag":[570],"class_list":{"0":"post-1086","1":"product","2":"type-product","3":"status-publish","4":"has-post-thumbnail","6":"product_cat-exposes","7":"product_cat-societe","8":"product_tag-delinquance-en-milieu-scolaire","10":"first","11":"instock","12":"downloadable","13":"virtual","14":"sold-individually","15":"purchasable","16":"product-type-simple"},"aioseo_notices":[],"jetpack_publicize_connections":[],"jetpack-related-posts":[],"jetpack_sharing_enabled":true,"_links":{"self":[{"href":"https:\/\/karandoogo.com\/index.php\/wp-json\/wp\/v2\/product\/1086","targetHints":{"allow":["GET"]}}],"collection":[{"href":"https:\/\/karandoogo.com\/index.php\/wp-json\/wp\/v2\/product"}],"about":[{"href":"https:\/\/karandoogo.com\/index.php\/wp-json\/wp\/v2\/types\/product"}],"wp:featuredmedia":[{"embeddable":true,"href":"https:\/\/karandoogo.com\/index.php\/wp-json\/wp\/v2\/media\/831"}],"wp:attachment":[{"href":"https:\/\/karandoogo.com\/index.php\/wp-json\/wp\/v2\/media?parent=1086"}],"wp:term":[{"taxonomy":"product_brand","embeddable":true,"href":"https:\/\/karandoogo.com\/index.php\/wp-json\/wp\/v2\/product_brand?post=1086"},{"taxonomy":"product_cat","embeddable":true,"href":"https:\/\/karandoogo.com\/index.php\/wp-json\/wp\/v2\/product_cat?post=1086"},{"taxonomy":"product_tag","embeddable":true,"href":"https:\/\/karandoogo.com\/index.php\/wp-json\/wp\/v2\/product_tag?post=1086"}],"curies":[{"name":"wp","href":"https:\/\/api.w.org\/{rel}","templated":true}]}}