{"id":1110,"date":"2022-07-27T20:03:46","date_gmt":"2022-07-27T20:03:46","guid":{"rendered":"https:\/\/karandoogo.com\/?post_type=product&#038;p=1110"},"modified":"2025-10-19T13:59:59","modified_gmt":"2025-10-19T13:59:59","slug":"expose-sur-complet-sur-les-etats-haoussa-et-le-kanem-bornou","status":"publish","type":"product","link":"https:\/\/karandoogo.com\/index.php\/produit\/expose-sur-complet-sur-les-etats-haoussa-et-le-kanem-bornou\/","title":{"rendered":"Expos\u00e9 sur complet sur les Etats Haoussa et le Kanem Bornou"},"content":{"rendered":"","protected":false},"excerpt":{"rendered":"<p><strong>NB<\/strong>: Les documents mis \u00e0 disposition sur ce site sont des documents \u00e0 exploiter, autrement dit des compl\u00e9ments pour parfaire votre travail. Ils ne sont pas faits pour \u00eatre pr\u00e9sent\u00e9s \u00e0 l\u2019\u00e9tat.<\/p>\n<p><strong><u>PLAN<\/u><\/strong><\/p>\n<p><strong><u>INTRODUCTION<\/u><\/strong><\/p>\n<ol type=\"I\">\n<li><strong><u>LES ETATS HAOUSSA<\/u><\/strong><\/li>\n<li><strong><u>Caract\u00e9ristiques<\/u><\/strong><\/li>\n<li><strong><u>Evolution<\/u><\/strong><\/li>\n<li><strong><u>Civilisation<\/u><\/strong><\/li>\n<li><strong><u>LE KANEM BORNOU<\/u><\/strong><\/li>\n<li><strong><u>Evolution du royaume du Kanem<\/u><\/strong><\/li>\n<li><strong><u>La formation de l\u2019empire du Bornou<\/u><\/strong><\/li>\n<li><strong><u>L\u2019apog\u00e9e<\/u><\/strong><\/li>\n<li><strong><u>CIVILISATION DU KANEM BORNOU<\/u><\/strong><\/li>\n<\/ol>\n<p><strong><u>CONCLUSION<\/u><\/strong><\/p>\n<p><strong><u>INTRODUCTION<\/u><\/strong><\/p>\n<p>L\u2019empire du Bornou, le plus important des \u00c9tats du Soudan central, fut particuli\u00e8rement remarquable : par sa pr\u00e9cocit\u00e9 (le royaume du Kanem dont l\u2019\u00c9tat bornouan est directement issu se d\u00e9veloppe \u00e0 partir du IXe si\u00e8cle apr\u00e8s J.-C.), par son extension g\u00e9ographique (aux p\u00e9riodes de splendeur, il englobe la totalit\u00e9 de la cuvette tchadienne, ainsi que le pays Haoussa \u00e0 l\u2019ouest et le Sahara oriental au nord), par sa long\u00e9vit\u00e9 (il se perp\u00e9tue durant plus d\u2019un mill\u00e9naire, du IXe au XXe si\u00e8cle). Le Bornou eut un r\u00f4le primordial dans le d\u00e9veloppement des \u00e9changes \u00e9conomiques et culturels entre le Soudan, la M\u00e9diterran\u00e9e et l\u2019Orient. Il doit surtout son prestige \u00e0 ses institutions politiques, le mod\u00e8le politique bornouan ayant tr\u00e8s largement contribu\u00e9 \u00e0 l\u2019organisation des autres \u00c9tats du Soudan central (royaumes Haoussa, Baguirmi).<\/p>\n<ol type=\"I\">\n<li><strong><u>LES ETATS HAOUSSA<\/u><\/strong><\/li>\n<li><strong><u>Caract\u00e9ristiques<\/u><\/strong><\/li>\n<\/ol>\n<p>Les Haoussas sont un peuple du Sahel essentiellement \u00e9tabli au nord du Nigeria et dans le sud du Niger jusqu\u2019au lac Tchad et constitue une des ethnies les plus importantes d\u2019Afrique1. La r\u00e9gion ils habitent depuis des si\u00e8cles porte le nom de pays Hausa (kasar hausa). Ils parlent la langue haoussa qui appartient au groupe des langues tchadiques, un sous-groupe de la famille des langues afro-asiatiques, qui sert aussi de langue v\u00e9hiculaire \u00e0 d\u2019autres populations1. Agriculteurs et artisans, les Haoussas ont d\u00e9velopp\u00e9 une civilisation urbaine fond\u00e9e sur la commercialisation d\u2019un artisanat du cuir, du fer, du tissage et des produits agricoles. Aujourd\u2019hui, la plupart d\u2019entre eux vivent toujours dans des petits villages o\u00f9 ils pratiquent la culture vivri\u00e8re et \u00e9l\u00e8vent du b\u00e9tail.<\/p>\n<ul>\n<li><strong><u>Evolution<\/u><\/strong><\/li>\n<\/ul>\n<p>Au xive si\u00e8cle, les cit\u00e9s-\u00c9tats haoussa de Biram, Daura, Katsina, Zaria, Kano, Rano et\u2026<\/p>\n<p>Pour obtenir l&rsquo;expos\u00e9 complet contactez le +226 56196345 (WhatsApp).<\/p>\n","protected":false},"featured_media":831,"template":"","meta":{"jetpack_publicize_message":"","jetpack_publicize_feature_enabled":true,"jetpack_social_post_already_shared":false,"jetpack_social_options":{"image_generator_settings":{"template":"highway","default_image_id":0,"font":"","enabled":false},"version":2}},"product_brand":[],"product_cat":[544,608],"product_tag":[623,574,624],"class_list":{"0":"post-1110","1":"product","2":"type-product","3":"status-publish","4":"has-post-thumbnail","6":"product_cat-exposes","7":"product_cat-histoire","8":"product_tag-etats-haoussa","9":"product_tag-histoire-des-peuples-dafrique","10":"product_tag-kanem-bornou","12":"first","13":"instock","14":"downloadable","15":"virtual","16":"sold-individually","17":"purchasable","18":"product-type-simple"},"aioseo_notices":[],"jetpack_publicize_connections":[],"jetpack-related-posts":[],"jetpack_sharing_enabled":true,"_links":{"self":[{"href":"https:\/\/karandoogo.com\/index.php\/wp-json\/wp\/v2\/product\/1110","targetHints":{"allow":["GET"]}}],"collection":[{"href":"https:\/\/karandoogo.com\/index.php\/wp-json\/wp\/v2\/product"}],"about":[{"href":"https:\/\/karandoogo.com\/index.php\/wp-json\/wp\/v2\/types\/product"}],"wp:featuredmedia":[{"embeddable":true,"href":"https:\/\/karandoogo.com\/index.php\/wp-json\/wp\/v2\/media\/831"}],"wp:attachment":[{"href":"https:\/\/karandoogo.com\/index.php\/wp-json\/wp\/v2\/media?parent=1110"}],"wp:term":[{"taxonomy":"product_brand","embeddable":true,"href":"https:\/\/karandoogo.com\/index.php\/wp-json\/wp\/v2\/product_brand?post=1110"},{"taxonomy":"product_cat","embeddable":true,"href":"https:\/\/karandoogo.com\/index.php\/wp-json\/wp\/v2\/product_cat?post=1110"},{"taxonomy":"product_tag","embeddable":true,"href":"https:\/\/karandoogo.com\/index.php\/wp-json\/wp\/v2\/product_tag?post=1110"}],"curies":[{"name":"wp","href":"https:\/\/api.w.org\/{rel}","templated":true}]}}