{"id":1150,"date":"2022-07-29T02:16:12","date_gmt":"2022-07-29T02:16:12","guid":{"rendered":"https:\/\/karandoogo.com\/?post_type=product&#038;p=1150"},"modified":"2025-10-19T13:57:54","modified_gmt":"2025-10-19T13:57:54","slug":"expose-complet-sur-la-periode-de-la-renaissance","status":"publish","type":"product","link":"https:\/\/karandoogo.com\/index.php\/produit\/expose-complet-sur-la-periode-de-la-renaissance\/","title":{"rendered":"Expos\u00e9 complet sur la p\u00e9riode de la Renaissance"},"content":{"rendered":"","protected":false},"excerpt":{"rendered":"<p><strong>NB:<\/strong> Les documents mis \u00e0 disposition sur ce site sont des documents \u00e0 exploiter, autrement dit des compl\u00e9ments pour parfaire votre travail. Ils ne sont pas faits pour \u00eatre pr\u00e9sent\u00e9s \u00e0 l\u2019\u00e9tat.<\/p>\n<p><strong><u>PLAN<\/u><\/strong><\/p>\n<p><strong><u>INTRODUCTION<\/u><\/strong><\/p>\n<ol type=\"I\">\n<li><strong><u>DELIMITATION TEMPORELLE DE LA PERIODE DE LA RENAISSANCE.<\/u><\/strong><\/li>\n<li><strong><u>GRANDES PERIODES DE LA RENAISSANCE<\/u><\/strong><\/li>\n<li><strong><u>CHANGEMENTS SURVENUS A LA PERIODE DE LA RENAISSANCE<\/u><\/strong><\/li>\n<li><strong><u>IMPACT PHILOSOPHIQUE DE LA RENAISSANCE<\/u><\/strong><\/li>\n<li><strong><u>L\u2019humanisme<\/u><\/strong><\/li>\n<li><strong><u>Le naturalisme<\/u><\/strong><\/li>\n<li><strong><u>Le rationalisme<\/u><\/strong><\/li>\n<li><strong><u>L\u2019individualisme<\/u><\/strong><\/li>\n<\/ol>\n<p><strong><u>VI.\u00a0 DE NOS JOURS<\/u><\/strong><\/p>\n<ul>\n<li><strong><u>CHANGER L\u2019ENSEIGNEMENT<\/u><\/strong><\/li>\n<\/ul>\n<p><strong><u>CONCLUSION<\/u><\/strong><\/p>\n<p><strong><u>INTRODUCTION<\/u><\/strong><\/p>\n<p>La Renaissance est une p\u00e9riode de l\u2019Histoire de l\u2019Europe. Elle correspond aux XVe et xvie si\u00e8cles. Elle s\u2019accompagne d\u2019un renouveau dans la litt\u00e9rature, les arts, les sciences, les \u00e9changes culturels et des bouleversements religieux avec Martin Luther qui est l\u2019un des plus grands r\u00e9formateurs de l\u2019Eglise c\u2019est-\u00e0-dire que Luther est contre les abus des fid\u00e8les et l\u2019assembl\u00e9 eccl\u00e9siastique.<\/p>\n<ol type=\"I\">\n<li><strong><u>DELIMITATION TEMPORELLE DE LA PERIODE DE LA RENAISSANCE.<\/u><\/strong><\/li>\n<\/ol>\n<p>Elle suit le Moyen \u00c2ge et pr\u00e9c\u00e8de l\u2019\u00e9poque moderne ; mais ce d\u00e9coupage historique est discutable : beaucoup d\u2019historiens ne sont pas d\u2019accord. Le nom de cette p\u00e9riode a \u00e9t\u00e9 donn\u00e9 par le peintre italien Vasari vers 1550. La Renaissance trouve ses origines en Italie vers le XIVe si\u00e8cle, puis en Allemagne au XVe si\u00e8cle et enfin dans toute l\u2019Europe au XVIe si\u00e8cle. Une date importante est 1453, la d\u00e9couverte des caract\u00e8res mobiles utilis\u00e9s dans l\u2019imprimerie par Gutenberg. Cela a permis une meilleure diffusion du savoir en Europe : il devient possible d\u2019imprimer plus facilement des livres en grande quantit\u00e9. Un autre fait important que certains consid\u00e8rent comme le d\u00e9but de la Renaissance est la prise de Constantinople, aujourd\u2019hui Istanbul, par les Turcs en 1453. En effet\u2026<\/p>\n<p>Pour obtenir l&rsquo;expos\u00e9 complet contactez le +226 56196345 (WhatsApp).<\/p>\n","protected":false},"featured_media":831,"template":"","meta":{"jetpack_publicize_message":"","jetpack_publicize_feature_enabled":true,"jetpack_social_post_already_shared":false,"jetpack_social_options":{"image_generator_settings":{"template":"highway","default_image_id":0,"font":"","enabled":false},"version":2}},"product_brand":[],"product_cat":[544,598,613],"product_tag":[632,631],"class_list":{"0":"post-1150","1":"product","2":"type-product","3":"status-publish","4":"has-post-thumbnail","6":"product_cat-exposes","7":"product_cat-litterature","8":"product_cat-philosophie","9":"product_tag-periode-de-la-renaissance","10":"product_tag-philosophie","12":"first","13":"instock","14":"downloadable","15":"virtual","16":"sold-individually","17":"purchasable","18":"product-type-simple"},"aioseo_notices":[],"jetpack_publicize_connections":[],"jetpack-related-posts":[],"jetpack_sharing_enabled":true,"_links":{"self":[{"href":"https:\/\/karandoogo.com\/index.php\/wp-json\/wp\/v2\/product\/1150","targetHints":{"allow":["GET"]}}],"collection":[{"href":"https:\/\/karandoogo.com\/index.php\/wp-json\/wp\/v2\/product"}],"about":[{"href":"https:\/\/karandoogo.com\/index.php\/wp-json\/wp\/v2\/types\/product"}],"wp:featuredmedia":[{"embeddable":true,"href":"https:\/\/karandoogo.com\/index.php\/wp-json\/wp\/v2\/media\/831"}],"wp:attachment":[{"href":"https:\/\/karandoogo.com\/index.php\/wp-json\/wp\/v2\/media?parent=1150"}],"wp:term":[{"taxonomy":"product_brand","embeddable":true,"href":"https:\/\/karandoogo.com\/index.php\/wp-json\/wp\/v2\/product_brand?post=1150"},{"taxonomy":"product_cat","embeddable":true,"href":"https:\/\/karandoogo.com\/index.php\/wp-json\/wp\/v2\/product_cat?post=1150"},{"taxonomy":"product_tag","embeddable":true,"href":"https:\/\/karandoogo.com\/index.php\/wp-json\/wp\/v2\/product_tag?post=1150"}],"curies":[{"name":"wp","href":"https:\/\/api.w.org\/{rel}","templated":true}]}}