{"id":1151,"date":"2022-07-29T02:49:32","date_gmt":"2022-07-29T02:49:32","guid":{"rendered":"https:\/\/karandoogo.com\/?post_type=product&#038;p=1151"},"modified":"2025-10-19T13:57:54","modified_gmt":"2025-10-19T13:57:54","slug":"expose-complet-de-loeuvre-on-a-gifle-la-montagne-de-yambo-elie-ouedraogo","status":"publish","type":"product","link":"https:\/\/karandoogo.com\/index.php\/produit\/expose-complet-de-loeuvre-on-a-gifle-la-montagne-de-yambo-elie-ouedraogo\/","title":{"rendered":"Expos\u00e9 complet de l&rsquo;Oeuvre On a gifl\u00e9 la montagne de Yambo Elie Ouedraogo"},"content":{"rendered":"","protected":false},"excerpt":{"rendered":"<p><strong>NB:<\/strong> Les documents mis \u00e0 disposition sur ce site sont des documents \u00e0 exploiter, autrement dit des compl\u00e9ments pour parfaire votre travail. Ils ne sont pas faits pour \u00eatre pr\u00e9sent\u00e9s \u00e0 l\u2019\u00e9tat.<\/p>\n<p><strong><u>PLAN<\/u><\/strong><\/p>\n<p>Introduction<\/p>\n<p>I-<strong>Pr\u00e9sentation du livre<\/strong><\/p>\n<p>1-L\u2019\u0153uvre<\/p>\n<p>2-L\u2019auteur<\/p>\n<p>II-<strong>Etude d\u2019ensemble de l\u2019\u0153uvre<\/strong><\/p>\n<p>1-R\u00e9sum\u00e9 du livre<\/p>\n<p>2-L\u2019intrigue<\/p>\n<p>III-<strong>Etude des personnages<\/strong><\/p>\n<p>1-Personnage principal<\/p>\n<p>2-Personnages secondaires<\/p>\n<p>IV-\u00a0<strong>L\u2019espace et le temps<\/strong><\/p>\n<p>1-Les formes de texte<\/p>\n<p>2-Description<\/p>\n<p>3-Dialogue<\/p>\n<p>V-Bilan d\u2019ensemble<\/p>\n<p>Conclusion<\/p>\n<p>&nbsp;<\/p>\n<p>Introduction<\/p>\n<p>Le roman de notre \u00e9tude est un roman burkinab\u00e8\u00a0\u00e9dit\u00e9e en 1991. Il relate l\u2019histoire de certaines personnes ayant os\u00e9 gifl\u00e9 la montagne et aussi l\u2019arriv\u00e9e du vert.<\/p>\n<p>I-<strong>Pr\u00e9sentation du livre<\/strong><\/p>\n<p>1-L\u2019\u0153uvre<\/p>\n<p>2-L\u2019auteur<\/p>\n<p>II-<strong>Etude d\u2019ensemble de l\u2019\u0153uvre<\/strong><\/p>\n<p>1-R\u00e9sum\u00e9 du livre<\/p>\n<p>2-L\u2019intrigue<\/p>\n<p>III-<strong>Etude des personnages<\/strong><\/p>\n<p>1-Personnage principal<\/p>\n<p>2-Personnages secondaires<\/p>\n<p>IV-\u00a0<strong>L\u2019espace et le temps<\/strong><\/p>\n<p>1-Les formes de texte<\/p>\n<p>2-Description<\/p>\n<p>3-Dialogue<\/p>\n<p>V-Bilan d\u2019ensemble<\/p>\n<p>Conclusion<\/p>\n<p><strong>&lt;&lt;ON A GIFLE LA MONTAGNE&gt;&gt;<\/strong>\u00a0est une \u0153uvre de Yamba Elie Ou\u00e9draogo qui nous relate l\u2019histoire d\u2019un homme nomm\u00e9 Soungalo Mensah Cyprien ayant fait d\u2019\u00e9norme sacrifice pour le pouvoir et bien d\u2019autres. Il eut des p\u00e9riodes de gr\u00e2ce et des p\u00e9riodes de m\u00e9sententes entre Soungalo et son peuple. Apr\u00e8s ces conflits r\u00e9solut, il d\u00fb faire face lui et son parti politique \u00e0 la vengeance de la montagne.<\/p>\n<p>Pour obtenir l&rsquo;expos\u00e9 complet contactez le +226 56196345 (WhatsApp).<\/p>\n","protected":false},"featured_media":831,"template":"","meta":{"jetpack_publicize_message":"","jetpack_publicize_feature_enabled":true,"jetpack_social_post_already_shared":false,"jetpack_social_options":{"image_generator_settings":{"template":"highway","default_image_id":0,"font":"","enabled":false},"version":2}},"product_brand":[],"product_cat":[544,598],"product_tag":[553,590,552],"class_list":{"0":"post-1151","1":"product","2":"type-product","3":"status-publish","4":"has-post-thumbnail","6":"product_cat-exposes","7":"product_cat-litterature","8":"product_tag-auteur-africain","9":"product_tag-auteur-burkinabe","10":"product_tag-litterature-africaine","12":"first","13":"instock","14":"downloadable","15":"virtual","16":"sold-individually","17":"purchasable","18":"product-type-simple"},"aioseo_notices":[],"jetpack_publicize_connections":[],"jetpack-related-posts":[],"jetpack_sharing_enabled":true,"_links":{"self":[{"href":"https:\/\/karandoogo.com\/index.php\/wp-json\/wp\/v2\/product\/1151","targetHints":{"allow":["GET"]}}],"collection":[{"href":"https:\/\/karandoogo.com\/index.php\/wp-json\/wp\/v2\/product"}],"about":[{"href":"https:\/\/karandoogo.com\/index.php\/wp-json\/wp\/v2\/types\/product"}],"wp:featuredmedia":[{"embeddable":true,"href":"https:\/\/karandoogo.com\/index.php\/wp-json\/wp\/v2\/media\/831"}],"wp:attachment":[{"href":"https:\/\/karandoogo.com\/index.php\/wp-json\/wp\/v2\/media?parent=1151"}],"wp:term":[{"taxonomy":"product_brand","embeddable":true,"href":"https:\/\/karandoogo.com\/index.php\/wp-json\/wp\/v2\/product_brand?post=1151"},{"taxonomy":"product_cat","embeddable":true,"href":"https:\/\/karandoogo.com\/index.php\/wp-json\/wp\/v2\/product_cat?post=1151"},{"taxonomy":"product_tag","embeddable":true,"href":"https:\/\/karandoogo.com\/index.php\/wp-json\/wp\/v2\/product_tag?post=1151"}],"curies":[{"name":"wp","href":"https:\/\/api.w.org\/{rel}","templated":true}]}}