{"id":1152,"date":"2022-07-29T02:39:41","date_gmt":"2022-07-29T02:39:41","guid":{"rendered":"https:\/\/karandoogo.com\/?post_type=product&#038;p=1152"},"modified":"2025-10-19T13:57:54","modified_gmt":"2025-10-19T13:57:54","slug":"expose-complet-sur-les-conquetes-et-les-resistances-en-afrique-occidentale","status":"publish","type":"product","link":"https:\/\/karandoogo.com\/index.php\/produit\/expose-complet-sur-les-conquetes-et-les-resistances-en-afrique-occidentale\/","title":{"rendered":"Expos\u00e9 complet sur les conqu\u00eates et les r\u00e9sistances en Afrique Occidentale"},"content":{"rendered":"","protected":false},"excerpt":{"rendered":"<p><strong>NB:<\/strong> Les documents mis \u00e0 disposition sur ce site sont des documents \u00e0 exploiter, autrement dit des compl\u00e9ments pour parfaire votre travail. Ils ne sont pas faits pour \u00eatre pr\u00e9sent\u00e9s \u00e0 l\u2019\u00e9tat.<\/p>\n<p><strong><u>PLAN<\/u><\/strong><\/p>\n<p><strong><u>INTRODUCTION<\/u><\/strong><\/p>\n<ol type=\"I\">\n<li><strong><u>LES CONQU\u00caTES ANGLAISES EN AFRIQUE OCCIDENTALE<\/u><\/strong><\/li>\n<li><strong><u>LES CONQU\u00caTES FRAN\u00c7AISES EN AFRIQUE OCCIDENTALE<\/u><\/strong><\/li>\n<li><strong><u>LES RIVALIT\u00c9S LORS DE LA CONQUETE\u00a0<\/u><\/strong><\/li>\n<li><strong><u>LES RESISTANCES PENDANT LA CONQUETE COLONIALE de l\u2019AFRIQUE OCCIDENTALE<\/u><\/strong><\/li>\n<li><strong><u>Lat Dior Diop<\/u><\/strong><\/li>\n<li><strong><u>B\u00e9hanzin<\/u><\/strong><\/li>\n<li><strong><u>Ahmadou Cheikou<\/u><\/strong><\/li>\n<li><strong><u>Samory Toure De La Haute Guin\u00e9e<\/u><\/strong><\/li>\n<\/ol>\n<p><strong><u>V- RAISONS DE L\u2019ECHEC DES RESISTANCES DE L\u2019AFRIQUE OCCIDENTALE<\/u><\/strong><\/p>\n<p><strong><u>CONCLUSION\u00a0:<\/u><\/strong><\/p>\n<p><strong><u>INTRODUCTION<\/u><\/strong><\/p>\n<p>L\u2019Afrique occidentale et centrale ont \u00e9t\u00e9 parmi les zones les plus parcourues par les explorateurs. Ceux-ci y avaient d\u00e9couverts de grands royaumes et empires bien organis\u00e9s tels que l\u2019empire de Sokoto, l\u2019empire Toucouleur, l\u2019empire Peul du Macina, le royaume d\u2019Abomey, d\u2019Oyo, la conf\u00e9d\u00e9ration Ashanti. Ces r\u00e9gions vont int\u00e9resser les Fran\u00e7ais et les Anglais.<\/p>\n<ol type=\"I\">\n<li><strong><u>LES CONQU\u00caTES ANGLAISES EN AFRIQUE OCCIDENTALE<\/u><\/strong><\/li>\n<\/ol>\n<p>Les anglais occupent successivement la Gold Coast et le Nigeria. L\u2019Afrique occidentale britannique d\u00e9signe les colonies britanniques de l\u2019ouest de l\u2019Afrique. Elles correspondent aujourd\u2019hui au Nigeria, au Ghana, au Sierra Leone et \u00e0 la Gambie.<\/p>\n<ol type=\"I\">\n<li><strong><u>LES CONQU\u00caTES FRAN\u00c7AISES EN AFRIQUE OCCIDENTALE<\/u><\/strong><\/li>\n<\/ol>\n<p>L\u2019Afrique-Occidentale fran\u00e7aise\u00a0(A.-O.F.) \u00e9tait un gouvernement g\u00e9n\u00e9ral regroupant au sein d\u2019une m\u00eame f\u00e9d\u00e9ration huit\u00a0<a href=\"https:\/\/fr.wikipedia.org\/wiki\/Colonies_fran%C3%A7aises\">colonies fran\u00e7aises<\/a>\u00a0d\u2019<a href=\"https:\/\/fr.wikipedia.org\/wiki\/Afrique_de_l%27Ouest\">Afrique de l\u2019Ouest<\/a>\u00a0entre\u00a0<a href=\"https:\/\/fr.wikipedia.org\/wiki\/1895\">1895<\/a>\u00a0et\u00a0<a href=\"https:\/\/fr.wikipedia.org\/wiki\/1958\">1958<\/a>. Constitu\u00e9e en plusieurs \u00e9tapes, elle r\u00e9unit \u00e0 terme la\u00a0<a href=\"https:\/\/fr.wikipedia.org\/wiki\/Mauritanie\">Mauritanie<\/a>, le\u00a0<a href=\"https:\/\/fr.wikipedia.org\/wiki\/S%C3%A9n%C3%A9gal\">S\u00e9n\u00e9gal<\/a>, le\u00a0<a href=\"https:\/\/fr.wikipedia.org\/wiki\/Soudan_fran%C3%A7ais\">Soudan fran\u00e7ais<\/a>\u00a0(devenu le\u00a0<a href=\"https:\/\/fr.wikipedia.org\/wiki\/Mali\">Mali<\/a>), la\u00a0<a href=\"https:\/\/fr.wikipedia.org\/wiki\/Guin%C3%A9e\">Guin\u00e9e<\/a>, la\u00a0<a href=\"https:\/\/fr.wikipedia.org\/wiki\/C%C3%B4te_d%27Ivoire\">C\u00f4te d\u2019Ivoire<\/a>, le\u00a0<a href=\"https:\/\/fr.wikipedia.org\/wiki\/Niger\">Niger<\/a>, la\u00a0<a href=\"https:\/\/fr.wikipedia.org\/wiki\/Haute-Volta\">Haute-Volta<\/a>\u00a0(devenue le\u00a0<a href=\"https:\/\/fr.wikipedia.org\/wiki\/Burkina_Faso\">Burkina Faso<\/a>), le\u00a0<a href=\"https:\/\/fr.wikipedia.org\/wiki\/Togo\">Togo<\/a>\u00a0et le\u00a0<a href=\"https:\/\/fr.wikipedia.org\/wiki\/Colonie_du_Dahomey\">Dahomey<\/a>\u00a0(devenu le\u00a0<a href=\"https:\/\/fr.wikipedia.org\/wiki\/B%C3%A9nin\">B\u00e9nin<\/a>). Sa superficie atteignait 4\u00a0689\u00a0000 kilom\u00e8tres carr\u00e9s, soit environ sept fois celle de la\u00a0<a href=\"https:\/\/fr.wikipedia.org\/wiki\/France\">France<\/a>. Son chef-lieu \u00e9tait\u00a0<a href=\"https:\/\/fr.wikipedia.org\/wiki\/Saint-Louis_(S%C3%A9n%C3%A9gal)\">Saint-Louis<\/a>\u00a0(S\u00e9n\u00e9gal) jusqu\u2019en 1902, puis\u00a0<a href=\"https:\/\/fr.wikipedia.org\/wiki\/Dakar\">Dakar<\/a>\u00a0(S\u00e9n\u00e9gal).<\/p>\n<ol type=\"I\">\n<li><strong><u>LES RIVALIT\u00c9S LORS DE LA CONQUETE \u00a0<\/u><\/strong><\/li>\n<\/ol>\n<p>Elles opposent la France \u00e0 l\u2019Angleterre car cette derni\u00e8re est d\u00e9cid\u00e9e \u00e0 relier e Cap au Caire. En 1902 en revanche, des missionnaires de diff\u00e9rentes nations et de diff\u00e9rentes confessions ont investi quasiment jusqu\u2019au plus petit \u00eelot, avec parfois des d\u00e9ceptions, souvent d\u2019\u00e9clatants succ\u00e8s. En l\u2019espace de deux si\u00e8cles et demi, le paysage oc\u00e9anien a \u00e9t\u00e9 compl\u00e8tement m\u00e9tamorphos\u00e9 sous l\u2019effet de ces deux influences occidentales trop souvent\u2026<\/p>\n<p>Pour obtenir l&rsquo;expos\u00e9 complet contactez le +226 56196345 (WhatsApp).<\/p>\n","protected":false},"featured_media":831,"template":"","meta":{"jetpack_publicize_message":"","jetpack_publicize_feature_enabled":true,"jetpack_social_post_already_shared":false,"jetpack_social_options":{"image_generator_settings":{"template":"highway","default_image_id":0,"font":"","enabled":false},"version":2}},"product_brand":[],"product_cat":[544,608],"product_tag":[634,633],"class_list":{"0":"post-1152","1":"product","2":"type-product","3":"status-publish","4":"has-post-thumbnail","6":"product_cat-exposes","7":"product_cat-histoire","8":"product_tag-colonisation-de-lafrique-de-louest","9":"product_tag-conquetes-et-resistances","11":"first","12":"instock","13":"downloadable","14":"virtual","15":"sold-individually","16":"purchasable","17":"product-type-simple"},"aioseo_notices":[],"jetpack_publicize_connections":[],"jetpack-related-posts":[],"jetpack_sharing_enabled":true,"_links":{"self":[{"href":"https:\/\/karandoogo.com\/index.php\/wp-json\/wp\/v2\/product\/1152","targetHints":{"allow":["GET"]}}],"collection":[{"href":"https:\/\/karandoogo.com\/index.php\/wp-json\/wp\/v2\/product"}],"about":[{"href":"https:\/\/karandoogo.com\/index.php\/wp-json\/wp\/v2\/types\/product"}],"wp:featuredmedia":[{"embeddable":true,"href":"https:\/\/karandoogo.com\/index.php\/wp-json\/wp\/v2\/media\/831"}],"wp:attachment":[{"href":"https:\/\/karandoogo.com\/index.php\/wp-json\/wp\/v2\/media?parent=1152"}],"wp:term":[{"taxonomy":"product_brand","embeddable":true,"href":"https:\/\/karandoogo.com\/index.php\/wp-json\/wp\/v2\/product_brand?post=1152"},{"taxonomy":"product_cat","embeddable":true,"href":"https:\/\/karandoogo.com\/index.php\/wp-json\/wp\/v2\/product_cat?post=1152"},{"taxonomy":"product_tag","embeddable":true,"href":"https:\/\/karandoogo.com\/index.php\/wp-json\/wp\/v2\/product_tag?post=1152"}],"curies":[{"name":"wp","href":"https:\/\/api.w.org\/{rel}","templated":true}]}}