{"id":1164,"date":"2022-07-29T03:18:56","date_gmt":"2022-07-29T03:18:56","guid":{"rendered":"https:\/\/karandoogo.com\/?post_type=product&#038;p=1164"},"modified":"2025-10-19T13:57:54","modified_gmt":"2025-10-19T13:57:54","slug":"expose-complet-sur-lamour-dans-candide-de-voltaire","status":"publish","type":"product","link":"https:\/\/karandoogo.com\/index.php\/produit\/expose-complet-sur-lamour-dans-candide-de-voltaire\/","title":{"rendered":"Expos\u00e9 complet sur l&rsquo;amour dans Candide de voltaire"},"content":{"rendered":"","protected":false},"excerpt":{"rendered":"<p><strong>NB:<\/strong> Les documents mis \u00e0 disposition sur ce site sont des documents \u00e0 exploiter, autrement dit des compl\u00e9ments pour parfaire votre travail. Ils ne sont pas faits pour \u00eatre pr\u00e9sent\u00e9s \u00e0 l\u2019\u00e9tat.<\/p>\n<p><strong><u>PLAN<\/u><\/strong><\/p>\n<p><strong><u>INTRODUCTION<\/u><\/strong><\/p>\n<ol type=\"I\">\n<li><strong><u>BIOGRAPHIE DE VOLTAIRE :<\/u><\/strong><\/li>\n<li><strong><u>\u0152UVRE<\/u><\/strong><\/li>\n<li><strong><u>RESUME<\/u><\/strong><\/li>\n<li><strong><u>ETUDE DES PERSONNAGES<\/u><\/strong><\/li>\n<li><strong>Personnage principal\u00a0: Candide<\/strong><\/li>\n<li><strong>Personnages Secondaires<\/strong><\/li>\n<li><strong><u>ETUDE THEMATIQUE DE L\u2019\u0152UVRE\u00a0:<\/u><\/strong><\/li>\n<li><strong><u>ETUDE DE L\u2019ESPACE ET DU TEMPS<\/u><\/strong><\/li>\n<\/ol>\n<p><strong><u>CONCLUSION<\/u><\/strong><\/p>\n<p><strong><u>INTRODUCTION<\/u><\/strong><\/p>\n<p>Candide est un conte philosophique \u00e9crit par Voltaire en 1759 sous le pseudonyme de Monsieur le docteur Ralph afin de contourner la censure. Il a \u00e9t\u00e9 r\u00e9dig\u00e9 apr\u00e8s le tremblement de terre de Lisbonne en 1755 et la guerre de sept ans (1756-1753). Dans ce conte d\u2019aspect traditionnel, Voltaire fait preuve d\u2019ironie et de critique de la soci\u00e9t\u00e9. Il s\u2019attaque \u00e0 la philosophie del\u2019optimisme. L\u2019optimisme vient de faire son apparition et il se base sur le fait que \u00ab tout est pour le mieux \u00bb dans le meilleur des mondes. C\u2019est ce concept que Voltaire souhaite d\u00e9truire en confrontant lespersonnages de son conte \u00e0 toute sorte de m\u00e9saventures malchanceuses, de maux dus \u00e0 la guerre et au fanatisme. Tout en utilisant les \u00e9l\u00e9ments d\u2019un conte traditionnel, il le d\u00e9tourne en contephilosophique, et d\u00e9voile ses intentions pol\u00e9miques, une critique de son \u00e9poque, de la religion, de sa soci\u00e9t\u00e9, des institutions, de l\u2019absurdit\u00e9 et de la cruaut\u00e9 des conflits arm\u00e9s, et particuli\u00e8rement dans cet extrait des abus de pouvoir et de l\u2019esclavage. Mais par quels proc\u00e9d\u00e9s, Voltaire critique-t-il l\u2019abus de pouvoir et de l\u2019esclavage dans cet extrait<\/p>\n<ol type=\"I\">\n<li><strong><u>BIOGRAPHIE DE VOLTAIRE :<\/u><\/strong><\/li>\n<\/ol>\n<p>Voltaire est l\u2019un des plus grands \u00e9crivains fran\u00e7ais : dramaturge, pol\u00e9miste satirique, philosophe, historien et moraliste. Fran\u00e7ois-Marie Arouet est originaire d\u2019un milieu bourgeois, son p\u00e8re \u00e9tait notaire. Il fait de brillantes \u00e9tudes chez les j\u00e9suites de Louis-Le-Grand. Des vers irr\u00e9v\u00e9rencieux l\u2019obligent \u00e0 rester en province, puis provoquent son incarc\u00e9ration \u00e0 la Bastille (1717)<\/p>\n<p>De retour en France, Voltaire poursuit sa carri\u00e8re litt\u00e9raire avec pour objectif la recherche de la v\u00e9rit\u00e9 et de la faire conna\u00eetre pour transformer la soci\u00e9t\u00e9. Au ch\u00e2teau de Cirey, en Champagne, il \u00e9crit des trag\u00e9dies (\u201cZa\u00efre\u201d, \u201cLa mort de C\u00e9sar\u201d\u2026) et, avec moins de succ\u00e8s, des com\u00e9dies (\u201cNanine\u201d). Il critique la guerre dans \u201cL\u2019Histoire de Charles XII\u201d (1731) puis s\u2019en prend aux dogmes chr\u00e9tiens dans \u201cEp\u00eetres \u00e0 Uranie\u201d (1733). Des po\u00e8mes officiels lui permettent d\u2019entrer \u00e0 l\u2019Acad\u00e9mie Fran\u00e7aise et \u00e0 la Cour comme historiographe du roi en 1746. Cependant \u201cZadig\u201d l\u2019oblige \u00e0 s\u2019exiler \u00e0 Potsdam sur l\u2019invitation de Fr\u00e9d\u00e9ric II de Prusse, puis \u00e0 Gen\u00e8ve. Voltaire s\u2019installe d\u00e9finitivement \u00e0 Ferney, pr\u00e8s de la fronti\u00e8re Suisse, o\u00f9 il re\u00e7oit toute l\u2019\u00e9lite intellectuelle de l\u2019\u00e9poque. En 1759, il publie Candide, une de ses \u0153uvres romanesques les plus c\u00e9l\u00e8bres et\u2026<\/p>\n<p>Pour obtenir l&rsquo;expos\u00e9 complet contactez le +226 56196345 (WhatsApp).<\/p>\n","protected":false},"featured_media":831,"template":"","meta":{"jetpack_publicize_message":"","jetpack_publicize_feature_enabled":true,"jetpack_social_post_already_shared":false,"jetpack_social_options":{"image_generator_settings":{"template":"highway","default_image_id":0,"font":"","enabled":false},"version":2}},"product_brand":[],"product_cat":[544,598],"product_tag":[636,631],"class_list":{"0":"post-1164","1":"product","2":"type-product","3":"status-publish","4":"has-post-thumbnail","6":"product_cat-exposes","7":"product_cat-litterature","8":"product_tag-litterature","9":"product_tag-philosophie","11":"first","12":"instock","13":"downloadable","14":"virtual","15":"sold-individually","16":"purchasable","17":"product-type-simple"},"aioseo_notices":[],"jetpack_publicize_connections":[],"jetpack-related-posts":[],"jetpack_sharing_enabled":true,"_links":{"self":[{"href":"https:\/\/karandoogo.com\/index.php\/wp-json\/wp\/v2\/product\/1164","targetHints":{"allow":["GET"]}}],"collection":[{"href":"https:\/\/karandoogo.com\/index.php\/wp-json\/wp\/v2\/product"}],"about":[{"href":"https:\/\/karandoogo.com\/index.php\/wp-json\/wp\/v2\/types\/product"}],"wp:featuredmedia":[{"embeddable":true,"href":"https:\/\/karandoogo.com\/index.php\/wp-json\/wp\/v2\/media\/831"}],"wp:attachment":[{"href":"https:\/\/karandoogo.com\/index.php\/wp-json\/wp\/v2\/media?parent=1164"}],"wp:term":[{"taxonomy":"product_brand","embeddable":true,"href":"https:\/\/karandoogo.com\/index.php\/wp-json\/wp\/v2\/product_brand?post=1164"},{"taxonomy":"product_cat","embeddable":true,"href":"https:\/\/karandoogo.com\/index.php\/wp-json\/wp\/v2\/product_cat?post=1164"},{"taxonomy":"product_tag","embeddable":true,"href":"https:\/\/karandoogo.com\/index.php\/wp-json\/wp\/v2\/product_tag?post=1164"}],"curies":[{"name":"wp","href":"https:\/\/api.w.org\/{rel}","templated":true}]}}