{"id":1167,"date":"2022-07-29T04:01:24","date_gmt":"2022-07-29T04:01:24","guid":{"rendered":"https:\/\/karandoogo.com\/?post_type=product&#038;p=1167"},"modified":"2025-10-19T13:57:53","modified_gmt":"2025-10-19T13:57:53","slug":"expose-complet-sur-laide-au-developpement-enjeux-procedes","status":"publish","type":"product","link":"https:\/\/karandoogo.com\/index.php\/produit\/expose-complet-sur-laide-au-developpement-enjeux-procedes\/","title":{"rendered":"Expos\u00e9 complet sur l&rsquo;Aide au Developpement (enjeux &#038; proc\u00e9d\u00e9s)"},"content":{"rendered":"","protected":false},"excerpt":{"rendered":"<p><strong>NB:<\/strong> Les documents mis \u00e0 disposition sur ce site sont des documents \u00e0 exploiter, autrement dit des compl\u00e9ments pour parfaire votre travail. Ils ne sont pas faits pour \u00eatre pr\u00e9sent\u00e9s \u00e0 l\u2019\u00e9tat.<\/p>\n<p>&nbsp;<\/p>\n<p><strong><u>INTRODUCTION<\/u><\/strong><\/p>\n<ol type=\"I\">\n<li><strong><u>AIDE BILATERALE<\/u><\/strong><\/li>\n<li><strong><u>D\u00e9finition de l\u2019aide bilat\u00e9rale<\/u><\/strong><\/li>\n<li><strong><u>Mes formes d\u2019aide bilat\u00e9rale<\/u><\/strong><\/li>\n<li><strong><u>Les pays b\u00e9n\u00e9ficiaires<\/u><\/strong><\/li>\n<li><strong><u>AIDE MULTILATERAL<\/u><\/strong><\/li>\n<li><strong><u>D\u00e9finition<\/u><\/strong><\/li>\n<li><strong><u>Formes<\/u><\/strong><\/li>\n<li><strong><u>Pays b\u00e9n\u00e9ficiaires de l\u2019aide multilat\u00e9ral<\/u><\/strong><\/li>\n<\/ol>\n<p><strong><u>LE ROLE DES INSTITUTIONS INTERNATIONALES (BM<\/u><\/strong><\/p>\n<ol type=\"I\">\n<li><strong><u>\/FMI)<\/u><\/strong><\/li>\n<li><strong><u>Banque mondiale<\/u><\/strong><\/li>\n<li><strong><u>Fond mon\u00e9taire international<\/u><\/strong><\/li>\n<\/ol>\n<p><strong><u>CONCLUSION<\/u><\/strong><\/p>\n<p><strong><u>INTRODUCTION<\/u><\/strong><\/p>\n<p>L\u2019<strong>aide au d\u00e9veloppement<\/strong>\u00a0d\u00e9signe une action volontaire par un acteur ext\u00e9rieur pour impulser le\u00a0<a href=\"https:\/\/fr.wikipedia.org\/wiki\/D%C3%A9veloppement_%C3%A9conomique\">d\u00e9veloppement<\/a>\u00a0d\u2019un pays tiers (<a href=\"https:\/\/fr.wikipedia.org\/wiki\/Pays_en_d%C3%A9veloppement\">pays en d\u00e9veloppement<\/a>). Les conceptions du d\u00e9veloppement sont nombreuses, les diff\u00e9rentes formes de l\u2019aide le sont tout autant.<\/p>\n<p>Vers la fin des ann\u00e9es 1960, sur la base d\u2019\u00e9tudes av\u00e9r\u00e9es les Nations Unies ont adopt\u00e9es (1969) une r\u00e9solution invitant les pays d\u00e9velopp\u00e9s \u00e0 consacrer 0,7% de leur PNB \u00e0 l\u2019aide au d\u00e9veloppement. Ceci avec l\u2019espoir d\u2019insuffler une dynamique de d\u00e9veloppement dans les pays b\u00e9n\u00e9ficiaires. Cette disposition n\u2019a pu \u00eatre respect\u00e9e \u00e0 ce jour que par quelques pays nordiques (Danemark, Finlande, Norv\u00e8ge et Su\u00e8de).<\/p>\n<ol type=\"I\">\n<li><strong><u>AIDE BILATERALE<\/u><\/strong><\/li>\n<li><strong><u>D\u00e9finition de l\u2019aide bilat\u00e9rale<\/u><\/strong><\/li>\n<\/ol>\n<p>Aide qu\u2019un \u00e9tat accorde \u00e0 un autre \u00e9tat. Si cette aide est apport\u00e9e sous conditions, il s\u2019agit d\u2019une aide bilat\u00e9rale li\u00e9e, si elle n\u2019est pas soumise \u00e0 conditions, c\u2019est une aide bilat\u00e9rale non li\u00e9e. Dans ce dernier cas, on parle \u00e9galement d\u2019aide d\u00e9sint\u00e9ress\u00e9e.<\/p>\n<ul>\n<li><strong><u>Mes formes d\u2019aide bilat\u00e9rale<\/u><\/strong><\/li>\n<\/ul>\n<p>Il appara\u00eet, en fait, que sur le terrain m\u00eame du d\u00e9veloppement, il n\u2019existe pas de v\u00e9ritable opposition entre ces deux formes de l\u2019aide\u00a0: elles marchent v\u00e9ritablement, et depuis longtemps d\u00e9j\u00e0, de concert. Il ne convient certainement pas de les opposer dans une relation qui verrait in\u00e9luctablement les Etats transf\u00e9rer leurs efforts financiers du bilat\u00e9ral ou multilat\u00e9ral. Pour un Etat donateur, il ne suffit jamais de mobiliser des financements cons\u00e9quents en faveur des programmes multilat\u00e9raux\u00a0: encore faut-il aussi pouvoir influencer la mani\u00e8re dont ces programmes vont \u00eatre instruits, con\u00e7us et surtout mis en \u0153uvre.<\/p>\n<ul>\n<li><strong><u>Les pays b\u00e9n\u00e9ficiaires<\/u><\/strong><\/li>\n<\/ul>\n<p>L\u2019aide bilat\u00e9rale a baiss\u00e9 depuis 1994, en passant de 985 millions de francs en 1994 \u00e0 895 millions de francs en 1996 et 841 millions de francs en 1997. Les bases de travail pour orienter la coop\u00e9ration bilat\u00e9rale relevant de la DDC sont les papiers de r\u00e9flexion strat\u00e9giques par th\u00e8mes ou secteurs (politique de promotion de l\u2019artisanat et de l\u2019industrie, ou d\u00e9veloppement urbain par exemple), les programmes par pays (PPP, programmes sur cinq ans \u00e9tablis par la DDC et l\u2019OFAEE) et les programmes annuels.\u00a0 Il concerne entre autres\u00a0: Mozambique, Niger, Tanzanie, Tchad ; Am\u00e9rique latine : Bolivie, Nicaragua, le Burkina Faso, la Cote d\u2019Ivoire, le Benin, etc.<\/p>\n<ol type=\"I\">\n<li><strong><u>AIDE MULTILATERAL<\/u><\/strong><\/li>\n<li><strong><u>D\u00e9finition<\/u><\/strong><\/li>\n<\/ol>\n<p>Aide accord\u00e9e par un pays d\u00e9velopp\u00e9 \u00e0 un pays en voie de d\u00e9veloppement, par l\u2019interm\u00e9diaire d\u2019organismes internationaux ou de\u2026<\/p>\n<p>Pour obtenir l&rsquo;expos\u00e9 complet contactez le +226 56196345 (WhatsApp).<\/p>\n","protected":false},"featured_media":831,"template":"","meta":{"jetpack_publicize_message":"","jetpack_publicize_feature_enabled":true,"jetpack_social_post_already_shared":false,"jetpack_social_options":{"image_generator_settings":{"template":"highway","default_image_id":0,"font":"","enabled":false},"version":2}},"product_brand":[],"product_cat":[544,548,546],"product_tag":[638,639],"class_list":{"0":"post-1167","1":"product","2":"type-product","3":"status-publish","4":"has-post-thumbnail","6":"product_cat-exposes","7":"product_cat-histoire-geographie","8":"product_cat-societe","9":"product_tag-aide-au-developpement","10":"product_tag-enjeux-et-procedes-de-laide-au-developpement","12":"first","13":"instock","14":"downloadable","15":"virtual","16":"sold-individually","17":"purchasable","18":"product-type-simple"},"aioseo_notices":[],"jetpack_publicize_connections":[],"jetpack-related-posts":[],"jetpack_sharing_enabled":true,"_links":{"self":[{"href":"https:\/\/karandoogo.com\/index.php\/wp-json\/wp\/v2\/product\/1167","targetHints":{"allow":["GET"]}}],"collection":[{"href":"https:\/\/karandoogo.com\/index.php\/wp-json\/wp\/v2\/product"}],"about":[{"href":"https:\/\/karandoogo.com\/index.php\/wp-json\/wp\/v2\/types\/product"}],"wp:featuredmedia":[{"embeddable":true,"href":"https:\/\/karandoogo.com\/index.php\/wp-json\/wp\/v2\/media\/831"}],"wp:attachment":[{"href":"https:\/\/karandoogo.com\/index.php\/wp-json\/wp\/v2\/media?parent=1167"}],"wp:term":[{"taxonomy":"product_brand","embeddable":true,"href":"https:\/\/karandoogo.com\/index.php\/wp-json\/wp\/v2\/product_brand?post=1167"},{"taxonomy":"product_cat","embeddable":true,"href":"https:\/\/karandoogo.com\/index.php\/wp-json\/wp\/v2\/product_cat?post=1167"},{"taxonomy":"product_tag","embeddable":true,"href":"https:\/\/karandoogo.com\/index.php\/wp-json\/wp\/v2\/product_tag?post=1167"}],"curies":[{"name":"wp","href":"https:\/\/api.w.org\/{rel}","templated":true}]}}