{"id":1192,"date":"2022-07-29T14:48:23","date_gmt":"2022-07-29T14:48:23","guid":{"rendered":"https:\/\/karandoogo.com\/?post_type=product&#038;p=1192"},"modified":"2025-10-19T13:57:53","modified_gmt":"2025-10-19T13:57:53","slug":"expose-complet-sur-lalcoolisme-causes-consequences-et-solutions","status":"publish","type":"product","link":"https:\/\/karandoogo.com\/index.php\/produit\/expose-complet-sur-lalcoolisme-causes-consequences-et-solutions\/","title":{"rendered":"Expos\u00e9 complet sur l&rsquo;alcoolisme (causes, cons\u00e9quences et solutions)"},"content":{"rendered":"","protected":false},"excerpt":{"rendered":"<p><strong>NB:<\/strong> Les documents mis \u00e0 disposition sur ce site sont des documents \u00e0 exploiter, autrement dit des compl\u00e9ments pour parfaire votre travail. Ils ne sont pas faits pour \u00eatre pr\u00e9sent\u00e9s \u00e0 l\u2019\u00e9tat.<\/p>\n<p><strong><u>INTRODUCTION<\/u><\/strong><\/p>\n<ul>\n<li><strong><u>CAUSES DE L\u2019ALCOOLISME<\/u><\/strong><\/li>\n<li><strong><u>CONSEQUENCES DE L\u2019ALCOOLISME<\/u><\/strong><\/li>\n<li><strong><u>PROPOSITIONS DE SOLUTIONS<\/u><\/strong><\/li>\n<\/ul>\n<p><strong><u>CONCLUSION<\/u><\/strong><\/p>\n<p><strong><u>\u00a0<\/u><\/strong><\/p>\n<p><strong><u>INTRODUCTION<\/u><\/strong><\/p>\n<p>Dans notre soci\u00e9t\u00e9, l\u2019alcool, qui est un liquide incolore et volatile obtenu par la distillation de jus sucr\u00e9s ferment\u00e9s affiche son omnipr\u00e9sence : des f\u00eates aux repas jusqu\u2019 \u00e0 certains rites religieux. Il n\u2019est donc pas surprenant que ses dangers soient sous-estim\u00e9s voire ignor\u00e9s. Aussi selon notre sondage 91% des lyc\u00e9ens ont d\u00e9j\u00e0 consomm\u00e9 de l\u2019alcool dont 19 % boivent r\u00e9guli\u00e8rement.<\/p>\n<p>Ce constat nous incite alors \u00e0 nous interroger sur les effets et cons\u00e9quences de l&rsquo;alcool dans notre soci\u00e9t\u00e9.<\/p>\n<p>Nous \u00e9voquerons d\u2019abord les effets de l&rsquo;alcool sur l&rsquo;organisme puis ses cons\u00e9quences sur le comportement et enfin nous verrons que l\u2019alcool est une drogue sous-estim\u00e9e.<\/p>\n<ul>\n<li><strong><u>CAUSES DE L\u2019ALCOOLISME<\/u><\/strong><\/li>\n<\/ul>\n<p><strong>L&rsquo;alcoolisme ou \u00ab trouble de l&rsquo;usage d&rsquo;alcool \u00bb est une affection m\u00e9dicale.<\/strong>\u00a0Bien que la cause exacte de l&rsquo;alcoolisme soit inconnue, des \u00e9tudes ont montr\u00e9 qu&rsquo;il est de plus en plus prouv\u00e9 que la pr\u00e9disposition \u00e0 cette maladie peut \u00eatre h\u00e9r\u00e9ditaire et que les risques d&rsquo;en \u00eatre atteint augmentent de fa\u00e7on importante chez les familles dont des membres (notamment les parents et les fr\u00e8res et s\u0153urs) ont une d\u00e9pendance \u00e0 l&rsquo;alcool.<\/p>\n<p>Les autres facteurs de risque comprennent&#8230;<\/p>\n<p>Pour obtenir l&rsquo;expos\u00e9 complet contactez le +226 56196345 (WhatsApp).<\/p>\n","protected":false},"featured_media":831,"template":"","meta":{"jetpack_publicize_message":"","jetpack_publicize_feature_enabled":true,"jetpack_social_post_already_shared":false,"jetpack_social_options":{"image_generator_settings":{"template":"highway","default_image_id":0,"font":"","enabled":false},"version":2}},"product_brand":[],"product_cat":[544,546],"product_tag":[641],"class_list":{"0":"post-1192","1":"product","2":"type-product","3":"status-publish","4":"has-post-thumbnail","6":"product_cat-exposes","7":"product_cat-societe","8":"product_tag-alcoolisme","10":"first","11":"instock","12":"downloadable","13":"virtual","14":"sold-individually","15":"purchasable","16":"product-type-simple"},"aioseo_notices":[],"jetpack_publicize_connections":[],"jetpack-related-posts":[],"jetpack_sharing_enabled":true,"_links":{"self":[{"href":"https:\/\/karandoogo.com\/index.php\/wp-json\/wp\/v2\/product\/1192","targetHints":{"allow":["GET"]}}],"collection":[{"href":"https:\/\/karandoogo.com\/index.php\/wp-json\/wp\/v2\/product"}],"about":[{"href":"https:\/\/karandoogo.com\/index.php\/wp-json\/wp\/v2\/types\/product"}],"wp:featuredmedia":[{"embeddable":true,"href":"https:\/\/karandoogo.com\/index.php\/wp-json\/wp\/v2\/media\/831"}],"wp:attachment":[{"href":"https:\/\/karandoogo.com\/index.php\/wp-json\/wp\/v2\/media?parent=1192"}],"wp:term":[{"taxonomy":"product_brand","embeddable":true,"href":"https:\/\/karandoogo.com\/index.php\/wp-json\/wp\/v2\/product_brand?post=1192"},{"taxonomy":"product_cat","embeddable":true,"href":"https:\/\/karandoogo.com\/index.php\/wp-json\/wp\/v2\/product_cat?post=1192"},{"taxonomy":"product_tag","embeddable":true,"href":"https:\/\/karandoogo.com\/index.php\/wp-json\/wp\/v2\/product_tag?post=1192"}],"curies":[{"name":"wp","href":"https:\/\/api.w.org\/{rel}","templated":true}]}}