{"id":1201,"date":"2022-07-29T15:29:18","date_gmt":"2022-07-29T15:29:18","guid":{"rendered":"https:\/\/karandoogo.com\/?post_type=product&#038;p=1201"},"modified":"2025-10-19T13:57:53","modified_gmt":"2025-10-19T13:57:53","slug":"expose-complet-sur-lessort-et-levolution-du-capitalisme","status":"publish","type":"product","link":"https:\/\/karandoogo.com\/index.php\/produit\/expose-complet-sur-lessort-et-levolution-du-capitalisme\/","title":{"rendered":"Expos\u00e9 complet sur L&rsquo;Essort et l&rsquo;\u00e9volution du CAPITALISME"},"content":{"rendered":"","protected":false},"excerpt":{"rendered":"<p><strong>NB:<\/strong> Les documents mis \u00e0 disposition sur ce site sont des documents \u00e0 exploiter, autrement dit des compl\u00e9ments pour parfaire votre travail. Ils ne sont pas faits pour \u00eatre pr\u00e9sent\u00e9s \u00e0 l\u2019\u00e9tat.<\/p>\n<p><strong><u>PLAN<\/u><\/strong><\/p>\n<p><strong><u>Introduction<\/u><\/strong><\/p>\n<p><strong><u>I. ESSOR DU CAPITALISME<\/u><\/strong><\/p>\n<ol type=\"1\">\n<li><strong><u>Sur le plan \u00e9conomique<\/u><\/strong><\/li>\n<li><strong><u>Sur le plan social<\/u><\/strong><\/li>\n<li><strong><u>Sur le plan politique<\/u><\/strong>\n<ol>\n<li><strong><u>L\u2019EVOLUTIONS DU CAPITALISME<\/u><\/strong><\/li>\n<\/ol>\n<\/li>\n<li><strong><u>Le taylorisme<\/u><\/strong><\/li>\n<li><strong><u>Le fordisme<\/u><\/strong><\/li>\n<li><strong><u>Le toyotisme<\/u><\/strong><\/li>\n<\/ol>\n<p><strong><u>Conclusion<\/u><\/strong><\/p>\n<p><strong><u>Introduction<\/u><\/strong><\/p>\n<p>L\u2019\u00e9mergence du capitalisme est souvent associ\u00e9e aux pr\u00e9mices de la r\u00e9volution industrielle et au XVIII si\u00e8cle. Le capitalisme se d\u00e9finit par l\u2019appropriation priv\u00e9e des moyens de production, les \u00e9changes sur les march\u00e9s et surtout par l\u2019accumulation des capitaux. Le march\u00e9 se d\u00e9finit comme le lieu o\u00f9 serencontre l\u2019offre et la demande d\u2019un bien donn\u00e9 et o\u00f9 se d\u00e9termine le prix.<\/p>\n<p>Le nouveau syst\u00e8me technique qui se met en place, lors de la r\u00e9volution industriel, permet alorsl\u2019\u00e9volution de certains principes du capitalisme moderne comme l\u2019am\u00e9lioration de la productivit\u00e9, l\u2019\u00e9conomie de main d\u2019\u0153uvre, l\u2019augmentation de la production en volume ou encore l\u2019investissement.<\/p>\n<p><strong><u>I. ESSOR DU CAPITALISME<\/u><\/strong><\/p>\n<p>Au 19<sup>e<\/sup>s (si\u00e8cle) le capitalisme s\u2019est d\u00e9velopp\u00e9 en Europe avec les progr\u00e8s de l\u2019industrie et du commerce qui avaient permis l\u2019accumulation des capitaux. Au moyen \u00e2ge une forme primitive de capitalisme avait d\u00e9j\u00e0 exist\u00e9e: c\u2019est le capitalisme mercantile qui est celui des marchands bas\u00e9s sur les \u00e9changes maritimes.<\/p>\n<ol type=\"1\">\n<li><strong><u>Sur le plan \u00e9conomique<\/u><\/strong><\/li>\n<\/ol>\n<ul>\n<li>In\u00e9gale r\u00e9partition des riches avec des zones de capitalisme triomphantes des zones avec forte concentration d\u2019industrie<\/li>\n<li>Naissance de la crise \u00e9conomique<\/li>\n<li><strong><u>Sur le plan social<\/u><\/strong><\/li>\n<\/ul>\n<p>Le capitalisme a entra\u00een\u00e9 la division de la soci\u00e9t\u00e9 en deux classes oppos\u00e9es d\u2019un c\u00f4t\u00e9 la bourgeoisie constitu\u00e9e de riches propri\u00e9taires des entreprises et patron, de l\u2019autre c\u00f4t\u00e9 le prol\u00e9tariat form\u00e9 d\u2019ouvrier mis\u00e9rables exploit\u00e9s par les bourgeois.<br \/>\nPour lutter contre ces in\u00e9galit\u00e9s certains penseurs ont \u00e9labor\u00e9s des doctrines socialistes telles que: le socialisme utopique d\u00e9fini par\u2026<\/p>\n<p>Pour obtenir l&rsquo;expos\u00e9 complet contactez le +226 56196345 (WhatsApp).<\/p>\n","protected":false},"featured_media":831,"template":"","meta":{"jetpack_publicize_message":"","jetpack_publicize_feature_enabled":true,"jetpack_social_post_already_shared":false,"jetpack_social_options":{"image_generator_settings":{"template":"highway","default_image_id":0,"font":"","enabled":false},"version":2}},"product_brand":[],"product_cat":[544,608],"product_tag":[642,643],"class_list":{"0":"post-1201","1":"product","2":"type-product","3":"status-publish","4":"has-post-thumbnail","6":"product_cat-exposes","7":"product_cat-histoire","8":"product_tag-capitalisme","9":"product_tag-essor-et-evolution","11":"first","12":"instock","13":"downloadable","14":"virtual","15":"sold-individually","16":"purchasable","17":"product-type-simple"},"aioseo_notices":[],"jetpack_publicize_connections":[],"jetpack-related-posts":[],"jetpack_sharing_enabled":true,"_links":{"self":[{"href":"https:\/\/karandoogo.com\/index.php\/wp-json\/wp\/v2\/product\/1201","targetHints":{"allow":["GET"]}}],"collection":[{"href":"https:\/\/karandoogo.com\/index.php\/wp-json\/wp\/v2\/product"}],"about":[{"href":"https:\/\/karandoogo.com\/index.php\/wp-json\/wp\/v2\/types\/product"}],"wp:featuredmedia":[{"embeddable":true,"href":"https:\/\/karandoogo.com\/index.php\/wp-json\/wp\/v2\/media\/831"}],"wp:attachment":[{"href":"https:\/\/karandoogo.com\/index.php\/wp-json\/wp\/v2\/media?parent=1201"}],"wp:term":[{"taxonomy":"product_brand","embeddable":true,"href":"https:\/\/karandoogo.com\/index.php\/wp-json\/wp\/v2\/product_brand?post=1201"},{"taxonomy":"product_cat","embeddable":true,"href":"https:\/\/karandoogo.com\/index.php\/wp-json\/wp\/v2\/product_cat?post=1201"},{"taxonomy":"product_tag","embeddable":true,"href":"https:\/\/karandoogo.com\/index.php\/wp-json\/wp\/v2\/product_tag?post=1201"}],"curies":[{"name":"wp","href":"https:\/\/api.w.org\/{rel}","templated":true}]}}