{"id":1238,"date":"2022-07-29T19:01:46","date_gmt":"2022-07-29T19:01:46","guid":{"rendered":"https:\/\/karandoogo.com\/?post_type=product&#038;p=1238"},"modified":"2025-10-19T13:57:53","modified_gmt":"2025-10-19T13:57:53","slug":"expose-complet-sur-la-satire-du-pouvoir-dans-le-parachutage-de-norbert-zongo","status":"publish","type":"product","link":"https:\/\/karandoogo.com\/index.php\/produit\/expose-complet-sur-la-satire-du-pouvoir-dans-le-parachutage-de-norbert-zongo\/","title":{"rendered":"Expos\u00e9 complet sur la satire du pouvoir dans le Parachutage de Norbert Zongo"},"content":{"rendered":"","protected":false},"excerpt":{"rendered":"<p><strong>NB:<\/strong> Les documents mis \u00e0 disposition sur ce site sont des documents \u00e0 exploiter, autrement dit des compl\u00e9ments pour parfaire votre travail. Ils ne sont pas faits pour \u00eatre pr\u00e9sent\u00e9s \u00e0 l\u2019\u00e9tat.<\/p>\n<p><em><u>PLAN<\/u><\/em><\/p>\n<p><em><u>INTRODUCTION<\/u><\/em><\/p>\n<p><em>I- la pr\u00e9sentation de l\u2019\u0153uvre<\/em><\/p>\n<p><em>1- la biographie de l\u2019auteur<\/em><\/p>\n<p><em>2- la bibliographie de l\u2019auteur<\/em><\/p>\n<p><em>3- le r\u00e9sume de l\u2019\u0153uvre<\/em><\/p>\n<p><em>II- \u00e9tudes des personnages<\/em><\/p>\n<p><em>1- les personnages principaux<\/em><\/p>\n<p><em>2- les personnages secondaires<\/em><\/p>\n<p><em>III- \u00e9tudes th\u00e9matiques<\/em><\/p>\n<p><em>1- les th\u00e8mes principaux<\/em><\/p>\n<p><em>2- les th\u00e8mes secondaires<\/em><\/p>\n<p><em>IV- l\u2019espace et le temps<\/em><\/p>\n<p><em>1- l\u2019espace<\/em><\/p>\n<p><em>2- le temps<\/em><\/p>\n<p><em>V- le bilan de l\u2019\u0153uvre<\/em><\/p>\n<p><em>1- le bilan positif<\/em><\/p>\n<p><em>2- le bilan n\u00e9gatif<\/em><\/p>\n<p><em>VI- la port\u00e9e de l\u2019\u0153uvre<\/em><\/p>\n<p><em>1- la partie qui nous a plu<\/em><\/p>\n<p><em>2- la partie qui nous a moins plu<\/em><\/p>\n<p><em><u>CONCLUSION<\/u><\/em><\/p>\n<p><em><u>INTRODUCTION<\/u><\/em><\/p>\n<p>Apr\u00e8s les ind\u00e9pendances, on assiste \u00e0 une mal gouvernance du pouvoir au sein des soci\u00e9t\u00e9s africaines.\u00a0<img decoding=\"async\" src=\"https:\/\/karandoogo.com\/index.php\/2021\/05\/07\/expose-complet-sur-la-satire-dans-le-parachutage-de-norbert-zongo\/\" alt=\"Ellipse: \" width=\"300\" height=\"9\" \/>C\u2019est ce que l\u2019\u0153uvre (le Parachutage) du c\u00e9l\u00e8bre journaliste NORBERT ZONGO veut nous faire comprendre. Cette \u0153uvre qui se veut \u00eatre le moralisateur des immoraux, le chemin des d\u00e9rout\u00e9s, le rep\u00e8re des hybrides nous donne une image de la classe politique Africaine. Mais \u00e0 c\u00f4t\u00e9 de celle-ci, il y\u2019a ceux qui sont rest\u00e9s fid\u00e8les \u00e0 leurs anc\u00eatres, cultivant la tol\u00e9rance, le pardon, la piti\u00e9, le soutien, ce sont ceux qui se veulent hospitaliers, ceux qui s\u2019oublient pour le bien des autres\u00a0: le paysans.<img decoding=\"async\" src=\"https:\/\/karandoogo.com\/index.php\/2021\/05\/07\/expose-complet-sur-la-satire-dans-le-parachutage-de-norbert-zongo\/\" alt=\"Ellipse: \" width=\"300\" height=\"9\" \/>\u00a0Dans ce roman l\u2019auteur nous fait vivre le r\u00e9gime imaginaire d\u2019un dictateur. Il d\u00e9crit tout au long de son \u0153uvre la n\u00e9cessit\u00e9 de vivre la qu\u00eate de la libert\u00e9 le droit et l\u2019injustice. Tout au long de notre travail nous \u00e9tudierons l\u2019\u0153uvre en profondeur.<\/p>\n<ol type=\"I\">\n<li><em><u>La pr\u00e9sentation de l\u2019oeuvre<\/u><\/em><\/li>\n<\/ol>\n<ol type=\"1\">\n<li><em><u>La biographie<\/u><\/em><\/li>\n<\/ol>\n<p>NORBERT ZONGO est\u00a0 n\u00e9 le 31 juillet 1949 \u00e0 KOUDOUGOU. Inscris \u00e0 l\u2019\u00e9cole nationale de KOUDOUGOU-primaire, il fait la 3<sup>e<\/sup>\u00a0au cours normal de KOUDOUGOU en octobre 1969 mais est interdit d\u2019acc\u00e8s \u00e0 toutes les classes de la seconde des \u00e9tablissements secondaires du BURKINA. Les raisons de cette interdiction restent inconnues. Il devient instituteur adjoint \u00e0 partir de 1971 il obtient son baccalaur\u00e9at en 1975, il s\u2019inscrit \u00e0 la facult\u00e9 de droit \u00e0 l\u2019universit\u00e9 d\u2019ABIDJAN o\u00f9 il pote pour l\u2019examen terminal unique (ETU). Il deviendra plus tard professeur de Fran\u00e7ais au lyc\u00e9e saint joseph \u00e0 OUAGADOUGOU. Il est admis \u00e0 l\u2019institut sup\u00e9rieur de presse du conseil de l\u2019entente \u00e0 LOME. Il lia amiti\u00e9 avec un conseiller du pr\u00e9sident EYADEMA qui avait rejoint l\u2019opposition. NORBERT ZONGO sera cherch\u00e9 ainsi que son ami par le service de renseignement togolais. Il r\u00e9ussit \u00e0 s\u2019\u00e9chapper et fuit vers le GHANA. Conduit \u00e0 l\u2019ambassade de la haute volta, il sera arr\u00eat\u00e9 et\u2026<\/p>\n<p>Pour obtenir l&rsquo;expos\u00e9 complet contactez le +226 56196345 (WhatsApp).<\/p>\n","protected":false},"featured_media":831,"template":"","meta":{"jetpack_publicize_message":"","jetpack_publicize_feature_enabled":true,"jetpack_social_post_already_shared":false,"jetpack_social_options":{"image_generator_settings":{"template":"highway","default_image_id":0,"font":"","enabled":false},"version":2}},"product_brand":[],"product_cat":[544,598,547],"product_tag":[648,649],"class_list":{"0":"post-1238","1":"product","2":"type-product","3":"status-publish","4":"has-post-thumbnail","6":"product_cat-exposes","7":"product_cat-litterature","8":"product_cat-litterature-africaine","9":"product_tag-parachutage","10":"product_tag-satire-du-pouvoir","12":"first","13":"instock","14":"downloadable","15":"virtual","16":"sold-individually","17":"purchasable","18":"product-type-simple"},"aioseo_notices":[],"jetpack_publicize_connections":[],"jetpack-related-posts":[],"jetpack_sharing_enabled":true,"_links":{"self":[{"href":"https:\/\/karandoogo.com\/index.php\/wp-json\/wp\/v2\/product\/1238","targetHints":{"allow":["GET"]}}],"collection":[{"href":"https:\/\/karandoogo.com\/index.php\/wp-json\/wp\/v2\/product"}],"about":[{"href":"https:\/\/karandoogo.com\/index.php\/wp-json\/wp\/v2\/types\/product"}],"wp:featuredmedia":[{"embeddable":true,"href":"https:\/\/karandoogo.com\/index.php\/wp-json\/wp\/v2\/media\/831"}],"wp:attachment":[{"href":"https:\/\/karandoogo.com\/index.php\/wp-json\/wp\/v2\/media?parent=1238"}],"wp:term":[{"taxonomy":"product_brand","embeddable":true,"href":"https:\/\/karandoogo.com\/index.php\/wp-json\/wp\/v2\/product_brand?post=1238"},{"taxonomy":"product_cat","embeddable":true,"href":"https:\/\/karandoogo.com\/index.php\/wp-json\/wp\/v2\/product_cat?post=1238"},{"taxonomy":"product_tag","embeddable":true,"href":"https:\/\/karandoogo.com\/index.php\/wp-json\/wp\/v2\/product_tag?post=1238"}],"curies":[{"name":"wp","href":"https:\/\/api.w.org\/{rel}","templated":true}]}}