{"id":1240,"date":"2022-07-29T19:20:39","date_gmt":"2022-07-29T19:20:39","guid":{"rendered":"https:\/\/karandoogo.com\/?post_type=product&#038;p=1240"},"modified":"2025-10-19T13:56:04","modified_gmt":"2025-10-19T13:56:04","slug":"expose-complet-sur-legypte-pharaonique","status":"publish","type":"product","link":"https:\/\/karandoogo.com\/index.php\/produit\/expose-complet-sur-legypte-pharaonique\/","title":{"rendered":"Expose complet sur l&rsquo;Egypte pharaonique"},"content":{"rendered":"","protected":false},"excerpt":{"rendered":"<p><strong>NB:<\/strong> Les documents mis \u00e0 disposition sur ce site sont des documents \u00e0 exploiter, autrement dit des compl\u00e9ments pour parfaire votre travail. Ils ne sont pas faits pour \u00eatre pr\u00e9sent\u00e9s \u00e0 l\u2019\u00e9tat.<\/p>\n<p><strong><u>Introduction<\/u><\/strong><\/p>\n<p><strong>A\/\u00a0<u>Histoire et G\u00e9ographie<\/u><\/strong><\/p>\n<ol type=\"I\">\n<li><strong>Histoire<\/strong><\/li>\n<\/ol>\n<p><strong>II- G\u00e9ographie<\/strong><\/p>\n<p><strong>B\/\u00a0<u>H\u00e9ritage de l\u2019Egypte Pharaonique<\/u><\/strong><\/p>\n<ol type=\"I\">\n<li><strong>\u00c9criture<\/strong><\/li>\n<\/ol>\n<p>II-\u00a0<strong>Sciences et technologies<\/strong><\/p>\n<p><strong>III- Croyances religieuses<\/strong><\/p>\n<p><strong>IV- Culture<\/strong><\/p>\n<p><strong>V-Art \u00e9gyptien<\/strong><\/p>\n<p><strong>VI- Agriculture<\/strong><\/p>\n<p><strong>VII-\u00a0<\/strong><strong><u>Le legs de l\u2019Egypte pharaonique<\/u><\/strong><\/p>\n<p><strong><u>Conclusion<\/u><\/strong><\/p>\n<p><strong>Introduction<\/strong><\/p>\n<p>L\u2019<strong>\u00c9gypte<\/strong>, en forme longue la\u00a0<strong>R\u00e9publique arabe d\u2019\u00c9gypte<\/strong>, en\u00a0<a href=\"zeno:\/\/fr.wikipedia\/A\/Arabe\">arabe<\/a>\u00a0et\u00a0<em>GumhuriyyaMi\u1e63r al-Arabiyya<\/em>, est un\u00a0<a href=\"zeno:\/\/fr.wikipedia\/A\/Pays\">pays<\/a>\u00a0d\u2019<a href=\"zeno:\/\/fr.wikipedia\/A\/Afrique\">Afrique<\/a>\u00a0du nord est situ\u00e9 sur la c\u00f4te orientale de la\u00a0<a href=\"zeno:\/\/fr.wikipedia\/A\/Mer%20M%C3%A9diterran%C3%A9e\">M\u00e9diterran\u00e9e<\/a>\u00a0: le bassin Levantin. La partie nord-est du pays constitu\u00e9e par la p\u00e9ninsule du\u00a0<a href=\"zeno:\/\/fr.wikipedia\/A\/Sina%C3%AF\">Sina\u00ef<\/a>\u00a0se situe cependant en\u00a0<a href=\"zeno:\/\/fr.wikipedia\/A\/Asie\">Asie<\/a>. Sa capitale est\u00a0<a href=\"zeno:\/\/fr.wikipedia\/A\/Le%20Caire\">Le Caire<\/a>\u00a0(al-Q\u00e2hira,), sa langue officielle est l\u2019<a href=\"zeno:\/\/fr.wikipedia\/A\/Arabe\">arabe<\/a>, sa langue parl\u00e9e est l\u2019<a href=\"zeno:\/\/fr.wikipedia\/A\/Arabe%20%C3%A9gyptien\">\u00e9gyptien<\/a>\u00a0(<a href=\"zeno:\/\/fr.wikipedia\/A\/Arabe%20dialectal\">arabe dialectal<\/a>) et le\u00a0<a href=\"zeno:\/\/fr.wikipedia\/A\/Siwi\">siwi<\/a>, sa monnaie est l\u2019\u00e9gyptienne. Cependant elle demeure mondialement connue pour ses richesses\u00a0<a href=\"zeno:\/\/fr.wikipedia\/A\/Arch%C3%A9ologie\">arch\u00e9ologiques<\/a>\u00a0pr\u00e9sentes dans de prestigieux mus\u00e9es internationaux,\u00a0mais quels est l\u2019h\u00e9ritage de l\u2019Egypte pharaonique\u00a0? La pr\u00e9sente question pos\u00e9e serait l\u2019objet de notre travail \u00e0 venir.<\/p>\n<p><strong>A\/\u00a0<u>Histoire et G\u00e9ographie<\/u><\/strong><\/p>\n<p><strong>I- Histoire<\/strong><\/p>\n<p>C\u2019est vers le d\u00e9but du\u00a0<a href=\"https:\/\/fr.wikipedia.org\/wiki\/N%C3%A9olithique\">N\u00e9olithique<\/a>\u00a0que des tribus commencent \u00e0 se rassembler dans la fertile vall\u00e9e du Nil, pour aboutir \u00e0 la constitution de deux royaumes politiquement distincts mais \u00e9troitement li\u00e9s par une culture commune\u00a0: la\u00a0<a href=\"https:\/\/fr.wikipedia.org\/wiki\/Haute-%C3%89gypte\">Haute-\u00c9gypte<\/a>\u00a0au sud, et la\u00a0<a href=\"https:\/\/fr.wikipedia.org\/wiki\/Basse-%C3%89gypte\">Basse-\u00c9gypte<\/a>\u00a0au nord (le Nil coule du sud vers le nord, d\u2019o\u00f9 ces appellations). La tradition attribue au royaume du sud men\u00e9 par\u00a0<a href=\"https:\/\/fr.wikipedia.org\/wiki\/Narmer\">Narmer<\/a>\u00a0l\u2019unification du pays et l\u2019\u00e9tablissement des premi\u00e8res institutions pharaoniques.<\/p>\n<p>Le d\u00e9coupage de l\u2019histoire de l\u2019\u00c9gypte en grandes p\u00e9riodes et en trente et une dynasties est h\u00e9rit\u00e9 du pr\u00eatre-historien\u00a0<a href=\"https:\/\/fr.wikipedia.org\/wiki\/Man%C3%A9thon_de_Sebennytos\">Man\u00e9thon<\/a>\u00a0qui vivait dans l\u2019\u00c9gypte du\u00a0<a href=\"https:\/\/fr.wikipedia.org\/wiki\/IIIe_si%C3%A8cle_av._J.-C.\">III<sup>e<\/sup>\u00a0si\u00e8cle<\/a>\u00a0avant notre \u00e8re, alors sous domination mac\u00e9donienne. Les anciens \u00c9gyptiens ne faisaient pas cette distinction\u00a0: pour eux la monarchie \u00e9tait continuelle.<\/p>\n<ul>\n<li><em>Jusqu\u2019au \u2013<\/em><a href=\"https:\/\/fr.wikipedia.org\/wiki\/XXXIe_si%C3%A8cle_av._J.-C.\"><em>XXXI<sup>e<\/sup>\u00a0si\u00e8cle<\/em><\/a>\u00a0: peuplement le long du\u00a0<a href=\"https:\/\/fr.wikipedia.org\/wiki\/Nil\">Nil<\/a>\u00a0et\u00a0<a href=\"https:\/\/fr.wikipedia.org\/wiki\/P%C3%A9riode_pr%C3%A9dynastique_%C3%A9gyptienne\">p\u00e9riode pr\u00e9dynastique<\/a>. Progressivement se constituent deux royaumes rivaux\u00a0: le Nord (Basse-\u00c9gypte) et le Sud (Hau8te-\u00c9gypte).<\/li>\n<li><em>En -3100<\/em>\u00a0: L\u2019<a href=\"https:\/\/fr.wikipedia.org\/wiki\/Hi%C3%A9roglyphe_%C3%A9gyptien\">\u00e9criture hi\u00e9roglyphique<\/a>\u00a0na\u00eet en \u00c9gypte.<\/li>\n<li><em>D\u2019environ -3100 \u00e0 -2650<\/em>\u00a0:\u00a0<a href=\"https:\/\/fr.wikipedia.org\/wiki\/P%C3%A9riode_thinite\">p\u00e9riode thinite<\/a>. Les rois du sud envahissent le\u00a0<a href=\"https:\/\/fr.wikipedia.org\/wiki\/Delta_du_Nil\">delta du Nil<\/a>\u00a0et unifient le pays. Ils fondent la<a href=\"https:\/\/fr.wikipedia.org\/wiki\/Ire_dynastie_%C3%A9gyptienne\">I<sup>re<\/sup>\u00a0dynastie<\/a>\u00a0et s\u2019\u00e9tablissent \u00e0\u00a0<a href=\"https:\/\/fr.wikipedia.org\/wiki\/Thinis\">Thinis<\/a>, pr\u00e8s d\u2019<a href=\"https:\/\/fr.wikipedia.org\/wiki\/Abydos_(%C3%89gypte)\">Abydos<\/a>.<\/li>\n<li><em>De -2650 \u00e0 -2150<\/em>\u00a0: l\u2019<a href=\"https:\/\/fr.wikipedia.org\/wiki\/Ancien_Empire_%C3%A9gyptien\">Ancien Empire<\/a>, \u00ab\u00a0\u00e2ge d\u2019or\u00a0\u00bb de l\u2019\u00c9gypte. P\u00e9riode tr\u00e8s longue (environ 500 ans) o\u00f9 sont pos\u00e9es les bases de la civilisation \u00e9gyptienne\u00a0: arts, philosophie, religions, institutions politiques\u2026 C\u2019est l\u2019\u00e9poque o\u00f9 l\u2019on met en \u0153uvre des chantiers gigantesques pour b\u00e2tir les premi\u00e8res\u00a0<a href=\"https:\/\/fr.wikipedia.org\/wiki\/Pyramides_d%27%C3%89gypte\">pyramides<\/a>.<\/li>\n<li><em>De -2150 \u00e0 -2060<\/em>\u00a0:\u00a0<a href=\"https:\/\/fr.wikipedia.org\/wiki\/Premi%C3%A8re_p%C3%A9riode_interm%C3%A9diaire_%C3%A9gyptienne\">premi\u00e8re p\u00e9riode interm\u00e9diaire<\/a>\u00a0; contestation de l\u2019autorit\u00e9 royale et soul\u00e8vement des gouverneurs de province (<a href=\"https:\/\/fr.wikipedia.org\/wiki\/Nomarque\">nomarques<\/a>). La crise politique aboutit \u00e0 une guerre civile entre le nord et le sud.\u00a0<a href=\"https:\/\/fr.wikipedia.org\/wiki\/Montouhotep_II\">MontouhotepII<\/a>\u00a0finit par imposer la dynastie th\u00e9baine du sud.<\/li>\n<li><em>De -2060 \u00e0 -1785<\/em>\u00a0: durant le\u00a0<a href=\"https:\/\/fr.wikipedia.org\/wiki\/Moyen_Empire_%C3%A9gyptien\">Moyen Empire<\/a>\u00a0le pays retrouve une certaine s\u00e9r\u00e9nit\u00e9 propice \u00e0 de nouveaux engagements militaires et \u00e0 la floraison d\u2019un art sobre et \u00e9l\u00e9gant. R\u00e8gne des Senouseret (<a href=\"https:\/\/fr.wikipedia.org\/wiki\/S%C3%A9sostris\">S\u00e9sostris<\/a>) dont s\u2019inspirera le c\u00e9l\u00e8bre \u00ab\u00a0<a href=\"https:\/\/fr.wikipedia.org\/wiki\/Conte_de_Sinouh%C3%A9\">conte de Sinouh\u00e9<\/a>\u00a0\u00bb.<\/li>\n<li><em>De -1785 \u00e0 -1580<\/em>\u00a0:\u00a0<a href=\"https:\/\/fr.wikipedia.org\/wiki\/Deuxi%C3%A8me_P%C3%A9riode_Interm%C3%A9diaire_%C3%A9gyptienne\">Deuxi\u00e8me P\u00e9riode Interm\u00e9diaire<\/a>\u00a0; peu \u00e0 peu, un peuple d\u2019envahisseurs venus de l\u2019Est s\u2019installe dans le\u00a0<a href=\"https:\/\/fr.wikipedia.org\/wiki\/Delta_du_Nil\">delta du Nil<\/a>\u00a0pour finalement fonder son propre \u00c9tat. B\u00e9n\u00e9ficiant d\u2019une certaine avance technologique (ils introduisent les chevaux et le char de guerre), les\u00a0<a href=\"https:\/\/fr.wikipedia.org\/wiki\/Hyks%C3%B4s\">Hyks\u00f4s<\/a>\u00a0occupent le nord, fondent leur propre dynastie et soumettent les provinces du sud.<\/li>\n<li><em>De -1580 \u00e0 -1085<\/em>\u00a0:\u00a0<a href=\"https:\/\/fr.wikipedia.org\/wiki\/Nouvel_Empire_%C3%A9gyptien\">Nouvel Empire<\/a>. Les efforts conjugu\u00e9s de trois rois th\u00e9bains (<a href=\"https:\/\/fr.wikipedia.org\/wiki\/S%C3%A9q%C3%A9nenr%C3%AA_Ta%C3%A2\">S\u00e9q\u00e9nenr\u00eaTa\u00e2<\/a>,\u00a0<a href=\"https:\/\/fr.wikipedia.org\/wiki\/Kamos%C3%A9\">Kamos\u00e9<\/a>\u00a0et\u00a0<a href=\"https:\/\/fr.wikipedia.org\/wiki\/Ahm%C3%B4sis_Ier\">Ahm\u00f4sis I<sup>er<\/sup><\/a>) sont n\u00e9cessaires pour chasser les\u00a0<a href=\"https:\/\/fr.wikipedia.org\/wiki\/Hyks%C3%B4s\">Hyks\u00f4s<\/a>\u00a0hors d\u2019\u00c9gypte. Le renouveau qui s\u2019ensuit donne lieu \u00e0 l\u2019apog\u00e9e de la puissance \u00e9gyptienne. Son influence s\u2019\u00e9tend et sa culture rayonne jusqu\u2019aux fronti\u00e8res de la\u00a0<a href=\"https:\/\/fr.wikipedia.org\/wiki\/M%C3%A9sopotamie\">M\u00e9sopotamie<\/a>. Les arts deviennent extr\u00eamement raffin\u00e9s, les temples de\u00a0<a href=\"https:\/\/fr.wikipedia.org\/wiki\/Karnak\">Karnak<\/a>\u00a0et\u00a0<a href=\"https:\/\/fr.wikipedia.org\/wiki\/Temple_d%27Amon_(Louxor)\">Louxor<\/a>\u00a0sont agrandis\u00a0; naissent ainsi les somptueuses tombes de la\u00a0<a href=\"https:\/\/fr.wikipedia.org\/wiki\/Vall%C3%A9e_des_rois\">vall\u00e9e des rois<\/a>, les\u00a0<a href=\"https:\/\/fr.wikipedia.org\/wiki\/Temples_d%27Abou_Simbel\">temples d\u2019Abou Simbel<\/a>\u2026\u00a0<a href=\"https:\/\/fr.wikipedia.org\/wiki\/XVIIIe_dynastie_%C3%A9gyptienne\">XVIII<sup>e<\/sup><\/a>\u00a0et\u00a0<a href=\"https:\/\/fr.wikipedia.org\/wiki\/XIXe_dynastie_%C3%A9gyptienne\">XIX<sup>e<\/sup>\u00a0dynasties<\/a>\u00a0: les Amenhotep (<a href=\"https:\/\/fr.wikipedia.org\/wiki\/Am%C3%A9nophis\">Am\u00e9nophis<\/a>\u00a0en grec), Thotm\u00e8s (<a href=\"https:\/\/fr.wikipedia.org\/wiki\/Thoutm%C3%B4sis\">Thoutm\u00f4sis<\/a>),\u00a0<a href=\"https:\/\/fr.wikipedia.org\/wiki\/Rams%C3%A8s\">Rams\u00e8s<\/a>\u00a0(de I<sup>er<\/sup>\u00a0\u00e0 XI), ainsi qu\u2019<a href=\"https:\/\/fr.wikipedia.org\/wiki\/Hatchepsout\">Hatchepsout<\/a>,\u00a0<a href=\"https:\/\/fr.wikipedia.org\/wiki\/Akh%C3%A9naton\">Akh\u00e9naton<\/a>\u00a0et\u00a0<a href=\"https:\/\/fr.wikipedia.org\/wiki\/Tout%C3%A2nkhamon\">Tout\u00e2nkhamon<\/a>\u2026<\/li>\n<\/ul>\n<p><em>De -1080 \u00e0 -332<\/em>\u00a0:\u00a0<a href=\"https:\/\/fr.wikipedia.org\/wiki\/Troisi%C3%A8me_P%C3%A9riode_Interm%C3%A9diaire_%C3%A9gyptienne\">Troisi\u00e8me P\u00e9riode Interm\u00e9diaire<\/a>\u00a0et\u2026<\/p>\n<p>Pour obtenir l&rsquo;expos\u00e9 complet contactez le +226 56196345 (WhatsApp).<\/p>\n","protected":false},"featured_media":831,"template":"","meta":{"jetpack_publicize_message":"","jetpack_publicize_feature_enabled":true,"jetpack_social_post_already_shared":false,"jetpack_social_options":{"image_generator_settings":{"template":"highway","default_image_id":0,"font":"","enabled":false},"version":2}},"product_brand":[],"product_cat":[544,608],"product_tag":[650,651],"class_list":{"0":"post-1240","1":"product","2":"type-product","3":"status-publish","4":"has-post-thumbnail","6":"product_cat-exposes","7":"product_cat-histoire","8":"product_tag-egypte-pharaonique","9":"product_tag-histoire","11":"first","12":"instock","13":"downloadable","14":"virtual","15":"sold-individually","16":"purchasable","17":"product-type-simple"},"aioseo_notices":[],"jetpack_publicize_connections":[],"jetpack-related-posts":[],"jetpack_sharing_enabled":true,"_links":{"self":[{"href":"https:\/\/karandoogo.com\/index.php\/wp-json\/wp\/v2\/product\/1240","targetHints":{"allow":["GET"]}}],"collection":[{"href":"https:\/\/karandoogo.com\/index.php\/wp-json\/wp\/v2\/product"}],"about":[{"href":"https:\/\/karandoogo.com\/index.php\/wp-json\/wp\/v2\/types\/product"}],"wp:featuredmedia":[{"embeddable":true,"href":"https:\/\/karandoogo.com\/index.php\/wp-json\/wp\/v2\/media\/831"}],"wp:attachment":[{"href":"https:\/\/karandoogo.com\/index.php\/wp-json\/wp\/v2\/media?parent=1240"}],"wp:term":[{"taxonomy":"product_brand","embeddable":true,"href":"https:\/\/karandoogo.com\/index.php\/wp-json\/wp\/v2\/product_brand?post=1240"},{"taxonomy":"product_cat","embeddable":true,"href":"https:\/\/karandoogo.com\/index.php\/wp-json\/wp\/v2\/product_cat?post=1240"},{"taxonomy":"product_tag","embeddable":true,"href":"https:\/\/karandoogo.com\/index.php\/wp-json\/wp\/v2\/product_tag?post=1240"}],"curies":[{"name":"wp","href":"https:\/\/api.w.org\/{rel}","templated":true}]}}