{"id":1261,"date":"2022-08-08T18:28:51","date_gmt":"2022-08-08T18:28:51","guid":{"rendered":"https:\/\/karandoogo.com\/?post_type=product&#038;p=1261"},"modified":"2025-10-19T13:56:04","modified_gmt":"2025-10-19T13:56:04","slug":"expose-complet-sur-la-bourgeoisie-mercantile-dans-germinal-demile-zola","status":"publish","type":"product","link":"https:\/\/karandoogo.com\/index.php\/produit\/expose-complet-sur-la-bourgeoisie-mercantile-dans-germinal-demile-zola\/","title":{"rendered":"Expos\u00e9 complet sur la bourgeoisie mercantile dans Germinal d&rsquo;Emile Zola"},"content":{"rendered":"","protected":false},"excerpt":{"rendered":"<p><strong>NB:<\/strong> Les documents mis \u00e0 disposition sur ce site sont des documents \u00e0 exploiter, autrement dit des compl\u00e9ments pour parfaire votre travail. Ils ne sont pas faits pour \u00eatre pr\u00e9sent\u00e9s \u00e0 l\u2019\u00e9tat.<\/p>\n<p><strong><u>PLAN<\/u><\/strong><\/p>\n<p><strong><u>INTRODUCTION<\/u><\/strong><\/p>\n<ol type=\"I\">\n<li><strong><u>L\u2019AUTEUR ET L\u2019\u0152UVRE<\/u><\/strong><\/li>\n<li><strong><strong><u>L\u2019AUTEUR<\/u><\/strong><\/strong><\/li>\n<li><strong><strong><u>BIOGRAPHIE<\/u><\/strong><\/strong><\/li>\n<li><strong><strong><u>BIBLIOGRAPHIE<\/u><\/strong><\/strong><\/li>\n<li><strong><strong><u>L\u2019\u0152UVRE<\/u><\/strong><\/strong><\/li>\n<li><strong><strong><u>RESUME DE L\u2019\u0152UVRE<\/u><\/strong><\/strong><\/li>\n<li><strong><strong><u>ETUDE DES PERSONNAGES<\/u><\/strong><\/strong><\/li>\n<li><strong><strong><u>Le \u00ab partie rouge \u00bb<\/u><\/strong><\/strong><\/li>\n<li><strong><strong><u>PERSONNAGES PRINCIPAUX<\/u><\/strong><\/strong><\/li>\n<li><strong><strong><u>PERSONNAGES SECONDAIRES<\/u><\/strong><\/strong><\/li>\n<li><strong><strong><u>\u00ab Parti bleu \u00bb les bourgeois<\/u><\/strong><\/strong><\/li>\n<li><strong><strong><u>ETUDES THEMATIQUES<\/u><\/strong><\/strong><\/li>\n<li><strong><strong><u>LES THEMES PRINCIPAUX<\/u><\/strong><\/strong><\/li>\n<li><strong><u>THEMES SECONAIRES<\/u><\/strong><\/li>\n<li><strong><strong><u>LE TRAVAIL DES MINES DANS L\u2019OEUBRE<\/u><\/strong><\/strong><\/li>\n<li><strong><strong><u>LOCALISATION DE L\u2019ESPACE ET LE TEMPS<\/u><\/strong><\/strong><\/li>\n<li><strong><strong><u>L\u2019ESPACE<\/u><\/strong><\/strong><\/li>\n<li><strong><strong><u>LE TEMPS<\/u><\/strong><\/strong><\/li>\n<li><strong><u>LE STYLE DE L\u2019AUTEUR<\/u><\/strong><\/li>\n<li><strong><u>PORTEE DE L\u2019OEUVRE<\/u><\/strong><\/li>\n<\/ol>\n<p><strong><u>CONCLUSION<\/u><\/strong><\/p>\n<p>&nbsp;<\/p>\n<p><strong><u>INTRODUCTION<br \/>\n<\/u><\/strong><br \/>\nDans Germinal,\u00a0 Zola s\u2019efforce de peindre la mine de charbon , le milieu ouvrier et les conditions de travail \u00e9prouvantes des familles de mineurs. Pour mieux\u00a0 faire prendre conscience au lecteur du sort mis\u00e9rable des ouvriers, il va fabriquer des personnages de bourgeois et montrer que ces derniers vivent confortablement; leur sort va ainsi contraster fortement avec celui des prol\u00e9taires. Dans l\u2019extrait que nous \u00e9tudions et qui se situe au d\u00e9but de la seconde partie du roman, il s\u2019agit de d\u00e9montrer que la famille Gr\u00e9goire symbolise le confort du mode de vie bourgeois . Quelle image de cette bourgeoisie Emile Zola nous offre-t-il ici ? Dans une premi\u00e8re partie, nous \u00e9tudierons l\u2019importance de leurs possessions en commen\u00e7ant par leur domaine; nous \u00e9voquerons ensuite l\u2019importance de la nourriture dans leur mode de vie et enfin nous montrerons ce qui les caract\u00e9rise \u00e0 la fois physiquement et dans leurs habitudes.<\/p>\n<p>I-<strong><u>L\u2019AUTEUR ET L\u2019\u0152UVRE<\/u><\/strong><\/p>\n<ol type=\"1\">\n<li><strong><u>L\u2019AUTEUR<\/u><\/strong><\/li>\n<li><strong><strong><u>BIOGRAPHIE<\/u><\/strong><\/strong><\/li>\n<\/ol>\n<p>N\u00e9 \u00e0 paris en 1840, ZOLA fait ses \u00e9tudes dans le sud de la France \u00e0 Aix en Provence (ou il est condisciple de C\u00e9zanne) et \u00e0 Paris.Apr\u00e8s son \u00e9chec au baccalaur\u00e9at, il entre \u00e0 la librairie Hachette pour ficeler les paquets.Remarqu\u00e9 pour son intelligence, on lui confie le service de la publicit\u00e9, ce qui lui permet de c\u00f4toyer les c\u00e9l\u00e9brit\u00e9s litt\u00e9raires de l\u2019\u00e9poque.Il se lance dans le journalisme en \u00e9crivant des articles sur l\u2019art et la politique.En 1898, dans le journal l\u2019Aurore, il publie \u00ab j\u2019accuse \u00bb lettre ouverte au pr\u00e9sident de la r\u00e9publique, dans laquelle il prend la d\u00e9fense d\u2019Alfred DreuyFus, officier juif accus\u00e9 \u00e0 tort de trahison.Cette intervention aura un grand ralentissement et\u2026<\/p>\n<p>Pour obtenir l&rsquo;expos\u00e9 complet contactez le +226 56196345 (WhatsApp).<\/p>\n","protected":false},"featured_media":831,"template":"","meta":{"jetpack_publicize_message":"","jetpack_publicize_feature_enabled":true,"jetpack_social_post_already_shared":false,"jetpack_social_options":{"image_generator_settings":{"template":"highway","default_image_id":0,"font":"","enabled":false},"version":2}},"product_brand":[],"product_cat":[544,598],"product_tag":[659,655],"class_list":{"0":"post-1261","1":"product","2":"type-product","3":"status-publish","4":"has-post-thumbnail","6":"product_cat-exposes","7":"product_cat-litterature","8":"product_tag-bourgeoisie","9":"product_tag-emile-zola","11":"first","12":"instock","13":"downloadable","14":"virtual","15":"sold-individually","16":"purchasable","17":"product-type-simple"},"aioseo_notices":[],"jetpack_publicize_connections":[],"jetpack-related-posts":[],"jetpack_sharing_enabled":true,"_links":{"self":[{"href":"https:\/\/karandoogo.com\/index.php\/wp-json\/wp\/v2\/product\/1261","targetHints":{"allow":["GET"]}}],"collection":[{"href":"https:\/\/karandoogo.com\/index.php\/wp-json\/wp\/v2\/product"}],"about":[{"href":"https:\/\/karandoogo.com\/index.php\/wp-json\/wp\/v2\/types\/product"}],"wp:featuredmedia":[{"embeddable":true,"href":"https:\/\/karandoogo.com\/index.php\/wp-json\/wp\/v2\/media\/831"}],"wp:attachment":[{"href":"https:\/\/karandoogo.com\/index.php\/wp-json\/wp\/v2\/media?parent=1261"}],"wp:term":[{"taxonomy":"product_brand","embeddable":true,"href":"https:\/\/karandoogo.com\/index.php\/wp-json\/wp\/v2\/product_brand?post=1261"},{"taxonomy":"product_cat","embeddable":true,"href":"https:\/\/karandoogo.com\/index.php\/wp-json\/wp\/v2\/product_cat?post=1261"},{"taxonomy":"product_tag","embeddable":true,"href":"https:\/\/karandoogo.com\/index.php\/wp-json\/wp\/v2\/product_tag?post=1261"}],"curies":[{"name":"wp","href":"https:\/\/api.w.org\/{rel}","templated":true}]}}