{"id":1268,"date":"2022-08-08T18:01:11","date_gmt":"2022-08-08T18:01:11","guid":{"rendered":"https:\/\/karandoogo.com\/?post_type=product&#038;p=1268"},"modified":"2025-10-19T13:56:04","modified_gmt":"2025-10-19T13:56:04","slug":"expose-complet-sur-sous-lorage-de-seydou-badian","status":"publish","type":"product","link":"https:\/\/karandoogo.com\/index.php\/produit\/expose-complet-sur-sous-lorage-de-seydou-badian\/","title":{"rendered":"Expos\u00e9 complet sur Sous l&rsquo;Orage de Seydou Badian"},"content":{"rendered":"","protected":false},"excerpt":{"rendered":"<p><strong>NB:<\/strong> Les documents mis \u00e0 disposition sur ce site sont des documents \u00e0 exploiter, autrement dit des compl\u00e9ments pour parfaire votre travail. Ils ne sont pas faits pour \u00eatre pr\u00e9sent\u00e9s \u00e0 l\u2019\u00e9tat.<\/p>\n<p><strong><u>PLAN<\/u><\/strong><\/p>\n<p><strong><u>INTRODUCTION<\/u><\/strong><\/p>\n<p><strong><u>I \u2013 BIOBIBLIOGRAPHIE DE L\u2019AUTEUR<\/u><\/strong><\/p>\n<p><strong><u>1\u00b0) Biographie de l\u2019auteur<\/u><\/strong><\/p>\n<p><strong><u>2\u00b0) Bibliographie<\/u><\/strong><\/p>\n<p><strong><u>II \u2013 ETUDE DU ROMAN \u00ab Sous l\u2019orage \u00bb<\/u><\/strong><\/p>\n<p><strong><u>1\u00b0) R\u00e9sum\u00e9 de l\u2019\u0153uvre<\/u><\/strong><\/p>\n<p><strong><u>2\u00b0) Etude des personnages principaux<\/u><\/strong><\/p>\n<p><strong><u>3\u00b0) Etude de quatre principaux th\u00e8mes<\/u><\/strong><\/p>\n<p><strong><u>a \u2013 Le conflit de g\u00e9n\u00e9rationnels et culturels<\/u><\/strong><\/p>\n<p><strong><u>b \u2013 Le mariage forc\u00e9<\/u><\/strong><\/p>\n<p><strong><u>c \u2013 la marginalisation de la femme<\/u><\/strong><\/p>\n<p><strong><u>d \u2013 Initiation aux valeurs traditionnelles<\/u><\/strong><\/p>\n<p><strong><u>III \u2013 ETUDE STYLISTIQUE<\/u><\/strong><\/p>\n<p><strong><u>1\u00b0) Style de l\u2019auteur<\/u><\/strong><\/p>\n<p><strong><u>2\u00b0) Structure de l\u2019\u0153uvre<\/u><\/strong><\/p>\n<p><strong><u>3\u00b0) Point de vue personnel sur l\u2019\u0153uvre<\/u><\/strong><\/p>\n<p><strong><u>CONCUSION<\/u><\/strong><\/p>\n<p><strong><u>INTRODUCTION<\/u><\/strong><\/p>\n<p>Le conflit des g\u00e9n\u00e9rations est \u00ab toute pulsion qui qualifie au sens large tout mouvement conflictuel caract\u00e9risant une classe d\u2019\u00e2ge par opposition \u00e0 une autre \u00bb (Lewis S. Feuer). Le conflit des g\u00e9n\u00e9rations comme \u00e9tant la rencontre d\u2019\u00e9l\u00e9ments et de sentiments contraires qui opposent la nouvelle g\u00e9n\u00e9ration appel\u00e9e g\u00e9n\u00e9ration montante ou sacrifi\u00e9e \u00e0 celle dite des a\u00een\u00e9s ou des pr\u00e9d\u00e9cesseurs. C\u2019est ce qui a touch\u00e9 l\u2019\u00e9crivain Malien Seydou BADIAN sous les pl\u00fbmes de son ouvrage \u00ab Sous l\u2019orage \u00bb, un \u0153uvre qui met l\u2019accent sur la soci\u00e9t\u00e9 traditionnelle africaine qui a beaucoup de pratiques positives. Par contre cette m\u00eame soci\u00e9t\u00e9 regorge de coutumes qui m\u00e9ritent d\u2019\u00eatre corrig\u00e9es. Parmi celle-ci, il y a le mariage forc\u00e9, l\u2019excision, la chosification de la femme africaine etc. Gr\u00e2ce \u00e0 la scolarisation, la femme africaine va s\u2019\u00e9manciper (se lib\u00e9rer) suite \u00e0 des luttes ardues. Que veut signifier les intentions de l\u2019\u00e9crivain Seydou BADIAN dans cet ouvrage et quelles sont les conseils qu\u2019on peut tirer de l\u2019\u00e9tude de ce dernier ?<\/p>\n<p><strong><u>I \u2013 BIOBIBLIOGRAPHIE DE L\u2019AUTEUR<\/u><\/strong><\/p>\n<p><strong><u>1\u00b0) BIOGRAPHIE DE L\u2019AUTEUR<\/u><\/strong><\/p>\n<p>Seydou Badian Kouyat\u00e9, plus connu sous le nom de Seydou Badian, est un \u00e9crivain et homme politique malien n\u00e9 \u00e0 Bamako le 10 avril 1928. Il a fait ses \u00e9tudes primaires et une partie de ses \u00e9tudes secondaires dans son pays avant de s\u2019expatrier \u00e0 Montpellier en France o\u00f9 il pr\u00e9pare et obtient son baccalaur\u00e9at. Seydou Badian Kouyat\u00e9 effectue des \u00e9tudes de m\u00e9decine \u00e0 l\u2019universit\u00e9 de Montpellier en France. Il est l\u2019auteur d\u2019une th\u00e8se sur les traitements africains de la fi\u00e8vre jaune et devient docteur v\u00e9t\u00e9rinaire en 1955.<\/p>\n<p>Rentr\u00e9 au pays en 1956, il s\u2019investit dans la politique o\u00f9 il l\u2019occupe successivement en 1965 les postes de ministre de l\u2019\u00e9conomie rural. Lors du remaniement du 17 septembre 1962, il devient ministre du D\u00e9veloppement. Proche du premier pr\u00e9sident Modibo Ke\u00efta il \u00e9crit les paroles de l\u2019hymne national du Mali. Apr\u00e8s la chute du pr\u00e9sident Modibo KE\u00cfTA, il fut emprisonn\u00e9 et sera lib\u00e9r\u00e9 en 1975. Il d\u00e9fend l\u2019existence d\u2019un parti unique dans l\u2019Afrique post-colonial, seul moyen selon lui de cr\u00e9er la Nation. Lors du coup d\u2019\u00c9tat de Moussa Traor\u00e9 en 1968, il est d\u00e9port\u00e9 \u00e0 Kidal puis s\u2019exile \u00e0 Dakar au S\u00e9n\u00e9gal.<\/p>\n<p>En 1997, il est candidat \u00e0 l\u2019\u00c9lection pr\u00e9sidentielle mais d\u00e9cide, comme la plupart des autres candidats oppos\u00e9s au pr\u00e9sident sortant Alpha Oumar Konar\u00e9, de retirer sa candidature pour protester contre la mauvaise organisation des \u00e9lections. Militant de la premi\u00e8re heure de l\u2019Union soudanaise-Rassemblement d\u00e9mocratique africain, il en est exclu en 1998 pour s\u2019\u00eatre oppos\u00e9 \u00e0 une partie de la direction qui pr\u00f4nait la non-reconnaissance des institutions lors des \u00e9lections contest\u00e9es. En 2009 Seydou Badian Kouyat\u00e9 change de nom et s\u2019appelle officiellement Seydou Badian Noumbo\u00efna, du nom d\u2019un village dans le cercle de Macina.<\/p>\n<p><strong><u>2\u00b0) BIBLIOGRAPHIE<\/u><\/strong>\u00a0\u00c9crivain reconnu internationalement, Seydou Badian Kouyat\u00e9 publie en 1957, trois ans avant l\u2019ind\u00e9pendance du Mali, son premier roman intitul\u00e9 \u00ab Sous l\u2019orage \u00bb. En 1965, il publie\u2026<\/p>\n<p>Pour obtenir l&rsquo;expos\u00e9 complet contactez le +226 56196345 (WhatsApp).<\/p>\n","protected":false},"featured_media":831,"template":"","meta":{"jetpack_publicize_message":"","jetpack_publicize_feature_enabled":true,"jetpack_social_post_already_shared":false,"jetpack_social_options":{"image_generator_settings":{"template":"highway","default_image_id":0,"font":"","enabled":false},"version":2}},"product_brand":[],"product_cat":[544,598,547],"product_tag":[563],"class_list":{"0":"post-1268","1":"product","2":"type-product","3":"status-publish","4":"has-post-thumbnail","6":"product_cat-exposes","7":"product_cat-litterature","8":"product_cat-litterature-africaine","9":"product_tag-auteurs-africains","11":"first","12":"instock","13":"downloadable","14":"virtual","15":"sold-individually","16":"purchasable","17":"product-type-simple"},"aioseo_notices":[],"jetpack_publicize_connections":[],"jetpack-related-posts":[],"jetpack_sharing_enabled":true,"_links":{"self":[{"href":"https:\/\/karandoogo.com\/index.php\/wp-json\/wp\/v2\/product\/1268","targetHints":{"allow":["GET"]}}],"collection":[{"href":"https:\/\/karandoogo.com\/index.php\/wp-json\/wp\/v2\/product"}],"about":[{"href":"https:\/\/karandoogo.com\/index.php\/wp-json\/wp\/v2\/types\/product"}],"wp:featuredmedia":[{"embeddable":true,"href":"https:\/\/karandoogo.com\/index.php\/wp-json\/wp\/v2\/media\/831"}],"wp:attachment":[{"href":"https:\/\/karandoogo.com\/index.php\/wp-json\/wp\/v2\/media?parent=1268"}],"wp:term":[{"taxonomy":"product_brand","embeddable":true,"href":"https:\/\/karandoogo.com\/index.php\/wp-json\/wp\/v2\/product_brand?post=1268"},{"taxonomy":"product_cat","embeddable":true,"href":"https:\/\/karandoogo.com\/index.php\/wp-json\/wp\/v2\/product_cat?post=1268"},{"taxonomy":"product_tag","embeddable":true,"href":"https:\/\/karandoogo.com\/index.php\/wp-json\/wp\/v2\/product_tag?post=1268"}],"curies":[{"name":"wp","href":"https:\/\/api.w.org\/{rel}","templated":true}]}}