{"id":1269,"date":"2022-08-08T18:16:16","date_gmt":"2022-08-08T18:16:16","guid":{"rendered":"https:\/\/karandoogo.com\/?post_type=product&#038;p=1269"},"modified":"2025-10-19T13:56:04","modified_gmt":"2025-10-19T13:56:04","slug":"expose-complet-sur-leducation-methodes-pedagogiques-et-enjeux","status":"publish","type":"product","link":"https:\/\/karandoogo.com\/index.php\/produit\/expose-complet-sur-leducation-methodes-pedagogiques-et-enjeux\/","title":{"rendered":"Expos\u00e9 complet sur l&rsquo;\u00e9ducation (m\u00e9thodes p\u00e9dagogiques et enjeux)"},"content":{"rendered":"","protected":false},"excerpt":{"rendered":"<p><strong>NB:<\/strong> Les documents mis \u00e0 disposition sur ce site sont des documents \u00e0 exploiter, autrement dit des compl\u00e9ments pour parfaire votre travail. Ils ne sont pas faits pour \u00eatre pr\u00e9sent\u00e9s \u00e0 l\u2019\u00e9tat.<\/p>\n<p><strong><u>INTRODUCTION<\/u><\/strong><\/p>\n<ol type=\"I\">\n<li><strong><u>DEFINITION<\/u><\/strong><\/li>\n<li><strong><u>LES TYPES\u00a0 DE METHODES PEDAGOGIQUES DE L\u2019EDUCATION<\/u><\/strong><\/li>\n<li><strong><u>Construire son savoir<\/u><\/strong><\/li>\n<li><strong><u>Education formelle et non\u00a0 formelle<\/u><\/strong><\/li>\n<li><strong><u>\u00c9ducation familiale<\/u><\/strong><\/li>\n<li><strong><u>\u00c9ducation parentale<\/u><\/strong><\/li>\n<li><strong><u>LES ENJEUX DE L\u2019EDUCATION<\/u><\/strong><\/li>\n<li><strong><u>L\u2019\u00e9thique dans l\u2019\u00e9ducation<\/u><\/strong><\/li>\n<li><strong><u>Inclusion scolaire<\/u><\/strong><\/li>\n<\/ol>\n<p><strong><u>CONCLUSION<\/u><\/strong><\/p>\n<p><strong><u>Sources\u00a0:<\/u><\/strong><\/p>\n<p><strong><u>INTRODUCTION<\/u><\/strong><\/p>\n<p>L\u2019\u00e9ducation est une action pour d\u00e9velopper un ensemble de connaissances et de valeurs morales, physique, intellectuelles, scientifiques consid\u00e9r\u00e9es comme essentielles pour atteindre le niveau de culture souhait\u00e9e. L\u2019\u00e9ducation permet de transmettre d\u2019une g\u00e9n\u00e9ration \u00e0 l\u2019autre la culture n\u00e9cessaire au d\u00e9veloppement de la personnalit\u00e9 et \u00e0 l\u2019int\u00e9gration sociale de l\u2019individu. L\u2019\u00e9ducation de l\u2019enfant et de l\u2019adolescent repose sur la famille, l\u2019\u00e9cole, la soci\u00e9t\u00e9, mais aussi sur des lectures personnelles et sur l\u2019usage des m\u00e9dias comme par exemple la t\u00e9l\u00e9vision ou internet.<\/p>\n<ol type=\"I\">\n<li><strong><u>DEFINITION<\/u><\/strong><\/li>\n<\/ol>\n<p>L\u2019\u00e9ducation est \u00e9tymologiquement \u00ab guid\u00e9e hors de \u00bb (du latin educere), c\u2019est-\u00e0-dire d\u00e9velopper, faire produire. Il signifie maintenant plus couramment l\u2019apprentissage et le d\u00e9veloppement des facult\u00e9s intellectuelles, morales et physiques, les moyens et les r\u00e9sultats de cette activit\u00e9 de d\u00e9veloppement. L\u2019\u00e9ducation humaine inclut des comp\u00e9tences et des \u00e9l\u00e9ments culturels caract\u00e9ristiques du lieu g\u00e9ographique et de la p\u00e9riode historique.<\/p>\n<p>Chaque pays, dans le monde, dispose de son propre syst\u00e8me \u00e9ducatif, avec un r\u00f4le traditionnellement d\u00e9volu aux parents d\u2019un enfant (ou \u00e0 leur substitut) d\u2019amener cet enfant aux m\u0153urs de l\u2019\u00e2ge adulte, et une intervention souvent croissante des \u00c9tats.<\/p>\n<ol type=\"I\">\n<li><strong><u>LES TYPES\u00a0 DE METHODES PEDAGOGIQUES DE L\u2019EDUCATION<\/u><\/strong><\/li>\n<li><strong><u>Construire son savoir<\/u><\/strong><\/li>\n<\/ol>\n<p>La p\u00e9dagogie moderne consid\u00e8re que la transmission traditionnelle simple (instruction) doit laisser la place \u00e0 une p\u00e9dagogie o\u00f9 l\u2019\u00e9l\u00e8ve construit (et non cr\u00e9e) son savoir lui-m\u00eame. Par exemple, selon cette conception, il semble plus important qu\u2019un \u00e9l\u00e8ve soit capable de construire le concept de d\u00e9partement et d\u2019en identifier un \u00e0 partir d\u2019une carte ou d\u2019un dictionnaire, plut\u00f4t que de conna\u00eetre par c\u0153ur tous les d\u00e9partements sans en savoir les attributions, le fonctionnement, etc. De m\u00eame, il semble\u2026<\/p>\n<p>Pour obtenir l&rsquo;expos\u00e9 complet contactez le +226 56196345 (WhatsApp).<\/p>\n","protected":false},"featured_media":831,"template":"","meta":{"jetpack_publicize_message":"","jetpack_publicize_feature_enabled":true,"jetpack_social_post_already_shared":false,"jetpack_social_options":{"image_generator_settings":{"template":"highway","default_image_id":0,"font":"","enabled":false},"version":2}},"product_brand":[],"product_cat":[544,546],"product_tag":[657,656,658],"class_list":{"0":"post-1269","1":"product","2":"type-product","3":"status-publish","4":"has-post-thumbnail","6":"product_cat-exposes","7":"product_cat-societe","8":"product_tag-education","9":"product_tag-enseignement","10":"product_tag-pedagogie","12":"first","13":"instock","14":"downloadable","15":"virtual","16":"sold-individually","17":"purchasable","18":"product-type-simple"},"aioseo_notices":[],"jetpack_publicize_connections":[],"jetpack-related-posts":[],"jetpack_sharing_enabled":true,"_links":{"self":[{"href":"https:\/\/karandoogo.com\/index.php\/wp-json\/wp\/v2\/product\/1269","targetHints":{"allow":["GET"]}}],"collection":[{"href":"https:\/\/karandoogo.com\/index.php\/wp-json\/wp\/v2\/product"}],"about":[{"href":"https:\/\/karandoogo.com\/index.php\/wp-json\/wp\/v2\/types\/product"}],"wp:featuredmedia":[{"embeddable":true,"href":"https:\/\/karandoogo.com\/index.php\/wp-json\/wp\/v2\/media\/831"}],"wp:attachment":[{"href":"https:\/\/karandoogo.com\/index.php\/wp-json\/wp\/v2\/media?parent=1269"}],"wp:term":[{"taxonomy":"product_brand","embeddable":true,"href":"https:\/\/karandoogo.com\/index.php\/wp-json\/wp\/v2\/product_brand?post=1269"},{"taxonomy":"product_cat","embeddable":true,"href":"https:\/\/karandoogo.com\/index.php\/wp-json\/wp\/v2\/product_cat?post=1269"},{"taxonomy":"product_tag","embeddable":true,"href":"https:\/\/karandoogo.com\/index.php\/wp-json\/wp\/v2\/product_tag?post=1269"}],"curies":[{"name":"wp","href":"https:\/\/api.w.org\/{rel}","templated":true}]}}