{"id":1282,"date":"2022-08-08T18:42:48","date_gmt":"2022-08-08T18:42:48","guid":{"rendered":"https:\/\/karandoogo.com\/?post_type=product&#038;p=1282"},"modified":"2025-10-19T13:56:04","modified_gmt":"2025-10-19T13:56:04","slug":"expose-complet-sur-levolution-du-burkina-politique-administrative-economique-et-socioculturelle","status":"publish","type":"product","link":"https:\/\/karandoogo.com\/index.php\/produit\/expose-complet-sur-levolution-du-burkina-politique-administrative-economique-et-socioculturelle\/","title":{"rendered":"Expos\u00e9 complet sur l&rsquo;\u00e9volution du Burkina (politique, administrative, \u00e9conomique et socioculturelle)"},"content":{"rendered":"","protected":false},"excerpt":{"rendered":"<p><strong>NB:<\/strong> Les documents mis \u00e0 disposition sur ce site sont des documents \u00e0 exploiter, autrement dit des compl\u00e9ments pour parfaire votre travail. Ils ne sont pas faits pour \u00eatre pr\u00e9sent\u00e9s \u00e0 l\u2019\u00e9tat.<\/p>\n<p><strong><u>PLAN<\/u><\/strong><\/p>\n<p><!-- \/wp:paragraph --><!-- wp:paragraph --><\/p>\n<p><strong><u>INTRODUCTION<\/u><\/strong><\/p>\n<p><!-- \/wp:paragraph --><!-- wp:list {\"ordered\":true,\"type\":\"I\"} --><\/p>\n<ol type=\"I\">\n<li><strong><u>EVOLUTION POLITIQUE ET ADMINISTRATIVE DU BURKINA<\/u><\/strong><\/li>\n<li><strong><u>Evolution politique<\/u><\/strong><\/li>\n<li><strong><u>Evolution administrative<\/u><\/strong><\/li>\n<li><strong><u>EVOLUTION ECONOMIQUE ET SOCIOCULTUREL DU BURKINA<\/u><\/strong><\/li>\n<li><strong><u>Evolution \u00e9conomique<\/u><\/strong><\/li>\n<li><strong>Evolution socioculturel<\/strong><\/li>\n<\/ol>\n<p><!-- \/wp:list --><!-- wp:paragraph --><\/p>\n<p><strong><u>CONCLUSION<\/u><\/strong><\/p>\n<p><!-- \/wp:paragraph --><!-- wp:paragraph --><\/p>\n<p><strong><u>INTRODUCTION<\/u><\/strong><\/p>\n<p><!-- \/wp:paragraph --><!-- wp:paragraph --><\/p>\n<p>A la fin de la saison des pluies de l\u2019ann\u00e9e 1915, les repr\u00e9sentants d\u2019une ligue d\u2019une douzaine de villages de la boucle de la Volta (Burkina-Faso) se rassembl\u00e8rent autour de l\u2019autel du culte de la terre du village de Bona, o\u00f9 ils pr\u00eat\u00e8rent serment de prendre les armes contre le pouvoir colonial et de ne les d\u00e9poser qu\u2019apr\u00e8s son d\u00e9part d\u00e9finitif. Ainsi d\u00e9buta l\u2019une des derni\u00e8res et des plus meurtri\u00e8res guerres coloniales de l\u2019Afrique de l\u2019Ouest. Apr\u00e8s avoir mis en d\u00e9route les premi\u00e8res exp\u00e9ditions punitives, les combattants anticoloniaux repouss\u00e8rent, en d\u00e9cembre 1915, une colonne militaire qui comprenait des bataillons provenant de diff\u00e9rentes colonies de l\u2019Afrique occidentale fran\u00e7aise (AOF) renforc\u00e9e par une unit\u00e9 d\u2019artillerie.<\/p>\n<p><!-- \/wp:paragraph --><!-- wp:list {\"ordered\":true,\"type\":\"I\"} --><\/p>\n<ol type=\"I\">\n<li><strong><u>Evolution politique et administrative du Burkina<\/u><\/strong><\/li>\n<li><strong><u>Evolution politique<\/u><\/strong><\/li>\n<li><strong><u>La premi\u00e8re r\u00e9publique (1960-1966)<\/u><\/strong><\/li>\n<\/ol>\n<p><!-- \/wp:list --><!-- wp:paragraph --><\/p>\n<p>La premi\u00e8re constituante de la jeune r\u00e9publique est adopt\u00e9e le 30 Janvier 1960.Cette premi\u00e8re r\u00e9publique entretient avec l\u2019ext\u00e9rieur de bonnes relations. Membre du conseil de l\u2019Entente depuis Mais (25) 1959, elle adh\u00e8re \u00e0 l\u2019ONU le 20 septembre 1960. Le 24 Avril 1961 elle signe des accords de coop\u00e9ration avec la France tout en refusant l\u2019implantation de bases militaires fran\u00e7aises sur le territoire. Le 26 Mai 1963, elle participe \u00e0 la cr\u00e9ation de l\u2019OUA. A l\u2019int\u00e9rieur, la premi\u00e8re r\u00e9publique lutte contre les opposants et les chefs traditionnels. Le r\u00e9gime autoritaire de Maurice Yam\u00e9ogo est marqu\u00e9 par&#8230;.<\/p>\n<p>Pour obtenir l&rsquo;expos\u00e9 complet contactez le +226 56196345 (WhatsApp).<\/p>\n","protected":false},"featured_media":831,"template":"","meta":{"jetpack_publicize_message":"","jetpack_publicize_feature_enabled":true,"jetpack_social_post_already_shared":false,"jetpack_social_options":{"image_generator_settings":{"template":"highway","default_image_id":0,"font":"","enabled":false},"version":2}},"product_brand":[],"product_cat":[544,608,548],"product_tag":[578],"class_list":{"0":"post-1282","1":"product","2":"type-product","3":"status-publish","4":"has-post-thumbnail","6":"product_cat-exposes","7":"product_cat-histoire","8":"product_cat-histoire-geographie","9":"product_tag-histoire-des-peuples-du-burkina-faso","11":"first","12":"instock","13":"downloadable","14":"virtual","15":"sold-individually","16":"purchasable","17":"product-type-simple"},"aioseo_notices":[],"jetpack_publicize_connections":[],"jetpack-related-posts":[],"jetpack_sharing_enabled":true,"_links":{"self":[{"href":"https:\/\/karandoogo.com\/index.php\/wp-json\/wp\/v2\/product\/1282","targetHints":{"allow":["GET"]}}],"collection":[{"href":"https:\/\/karandoogo.com\/index.php\/wp-json\/wp\/v2\/product"}],"about":[{"href":"https:\/\/karandoogo.com\/index.php\/wp-json\/wp\/v2\/types\/product"}],"wp:featuredmedia":[{"embeddable":true,"href":"https:\/\/karandoogo.com\/index.php\/wp-json\/wp\/v2\/media\/831"}],"wp:attachment":[{"href":"https:\/\/karandoogo.com\/index.php\/wp-json\/wp\/v2\/media?parent=1282"}],"wp:term":[{"taxonomy":"product_brand","embeddable":true,"href":"https:\/\/karandoogo.com\/index.php\/wp-json\/wp\/v2\/product_brand?post=1282"},{"taxonomy":"product_cat","embeddable":true,"href":"https:\/\/karandoogo.com\/index.php\/wp-json\/wp\/v2\/product_cat?post=1282"},{"taxonomy":"product_tag","embeddable":true,"href":"https:\/\/karandoogo.com\/index.php\/wp-json\/wp\/v2\/product_tag?post=1282"}],"curies":[{"name":"wp","href":"https:\/\/api.w.org\/{rel}","templated":true}]}}