{"id":1284,"date":"2022-08-08T19:13:36","date_gmt":"2022-08-08T19:13:36","guid":{"rendered":"https:\/\/karandoogo.com\/?post_type=product&#038;p=1284"},"modified":"2025-10-19T13:56:03","modified_gmt":"2025-10-19T13:56:03","slug":"expose-complet-sur-le-theme-internet-et-education","status":"publish","type":"product","link":"https:\/\/karandoogo.com\/index.php\/produit\/expose-complet-sur-le-theme-internet-et-education\/","title":{"rendered":"Expos\u00e9 complet sur le th\u00e8me internet et \u00e9ducation"},"content":{"rendered":"","protected":false},"excerpt":{"rendered":"<p><strong>NB:<\/strong> Les documents mis \u00e0 disposition sur ce site sont des documents \u00e0 exploiter, autrement dit des compl\u00e9ments pour parfaire votre travail. Ils ne sont pas faits pour \u00eatre pr\u00e9sent\u00e9s \u00e0 l\u2019\u00e9tat.<\/p>\n<p><strong><u>INTRODUCTION<\/u><\/strong><\/p>\n<ol type=\"I\">\n<li><strong><u>D\u00e9finition d\u2019internet dans l\u2019\u00e9ducation<\/u><\/strong><\/li>\n<li><strong><u>Importance d\u2019internet dans l\u2019\u00e9ducation<\/u><\/strong><\/li>\n<li><strong><u>Cons\u00e9quences de l\u2019internet dans l\u2019\u00e9ducation<\/u><\/strong><\/li>\n<li><strong><u>Inconv\u00e9nients<\/u><\/strong><\/li>\n<li><strong><u>Avantages<\/u><\/strong><\/li>\n<li><strong><u>Solutions<\/u><\/strong><\/li>\n<li><strong><u>Vision et politique<\/u><\/strong><\/li>\n<li><strong><u>\u00a0Infrastructure et acc\u00e8s<\/u><\/strong><\/li>\n<li><strong><u>Inclusion<\/u><\/strong><\/li>\n<\/ol>\n<p><strong><u>CONCLUSION<\/u><\/strong><\/p>\n<p><strong><u>INTRODUCTION<\/u><\/strong><\/p>\n<p>Les origines d\u2019Internet remontent \u00e0 la recherche et au d\u00e9veloppement command\u00e9 par le gouvernement des \u00c9tats-Unis, le gouvernement du Royaume-Uni et le gouvernement de la France dans les ann\u00e9es 1960 pour construire une communication robuste et tol\u00e9rante aux pannes via ordinateur. L\u2019acc\u00e8s \u00e0 Internet offre aux d\u00e9cideurs politiques de grandes possibilit\u00e9s d\u2019am\u00e9liorer la qualit\u00e9 de l\u2019\u00e9ducation pour les \u00e9l\u00e8ves et de contribuer au bien-\u00eatre \u00e9conomique et social national. De nouvelles fa\u00e7ons d\u2019enseigner et d\u2019apprendre, un meilleur acc\u00e8s \u00e0 un plus large \u00e9ventail d\u2019informations et de ressources, de nouvelles comp\u00e9tences pour l\u2019\u00e8re num\u00e9rique : tout cela peut transformer des vies, aider \u00e0 atteindre l\u2019\u00e9ducation pour tous et d\u2019autres objectifs de d\u00e9veloppement durable.<\/p>\n<ol type=\"I\">\n<li><strong><u>D\u00e9finition d\u2019internet dans l\u2019\u00e9ducation<\/u><\/strong><\/li>\n<\/ol>\n<p>Internet est le syst\u00e8me mondial de r\u00e9seaux informatiques interconnect\u00e9s qui utilisent la suite de protocoles Internet (TCP \/ IP) pour relier des milliards d\u2019appareils dans le monde. C\u2019est un r\u00e9seau de r\u00e9seaux qui se compose de millions de r\u00e9seaux priv\u00e9s, publics, universitaires et gouvernementaux \u00e0 l\u2019\u00e9chelle locale \u00e0 mondiale, reli\u00e9s par un large \u00e9ventail de technologies de r\u00e9seautage \u00e9lectroniques, sans fil et optiques. Les p\u00e9dagogues explorent avec enthousiasme les opportunit\u00e9s et d\u00e9couvrent de nouvelles fa\u00e7ons d\u2019utiliser Internet pour am\u00e9liorer les r\u00e9sultats de l\u2019\u00e9ducation. Comme le dit la Commission sur le d\u00e9veloppement durable, le d\u00e9fi consiste \u00e0 \u00ab aider les enseignants et les \u00e9l\u00e8ves \u00e0 utiliser la technologie\u2026 D\u2019une mani\u00e8re pertinente et authentique qui am\u00e9liore r\u00e9ellement l\u2019\u00e9ducation et favorise les connaissances et les comp\u00e9tences n\u00e9cessaires \u00e0 l\u2019apprentissage tout au long de la vie.<\/p>\n<ol type=\"I\">\n<li><strong><u>Importance d\u2019internet dans l\u2019\u00e9ducation<\/u><\/strong><\/li>\n<\/ol>\n<p>Pour la r\u00e9ussite des \u00e9tudes,\u00a0<strong>Internet<\/strong>\u00a0aide \u00e0 obtenir rapidement des informations diversifi\u00e9es et des ressources riches pour les devoirs et les expos\u00e9s. En effet, les informations sont mises \u00e0 jour de mani\u00e8re r\u00e9guli\u00e8re, et c\u2019est ce qui participe \u00e0\u00a0<strong>l<\/strong>\u2018apprentissage et \u00e0 une meilleure compr\u00e9hension des \u00e9tudes.<\/p>\n<ol type=\"I\">\n<li><strong><u>Cons\u00e9quences de l\u2019internet dans l\u2019\u00e9ducation<\/u><\/strong><\/li>\n<li><strong><u>Inconv\u00e9nients<\/u><\/strong><\/li>\n<\/ol>\n<p>Internet est l\u2019une des meilleures inventions pour nous et son importance est \u00e9norme dans nos vies \u00e0 tel point que cela peut cr\u00e9er ces situations d\u00e9sagr\u00e9ables suivantes dans la vie de ses utilisateurs: \u2013 Trouble de la d\u00e9pendance \u00e0 Internet: Le plus grand impact n\u00e9gatif d\u2019Internet est le trouble de la d\u00e9pendance \u00e0 Internet. Eh bien, puisque les recherches sur cette maladie d\u2019Internet sont toujours\u2026<\/p>\n<p>Pour obtenir l&rsquo;expos\u00e9 complet contactez le +226 56196345 (WhatsApp).<\/p>\n","protected":false},"featured_media":831,"template":"","meta":{"jetpack_publicize_message":"","jetpack_publicize_feature_enabled":true,"jetpack_social_post_already_shared":false,"jetpack_social_options":{"image_generator_settings":{"template":"highway","default_image_id":0,"font":"","enabled":false},"version":2}},"product_brand":[],"product_cat":[544,546],"product_tag":[664,657,663],"class_list":{"0":"post-1284","1":"product","2":"type-product","3":"status-publish","4":"has-post-thumbnail","6":"product_cat-exposes","7":"product_cat-societe","8":"product_tag-correlation","9":"product_tag-education","10":"product_tag-internet","12":"first","13":"instock","14":"downloadable","15":"virtual","16":"sold-individually","17":"purchasable","18":"product-type-simple"},"aioseo_notices":[],"jetpack_publicize_connections":[],"jetpack-related-posts":[],"jetpack_sharing_enabled":true,"_links":{"self":[{"href":"https:\/\/karandoogo.com\/index.php\/wp-json\/wp\/v2\/product\/1284","targetHints":{"allow":["GET"]}}],"collection":[{"href":"https:\/\/karandoogo.com\/index.php\/wp-json\/wp\/v2\/product"}],"about":[{"href":"https:\/\/karandoogo.com\/index.php\/wp-json\/wp\/v2\/types\/product"}],"wp:featuredmedia":[{"embeddable":true,"href":"https:\/\/karandoogo.com\/index.php\/wp-json\/wp\/v2\/media\/831"}],"wp:attachment":[{"href":"https:\/\/karandoogo.com\/index.php\/wp-json\/wp\/v2\/media?parent=1284"}],"wp:term":[{"taxonomy":"product_brand","embeddable":true,"href":"https:\/\/karandoogo.com\/index.php\/wp-json\/wp\/v2\/product_brand?post=1284"},{"taxonomy":"product_cat","embeddable":true,"href":"https:\/\/karandoogo.com\/index.php\/wp-json\/wp\/v2\/product_cat?post=1284"},{"taxonomy":"product_tag","embeddable":true,"href":"https:\/\/karandoogo.com\/index.php\/wp-json\/wp\/v2\/product_tag?post=1284"}],"curies":[{"name":"wp","href":"https:\/\/api.w.org\/{rel}","templated":true}]}}