{"id":1310,"date":"2022-08-09T01:33:20","date_gmt":"2022-08-09T01:33:20","guid":{"rendered":"https:\/\/karandoogo.com\/?post_type=product&#038;p=1310"},"modified":"2025-10-19T13:56:03","modified_gmt":"2025-10-19T13:56:03","slug":"expose-complet-sur-la-citoyennete","status":"publish","type":"product","link":"https:\/\/karandoogo.com\/index.php\/produit\/expose-complet-sur-la-citoyennete\/","title":{"rendered":"Expos\u00e9 complet sur la citoyennet\u00e9"},"content":{"rendered":"","protected":false},"excerpt":{"rendered":"<p><strong>NB:<\/strong> Les documents mis \u00e0 disposition sur ce site sont des documents \u00e0 exploiter, autrement dit des compl\u00e9ments pour parfaire votre travail. Ils ne sont pas faits pour \u00eatre pr\u00e9sent\u00e9s \u00e0 l\u2019\u00e9tat.<\/p>\n<p>Introduction<\/p>\n<ol type=\"I\">\n<li><a href=\"https:\/\/fr.wikipedia.org\/wiki\/Citoyennet%C3%A9#%C3%89tymologie_et_histoire\">\u00a0\u00c9tymologie et histoire<\/a><\/li>\n<li><a href=\"https:\/\/fr.wikipedia.org\/wiki\/Citoyennet%C3%A9#D%C3%A9finition\">\u00a0D\u00e9finition<\/a><\/li>\n<li><a href=\"https:\/\/fr.wikipedia.org\/wiki\/Citoyennet%C3%A9#Citoyennet%C3%A9_et_nationalit%C3%A9\">\u00a0Citoyennet\u00e9 et nationalit\u00e9<\/a>\n<ol>\n<li><a href=\"https:\/\/fr.wikipedia.org\/wiki\/Citoyennet%C3%A9#Notion_de_r%C3%A9sident\">\u00a0Notion de r\u00e9sident<\/a><\/li>\n<\/ol>\n<ol>\n<li><a href=\"https:\/\/fr.wikipedia.org\/wiki\/Citoyennet%C3%A9#Nationalit%C3%A9_sans_citoyennet%C3%A9\">Nationalit\u00e9 sans citoyennet\u00e9<\/a><\/li>\n<\/ol>\n<ol>\n<li><a href=\"https:\/\/fr.wikipedia.org\/wiki\/Citoyennet%C3%A9#Citoyennet%C3%A9_associ%C3%A9e_%C3%A0_plusieurs_nationalit%C3%A9s\">Citoyennet\u00e9 associ\u00e9e \u00e0 plusieurs nationalit\u00e9s<\/a><\/li>\n<\/ol>\n<ol>\n<li><a href=\"https:\/\/fr.wikipedia.org\/wiki\/Citoyennet%C3%A9#Citoyennet%C3%A9_partielle_sans_nationalit%C3%A9\">Citoyennet\u00e9 partielle sans nationalit\u00e9<\/a><\/li>\n<\/ol>\n<ol>\n<li><a href=\"https:\/\/fr.wikipedia.org\/wiki\/Citoyennet%C3%A9#Citoyennet%C3%A9_et_d%C3%A9mocratie\">Citoyennet\u00e9 et d\u00e9mocratie<\/a><\/li>\n<\/ol>\n<\/li>\n<\/ol>\n<p>Conclusion<\/p>\n<p><strong>Introduction<\/strong><\/p>\n<p>La\u00a0<strong>citoyennet\u00e9<\/strong>\u00a0est le fait pour une personne, pour une famille ou pour un groupe, d\u2019\u00eatre reconnu comme membre d\u2019une cit\u00e9 (aujourd\u2019hui d\u2019un\u00a0<a href=\"zeno:\/\/fr.wikipedia\/A\/%C3%89tat\">\u00c9tat<\/a>) nourrissant un projet commun auquel ils souhaitent prendre une part active. Mais la citoyennet\u00e9 comporte t\u2019elle pas des droits civils et politiques et des devoirs d\u00e9finissant le r\u00f4le du citoyen dans la cit\u00e9 et face aux institutions?<\/p>\n<ol type=\"I\">\n<li><strong><u>\u00c9tymologie et histoire de la citoyennet\u00e9<\/u><\/strong><\/li>\n<\/ol>\n<p>Du latin\u00a0<em>civitas<\/em>\u00a0signifiant\u00a0: droit de cit\u00e9, droit d\u2019un habitant d\u2019un pays.<\/p>\n<p>Dans l\u2019Antiquit\u00e9, la\u00a0<a href=\"https:\/\/fr.wikipedia.org\/wiki\/Citoyennet%C3%A9_romaine\">citoyennet\u00e9 romaine<\/a>\u00a0\u00e9tait accord\u00e9e par le\u00a0<a href=\"https:\/\/fr.wikipedia.org\/wiki\/S%C3%A9nat_romain\">S\u00e9nat romain<\/a>\u00a0\u00e0 des villes ou \u00e0 des peuples dans leur entier.<\/p>\n<p>En France, et dans le Nord de l\u2019Europe, la citoyennet\u00e9 des villes s\u2019appelait\u00a0<a href=\"https:\/\/fr.wikipedia.org\/wiki\/Bourgeoisie\">bourgeoisie<\/a>. La citoyennet\u00e9 s\u2019est conserv\u00e9e pour l\u2019appartenance aux villes du Sud de l\u2019Europe, en particulier les cit\u00e9s-\u00c9tat comme\u00a0<a href=\"https:\/\/fr.wikipedia.org\/wiki\/G%C3%AAne\">G\u00eane<\/a>\u00a0ou\u00a0<a href=\"https:\/\/fr.wikipedia.org\/wiki\/Venise\">Venise<\/a>, et encore aujourd\u2019hui les villes et cantons suisses comme\u00a0<a href=\"https:\/\/fr.wikipedia.org\/wiki\/Gen%C3%A8ve\">Gen\u00e8ve<\/a>.<\/p>\n<p>En France, avec la\u00a0<a href=\"https:\/\/fr.wikipedia.org\/wiki\/R%C3%A9volution_fran%C3%A7aise\">R\u00e9volution fran\u00e7aise<\/a>, le terme citoyen a officiellement remplac\u00e9 celui de bourgeois, puis il a \u00e9t\u00e9 \u00e9tendu au pays dans son entier\u00a0: on a commenc\u00e9 \u00e0 parler de citoyen de France.<\/p>\n<ol type=\"I\">\n<li><strong><u>D\u00e9finition<\/u><\/strong><\/li>\n<\/ol>\n<p>De mani\u00e8re g\u00e9n\u00e9rale, un\u00a0<em>citoyen<\/em>\u00a0est une\u00a0<a href=\"zeno:\/\/fr.wikipedia\/A\/Personne\">personne<\/a>\u00a0qui rel\u00e8ve de l\u2019<a href=\"zeno:\/\/fr.wikipedia\/A\/Autorit%C3%A9\">autorit\u00e9<\/a>\u00a0et de la\u00a0<a href=\"zeno:\/\/fr.wikipedia\/A\/Protection\">protection<\/a>\u00a0d\u2019un\u00a0<a href=\"zeno:\/\/fr.wikipedia\/A\/%C3%89tat\">\u00c9tat<\/a>\u00a0et par suite\u00a0<a href=\"zeno:\/\/fr.wikipedia\/A\/Jouissance\">jouit<\/a>\u00a0de\u00a0<a href=\"zeno:\/\/fr.wikipedia\/A\/Droit\">droits<\/a>\u00a0<a href=\"zeno:\/\/fr.wikipedia\/A\/Civique\">civiques<\/a>\u00a0et a des\u00a0<a href=\"zeno:\/\/fr.wikipedia\/A\/Devoir\">devoirs<\/a>\u00a0envers cet \u00c9tat. Chaque citoyen exerce \u00e0 sa fa\u00e7on la citoyennet\u00e9 telle qu\u2019elle est \u00e9tablie par les\u00a0<a href=\"zeno:\/\/fr.wikipedia\/A\/Loi\">lois<\/a>\u00a0et int\u00e9gr\u00e9e dans l\u2019ensemble des\u00a0<a href=\"zeno:\/\/fr.wikipedia\/A\/M%C5%93urs\">m\u0153urs<\/a>\u00a0de la\u00a0<em>soci\u00e9t\u00e9<\/em>\u00a0\u00e0 laquelle il appartient.<\/p>\n<p>La citoyennet\u00e9 est aussi une\u00a0<a href=\"zeno:\/\/fr.wikipedia\/A\/Composante\">composante<\/a>\u00a0du\u00a0<a href=\"zeno:\/\/fr.wikipedia\/A\/Lien%20social\">lien social<\/a>. C\u2019est, en particulier, l\u2019<a href=\"zeno:\/\/fr.wikipedia\/A\/%C3%89galit%C3%A9\">\u00e9galit\u00e9<\/a>\u00a0de\u00a0<a href=\"zeno:\/\/fr.wikipedia\/A\/Droit\">droits<\/a>\u00a0associ\u00e9e \u00e0 la citoyennet\u00e9 qui fonde le\u00a0<a href=\"zeno:\/\/fr.wikipedia\/A\/Lien%20social\">lien social<\/a>\u00a0dans la\u00a0<a href=\"zeno:\/\/fr.wikipedia\/A\/Soci%C3%A9t%C3%A9%20%28sociologie%29\">soci\u00e9t\u00e9<\/a>\u00a0<a href=\"zeno:\/\/fr.wikipedia\/A\/D%C3%A9mocratie\">d\u00e9mocratique<\/a>\u00a0moderne. Les citoyens d\u2019une m\u00eame\u00a0<a href=\"zeno:\/\/fr.wikipedia\/A\/Nation\">nation<\/a>\u00a0forment une\u00a0<a href=\"zeno:\/\/fr.wikipedia\/A\/Communaut%C3%A9\">communaut\u00e9<\/a>\u00a0<a href=\"zeno:\/\/fr.wikipedia\/A\/Politique\">politique<\/a>.<\/p>\n<p>Articles d\u00e9taill\u00e9s\u00a0:\u00a0<a href=\"zeno:\/\/fr.wikipedia\/A\/Th%C3%A9ories%20du%20contrat%20social\">Th\u00e9ories du contrat social<\/a>\u00a0et Du Contrat social.<\/p>\n<p>La\u00a0<em>citoyennet\u00e9<\/em>\u00a0est intimement li\u00e9e \u00e0 la\u00a0<a href=\"zeno:\/\/fr.wikipedia\/A\/D%C3%A9mocratie\">d\u00e9mocratie<\/a>. \u00catre citoyen implique que l\u2019on fait partie d\u2019un corps politique, un\u00a0<a href=\"zeno:\/\/fr.wikipedia\/A\/%C3%89tat\">\u00c9tat<\/a>, que l\u2019on a dans ce corps politique des\u00a0<a href=\"zeno:\/\/fr.wikipedia\/A\/Droit\">droits<\/a>\u00a0et des\u00a0<a href=\"zeno:\/\/fr.wikipedia\/A\/Devoir\">devoirs<\/a>. En\u00a0<a href=\"zeno:\/\/fr.wikipedia\/A\/France\">France<\/a>, un citoyen est d\u00e9fini comme suit\u00a0: \u00ab\u00a0Homme ou femme \u00e2g\u00e9 de plus de 18 ans, n\u00e9(e) de parents fran\u00e7ais ou \u00e9trangers naturalis\u00e9s\u00a0\u00bb. Un citoyen a plusieurs\u00a0<a href=\"zeno:\/\/fr.wikipedia\/A\/Devoir\">devoirs<\/a>\u00a0comme payer les imp\u00f4ts, respecter les\u00a0<a href=\"zeno:\/\/fr.wikipedia\/A\/Loi\">lois<\/a>\u00a0ou encore \u00eatre\u00a0<a href=\"zeno:\/\/fr.wikipedia\/A\/Jur%C3%A9\">jur\u00e9<\/a>\u00a0de\u00a0<a href=\"zeno:\/\/fr.wikipedia\/A\/Cour%20d%27assises\">Cour d\u2019assises<\/a>\u00a0si besoin est.<\/p>\n<p>En d\u00e9mocratie, chaque citoyen est d\u00e9tenteur d\u2019une partie de la\u00a0<a href=\"zeno:\/\/fr.wikipedia\/A\/Souverainet%C3%A9\">souverainet\u00e9<\/a>\u00a0<a href=\"zeno:\/\/fr.wikipedia\/A\/Politique\">politique<\/a>\u00a0; c\u2019est donc l\u2019ensemble des citoyens qui, par l\u2019\u00e9lection, choisissent les gouvernants.<\/p>\n<p>Le citoyen moderne est le sujet de\u00a0<a href=\"zeno:\/\/fr.wikipedia\/A\/Droit\">droits<\/a>\u00a0et de\u00a0<a href=\"zeno:\/\/fr.wikipedia\/A\/Devoir\">devoirs<\/a>\u00a0:\u00a0<a href=\"zeno:\/\/fr.wikipedia\/A\/Droits%20de%20l%27homme\">droits de l\u2019homme<\/a>\u00a0\u2013\u00a0<a href=\"zeno:\/\/fr.wikipedia\/A\/Droit%20civil\">droits civils<\/a>\u00a0\u2013\u00a0<a href=\"zeno:\/\/fr.wikipedia\/A\/Droit%20politique\">droits politiques<\/a>\u00a0\u2013\u00a0<a href=\"zeno:\/\/fr.wikipedia\/A\/Droit%20social\">droits sociaux<\/a>. Les devoirs sont accomplis par les citoyens pour le bien de la collectivit\u00e9 (imp\u00f4ts, service militaire, etc.) et d\u00e9finis par les lois des pays dans lesquels ils vivent.<\/p>\n<p>La communaut\u00e9 des citoyens forme la\u00a0<a href=\"zeno:\/\/fr.wikipedia\/A\/Nation\">nation<\/a>.<\/p>\n<p>L\u2019expression \u201c<a href=\"zeno:\/\/fr.wikipedia\/A\/Citoyennet%C3%A9%20mondiale\">Citoyen du monde<\/a>\u201d qualifie celui qui proclame son attachement \u00e0 l\u2019ensemble de l\u2019<a href=\"zeno:\/\/fr.wikipedia\/A\/Humanit%C3%A9\">humanit\u00e9<\/a>, refusant les fronti\u00e8res nationales, tel les sto\u00efciens.<\/p>\n<p>\u00ab\u00a0Le citoyen est un \u00eatre \u00e9minemment politique (la cit\u00e9) qui exprime non pas son int\u00e9r\u00eat individuel mais l\u2019int\u00e9r\u00eat g\u00e9n\u00e9ral. Cet int\u00e9r\u00eat g\u00e9n\u00e9ral ne se r\u00e9sume pas \u00e0 la somme des volont\u00e9s particuli\u00e8res mais la d\u00e9passe.\u00a0\u00bb (Jean Jacques Rousseau).<\/p>\n<p>Tout citoyen a le droit d\u2019imprimer ces documents.<\/p>\n<ol type=\"I\">\n<li><a href=\"https:\/\/fr.wikipedia.org\/wiki\/Citoyennet%C3%A9#Citoyennet%C3%A9_et_nationalit%C3%A9\"><strong>\u00a0CITOYENNETE ET NATIONALITE<\/strong><\/a><\/li>\n<\/ol>\n<p>La citoyennet\u00e9, qui implique l\u2019exercice des\u00a0<a href=\"https:\/\/fr.wikipedia.org\/wiki\/Droits_civiques\">droits civiques<\/a>\u00a0(vote, service militaire, etc.), est une notion diff\u00e9rente de celle de\u00a0<a href=\"https:\/\/fr.wikipedia.org\/wiki\/Nationalit%C3%A9\">nationalit\u00e9<\/a>\u00a0qui d\u00e9signe le fait d\u2019\u00eatre r\u00e9gi personnellement par un\u00a0<a href=\"https:\/\/fr.wikipedia.org\/wiki\/Droit_civil\">droit civil<\/a>\u00a0national (nom, majorit\u00e9, mariage, divorce, succession, etc.), m\u00eame si la \u00ab\u00a0nationalit\u00e9\u00a0\u00bb est presque toujours attach\u00e9e \u00e0 la citoyennet\u00e9<sup>6<\/sup>.<\/p>\n<ol type=\"1\">\n<li><strong>Notion de r\u00e9sident<\/strong><\/li>\n<\/ol>\n<p>Une personne peut \u00eatre juridiquement qualifi\u00e9e de\u00a0<a href=\"https:\/\/fr.wikipedia.org\/wiki\/R%C3%A9sident\">r\u00e9sidente<\/a>\u00a0d\u2019un pays donn\u00e9 du fait de sa domiciliation principale dans\u2026<\/p>\n<p>Pour obtenir l&rsquo;expos\u00e9 complet contactez le +226 56196345 (WhatsApp).<\/p>\n","protected":false},"featured_media":831,"template":"","meta":{"jetpack_publicize_message":"","jetpack_publicize_feature_enabled":true,"jetpack_social_post_already_shared":false,"jetpack_social_options":{"image_generator_settings":{"template":"highway","default_image_id":0,"font":"","enabled":false},"version":2}},"product_brand":[],"product_cat":[544,546],"product_tag":[672,670,671],"class_list":{"0":"post-1310","1":"product","2":"type-product","3":"status-publish","4":"has-post-thumbnail","6":"product_cat-exposes","7":"product_cat-societe","8":"product_tag-citoyennete","9":"product_tag-concept","10":"product_tag-notion","12":"first","13":"instock","14":"downloadable","15":"virtual","16":"sold-individually","17":"purchasable","18":"product-type-simple"},"aioseo_notices":[],"jetpack_publicize_connections":[],"jetpack-related-posts":[],"jetpack_sharing_enabled":true,"_links":{"self":[{"href":"https:\/\/karandoogo.com\/index.php\/wp-json\/wp\/v2\/product\/1310","targetHints":{"allow":["GET"]}}],"collection":[{"href":"https:\/\/karandoogo.com\/index.php\/wp-json\/wp\/v2\/product"}],"about":[{"href":"https:\/\/karandoogo.com\/index.php\/wp-json\/wp\/v2\/types\/product"}],"wp:featuredmedia":[{"embeddable":true,"href":"https:\/\/karandoogo.com\/index.php\/wp-json\/wp\/v2\/media\/831"}],"wp:attachment":[{"href":"https:\/\/karandoogo.com\/index.php\/wp-json\/wp\/v2\/media?parent=1310"}],"wp:term":[{"taxonomy":"product_brand","embeddable":true,"href":"https:\/\/karandoogo.com\/index.php\/wp-json\/wp\/v2\/product_brand?post=1310"},{"taxonomy":"product_cat","embeddable":true,"href":"https:\/\/karandoogo.com\/index.php\/wp-json\/wp\/v2\/product_cat?post=1310"},{"taxonomy":"product_tag","embeddable":true,"href":"https:\/\/karandoogo.com\/index.php\/wp-json\/wp\/v2\/product_tag?post=1310"}],"curies":[{"name":"wp","href":"https:\/\/api.w.org\/{rel}","templated":true}]}}