{"id":1314,"date":"2022-08-09T01:08:09","date_gmt":"2022-08-09T01:08:09","guid":{"rendered":"https:\/\/karandoogo.com\/?post_type=product&#038;p=1314"},"modified":"2025-10-19T13:56:03","modified_gmt":"2025-10-19T13:56:03","slug":"expose-complet-sur-loeuvre-candide-de-voltaire","status":"publish","type":"product","link":"https:\/\/karandoogo.com\/index.php\/produit\/expose-complet-sur-loeuvre-candide-de-voltaire\/","title":{"rendered":"Expos\u00e9 complet sur l&rsquo;\u0153uvre Candide de Voltaire"},"content":{"rendered":"","protected":false},"excerpt":{"rendered":"<p><strong>NB:<\/strong> Les documents mis \u00e0 disposition sur ce site sont des documents \u00e0 exploiter, autrement dit des compl\u00e9ments pour parfaire votre travail. Ils ne sont pas faits pour \u00eatre pr\u00e9sent\u00e9s \u00e0 l\u2019\u00e9tat.<\/p>\n<p><strong><u>PLAN<\/u><\/strong><\/p>\n<p><strong><u>INTRODUCTION<\/u><\/strong><\/p>\n<p>I-<strong><u>BIOGRAPHIE DE VOLTAIRE :<\/u><\/strong><\/p>\n<p><strong><u>1-\u0152UVRE<\/u><\/strong><\/p>\n<p><strong><u>2-RESUME<\/u><\/strong><\/p>\n<p>II-<strong><u>ETUDE DES PERSONNAGES<\/u><\/strong><\/p>\n<p>1-<strong>Personnage principal\u00a0: Candide<\/strong><\/p>\n<p><strong>2-Personnages Secondaires<\/strong><\/p>\n<p><strong><u>III-ETUDE THEMATIQUE DE L\u2019\u0152UVRE\u00a0:<\/u><\/strong><\/p>\n<p>IV-<strong><u>ETUDE DE L\u2019ESPACE ET DU TEMPS<\/u><\/strong><\/p>\n<p><strong><u>CONCLUSION<\/u><\/strong><\/p>\n<p>&nbsp;<\/p>\n<p><strong><u>INTRODUCTION<\/u><\/strong><br \/>\nCandide est un conte philosophique \u00e9crit par Voltaire en 1759 sous le pseudonyme de Monsieur le docteur Ralph afin de contourner la censure. Il a \u00e9t\u00e9 r\u00e9dig\u00e9 apr\u00e8s le tremblement de terre de Lisbonne en 1755 et la guerre de sept ans (1756-1753). Dans ce conte d\u2019aspect traditionnel, Voltaire fait preuve d\u2019ironie et de critique de la soci\u00e9t\u00e9. Il s\u2019attaque \u00e0 la philosophie del\u2019optimisme. L\u2019optimisme vient de faire son apparition et il se base sur le fait que \u00ab tout est pour le mieux \u00bb dans le meilleur des mondes. C\u2019est ce concept que Voltaire souhaite d\u00e9truire en confrontant lespersonnages de son conte \u00e0 toute sorte de m\u00e9saventures malchanceuses, de maux dus \u00e0 la guerre et au fanatisme. Tout en utilisant les \u00e9l\u00e9ments d\u2019un conte traditionnel, il le d\u00e9tourne en contephilosophique, et d\u00e9voile ses intentions pol\u00e9miques, une critique de son \u00e9poque, de la religion, de sa soci\u00e9t\u00e9, des institutions, de l\u2019absurdit\u00e9 et de la cruaut\u00e9 des conflits arm\u00e9s, et particuli\u00e8rement dans cet extrait des abus de pouvoir et de l\u2019esclavage. Mais par quels proc\u00e9d\u00e9s, Voltaire critique-t-il l\u2019abus de pouvoir et de l\u2019esclavage dans cet extrait.<\/p>\n<p>I-<strong><u>BIOGRAPHIE DE VOLTAIRE :<\/u><\/strong><\/p>\n<p><strong><u>1-\u0152UVRE<\/u><\/strong><\/p>\n<p><strong><u>2-RESUME<\/u><\/strong><\/p>\n<p>II-<strong><u>ETUDE DES PERSONNAGES<\/u><\/strong><\/p>\n<p>1-<strong>Personnage principal\u00a0: Candide<\/strong><\/p>\n<p><strong>2-Personnages Secondaires<\/strong><\/p>\n<p><strong><u>III-ETUDE THEMATIQUE DE L\u2019\u0152UVRE\u00a0:<\/u><\/strong><\/p>\n<p>IV-<strong><u>ETUDE DE L\u2019ESPACE ET DU TEMPS<\/u><\/strong><\/p>\n<p><strong><u>CONCLUSION<\/u><\/strong><\/p>\n<p>Candide a \u00e9t\u00e9 \u00e9crit dans une p\u00e9riode d\u2019expansion de la bourgeoisie commerciale et de l\u2019exploitation rationnelle de la terre (mouvement des physiocrates). Voltaire se fait l\u2019\u00e9cho de cette \u00e9volution dans Candide. L\u2019argent a toutes les qualit\u00e9s quand il est acquis ainsi par le travail. Il faudra attendre le 19\u00e8me si\u00e8cle pour que l\u2019argent apparaisse \u00e0 nouveau sous son jour n\u00e9gatif\u00a0: le p\u00e8re Grandet, avare, imagin\u00e9 par Balzac et les grands industriels fous d\u2019argent des romans de Zola.<\/p>\n<p>Pour obtenir l&rsquo;expos\u00e9 complet contactez le +226 56196345 (WhatsApp).<\/p>\n","protected":false},"featured_media":831,"template":"","meta":{"jetpack_publicize_message":"","jetpack_publicize_feature_enabled":true,"jetpack_social_post_already_shared":false,"jetpack_social_options":{"image_generator_settings":{"template":"highway","default_image_id":0,"font":"","enabled":false},"version":2}},"product_brand":[],"product_cat":[544,598],"product_tag":[611,636],"class_list":{"0":"post-1314","1":"product","2":"type-product","3":"status-publish","4":"has-post-thumbnail","6":"product_cat-exposes","7":"product_cat-litterature","8":"product_tag-candide-de-voltaire","9":"product_tag-litterature","11":"first","12":"instock","13":"downloadable","14":"virtual","15":"sold-individually","16":"purchasable","17":"product-type-simple"},"aioseo_notices":[],"jetpack_publicize_connections":[],"jetpack-related-posts":[],"jetpack_sharing_enabled":true,"_links":{"self":[{"href":"https:\/\/karandoogo.com\/index.php\/wp-json\/wp\/v2\/product\/1314","targetHints":{"allow":["GET"]}}],"collection":[{"href":"https:\/\/karandoogo.com\/index.php\/wp-json\/wp\/v2\/product"}],"about":[{"href":"https:\/\/karandoogo.com\/index.php\/wp-json\/wp\/v2\/types\/product"}],"wp:featuredmedia":[{"embeddable":true,"href":"https:\/\/karandoogo.com\/index.php\/wp-json\/wp\/v2\/media\/831"}],"wp:attachment":[{"href":"https:\/\/karandoogo.com\/index.php\/wp-json\/wp\/v2\/media?parent=1314"}],"wp:term":[{"taxonomy":"product_brand","embeddable":true,"href":"https:\/\/karandoogo.com\/index.php\/wp-json\/wp\/v2\/product_brand?post=1314"},{"taxonomy":"product_cat","embeddable":true,"href":"https:\/\/karandoogo.com\/index.php\/wp-json\/wp\/v2\/product_cat?post=1314"},{"taxonomy":"product_tag","embeddable":true,"href":"https:\/\/karandoogo.com\/index.php\/wp-json\/wp\/v2\/product_tag?post=1314"}],"curies":[{"name":"wp","href":"https:\/\/api.w.org\/{rel}","templated":true}]}}