{"id":1668,"date":"2022-08-25T16:33:11","date_gmt":"2022-08-25T16:33:11","guid":{"rendered":"https:\/\/karandoogo.com\/?post_type=product&#038;p=1668"},"modified":"2025-10-19T13:56:03","modified_gmt":"2025-10-19T13:56:03","slug":"expose-complet-sur-legalite-des-genres-etat-des-lieux-et-solutions","status":"publish","type":"product","link":"https:\/\/karandoogo.com\/index.php\/produit\/expose-complet-sur-legalite-des-genres-etat-des-lieux-et-solutions\/","title":{"rendered":"Expos\u00e9 complet sur l&rsquo;\u00e9galit\u00e9 des genres  (\u00e9tat des lieux et solutions)"},"content":{"rendered":"","protected":false},"excerpt":{"rendered":"<p><strong>NB:<\/strong> Les documents mis \u00e0 disposition sur ce site sont des documents \u00e0 exploiter, autrement dit des compl\u00e9ments pour parfaire votre travail. Ils ne sont pas faits pour \u00eatre pr\u00e9sent\u00e9s \u00e0 l\u2019\u00e9tat.<\/p>\n<p><strong><u>INTRODUCTION<\/u><\/strong><\/p>\n<ol type=\"I\">\n<li><strong><u>DEFINITION DU CONCEPT<\/u><\/strong><\/li>\n<li><strong><u>LA MANIFESTATION DE L\u2019INEGALITES DES GENRES<\/u><\/strong><\/li>\n<li><strong><u>LES FREINS A L\u2019EGALITE DES GENRES<\/u><\/strong><\/li>\n<li><strong><u>MESURES PRISES POUR INSTAURER L\u2019EGALITE DES GENRES<\/u><\/strong><\/li>\n<li><strong><u>REFLEXION SUR L\u2019EGALITE DES GENRES<\/u><\/strong><\/li>\n<\/ol>\n<p><strong><u>CONCLUSION<\/u><\/strong><\/p>\n<p><strong><u>INTRODUCTION<\/u><\/strong><\/p>\n<p>L\u2019\u00e9galit\u00e9 des genres est le principe selon lequel les hommes et les femmes devraient recevoir un traitement \u00e9gal et ne devraient pas \u00eatre victimes de discriminations bas\u00e9es sur leur appartenance \u00e0 l\u2019un ou l\u2019autre genre, hormis les cas o\u00f9 une diff\u00e9rence de traitement serait justifi\u00e9e par une diff\u00e9rence biologique valable (dans le cadre sportif par exemple).<\/p>\n<p>L\u2019\u00e9galit\u00e9 des genres est un objectif de la D\u00e9claration universelle des droits de l\u2019homme de l\u2019Organisation des Nations unies, qui pr\u00e9voit une \u00e9galit\u00e9 en droit et dans des situations sociales, comme le fait de recevoir un salaire \u00e9gal pour un travail \u00e9gal.<\/p>\n<p>C\u2019est la conviction que tout le monde devrait recevoir un traitement \u00e9gal et ne pas \u00eatre discrimin\u00e9 en fonction de son sexe.<\/p>\n<ol type=\"I\">\n<li><strong><u>DEFINITION DU CONCEPT<\/u><\/strong><\/li>\n<\/ol>\n<p>L\u2019\u00e9galit\u00e9 des genres trouvera son sens quand les femmes et les hommes jouiront des m\u00eames droits et auront les m\u00eames opportunit\u00e9s, notamment le droit d\u2019acc\u00e9der aux ressources naturelles dans leur milieu de vie, de les contr\u00f4ler et d\u2019en tirer parti.<\/p>\n<ol type=\"I\">\n<li><strong><u>LA MANIFESTATION DE L\u2019INEGALITES DES GENRES<\/u><\/strong><\/li>\n<\/ol>\n<ul>\n<li>On estime qu\u2019\u00e0 l\u2019heure actuelle, 750 millions de femmes et de filles dans le monde ont \u00e9t\u00e9 mari\u00e9es avant l\u2019\u00e2ge de 18 ans. Au moins 200 millions de filles et de femmes actuellement en vie ont subi des mutilations g\u00e9nitales f\u00e9minines dans les 30 pays disposant de donn\u00e9es repr\u00e9sentatives.<\/li>\n<li>Une femme sur cinq, dont 19% des femmes \u00e2g\u00e9es de 15 \u00e0 49 ans, ont subi des violences physiques et\/ou sexuelles de la part d\u2019un partenaire intime ou des violences sexuelles de la part d\u2019une autre personne. Pourtant, 49 pays ne disposent toujours pas de lois prot\u00e9geant les femmes contre la violence domestique<\/li>\n<li>Environ les deux tiers des pays des r\u00e9gions en d\u00e9veloppement ont atteint l\u2019\u00e9galit\u00e9 des sexes dans l\u2019enseignement primaire<\/li>\n<li>Alors que les femmes ont beaucoup progress\u00e9 dans les fonctions politiques \u00e0 travers le monde, leur repr\u00e9sentation dans les parlements nationaux (23,7%) est encore loin de la parit\u00e9.<\/li>\n<li>Seulement 52 pour cent des femmes mari\u00e9es ou vivant en concubinage prennent librement leurs propres d\u00e9cisions concernant les rapports sexuels, l\u2019utilisation de moyens de contraception et les soins de sant\u00e9.<\/li>\n<\/ul>\n<ol type=\"I\">\n<li><strong><u>LES FREINS A L\u2019EGALITE DES GENRES<\/u><\/strong><\/li>\n<\/ol>\n<p>L\u2019id\u00e9e de compl\u00e9mentarit\u00e9 entre hommes et femmes (qui posent l\u2019id\u00e9e de l\u2019existence de r\u00f4les naturels ou d\u2019origine divine pour les deux sexes, r\u00f4les polaris\u00e9s permettant la coexistence des hommes et\u2026<\/p>\n<p>Pour obtenir l&rsquo;expos\u00e9 complet contactez le +226 56196345 (WhatsApp).<\/p>\n","protected":false},"featured_media":831,"template":"","meta":{"jetpack_publicize_message":"","jetpack_publicize_feature_enabled":true,"jetpack_social_post_already_shared":false,"jetpack_social_options":{"image_generator_settings":{"template":"highway","default_image_id":0,"font":"","enabled":false},"version":2}},"product_brand":[],"product_cat":[546],"product_tag":[678,677],"class_list":{"0":"post-1668","1":"product","2":"type-product","3":"status-publish","4":"has-post-thumbnail","6":"product_cat-societe","7":"product_tag-genre","8":"product_tag-politique","10":"first","11":"instock","12":"downloadable","13":"virtual","14":"sold-individually","15":"purchasable","16":"product-type-simple"},"aioseo_notices":[],"jetpack_publicize_connections":[],"jetpack-related-posts":[],"jetpack_sharing_enabled":true,"_links":{"self":[{"href":"https:\/\/karandoogo.com\/index.php\/wp-json\/wp\/v2\/product\/1668","targetHints":{"allow":["GET"]}}],"collection":[{"href":"https:\/\/karandoogo.com\/index.php\/wp-json\/wp\/v2\/product"}],"about":[{"href":"https:\/\/karandoogo.com\/index.php\/wp-json\/wp\/v2\/types\/product"}],"wp:featuredmedia":[{"embeddable":true,"href":"https:\/\/karandoogo.com\/index.php\/wp-json\/wp\/v2\/media\/831"}],"wp:attachment":[{"href":"https:\/\/karandoogo.com\/index.php\/wp-json\/wp\/v2\/media?parent=1668"}],"wp:term":[{"taxonomy":"product_brand","embeddable":true,"href":"https:\/\/karandoogo.com\/index.php\/wp-json\/wp\/v2\/product_brand?post=1668"},{"taxonomy":"product_cat","embeddable":true,"href":"https:\/\/karandoogo.com\/index.php\/wp-json\/wp\/v2\/product_cat?post=1668"},{"taxonomy":"product_tag","embeddable":true,"href":"https:\/\/karandoogo.com\/index.php\/wp-json\/wp\/v2\/product_tag?post=1668"}],"curies":[{"name":"wp","href":"https:\/\/api.w.org\/{rel}","templated":true}]}}