{"id":1672,"date":"2022-08-25T17:09:39","date_gmt":"2022-08-25T17:09:39","guid":{"rendered":"https:\/\/karandoogo.com\/?post_type=product&#038;p=1672"},"modified":"2025-10-19T13:54:41","modified_gmt":"2025-10-19T13:54:41","slug":"expose-complet-sur-le-coronavirus-origine-symptomes-traitement","status":"publish","type":"product","link":"https:\/\/karandoogo.com\/index.php\/produit\/expose-complet-sur-le-coronavirus-origine-symptomes-traitement\/","title":{"rendered":"Expos\u00e9 complet sur le Coronavirus (Origine, sympt\u00f4mes, traitement)"},"content":{"rendered":"","protected":false},"excerpt":{"rendered":"<p><strong>NB:<\/strong> Les documents mis \u00e0 disposition sur ce site sont des documents \u00e0 exploiter, autrement dit des compl\u00e9ments pour parfaire votre travail. Ils ne sont pas faits pour \u00eatre pr\u00e9sent\u00e9s \u00e0 l\u2019\u00e9tat.<\/p>\n<p><strong><u>PLAN<\/u><\/strong><\/p>\n<p><strong><u>INTRODUCTION<\/u><\/strong><\/p>\n<ol type=\"I\">\n<li><strong><u>ORIGINE DU CORONAVIRUS<\/u><\/strong><\/li>\n<li><strong><u>CARACTERISTIQUES DU CORONA<\/u><\/strong><\/li>\n<li><strong><u>MODE DE TRANSMISION<\/u><\/strong><\/li>\n<li><strong><u>SYMPTOMES ET EVOLUTION DE LA MALADIE<\/u><\/strong><\/li>\n<li><strong><u>Sympt\u00f4mes<\/u><\/strong><\/li>\n<li><strong><u>Evolution<\/u><\/strong><\/li>\n<li><strong><u>PREVENTION ET TRAITEMENT DE LA MALADIE<\/u><\/strong><\/li>\n<li><strong><u>Pr\u00e9vention<\/u><\/strong><\/li>\n<li><strong><u>Traitement de la maladie<\/u><\/strong><\/li>\n<\/ol>\n<p><strong><u>Conclusion<\/u><\/strong><\/p>\n<p><strong><u>INTRODUCTION<\/u><\/strong><\/p>\n<p>Les coronavirus constituent une famille de virus dont certains peuvent infecter les humains, entra\u00eenant le plus souvent des sympt\u00f4mes b\u00e9nins de type rhume. N\u00e9anmoins, trois \u00e9pid\u00e9mies mortelles sont d\u00e9j\u00e0 survenues au 21e si\u00e8cle, dont celle en cours. Elles impliquent des coronavirus \u00e9mergents, h\u00e9berg\u00e9s par des animaux et soudain transmis \u00e0 l\u2019homme : les SRAS-CoV et le MERS-CoV.<\/p>\n<p>Alors que l\u2019\u00e9pid\u00e9mie li\u00e9e au coronavirus SARS-CoV-2 s\u2019est propag\u00e9e dans le monde, la recherche se mobilise pour acc\u00e9l\u00e9rer la production des connaissances sur ce virus, sur la maladie qu\u2019elle provoque (Covid-19) ainsi que les moyens de la gu\u00e9rir et de la pr\u00e9venir.<\/p>\n<ol type=\"I\">\n<li><strong><u>ORIGINE DU CORONAVIRUS<\/u><\/strong><\/li>\n<\/ol>\n<p>Les coronavirus sont des\u00a0 virus \u00e0 ARN envelopp\u00e9 appartenant \u00e0 la famille des Coronaviridae, genre betacoronavirus. Chez l\u2019homme, 4 esp\u00e8ces de coronavirus \u00e9taient habituellement connues (229E, NL63, OC43, et HKU1) : elles circulent habituellement chez l\u2019homme de fa\u00e7on saisonni\u00e8re, mais elles sont essentiellement responsables de rhumes (10 \u00e0 15% des cas dans le monde) et de pathologies respiratoires b\u00e9nignes.<\/p>\n<ol type=\"I\">\n<li><strong><u>CARACTERISTIQUES DU CORONA<\/u><\/strong><\/li>\n<\/ol>\n<p>Le taux de mortalit\u00e9 du nouveau virus fluctue en moyenne autour de 1%, sup\u00e9rieur \u00e0 celui d\u2019une grippe saisonni\u00e8re (entre 0,1% et 0,3%) mais loin des 9,6 % du coronavirus du syndrome respiratoire aigu s\u00e9v\u00e8re (SARS-CoV-1), qui a tu\u00e9 774 personnes en 2002-2003, et tr\u00e8s loin des plus de 30% du coronavirus du Mers (selon le Journal of Medical Virology).<\/p>\n<p>Ce nouveau virus (SARS-CoV-2) est en revanche plus contagieux que ce que les premi\u00e8res donn\u00e9es indiquaient d\u00e9but janvier. La contagiosit\u00e9 du virus (ou taux de reproduction de base \u2013 R0) est estim\u00e9e en moyenne entre 2,2 et 2,68 (NB : ce taux est variable en fonction de facteurs spatio temporels), ce qui signifie qu\u2019en moyenne, chaque personne malade va infecter entre 2.2 et 2.68 nouvelles personnes. Pour comparaison, le SARS-CoV-1 avait une contagiosit\u00e9 estim\u00e9e entre 2 et 5 (NB : la grippe est \u00e0 1,3, la varicelle est \u00e0 8,5 et la rougeole \u00e0 9). Mais surtout, ce qui fait la diff\u00e9rence entre les deux SARS-CoV, c\u2019est que le 1 ne donnait que des formes cliniques s\u00e9v\u00e8res (et donc rep\u00e9rables) et que les patients infect\u00e9s n\u2019\u00e9taient contagieux que 3 jours apr\u00e8s l\u2019apparition des signes cliniques (laissant donc le temps de mettre en place des mesures d\u2019isolement), ce qui n\u2019est pas du tout le cas pour le 2 (voir ci apr\u00e8s).<\/p>\n<p>La p\u00e9riode d\u2019incubation pour le SARS-CoV-2, c\u2019est-\u00e0-dire le d\u00e9lai entre l\u2019infection et l\u2019apparition des sympt\u00f4mes, n\u2019est pas pr\u00e9cis\u00e9ment connue mais varierait de 2 \u00e0 14 jours avec une dur\u00e9e moyenne de 5.2 jours et un 95e percentile \u00e0 12.5 jours (NB : Selon une \u00e9tude chinoise sur les mille premiers malades hospitalis\u00e9s \u00e0 Wuhan, la dur\u00e9e d\u2019incubation se situerait entre 0 et 24 jours avec une m\u00e9diane de 3 jours et selon une \u00e9tude r\u00e9alis\u00e9e sur 181 cas d\u2019infection confirm\u00e9e par le SRAS-CoV-2 d\u00e9tect\u00e9s \u00e0 l\u2019ext\u00e9rieur de la province du Hubei avant le 24 f\u00e9vrier 2020, elle serait de 4 \u00e0 4,9 jours, semblable \u00e0 celle du SRAS : 5 jours). Le\u00a0 temps de doublement de l\u2019\u00e9pid\u00e9mie serait de 6,4 \u00e0 7,5 jours (Sources : ProMED-Mail, ECDC, CDC, OMS).<\/p>\n<p>La p\u00e9riode de contagiosit\u00e9 n\u2019est pas encore bien d\u00e9finie et il est possible qu\u2019une personne puisse \u00eatre contagieuse au moins 24h avant l\u2019apparition des sympt\u00f4mes.<\/p>\n<p>Il se d\u00e9roule en moyenne 5 \u00e0 8 jours entre l\u2019infection par le virus et la possibilit\u00e9 de le transmettre \u00e0 un tiers, que l\u2019on d\u00e9veloppe des sympt\u00f4mes ou non. Le risque de transmission est maximal \u00e0 l\u2019apparition de ces sympt\u00f4mes (lorsqu\u2019on en a), mais il d\u00e9bute en moyenne 2 \u00e0 3 jours avant. Ce risque diminue ensuite progressivement \u00e0 partir du 7e jour suivant l\u2019apparition des sympt\u00f4mes. Il devient limit\u00e9 au-del\u00e0 de 10 jours et&#8230;<\/p>\n<p>Pour obtenir l&rsquo;expos\u00e9 complet contactez le +226 56196345 (WhatsApp).<\/p>\n","protected":false},"featured_media":831,"template":"","meta":{"jetpack_publicize_message":"","jetpack_publicize_feature_enabled":true,"jetpack_social_post_already_shared":false,"jetpack_social_options":{"image_generator_settings":{"template":"highway","default_image_id":0,"font":"","enabled":false},"version":2}},"product_brand":[],"product_cat":[627,546],"product_tag":[686,685],"class_list":{"0":"post-1672","1":"product","2":"type-product","3":"status-publish","4":"has-post-thumbnail","6":"product_cat-sciences-de-la-vie-et-de-la-terre","7":"product_cat-societe","8":"product_tag-covid-19","9":"product_tag-crise-sanitaire","11":"first","12":"instock","13":"downloadable","14":"virtual","15":"sold-individually","16":"purchasable","17":"product-type-simple"},"aioseo_notices":[],"jetpack_publicize_connections":[],"jetpack-related-posts":[],"jetpack_sharing_enabled":true,"_links":{"self":[{"href":"https:\/\/karandoogo.com\/index.php\/wp-json\/wp\/v2\/product\/1672","targetHints":{"allow":["GET"]}}],"collection":[{"href":"https:\/\/karandoogo.com\/index.php\/wp-json\/wp\/v2\/product"}],"about":[{"href":"https:\/\/karandoogo.com\/index.php\/wp-json\/wp\/v2\/types\/product"}],"wp:featuredmedia":[{"embeddable":true,"href":"https:\/\/karandoogo.com\/index.php\/wp-json\/wp\/v2\/media\/831"}],"wp:attachment":[{"href":"https:\/\/karandoogo.com\/index.php\/wp-json\/wp\/v2\/media?parent=1672"}],"wp:term":[{"taxonomy":"product_brand","embeddable":true,"href":"https:\/\/karandoogo.com\/index.php\/wp-json\/wp\/v2\/product_brand?post=1672"},{"taxonomy":"product_cat","embeddable":true,"href":"https:\/\/karandoogo.com\/index.php\/wp-json\/wp\/v2\/product_cat?post=1672"},{"taxonomy":"product_tag","embeddable":true,"href":"https:\/\/karandoogo.com\/index.php\/wp-json\/wp\/v2\/product_tag?post=1672"}],"curies":[{"name":"wp","href":"https:\/\/api.w.org\/{rel}","templated":true}]}}