{"id":1680,"date":"2022-08-25T16:46:43","date_gmt":"2022-08-25T16:46:43","guid":{"rendered":"https:\/\/karandoogo.com\/?post_type=product&#038;p=1680"},"modified":"2025-10-19T13:54:41","modified_gmt":"2025-10-19T13:54:41","slug":"expose-complet-sur-lalcool-la-drogue-et-le-tabac-causes-consequences-solutions","status":"publish","type":"product","link":"https:\/\/karandoogo.com\/index.php\/produit\/expose-complet-sur-lalcool-la-drogue-et-le-tabac-causes-consequences-solutions\/","title":{"rendered":"Expos\u00e9 complet sur l&rsquo;alcool, la drogue et le tabac (causes, cons\u00e9quences, solutions)"},"content":{"rendered":"","protected":false},"excerpt":{"rendered":"<p><strong>NB:<\/strong> Les documents mis \u00e0 disposition sur ce site sont des documents \u00e0 exploiter, autrement dit des compl\u00e9ments pour parfaire votre travail. Ils ne sont pas faits pour \u00eatre pr\u00e9sent\u00e9s \u00e0 l\u2019\u00e9tat.<\/p>\n<p><strong>Introduction<\/strong><\/p>\n<p><strong>\u00a0\u00a0 \u00a0\u00a0\u00a0\u00a0\u00a0\u00a0\u00a0\u00a0 I) L\u2019alcool<\/strong><\/p>\n<ol type=\"1\">\n<li>D\u00e9finition<\/li>\n<li>Origine<\/li>\n<li>Cause<\/li>\n<li>Cons\u00e9quence<\/li>\n<li>Lutte contre l\u2019alcool<\/li>\n<\/ol>\n<p><strong>\u00a0\u00a0\u00a0 II) Le tabac<\/strong><\/p>\n<ol type=\"1\">\n<li>D\u00e9finition<\/li>\n<li>Origine<\/li>\n<li>Cause<\/li>\n<li>Cons\u00e9quence<\/li>\n<li>Lutte contre le tabac<\/li>\n<\/ol>\n<p><strong>III) La drogue<\/strong><\/p>\n<ol type=\"1\">\n<li>D\u00e9finition<\/li>\n<li>Origine<\/li>\n<li>Cause<\/li>\n<li>Cons\u00e9quence<\/li>\n<li>Lutte contre la drogue<\/li>\n<\/ol>\n<p><strong>\u00a0\u00a0\u00a0\u00a0\u00a0\u00a0\u00a0\u00a0\u00a0\u00a0\u00a0\u00a0\u00a0\u00a0\u00a0 \u00a0\u00a0\u00a0\u00a0\u00a0\u00a0\u00a0\u00a0\u00a0\u00a0\u00a0\u00a0\u00a0\u00a0\u00a0\u00a0\u00a0\u00a0\u00a0\u00a0\u00a0 \u00a0\u00a0\u00a0\u00a0\u00a0\u00a0\u00a0\u00a0 Conclusion<\/strong><\/p>\n<p><strong><u>Introduction<\/u><\/strong><\/p>\n<p>Dans les\u00a0<a href=\"zeno:\/\/fr.wikipedia\/A\/Ann%C3%A9es%201970\">ann\u00e9es 1970<\/a>, la consommation probl\u00e9matique (Alcool\u00a0; Tabac\u00a0; Drogue) explose dans les pays occidentaux pour devenir un probl\u00e8me de sant\u00e9 publique alors que dans le m\u00eame temps se met en place une r\u00e9glementation internationale. La toxicomanie est consid\u00e9r\u00e9e comme un ph\u00e9nom\u00e8ne de\u00a0<a href=\"zeno:\/\/fr.wikipedia\/A\/Soci%C3%A9t%C3%A9%20%28sciences%20sociales%29\">soci\u00e9t\u00e9<\/a>\u00a0ayant des cons\u00e9quences sur l\u2019individu et sur la soci\u00e9t\u00e9 en g\u00e9n\u00e9ral. Le toxicomane de l\u2019\u00e9poque \u00e9tait alors souvent consid\u00e9r\u00e9 comme un malade, victime de sa consommation, contraint \u00e0 la d\u00e9linquance et dont le seul salut consistait en l\u2019<a href=\"zeno:\/\/fr.wikipedia\/A\/Abstinence\">abstinence<\/a>. Certains le limitent strictement \u00e0 l\u2019usage de substances\u00a0<a href=\"zeno:\/\/fr.wikipedia\/A\/Psychotrope#La%20mise%20en%20place%20d.27une%20r.C3.A9glementation%20internationale\">psychotropes interdites<\/a>\u00a0; d\u2019autres l\u2019utilisent pour d\u00e9signer toute consommation de produits psychotropes sans distinguer les types de consommation (consommation probl\u00e9matique, consommation occasionnelle, etc.) tandis que d\u2019autres s\u2019attachent \u00e0 la d\u00e9finition dans son ensemble sans distinction de produits et y attachent toute sorte de conduites de type compulsif comme l\u2019<a href=\"zeno:\/\/fr.wikipedia\/A\/Alcoolisme\">alcoolisme<\/a>, le\u00a0<a href=\"zeno:\/\/fr.wikipedia\/A\/Tabagisme\">tabagisme<\/a>\u00a0et la drogue.<\/p>\n<p><strong><u>I) L\u2019alcool<\/u><\/strong><\/p>\n<p><strong>\u00a0\u00a0 1-<u>D\u00e9finition<\/u><\/strong><\/p>\n<p>L\u2019alcool est substance obtenu par la fermeture de divers v\u00e9g\u00e9taux (fruits, l\u00e9gume ou c\u00e9r\u00e9ales riche en sucre comme du raisin).<\/p>\n<p><strong>2-<u>L\u2019origine<\/u><\/strong><\/p>\n<p>L\u2019origine du mot alcool est venue d\u2019une transformation du nom de Kh\u00f4l en arabe qui veut dire poudre tr\u00e8s fine en Fran\u00e7ais qui se traduit en alcool en espagnol et a \u00e9t\u00e9 attest\u00e9 en 1278<\/p>\n<p><strong>\u00a0\u00a0\u00a0 3-<u>Cause<\/u><\/strong><\/p>\n<p>L\u2019abus de l\u2019alcool est caus\u00e9 surtout par une envie. Les jeunes en utilisent pour se faire passer des soucis, pour boire de plaisir et pour\u00a0 essayer occasionnellement qui devient par la suite une habitude.<\/p>\n<p>4<strong>\u2013<u>Cons\u00e9quence<\/u><\/strong>\u00a0L\u2019alcool est une substance dont l\u2019abus est tr\u00e8s dangereux pour la sant\u00e9 humaine. L\u2019abus exag\u00e9r\u00e9 de l\u2019alcool entraine une maladie appel\u00e9e l\u2019alcoolisme (c\u2019est l\u2019ensemble des troubleprovoqu\u00e9es par\u2026<\/p>\n<p>Pour obtenir l&rsquo;expos\u00e9 complet contactez le +226 56196345 (WhatsApp).<\/p>\n","protected":false},"featured_media":831,"template":"","meta":{"jetpack_publicize_message":"","jetpack_publicize_feature_enabled":true,"jetpack_social_post_already_shared":false,"jetpack_social_options":{"image_generator_settings":{"template":"highway","default_image_id":0,"font":"","enabled":false},"version":2}},"product_brand":[],"product_cat":[546],"product_tag":[641,680,679],"class_list":{"0":"post-1680","1":"product","2":"type-product","3":"status-publish","4":"has-post-thumbnail","6":"product_cat-societe","7":"product_tag-alcoolisme","8":"product_tag-drogue","9":"product_tag-tabagisme","11":"first","12":"instock","13":"downloadable","14":"virtual","15":"sold-individually","16":"purchasable","17":"product-type-simple"},"aioseo_notices":[],"jetpack_publicize_connections":[],"jetpack-related-posts":[],"jetpack_sharing_enabled":true,"_links":{"self":[{"href":"https:\/\/karandoogo.com\/index.php\/wp-json\/wp\/v2\/product\/1680","targetHints":{"allow":["GET"]}}],"collection":[{"href":"https:\/\/karandoogo.com\/index.php\/wp-json\/wp\/v2\/product"}],"about":[{"href":"https:\/\/karandoogo.com\/index.php\/wp-json\/wp\/v2\/types\/product"}],"wp:featuredmedia":[{"embeddable":true,"href":"https:\/\/karandoogo.com\/index.php\/wp-json\/wp\/v2\/media\/831"}],"wp:attachment":[{"href":"https:\/\/karandoogo.com\/index.php\/wp-json\/wp\/v2\/media?parent=1680"}],"wp:term":[{"taxonomy":"product_brand","embeddable":true,"href":"https:\/\/karandoogo.com\/index.php\/wp-json\/wp\/v2\/product_brand?post=1680"},{"taxonomy":"product_cat","embeddable":true,"href":"https:\/\/karandoogo.com\/index.php\/wp-json\/wp\/v2\/product_cat?post=1680"},{"taxonomy":"product_tag","embeddable":true,"href":"https:\/\/karandoogo.com\/index.php\/wp-json\/wp\/v2\/product_tag?post=1680"}],"curies":[{"name":"wp","href":"https:\/\/api.w.org\/{rel}","templated":true}]}}