{"id":1709,"date":"2022-08-28T00:32:10","date_gmt":"2022-08-28T00:32:10","guid":{"rendered":"https:\/\/karandoogo.com\/?post_type=product&#038;p=1709"},"modified":"2025-10-19T13:54:41","modified_gmt":"2025-10-19T13:54:41","slug":"expose-complet-sur-lavortement-causes-consequences-prevention","status":"publish","type":"product","link":"https:\/\/karandoogo.com\/index.php\/produit\/expose-complet-sur-lavortement-causes-consequences-prevention\/","title":{"rendered":"Expos\u00e9 complet sur l\u2019avortement (causes, cons\u00e9quences, pr\u00e9vention)"},"content":{"rendered":"","protected":false},"excerpt":{"rendered":"<p><strong>NB:<\/strong> Les documents mis \u00e0 disposition sur ce site sont des documents \u00e0 exploiter, autrement dit des compl\u00e9ments pour parfaire votre travail. Ils ne sont pas faits pour \u00eatre pr\u00e9sent\u00e9s \u00e0 l\u2019\u00e9tat.<\/p>\n<p><strong>Introduction<\/strong><\/p>\n<p><strong>D\u00e9finition<\/strong><\/p>\n<p><strong>Causes de l\u2019avortement<\/strong><\/p>\n<p><strong>Causes de l\u2019avortement spontan\u00e9<\/strong><\/p>\n<p><strong>Causes de l\u2019avortement volontaire<\/strong><\/p>\n<p><strong>Causes de l\u2019avortement th\u00e9rapeutique<\/strong><\/p>\n<p><strong>Cons\u00e9quences<\/strong><\/p>\n<p><strong>Pr\u00e9vention<\/strong><\/p>\n<p><strong>Conclusion<\/strong><\/p>\n<p>&nbsp;<\/p>\n<p><strong>Introduction<\/strong><\/p>\n<p>L\u2019avortement est un ph\u00e9nom\u00e8ne pr\u00e9sent dans le monde entier, il a de nombreux causes et cons\u00e9quences pour les personnes qui la pratiquent.<\/p>\n<p>De nombreuses mesures sont utilis\u00e9es pour lutter contre cette pratique.<\/p>\n<ol type=\"I\">\n<li><strong>D\u00e9finition<\/strong><\/li>\n<\/ol>\n<p>L\u2019avortement est l\u2019interruption d\u2019une grossesse avant terme (9 mois).<\/p>\n<p>Il peut \u00eatre volontaire (provoqu\u00e9) encore appel\u00e9\u00a0 I.V.G\u00a0 (Interruption Volontaire d\u2019une Grossesse). Il \u00a0peut \u00eatre spontan\u00e9, on parle alors de fausse couche. Il peut \u00eatre \u00e9galement th\u00e9rapeutique (pratique dans un\u00a0 centre de sant\u00e9 pour\u00a0 sauver la vie d\u2019une m\u00e8re en danger.<\/p>\n<ol type=\"I\">\n<li><strong>Causes de l\u2019avortement<\/strong><\/li>\n<li><strong>Causes de l\u2019avortement spontan\u00e9<\/strong><\/li>\n<\/ol>\n<p>Les causes de cet avortement sont\u00a0:<\/p>\n<ul>\n<li>L\u2019exc\u00e8s de fatigue<\/li>\n<li>Aux secoussesr\u00e9p\u00e9t\u00e9es<\/li>\n<li>Aux maladies<\/li>\n<\/ul>\n<ul>\n<li><strong>Causes de l\u2019avortement volontaire<\/strong><\/li>\n<\/ul>\n<p>La principale cause de l\u2019avortement volontaire est due aux grossesses non-d\u00e9sir\u00e9es. On a \u00e9galement le traitement familial inflig\u00e9\u2026<\/p>\n<p>Pour obtenir l&rsquo;expos\u00e9 complet contactez le +226 56196345 (WhatsApp).<\/p>\n","protected":false},"featured_media":831,"template":"","meta":{"jetpack_publicize_message":"","jetpack_publicize_feature_enabled":true,"jetpack_social_post_already_shared":false,"jetpack_social_options":{"image_generator_settings":{"template":"highway","default_image_id":0,"font":"","enabled":false},"version":2}},"product_brand":[],"product_cat":[546],"product_tag":[691,692],"class_list":{"0":"post-1709","1":"product","2":"type-product","3":"status-publish","4":"has-post-thumbnail","6":"product_cat-societe","7":"product_tag-avortement","8":"product_tag-cases-et-consequences-de-lavortement","10":"first","11":"instock","12":"downloadable","13":"virtual","14":"sold-individually","15":"purchasable","16":"product-type-simple"},"aioseo_notices":[],"jetpack_publicize_connections":[],"jetpack-related-posts":[],"jetpack_sharing_enabled":true,"_links":{"self":[{"href":"https:\/\/karandoogo.com\/index.php\/wp-json\/wp\/v2\/product\/1709","targetHints":{"allow":["GET"]}}],"collection":[{"href":"https:\/\/karandoogo.com\/index.php\/wp-json\/wp\/v2\/product"}],"about":[{"href":"https:\/\/karandoogo.com\/index.php\/wp-json\/wp\/v2\/types\/product"}],"wp:featuredmedia":[{"embeddable":true,"href":"https:\/\/karandoogo.com\/index.php\/wp-json\/wp\/v2\/media\/831"}],"wp:attachment":[{"href":"https:\/\/karandoogo.com\/index.php\/wp-json\/wp\/v2\/media?parent=1709"}],"wp:term":[{"taxonomy":"product_brand","embeddable":true,"href":"https:\/\/karandoogo.com\/index.php\/wp-json\/wp\/v2\/product_brand?post=1709"},{"taxonomy":"product_cat","embeddable":true,"href":"https:\/\/karandoogo.com\/index.php\/wp-json\/wp\/v2\/product_cat?post=1709"},{"taxonomy":"product_tag","embeddable":true,"href":"https:\/\/karandoogo.com\/index.php\/wp-json\/wp\/v2\/product_tag?post=1709"}],"curies":[{"name":"wp","href":"https:\/\/api.w.org\/{rel}","templated":true}]}}