{"id":1711,"date":"2022-08-28T00:42:10","date_gmt":"2022-08-28T00:42:10","guid":{"rendered":"https:\/\/karandoogo.com\/?post_type=product&#038;p=1711"},"modified":"2025-10-19T13:54:41","modified_gmt":"2025-10-19T13:54:41","slug":"expose-complet-sur-limperialisme","status":"publish","type":"product","link":"https:\/\/karandoogo.com\/index.php\/produit\/expose-complet-sur-limperialisme\/","title":{"rendered":"Expos\u00e9 complet sur l&rsquo;imp\u00e9rialisme"},"content":{"rendered":"","protected":false},"excerpt":{"rendered":"<p><strong>NB:<\/strong> Les documents mis \u00e0 disposition sur ce site sont des documents \u00e0 exploiter, autrement dit des compl\u00e9ments pour parfaire votre travail. Ils ne sont pas faits pour \u00eatre pr\u00e9sent\u00e9s \u00e0 l\u2019\u00e9tat.<\/p>\n<p><strong><u>INTRODUCTION<\/u><\/strong><\/p>\n<ol type=\"I\">\n<li><strong><u>DEFINITION SUR LA NOTION D\u2019IMPERIALISME<\/u><\/strong><\/li>\n<li><strong><u>LES DIFFERENTES CAUSES DE L\u2019IMPERIALISME DE L\u2019EUROPE SUR L\u2019AFRIQUE A LA FIN DU XIXEME SIECLE<\/u><\/strong><\/li>\n<li><strong>Les causes d\u00e9mographiques<\/strong><\/li>\n<li><strong>Les causes \u00e9conomiques<\/strong><\/li>\n<li><strong>Les causes politiques et militaires<\/strong><\/li>\n<li><strong>\u00a0Les causes psychologiques et raciales<\/strong><\/li>\n<li><strong>Les causes humanitaires et religieuses<\/strong><\/li>\n<li><strong><u>LES PARTISANS DE L\u2019IMPERIALISME<\/u><\/strong><\/li>\n<li><strong><u>LES NON PARTISANS DE L\u2019IMPERIALISME<\/u><\/strong><\/li>\n<li><strong><u>LES REGIONS TOUCHEES PAR L\u2019IMPERIALISME<\/u><\/strong><\/li>\n<\/ol>\n<p><strong><u>CONCLUSION<\/u><\/strong><\/p>\n<p><strong><u>INTRODUCTION<\/u><\/strong><\/p>\n<p>Pour les auteurs marxistes l\u2019imp\u00e9rialisme est le moyen de faire face \u00e0 la baisse tendancielle du taux de profit en \u00e9tendant l\u2019exploitation dans le monde colonial. L\u00e9nine analyse ainsi la Premi\u00e8re Guerre mondiale comme le produit de la lutte entre capitalistes pour l\u2019appropriation des colonies. Au c\u0153ur de ce stade de d\u00e9veloppement du capitalisme, on trouve, apr\u00e8s la concentration ayant eu lieu au XIXe si\u00e8cle, le \u00ab grand capital \u00bb, largement contr\u00f4l\u00e9 par les banques et la finance selon L\u00e9nine. Au cours de notre \u00e9tude nous allons nous appesantir sur ce syst\u00e8me, et d\u00e9gager les enjeux qui l\u2019entourent.<\/p>\n<ol type=\"I\">\n<li><strong><u>DEFINITION SUR LA NOTION D\u2019IMPERIALISME<\/u><\/strong><\/li>\n<\/ol>\n<p>L\u2019imp\u00e9rialisme est une strat\u00e9gie et doctrine politique de conqu\u00eate, visant la formation d\u2019un empire ou d\u2019une domination et souvent justifi\u00e9e, comme dans le cas des pays europ\u00e9ens, par l\u2019id\u00e9e d\u2019une mission civilisatrice. Pour John Atkinson Hobson, la nouveaut\u00e9 dans l\u2019imp\u00e9rialisme de la fin du xixe si\u00e8cle et du d\u00e9but du xxe si\u00e8cle, c\u2019est qu\u2019il n\u2019est plus li\u00e9 \u00e0 l\u2019id\u00e9e d\u2019un empire couvrant le monde connu, comme c\u2019\u00e9tait le cas dans le cadre de la Pax Romana1. Au contraire, \u00e0 la suite de la mont\u00e9e du nationalisme au xixe si\u00e8cle, cet imp\u00e9rialisme donne lieu \u00e0 une lutte entre empires concurrents1 (Empire allemand, Empire britannique, Empire russe, etc.). Au niveau \u00e9conomique, l\u2019imp\u00e9rialisme est alors de nature protectionniste et s\u2019oppose au libre-\u00e9change. Par ailleurs, ses liens avec certaines formes de capitalisme monopolistique sont mis en avant par de nombreux auteurs marxistes. De nos jours, ce terme est employ\u00e9 de fa\u00e7on large pour d\u00e9signer tout rapport de domination \u00e9tabli par une nation ou pays sur un ou plusieurs autres pays.<\/p>\n<ol type=\"I\">\n<li><strong><u>LES DIFFERENTES CAUSES DE L\u2019IMPERIALISME DE L\u2019EUROPE SUR L\u2019AFRIQUE A LA FIN DU XIXEME SIECLE<\/u><\/strong><\/li>\n<li><strong>Les causes d\u00e9mographiques<\/strong><\/li>\n<\/ol>\n<p>Au 19es l\u2019Europe conna\u00eet un v\u00e9ritable boom d\u00e9mographique d\u00fb aux progr\u00e8s de la m\u00e9decine et l\u2019am\u00e9lioration des conditions de vie. Cette population devenant trop nombreuse par rapport aux ressources aura tendance \u00e0 migrer. L\u2019Europe installe ainsi outre-mer le sur plus de sa population.<\/p>\n<ul>\n<li><strong>Les causes \u00e9conomiques<\/strong><\/li>\n<\/ul>\n<p>Les causes de l\u2019imp\u00e9rialisme sont surtout \u00e9conomiques. Il s\u2019agit de la recherche des d\u00e9bouch\u00e9s pour \u00e9couler le surplus de la production Europ\u00e9enne et la recherche des mati\u00e8res premi\u00e8res et\u2026<\/p>\n<p>Pour obtenir l&rsquo;expos\u00e9 complet contactez le +226 56196345 (WhatsApp).<\/p>\n","protected":false},"featured_media":831,"template":"","meta":{"jetpack_publicize_message":"","jetpack_publicize_feature_enabled":true,"jetpack_social_post_already_shared":false,"jetpack_social_options":{"image_generator_settings":{"template":"highway","default_image_id":0,"font":"","enabled":false},"version":2}},"product_brand":[],"product_cat":[608],"product_tag":[695,696],"class_list":{"0":"post-1711","1":"product","2":"type-product","3":"status-publish","4":"has-post-thumbnail","6":"product_cat-histoire","7":"product_tag-imperialisme","8":"product_tag-revolution","10":"first","11":"instock","12":"downloadable","13":"virtual","14":"sold-individually","15":"purchasable","16":"product-type-simple"},"aioseo_notices":[],"jetpack_publicize_connections":[],"jetpack-related-posts":[],"jetpack_sharing_enabled":true,"_links":{"self":[{"href":"https:\/\/karandoogo.com\/index.php\/wp-json\/wp\/v2\/product\/1711","targetHints":{"allow":["GET"]}}],"collection":[{"href":"https:\/\/karandoogo.com\/index.php\/wp-json\/wp\/v2\/product"}],"about":[{"href":"https:\/\/karandoogo.com\/index.php\/wp-json\/wp\/v2\/types\/product"}],"wp:featuredmedia":[{"embeddable":true,"href":"https:\/\/karandoogo.com\/index.php\/wp-json\/wp\/v2\/media\/831"}],"wp:attachment":[{"href":"https:\/\/karandoogo.com\/index.php\/wp-json\/wp\/v2\/media?parent=1711"}],"wp:term":[{"taxonomy":"product_brand","embeddable":true,"href":"https:\/\/karandoogo.com\/index.php\/wp-json\/wp\/v2\/product_brand?post=1711"},{"taxonomy":"product_cat","embeddable":true,"href":"https:\/\/karandoogo.com\/index.php\/wp-json\/wp\/v2\/product_cat?post=1711"},{"taxonomy":"product_tag","embeddable":true,"href":"https:\/\/karandoogo.com\/index.php\/wp-json\/wp\/v2\/product_tag?post=1711"}],"curies":[{"name":"wp","href":"https:\/\/api.w.org\/{rel}","templated":true}]}}