{"id":1714,"date":"2022-08-28T01:05:17","date_gmt":"2022-08-28T01:05:17","guid":{"rendered":"https:\/\/karandoogo.com\/?post_type=product&#038;p=1714"},"modified":"2025-10-19T13:54:41","modified_gmt":"2025-10-19T13:54:41","slug":"expose-complet-sur-le-secteur-secondaire-du-burkina","status":"publish","type":"product","link":"https:\/\/karandoogo.com\/index.php\/produit\/expose-complet-sur-le-secteur-secondaire-du-burkina\/","title":{"rendered":"Expos\u00e9 complet sur le secteur secondaire du Burkina"},"content":{"rendered":"","protected":false},"excerpt":{"rendered":"<p><strong>NB:<\/strong> Les documents mis \u00e0 disposition sur ce site sont des documents \u00e0 exploiter, autrement dit des compl\u00e9ments pour parfaire votre travail. Ils ne sont pas faits pour \u00eatre pr\u00e9sent\u00e9s \u00e0 l\u2019\u00e9tat<\/p>\n<p><strong><u>INTRODUCTION<\/u><\/strong><\/p>\n<ol type=\"I\">\n<li><strong><u>L\u2019ARTISANAT<\/u><\/strong><\/li>\n<li><strong><u>Les Forces<\/u><\/strong><\/li>\n<li><strong><u>Les Faiblesses<\/u><\/strong><\/li>\n<li><strong><u>LES MINES<\/u><\/strong><\/li>\n<li><strong><u>Les Forces<\/u><\/strong><\/li>\n<li><strong><u>Les Faiblesses<\/u><\/strong><\/li>\n<li><strong><u>L\u2019INDUSTRIE<\/u><\/strong><\/li>\n<li><strong><u>Les Forces<\/u><\/strong><\/li>\n<li><strong><u>Les Faiblesses<\/u><\/strong><\/li>\n<\/ol>\n<p><strong><u>CONCLUSION<\/u><\/strong><\/p>\n<p><strong><u>INTRODUCTION<\/u><\/strong><\/p>\n<p>Le secteur secondaire contribue pour 22,2% \u00e0 la formation de la valeur ajout\u00e9e du PIB r\u00e9el du Burkina Faso. Ce secteur poss\u00e8de de nombreux atouts dont la valorisation pourrait conduire \u00e0 relever sa contribution \u00e0 la richesse nationale. Les strat\u00e9gies \u00e9labor\u00e9es en vue de d\u00e9velopper le secteur primaire devraient entra\u00eener les autres secteurs de l\u2019\u00e9conomie notamment le secondaire.<\/p>\n<ol type=\"I\">\n<li><strong><u>L\u2019ARTISANAT<\/u><\/strong><\/li>\n<li><strong><u>Les Forces<\/u><\/strong><\/li>\n<\/ol>\n<p>On estime \u00e0 plus de 900 000 le nombre des artisans dont 500 000 femmes. 85 % de ces artisans exercent leurs activit\u00e9s dans les deux principaux centres urbains de Ouagadougou et de Bobo-Dioulasso (capitale \u00e9conomique). L\u2019artisanat contribue ainsi pour environ 30 % du produit int\u00e9rieur brut (PIB). Le secteur, en pleine croissance depuis la d\u00e9valuation du F CFA intervenue en janvier 1994, est\u2026<\/p>\n<p>Pour obtenir l&rsquo;expos\u00e9 complet contactez le +226 56196345 (WhatsApp).<\/p>\n","protected":false},"featured_media":831,"template":"","meta":{"jetpack_publicize_message":"","jetpack_publicize_feature_enabled":true,"jetpack_social_post_already_shared":false,"jetpack_social_options":{"image_generator_settings":{"template":"highway","default_image_id":0,"font":"","enabled":false},"version":2}},"product_brand":[],"product_cat":[703,546],"product_tag":[705,706,704],"class_list":{"0":"post-1714","1":"product","2":"type-product","3":"status-publish","4":"has-post-thumbnail","6":"product_cat-economie","7":"product_cat-societe","8":"product_tag-etat-des-lieux","9":"product_tag-perspectives","10":"product_tag-secteur-secondaire","12":"first","13":"instock","14":"downloadable","15":"virtual","16":"sold-individually","17":"purchasable","18":"product-type-simple"},"aioseo_notices":[],"jetpack_publicize_connections":[],"jetpack-related-posts":[],"jetpack_sharing_enabled":true,"_links":{"self":[{"href":"https:\/\/karandoogo.com\/index.php\/wp-json\/wp\/v2\/product\/1714","targetHints":{"allow":["GET"]}}],"collection":[{"href":"https:\/\/karandoogo.com\/index.php\/wp-json\/wp\/v2\/product"}],"about":[{"href":"https:\/\/karandoogo.com\/index.php\/wp-json\/wp\/v2\/types\/product"}],"wp:featuredmedia":[{"embeddable":true,"href":"https:\/\/karandoogo.com\/index.php\/wp-json\/wp\/v2\/media\/831"}],"wp:attachment":[{"href":"https:\/\/karandoogo.com\/index.php\/wp-json\/wp\/v2\/media?parent=1714"}],"wp:term":[{"taxonomy":"product_brand","embeddable":true,"href":"https:\/\/karandoogo.com\/index.php\/wp-json\/wp\/v2\/product_brand?post=1714"},{"taxonomy":"product_cat","embeddable":true,"href":"https:\/\/karandoogo.com\/index.php\/wp-json\/wp\/v2\/product_cat?post=1714"},{"taxonomy":"product_tag","embeddable":true,"href":"https:\/\/karandoogo.com\/index.php\/wp-json\/wp\/v2\/product_tag?post=1714"}],"curies":[{"name":"wp","href":"https:\/\/api.w.org\/{rel}","templated":true}]}}