{"id":1721,"date":"2022-08-28T00:59:29","date_gmt":"2022-08-28T00:59:29","guid":{"rendered":"https:\/\/karandoogo.com\/?post_type=product&#038;p=1721"},"modified":"2025-10-19T13:54:41","modified_gmt":"2025-10-19T13:54:41","slug":"expose-complet-sur-la-femme-importance-role-et-place-dans-la-societe","status":"publish","type":"product","link":"https:\/\/karandoogo.com\/index.php\/produit\/expose-complet-sur-la-femme-importance-role-et-place-dans-la-societe\/","title":{"rendered":"Expos\u00e9 complet sur la femme (importance , r\u00f4le et place dans la soci\u00e9t\u00e9)"},"content":{"rendered":"","protected":false},"excerpt":{"rendered":"<p><strong>NB:<\/strong> Les documents mis \u00e0 disposition sur ce site sont des documents \u00e0 exploiter, autrement dit des compl\u00e9ments pour parfaire votre travail. Ils ne sont pas faits pour \u00eatre pr\u00e9sent\u00e9s \u00e0 l\u2019\u00e9tat<\/p>\n<p><strong><u>PLAN<\/u><\/strong><\/p>\n<p><strong><u>INTRODUCTION<\/u><\/strong><\/p>\n<ol type=\"I\">\n<li><strong><u>LA FEMME DANS L\u2019ECONOMIE<\/u><\/strong><\/li>\n<li><strong><u>LA FEMME DANS LA SPHERE PUBLIQUE<\/u><\/strong><\/li>\n<li><strong><u>L\u2019IMPORTANCE DE L\u2019EDUCATION<\/u><\/strong><\/li>\n<li><strong><u>SOLUTION POUR L\u2019IMPLICATION PLUS IMPLIQUEE DES FEMMES DANS LA SOCIETE<\/u><\/strong><\/li>\n<\/ol>\n<p><strong><u>CONCLUSION<\/u><\/strong><\/p>\n<p><strong><u>INTRODUCTION<\/u><\/strong><\/p>\n<p>Le mod\u00e8le patriarcal domine l\u2019organisation de nos soci\u00e9t\u00e9s depuis de nombreuses ann\u00e9es, dans les pays d\u00e9velopp\u00e9s et en d\u00e9veloppement. Les probl\u00e8mes de discrimination que connaissent les femmes et qui sont li\u00e9s \u00e0 ce mod\u00e8le se retrouvent donc aux diff\u00e9rents coins de la plan\u00e8te. Cette perspective mondiale des probl\u00e8mes v\u00e9cus par les femmes au quotidien a \u00e9t\u00e9 reconnue au niveau de la politique internationale d\u00e8s la fin des ann\u00e9es \u201940 avec la mise en place d\u2019une sous-commission (de la commission sur les droits de l\u2019homme) sur le statut de la femme au sein du Conseil \u00e9conomique et social des Nations unies. Ensuite, en 1975 une premi\u00e8re conf\u00e9rence internationale.<\/p>\n<p>Trois conf\u00e9rences ont ensuite eu lieu : la conf\u00e9rence tenue \u00e0\u2026 sur les femmes fut organis\u00e9e \u00e0 Mexico. Elle donna lieu \u00e0 l\u2019adoption en 1979 de la Convention sur l\u2019\u00e9limination de toutes les formes de discriminations contre les femmes. Une responsabilit\u00e9 commune de la Communaut\u00e9 internationale sur ces questions fut aussi reconnue.<\/p>\n<ol type=\"I\">\n<li><strong><u>LA FEMME DANS L\u2019ECONOMIE<\/u><\/strong><\/li>\n<\/ol>\n<p>Les t\u00e2ches de la femme et de l\u2019homme se rapportent aux r\u00f4les diff\u00e9rents qu\u2019ils jouent pour de la subsistance de la famille. En plus de son r\u00f4le de m\u00e8re et d\u2019\u00e9pouse, la femme joue un r\u00f4le important dans la production agricole. D\u2019ailleurs, les \u00e9tudes sur le r\u00f4le de la femme dans l\u2019agriculture tirent toutes les m\u00eames conclusions : l\u2019Africaine contribue beaucoup plus \u00e0 l\u2019\u00e9conomie dans la production alimentaire, agricole et dans bien d\u2019autres domaines qu\u2019on ne l\u2019admet g\u00e9n\u00e9ralement (Mushita 2014).<\/p>\n<p>Dans les soci\u00e9t\u00e9s vivant \u00e0 un niveau de subsistance, il revient g\u00e9n\u00e9ralement \u00e0 la femme de trouver, de cueillir et de pr\u00e9parer des aliments pour sa famille, d\u2019aller chercher du combustible ainsi que de l\u2019eau et de vendre ou d\u2019\u00e9changer par le troc les produits exc\u00e9dentaires au march\u00e9 local. Ce sont les t\u00e2ches dites domestiques qui peuvent g\u00e9n\u00e9ralement \u00eatre exerc\u00e9es non loin de la maison.<\/p>\n<ol type=\"I\">\n<li><strong><u>LA FEMME DANS LA SPHERE PUBLIQUE<\/u><\/strong><\/li>\n<\/ol>\n<p>Il ne faut pas exag\u00e9rer outre mesure le pouvoir silencieux des femmes, car contrairement \u00e0 l\u2019opinion commune, la femme dans la soci\u00e9t\u00e9 pr\u00e9coloniale n\u2019\u00e9tait pas tenue \u00e0 l\u2019\u00e9cart de la vie publique. Elle pouvait m\u00eame\u2026<\/p>\n<p>Pour obtenir l&rsquo;expos\u00e9 complet contactez le +226 56196345 (WhatsApp).<\/p>\n","protected":false},"featured_media":831,"template":"","meta":{"jetpack_publicize_message":"","jetpack_publicize_feature_enabled":true,"jetpack_social_post_already_shared":false,"jetpack_social_options":{"image_generator_settings":{"template":"highway","default_image_id":0,"font":"","enabled":false},"version":2}},"product_brand":[],"product_cat":[546],"product_tag":[701,702],"class_list":{"0":"post-1721","1":"product","2":"type-product","3":"status-publish","4":"has-post-thumbnail","6":"product_cat-societe","7":"product_tag-femme","8":"product_tag-role-et-place-dans-la-societe","10":"first","11":"instock","12":"downloadable","13":"virtual","14":"sold-individually","15":"purchasable","16":"product-type-simple"},"aioseo_notices":[],"jetpack_publicize_connections":[],"jetpack-related-posts":[],"jetpack_sharing_enabled":true,"_links":{"self":[{"href":"https:\/\/karandoogo.com\/index.php\/wp-json\/wp\/v2\/product\/1721","targetHints":{"allow":["GET"]}}],"collection":[{"href":"https:\/\/karandoogo.com\/index.php\/wp-json\/wp\/v2\/product"}],"about":[{"href":"https:\/\/karandoogo.com\/index.php\/wp-json\/wp\/v2\/types\/product"}],"wp:featuredmedia":[{"embeddable":true,"href":"https:\/\/karandoogo.com\/index.php\/wp-json\/wp\/v2\/media\/831"}],"wp:attachment":[{"href":"https:\/\/karandoogo.com\/index.php\/wp-json\/wp\/v2\/media?parent=1721"}],"wp:term":[{"taxonomy":"product_brand","embeddable":true,"href":"https:\/\/karandoogo.com\/index.php\/wp-json\/wp\/v2\/product_brand?post=1721"},{"taxonomy":"product_cat","embeddable":true,"href":"https:\/\/karandoogo.com\/index.php\/wp-json\/wp\/v2\/product_cat?post=1721"},{"taxonomy":"product_tag","embeddable":true,"href":"https:\/\/karandoogo.com\/index.php\/wp-json\/wp\/v2\/product_tag?post=1721"}],"curies":[{"name":"wp","href":"https:\/\/api.w.org\/{rel}","templated":true}]}}