{"id":1733,"date":"2022-08-28T01:42:46","date_gmt":"2022-08-28T01:42:46","guid":{"rendered":"https:\/\/karandoogo.com\/?post_type=product&#038;p=1733"},"modified":"2025-10-19T13:54:40","modified_gmt":"2025-10-19T13:54:40","slug":"expose-complet-sur-le-sport-et-les-pouvoirs-publics","status":"publish","type":"product","link":"https:\/\/karandoogo.com\/index.php\/produit\/expose-complet-sur-le-sport-et-les-pouvoirs-publics\/","title":{"rendered":"Expos\u00e9 complet sur le sport et les pouvoirs publics"},"content":{"rendered":"","protected":false},"excerpt":{"rendered":"<p><strong>NB:<\/strong> Les documents mis \u00e0 disposition sur ce site sont des documents \u00e0 exploiter, autrement dit des compl\u00e9ments pour parfaire votre travail. Ils ne sont pas faits pour \u00eatre pr\u00e9sent\u00e9s \u00e0 l\u2019\u00e9tat.<\/p>\n<p><strong><u>INTRODUCTION<\/u><\/strong><\/p>\n<ol type=\"I\">\n<li><strong><u>LES POUVOIR PUBLICS ET LES STRUCTURES NATIONALES<\/u><\/strong><\/li>\n<li><strong><u>LES COMPETENCES A CARACTERE POLITIQUES<\/u><\/strong><\/li>\n<li><strong><u>L\u2019organisation des comp\u00e9titions<\/u><\/strong><\/li>\n<li><strong><u>Rapport entre sport et politique<\/u><\/strong><\/li>\n<li><strong><u>LES MANIFESTATIONS SPORTIVES ET SENSIBILISATION<\/u><\/strong><\/li>\n<li><strong><u>Comit\u00e9 international Olympique<\/u><\/strong><\/li>\n<li><strong><u>Jeux Olympiques<\/u><\/strong><\/li>\n<li><strong><u>LES MANIFESTIONS SPORTIVES A CARACTERE CORPORATIF<\/u><\/strong><\/li>\n<li><strong><u>Les bienfaits du sport pour le corps<\/u><\/strong><\/li>\n<li><strong><u>Les inconv\u00e9nients du sport sur le corps<\/u><\/strong><\/li>\n<\/ol>\n<p><strong><u>CONCLUSION<\/u><\/strong><\/p>\n<p><strong><u>INTRODUCTION<\/u><\/strong><\/p>\n<p>Le sport est un ensemble d\u2019exercices physiques ou mentaux se pratiquant sous forme de jeux individuels ou collectifs pouvant donner lieu \u00e0 des comp\u00e9titions. Le sport moderne se d\u00e9finit par quatre \u00e9l\u00e9ments indispensables. La mise en \u0153uvre d\u2019une ou plusieurs qualit\u00e9s physiques : activit\u00e9s d\u2019endurance, de r\u00e9sistance, de force, de coordination, d\u2019adresse, de souplesse, etc. [r\u00e9f. n\u00e9cessaire]. Une activit\u00e9 institutionnalis\u00e9e, ses r\u00e8gles tendent \u00e0 \u00eatre identiques pour l\u2019ensemble de la plan\u00e8te. Une pratique majoritairement orient\u00e9e vers la comp\u00e9tition. Une pratique f\u00e9d\u00e9r\u00e9e (sous la tutelle d\u2019une f\u00e9d\u00e9ration sportive). La relation entre le sport et la politique passe aussi par les diff\u00e9rents mouvements de reconnaissance acquis par le sport. On use du sport pour des revendications politiques. Enfa\u00eete, la reconnaissance politique peut passer par le sport. Certains petits pays ont besoin du sport pour \u00eatre reconnus internationalement.<\/p>\n<ol type=\"I\">\n<li><strong><u>LES POUVOIR PUBLICS ET LES STRUCTURES NATIONALES<\/u><\/strong><\/li>\n<\/ol>\n<p>Les efforts importants consentis par l\u2019Etat burkinab\u00e8 et ses partenaires, bien que beaucoup reste encore \u00e0 faire pour couvrir le territoire national.<\/p>\n<p><strong><u>Atouts :<\/u><\/strong><\/p>\n<p>\u2013 l\u2019existence de terrains de sport sur l\u2019ensemble du territoire national;<\/p>\n<p>\u2013 la cr\u00e9ation de l\u2019Office de Gestion des Infrastructures Sportives (OGIS) qui g\u00e8re les infrastructures publiques de sport.<\/p>\n<p><strong><u>Contraintes :<\/u><\/strong><\/p>\n<p>\u2013 le d\u00e9s\u00e9quilibre dans la couverture du territoire national;<\/p>\n<p>\u2013 les difficult\u00e9s \u00e0 r\u00e9aliser et \u00e0 g\u00e9rer les infrastructures;<\/p>\n<p>\u2013 l\u2019insuffisance des infrastructures sportives dans les \u00e9tablissements scolaires et universitaires ;<\/p>\n<p>\u2013 le co\u00fbt \u00e9lev\u00e9 du mat\u00e9riel et des \u00e9quipements sportifs.<\/p>\n<ol type=\"I\">\n<li><strong><u>LES COMPETENCES A CARACTERE POLITIQUES<\/u><\/strong><\/li>\n<li><strong><u>L\u2019organisation des comp\u00e9titions<\/u><\/strong><\/li>\n<li><strong><u>D\u00e9finir le lieu en fonction de la discipline<\/u><\/strong><\/li>\n<\/ol>\n<p>Du choix de la discipline va d\u00e9pendre le lieu, qui lui va d\u00e9finir les autorisations \u00e0 demander. En effet, organiser un tournoi de volley-ball ne demandera pas les m\u00eames contraintes qu\u2019organiser une comp\u00e9tition sportive qui inclut des v\u00e9hicules motoris\u00e9s. \u00c0 titre d\u2019exemple, vous allez organiser\u2026<\/p>\n<p>Pour obtenir l&rsquo;expos\u00e9 complet contactez le +226 56196345 (WhatsApp).<\/p>\n","protected":false},"featured_media":831,"template":"","meta":{"jetpack_publicize_message":"","jetpack_publicize_feature_enabled":true,"jetpack_social_post_already_shared":false,"jetpack_social_options":{"image_generator_settings":{"template":"highway","default_image_id":0,"font":"","enabled":false},"version":2}},"product_brand":[],"product_cat":[667,714,546],"product_tag":[715,668],"class_list":{"0":"post-1733","1":"product","2":"type-product","3":"status-publish","4":"has-post-thumbnail","6":"product_cat-epreuves-physiques-et-sportives-eps","7":"product_cat-politique","8":"product_cat-societe","9":"product_tag-pouvoir-public","10":"product_tag-sport","12":"first","13":"instock","14":"downloadable","15":"virtual","16":"sold-individually","17":"purchasable","18":"product-type-simple"},"aioseo_notices":[],"jetpack_publicize_connections":[],"jetpack-related-posts":[],"jetpack_sharing_enabled":true,"_links":{"self":[{"href":"https:\/\/karandoogo.com\/index.php\/wp-json\/wp\/v2\/product\/1733","targetHints":{"allow":["GET"]}}],"collection":[{"href":"https:\/\/karandoogo.com\/index.php\/wp-json\/wp\/v2\/product"}],"about":[{"href":"https:\/\/karandoogo.com\/index.php\/wp-json\/wp\/v2\/types\/product"}],"wp:featuredmedia":[{"embeddable":true,"href":"https:\/\/karandoogo.com\/index.php\/wp-json\/wp\/v2\/media\/831"}],"wp:attachment":[{"href":"https:\/\/karandoogo.com\/index.php\/wp-json\/wp\/v2\/media?parent=1733"}],"wp:term":[{"taxonomy":"product_brand","embeddable":true,"href":"https:\/\/karandoogo.com\/index.php\/wp-json\/wp\/v2\/product_brand?post=1733"},{"taxonomy":"product_cat","embeddable":true,"href":"https:\/\/karandoogo.com\/index.php\/wp-json\/wp\/v2\/product_cat?post=1733"},{"taxonomy":"product_tag","embeddable":true,"href":"https:\/\/karandoogo.com\/index.php\/wp-json\/wp\/v2\/product_tag?post=1733"}],"curies":[{"name":"wp","href":"https:\/\/api.w.org\/{rel}","templated":true}]}}