{"id":1735,"date":"2022-08-28T01:49:08","date_gmt":"2022-08-28T01:49:08","guid":{"rendered":"https:\/\/karandoogo.com\/?post_type=product&#038;p=1735"},"modified":"2025-10-19T13:53:01","modified_gmt":"2025-10-19T13:53:01","slug":"expose-complet-sur-les-femmes-dans-tribasiques","status":"publish","type":"product","link":"https:\/\/karandoogo.com\/index.php\/produit\/expose-complet-sur-les-femmes-dans-tribasiques\/","title":{"rendered":"Expos\u00e9 complet sur les femmes dans Tribaliques d&rsquo;Henri Lopez"},"content":{"rendered":"","protected":false},"excerpt":{"rendered":"<p><strong>NB:<\/strong> Les documents mis \u00e0 disposition sur ce site sont des documents \u00e0 exploiter, autrement dit des compl\u00e9ments pour parfaire votre travail. Ils ne sont pas faits pour \u00eatre pr\u00e9sent\u00e9s \u00e0 l\u2019\u00e9tat.<\/p>\n<p><strong><u>INTRODUCTION<\/u><\/strong><\/p>\n<p>&nbsp;<\/p>\n<ol type=\"I\">\n<li><strong><u>L\u2019AUTEUR<\/u><\/strong><\/li>\n<li><strong><u>Biographie<\/u><\/strong><\/li>\n<li><strong><u>Bibliographie<\/u><\/strong><\/li>\n<li><strong><u>LES FEMMES DANS TRIBALIQUES<\/u><\/strong><\/li>\n<li><strong><u>L\u2019exploitation de la femme :<\/u><\/strong><\/li>\n<li><strong><u>La prostitution :<\/u><\/strong><\/li>\n<\/ol>\n<p><strong><u>a) La prostitution des jeunes filles :<\/u><\/strong><\/p>\n<p><strong><u>b) La prostitution des femmes :<\/u><\/strong><\/p>\n<p><strong><u>III- RESUME DES NOUVELLES CONCERNANT LESFEMMES<\/u><\/strong><\/p>\n<p><strong><u>1-NOUVELLE I : la fuite de la main habile.<\/u><\/strong><\/p>\n<p><strong><u>2-NOUVELLE II : Ah Apolline !<\/u><\/strong><\/p>\n<p><strong><u>3- NOUVELLE III : Le d\u00e9put\u00e9 (Ngouakou-Ngouakou).<\/u><\/strong><\/p>\n<p>&nbsp;<\/p>\n<p><strong><u>4-NOUVELLE VI : L\u2019avance.<\/u><\/strong><\/p>\n<p><strong><u>CONCLUSION<\/u><\/strong><\/p>\n<p><strong><u>INTRODUCTION<br \/>\n<\/u><\/strong><br \/>\nTribaliques de Henri LOPES est une \u0153uvre n\u00e9gro Africaine parue apr\u00e8s les ind\u00e9pendances. Parue en 1971 aux \u00e9ditions Cl\u00e9 Yaound\u00e9,Elle rassemble huit nouvelles d\u00e9non\u00e7ant le n\u00e9o colonialisme qui caract\u00e9rise plus d\u2019un \u00e9tat africain.Cette \u0153uvre est l\u2019expression d\u2019un violent r\u00e9quisitoire contre tenant d\u2019un pouvoir que caract\u00e9rise le despotisme, la corruption et surtout l\u2019impuissance.Cette \u0153uvre de Lop\u00e8s a remport\u00e9 le grand prix litt\u00e9raire de l\u2019Afrique Noire en 1972.Henri Lop\u00e8s, \u00e0 travers les diff\u00e9rentes nouvelles, nous fait les peintures de l\u2019Afrique apr\u00e8s les ind\u00e9pendances. Notre travail portera sur la place de la femme dans la p\u00e9riode n\u00e9o colonialiste, les r\u00e9alit\u00e9s et difficult\u00e9s de leurs vies en cette p\u00e9riode qui est toujours d\u2019actualit\u00e9 dans nos soci\u00e9t\u00e9s modernes.<\/p>\n<ol type=\"I\">\n<li><strong><u>L\u2019AUTEUR<\/u><\/strong><\/li>\n<li><strong><u>Biographie<\/u><\/strong><\/li>\n<\/ol>\n<p>N\u00e9 le 12 septembre 1937 \u00e0 L\u00e9opoldville \u00e0 Kinshasa,, Henri Mari Joseph est congolais( Brazza).Il fit ses \u00e9tudes primaires \u00e0 Brazza et \u00e0 Bangui.Lop\u00e8s poursuit ses \u00e9tudes secondaires d\u00e8s 1949 \u00e0 Nantes puis ses \u00e9tudes sup\u00e9rieures \u00e0 Paris o\u00f9 il obtient sa licence en lettres en 1962.Muni d\u2019une licence d\u2019un D.E.S d\u2019histoire en 1963, il enseigne aussit\u00f4t dans les lyc\u00e9es de la r\u00e9gion parisienne de 1963 \u00e0 1965.Il fut membre du comit\u00e9 ex\u00e9cutif de la f\u00e9d\u00e9ration des Etudiants d\u2019Afrique noire en France et pr\u00e9sident de l\u2019association des Etudiants congolais de 1957 \u00e0 1965.En 1965, Lop\u00e8s retourne \u00e0 Brazzaville o\u00f9 il enseigne l\u2019histoire \u00e0\u2026<\/p>\n<p>Pour obtenir l&rsquo;expos\u00e9 complet contactez le +226 56196345 (WhatsApp).<\/p>\n","protected":false},"featured_media":831,"template":"","meta":{"jetpack_publicize_message":"","jetpack_publicize_feature_enabled":true,"jetpack_social_post_already_shared":false,"jetpack_social_options":{"image_generator_settings":{"template":"highway","default_image_id":0,"font":"","enabled":false},"version":2}},"product_brand":[],"product_cat":[598],"product_tag":[717,718],"class_list":{"0":"post-1735","1":"product","2":"type-product","3":"status-publish","4":"has-post-thumbnail","6":"product_cat-litterature","7":"product_tag-les-femmes","8":"product_tag-tribaliques","10":"first","11":"instock","12":"downloadable","13":"virtual","14":"sold-individually","15":"purchasable","16":"product-type-simple"},"aioseo_notices":[],"jetpack_publicize_connections":[],"jetpack-related-posts":[],"jetpack_sharing_enabled":true,"_links":{"self":[{"href":"https:\/\/karandoogo.com\/index.php\/wp-json\/wp\/v2\/product\/1735","targetHints":{"allow":["GET"]}}],"collection":[{"href":"https:\/\/karandoogo.com\/index.php\/wp-json\/wp\/v2\/product"}],"about":[{"href":"https:\/\/karandoogo.com\/index.php\/wp-json\/wp\/v2\/types\/product"}],"wp:featuredmedia":[{"embeddable":true,"href":"https:\/\/karandoogo.com\/index.php\/wp-json\/wp\/v2\/media\/831"}],"wp:attachment":[{"href":"https:\/\/karandoogo.com\/index.php\/wp-json\/wp\/v2\/media?parent=1735"}],"wp:term":[{"taxonomy":"product_brand","embeddable":true,"href":"https:\/\/karandoogo.com\/index.php\/wp-json\/wp\/v2\/product_brand?post=1735"},{"taxonomy":"product_cat","embeddable":true,"href":"https:\/\/karandoogo.com\/index.php\/wp-json\/wp\/v2\/product_cat?post=1735"},{"taxonomy":"product_tag","embeddable":true,"href":"https:\/\/karandoogo.com\/index.php\/wp-json\/wp\/v2\/product_tag?post=1735"}],"curies":[{"name":"wp","href":"https:\/\/api.w.org\/{rel}","templated":true}]}}