{"id":1736,"date":"2022-08-28T01:54:41","date_gmt":"2022-08-28T01:54:41","guid":{"rendered":"https:\/\/karandoogo.com\/?post_type=product&#038;p=1736"},"modified":"2025-10-19T13:53:01","modified_gmt":"2025-10-19T13:53:01","slug":"expose-complet-sur-les-emirats-peulhs","status":"publish","type":"product","link":"https:\/\/karandoogo.com\/index.php\/produit\/expose-complet-sur-les-emirats-peulhs\/","title":{"rendered":"Expos\u00e9 complet sur les \u00e9mirats peulhs"},"content":{"rendered":"<blockquote><p>&nbsp;<\/p><\/blockquote>\n","protected":false},"excerpt":{"rendered":"<p><strong>NB:<\/strong> Les documents mis \u00e0 disposition sur ce site sont des documents \u00e0 exploiter, autrement dit des compl\u00e9ments pour parfaire votre travail. Ils ne sont pas faits pour \u00eatre pr\u00e9sent\u00e9s \u00e0 l\u2019\u00e9tat.<\/p>\n<p><strong><u>INTRODUCTION<\/u><\/strong><\/p>\n<ol type=\"I\">\n<li><strong><u>EVOLUTION DES EMIRATS PEULHS<\/u><\/strong><\/li>\n<li><strong><u>LA CIVILISATION DES EMIRATS PEUHLS<\/u><\/strong><\/li>\n<li><strong><u>Les hommes\u00a0:<\/u><\/strong><\/li>\n<li><strong><u>Les femmes\u00a0:<\/u><\/strong><\/li>\n<\/ol>\n<p><strong><u>CONCLUSION<\/u><\/strong><\/p>\n<p><strong><u>INTRODUCTION<\/u><\/strong><\/p>\n<p>Ancienne colonie fran\u00e7aise, la haute volta obtient l\u2019ind\u00e9pendance en 1960. Le nom actuel du pays (Burkina Faso) date du 4 ao\u00fbt 1960 sous la pr\u00e9sidence du r\u00e9volutionnaire Thomas Sankara. Burkina signifie la patrie des int\u00e8gres en langues locales moor\u00e9 et Faso qui est un terme emprunt\u00e9 \u00e0 la langue Songhai et bamanakan ou dioula signifiant terre ou territoire. On appelle les habitants du Burkina les burkinab\u00e8 (le suffixe \u00ab\u00a0b\u00e8\u00a0\u00bb signifie l\u2019\u00a0\u00ab\u00a0habitant en fulfuld\u00e9\u00a0\u00bb\u00a0: langue parl\u00e9e par les peuls).<\/p>\n<p>Le choix de ce m\u00e9lange de langues dans la d\u00e9nomination du pays et de ses habitants traduit la volont\u00e9 d\u2019unification des diff\u00e9rents peuples du Burkina.<\/p>\n<p>Au XVIII s, les peul Jelgoob\u00e9 conqui\u00e8rent le Lurum (territoire des Kurumba) et mettent en place trois chefferies rivales autour de Djibo, Baraboul\u00e9, Tougoumayel. Vers 1810, les peul Ferob\u00e9 dans le cadre de la Jihad(guerre sainte) d\u00e9clench\u00e9 par Ousmane Dan Fodio dans le Nord du Nigeria, chassent les gulmantcheba de Koala et \u00e9difie l\u2019\u00e9mirat du Liptako avec pour premier \u00e9mir Ibrahim Seydou.<\/p>\n<ol type=\"I\">\n<li><strong><u>EVOLUTION DES EMIRATS PEULHS<\/u><\/strong><\/li>\n<\/ol>\n<p>L\u2019origine du noyau humain autour duquel s\u2019est form\u00e9e l\u2019\u00ab\u00a0ethnie\u00a0\u00bb peule est vraisemblablement \u00e0 chercher chez les \u00ab\u00a0pasteurs \u00e0 bovid\u00e9s\u00a0\u00bb du\u00a0<a href=\"https:\/\/www.universalis.fr\/encyclopedie\/sahara\/\">Sahara<\/a>\u00a0pr\u00e9historique, dont l\u2019aspect et\u2026<\/p>\n<p>Pour obtenir l&rsquo;expos\u00e9 complet contactez le +226 56196345 (WhatsApp).<\/p>\n","protected":false},"featured_media":831,"template":"","meta":{"jetpack_publicize_message":"","jetpack_publicize_feature_enabled":true,"jetpack_social_post_already_shared":false,"jetpack_social_options":{"image_generator_settings":{"template":"highway","default_image_id":0,"font":"","enabled":false},"version":2}},"product_brand":[],"product_cat":[608],"product_tag":[720,719],"class_list":{"0":"post-1736","1":"product","2":"type-product","3":"status-publish","4":"has-post-thumbnail","6":"product_cat-histoire","7":"product_tag-emirats-peulhs","8":"product_tag-royaumes-dafrique","10":"first","11":"instock","12":"downloadable","13":"virtual","14":"sold-individually","15":"purchasable","16":"product-type-simple"},"aioseo_notices":[],"jetpack_publicize_connections":[],"jetpack-related-posts":[],"jetpack_sharing_enabled":true,"_links":{"self":[{"href":"https:\/\/karandoogo.com\/index.php\/wp-json\/wp\/v2\/product\/1736","targetHints":{"allow":["GET"]}}],"collection":[{"href":"https:\/\/karandoogo.com\/index.php\/wp-json\/wp\/v2\/product"}],"about":[{"href":"https:\/\/karandoogo.com\/index.php\/wp-json\/wp\/v2\/types\/product"}],"wp:featuredmedia":[{"embeddable":true,"href":"https:\/\/karandoogo.com\/index.php\/wp-json\/wp\/v2\/media\/831"}],"wp:attachment":[{"href":"https:\/\/karandoogo.com\/index.php\/wp-json\/wp\/v2\/media?parent=1736"}],"wp:term":[{"taxonomy":"product_brand","embeddable":true,"href":"https:\/\/karandoogo.com\/index.php\/wp-json\/wp\/v2\/product_brand?post=1736"},{"taxonomy":"product_cat","embeddable":true,"href":"https:\/\/karandoogo.com\/index.php\/wp-json\/wp\/v2\/product_cat?post=1736"},{"taxonomy":"product_tag","embeddable":true,"href":"https:\/\/karandoogo.com\/index.php\/wp-json\/wp\/v2\/product_tag?post=1736"}],"curies":[{"name":"wp","href":"https:\/\/api.w.org\/{rel}","templated":true}]}}