{"id":1742,"date":"2022-08-28T02:03:43","date_gmt":"2022-08-28T02:03:43","guid":{"rendered":"https:\/\/karandoogo.com\/?post_type=product&#038;p=1742"},"modified":"2025-10-19T13:53:01","modified_gmt":"2025-10-19T13:53:01","slug":"expose-complet-sur-la-vie-et-la-philosophie-de-sigmund-freud","status":"publish","type":"product","link":"https:\/\/karandoogo.com\/index.php\/produit\/expose-complet-sur-la-vie-et-la-philosophie-de-sigmund-freud\/","title":{"rendered":"Expos\u00e9 complet sur la vie et la philosophie de SIGMUND Freud"},"content":{"rendered":"","protected":false},"excerpt":{"rendered":"<p><strong>NB:<\/strong> Les documents mis \u00e0 disposition sur ce site sont des documents \u00e0 exploiter, autrement dit des compl\u00e9ments pour parfaire votre travail. Ils ne sont pas faits pour \u00eatre pr\u00e9sent\u00e9s \u00e0 l\u2019\u00e9tat.<\/p>\n<p><strong>Introduction<\/strong><\/p>\n<ol type=\"I\">\n<li><strong>BIOGRAPHIE<\/strong><\/li>\n<\/ol>\n<ol type=\"I\">\n<li><strong>BIBLIOGRAPHIE<\/strong><\/li>\n<\/ol>\n<ol type=\"I\">\n<li><strong>CONCEPTS CLE<\/strong><\/li>\n<li><strong>Concepts (psychanalyse)<\/strong><\/li>\n<li><strong>Conscient (inconscient, pr\u00e9conscient)<\/strong><\/li>\n<li><strong>Le moi, \u00e7a, surmoi<\/strong><\/li>\n<li><strong>Le refoulement<\/strong><\/li>\n<li><strong>Les n\u00e9vroses<\/strong><\/li>\n<li><strong>Transfert<\/strong><\/li>\n<li><strong>R\u00eave<\/strong><\/li>\n<\/ol>\n<p><strong>Conclusion<\/strong><\/p>\n<p><strong>Introduction<\/strong><\/p>\n<p>Sigmund Freud est un philosophe allemand qui a v\u00e9cu de 1856-1939 soit 83 ans.<\/p>\n<p>Sa philosophie est influenc\u00e9e sur le psychisme de l\u2019Homme. Dans sa psychanalyse, il d\u00e9montre les actes psychismes de l\u2019homme et leurs causes. Pour ce fait, sa philosophie est analytique et exp\u00e9rimentale. Ses \u0153uvres sont en ampleur surtout celui de la psychanalyse qui fera l\u2019ossature de notre travail.<\/p>\n<ol type=\"I\">\n<li><strong>BIOGRAPHIE<\/strong><\/li>\n<\/ol>\n<p>N\u00e9 en 1856 en Moravie (R\u00e9publique Tch\u00e8que), Sigmund Freud s\u2019installe avec sa famille \u00e0 vienne en 1860.<\/p>\n<p>Apr\u00e8s des \u00e9tudes de m\u00e9decine \u00e0 l\u2019universit\u00e9 de vienne, Freud accomplit un stage \u00e0 Paris, dans le Service de Charcot, sp\u00e9cialiste des maladies nerveuses.<\/p>\n<p>Freud quittera l\u2019Autriche au moment de l\u2019Anschluss en 1938 pour aller s\u2019installer en Angleterre. Il meurt \u00e0 Londres le 23 septembre 1939 d\u2019un cancer de la m\u00e2choire dont il souffrait depuis longtemps.<\/p>\n<ol type=\"I\">\n<li><strong>BIBLIOGRAPHIE<\/strong><\/li>\n<\/ol>\n<p>Sigmund Freud est un philosophe qui a publi\u00e9 beaucoup d\u2019\u0153uvres parmi lesquelles on peut citer\u00a0:<\/p>\n<ul>\n<li>1<sup>er\u00a0<\/sup>: Etude sur l\u2019Hyst\u00e9rie publi\u00e9e en 18695<\/li>\n<li>2<sup>\u00e8me\u00a0<\/sup>: l\u2019interpr\u00e9tation des r\u00eaves publi\u00e9e en 1999<\/li>\n<li>3<sup>\u00e8me\u00a0<\/sup>: Totem et tabou en 1913<\/li>\n<li>4<sup>\u00e8me\u00a0<\/sup>: la psychanalyse en 1917. Celui-ci est son \u0153uvre la plus importante. Il a publi\u00e9 bien d\u2019autres \u0153uvres.<\/li>\n<\/ul>\n<ol type=\"I\">\n<li><strong>CONCEPTS CLE<\/strong><\/li>\n<\/ol>\n<ol type=\"1\">\n<li><strong>D\u00e9finition<\/strong><\/li>\n<\/ol>\n<p>Selon le petit Robert, c\u2019est l\u2019ensemble des th\u00e9ories de Freud et de ces disciples concernant la vie psychique consciente dt inconsciente.<\/p>\n<p>Freud a donn\u00e9 plusieurs d\u00e9finitions de la psychanalyse dont un est particuli\u00e8rement explicit\u00e9. Psychanalyse est le nom d\u2019un proc\u00e9d\u00e9 pour l\u2019investigation de processus\u00a0 mentaux \u00e0 peu pr\u00e8s inaccessibles autrement.<\/p>\n<ul>\n<li>D\u2019une m\u00e9thode Bond\u00e9e sur cette investigation pour le traitement de d\u00e9sordren\u00e9vrotique.<\/li>\n<li>D\u2019une s\u00e9rie de conceptions psychologues acquises par ce moyen et qui s\u2019accroissent ensemble pour former progressivement une nouvelle discipline scientifique.<\/li>\n<\/ul>\n<ul>\n<li><strong>Concepts (psychanalyse)<\/strong><\/li>\n<\/ul>\n<ol type=\"a\">\n<li><strong>Conscient (inconscient, pr\u00e9conscient)<\/strong><\/li>\n<\/ol>\n<ul>\n<li><strong>Conscience<\/strong><\/li>\n<\/ul>\n<p>Capacit\u00e9 de se d\u00e9crire, de se d\u00e9finir et de choisir. La conscience est la capacit\u00e9 de se percevoir, s\u2019identifier, de penser et de se comporter de mani\u00e8re adapt\u00e9e. Elle est ce que l\u2019on sent et\u2026<\/p>\n<p>Pour obtenir l&rsquo;expos\u00e9 complet contactez le +226 56196345 (WhatsApp).<\/p>\n","protected":false},"featured_media":831,"template":"","meta":{"jetpack_publicize_message":"","jetpack_publicize_feature_enabled":true,"jetpack_social_post_already_shared":false,"jetpack_social_options":{"image_generator_settings":{"template":"highway","default_image_id":0,"font":"","enabled":false},"version":2}},"product_brand":[],"product_cat":[598,613],"product_tag":[631,721],"class_list":{"0":"post-1742","1":"product","2":"type-product","3":"status-publish","4":"has-post-thumbnail","6":"product_cat-litterature","7":"product_cat-philosophie","8":"product_tag-philosophie","9":"product_tag-sigmund-freud","11":"first","12":"instock","13":"downloadable","14":"virtual","15":"sold-individually","16":"purchasable","17":"product-type-simple"},"aioseo_notices":[],"jetpack_publicize_connections":[],"jetpack-related-posts":[],"jetpack_sharing_enabled":true,"_links":{"self":[{"href":"https:\/\/karandoogo.com\/index.php\/wp-json\/wp\/v2\/product\/1742","targetHints":{"allow":["GET"]}}],"collection":[{"href":"https:\/\/karandoogo.com\/index.php\/wp-json\/wp\/v2\/product"}],"about":[{"href":"https:\/\/karandoogo.com\/index.php\/wp-json\/wp\/v2\/types\/product"}],"wp:featuredmedia":[{"embeddable":true,"href":"https:\/\/karandoogo.com\/index.php\/wp-json\/wp\/v2\/media\/831"}],"wp:attachment":[{"href":"https:\/\/karandoogo.com\/index.php\/wp-json\/wp\/v2\/media?parent=1742"}],"wp:term":[{"taxonomy":"product_brand","embeddable":true,"href":"https:\/\/karandoogo.com\/index.php\/wp-json\/wp\/v2\/product_brand?post=1742"},{"taxonomy":"product_cat","embeddable":true,"href":"https:\/\/karandoogo.com\/index.php\/wp-json\/wp\/v2\/product_cat?post=1742"},{"taxonomy":"product_tag","embeddable":true,"href":"https:\/\/karandoogo.com\/index.php\/wp-json\/wp\/v2\/product_tag?post=1742"}],"curies":[{"name":"wp","href":"https:\/\/api.w.org\/{rel}","templated":true}]}}