{"id":1744,"date":"2022-08-28T02:13:52","date_gmt":"2022-08-28T02:13:52","guid":{"rendered":"https:\/\/karandoogo.com\/?post_type=product&#038;p=1744"},"modified":"2025-10-19T13:53:01","modified_gmt":"2025-10-19T13:53:01","slug":"expose-complet-sur-les-addictions-causes-consequences-solutions","status":"publish","type":"product","link":"https:\/\/karandoogo.com\/index.php\/produit\/expose-complet-sur-les-addictions-causes-consequences-solutions\/","title":{"rendered":"Expos\u00e9 complet sur les addictions -causes-cons\u00e9quences-solutions"},"content":{"rendered":"","protected":false},"excerpt":{"rendered":"<p><strong>NB:<\/strong> Les documents mis \u00e0 disposition sur ce site sont des documents \u00e0 exploiter, autrement dit des compl\u00e9ments pour parfaire votre travail. Ils ne sont pas faits pour \u00eatre pr\u00e9sent\u00e9s \u00e0 l\u2019\u00e9tat.<\/p>\n<p><strong><u>INTRODUCTION<\/u><\/strong><\/p>\n<ol type=\"I\">\n<li><strong><u>CAUSES DE L\u2019ADDICTION A LA DROGUE, AU TABAC ET A L\u2019ALCOOL<\/u><\/strong><\/li>\n<li><strong><u>CONSEQUENCES DES ADDICTIONS A LA DROGUE, AU TABAC ET A<\/u><\/strong><\/li>\n<li><strong><u>l\u2019Alcool<\/u><\/strong><\/li>\n<li><strong><u>Tabac<\/u><\/strong><\/li>\n<li><strong><u>Alcool\u00a0:<\/u><\/strong><\/li>\n<li><strong><u>Drogue\u00a0:<\/u><\/strong><\/li>\n<li><strong><u>PROPOSITIONS DE SOLUTIONS<\/u><\/strong><\/li>\n<\/ol>\n<p><strong><u>CONCLUSION<\/u><\/strong><\/p>\n<p><strong><u>INTRODUCTION<\/u><\/strong><\/p>\n<p>La d\u00e9pendance au tabac, la drogue, et \u00e0 l\u2019alcool est un \u00e9tat pathologique o\u00f9 l\u2019organisme est incapable de fonctionner physiologiquement en dehors de la consommation de la substance responsable. Le sevrage est un syndrome apparaissant chez un d\u00e9pendant lorsqu\u2019il ne peut consommer la dite substance. Le terme d\u00e9pendance ne doit pas \u00eatre confondu avec le terme addiction. L\u2019addiction, ou d\u00e9pendance, ou assu\u00e9tude, est une conduite qui repose sur une envie r\u00e9p\u00e9t\u00e9e et irr\u00e9pressible de faire ou de consommer quelque chose en d\u00e9pit de la motivation et des efforts du sujet pour s\u2019y soustraire. Comment arrives-t-on la\u00a0? Qu\u2019elles en sont les cons\u00e9quences sur le sujet et qu\u2019elles solutions proposer\u00a0? Nous tenterons de r\u00e9pondre a ces questions au travers de notre expos\u00e9.<\/p>\n<ol type=\"I\">\n<li><strong><u>CAUSES DE L\u2019ADDICTION A LA DROGUE, AU TABAC ET A L\u2019ALCOOL<\/u><\/strong><\/li>\n<\/ol>\n<p>De plus en plus, la culture \u00abde l\u2019intensit\u00e9, de l\u2019exc\u00e8s et de l\u2019acc\u00e8s imm\u00e9diat \u00e0 l\u2019objet du d\u00e9sir\u00bb s\u2019impose \u00e0 nous tous. Avec une qu\u00eate sans fin de produits tendant \u00e0 montrer que l\u2019on ressemble aux autres, tout en voulant marquer notre singularit\u00e9, une fr\u00e9n\u00e9sie consum\u00e9riste entretenue par le raccourcissement toujours plus accentu\u00e9 des d\u00e9lais d\u2019attente entre l\u2019apparition d\u2019un besoin\/d\u00e9sir et\u2026<\/p>\n<p>Pour obtenir l&rsquo;expos\u00e9 complet contactez le +226 56196345 (WhatsApp).<\/p>\n","protected":false},"featured_media":831,"template":"","meta":{"jetpack_publicize_message":"","jetpack_publicize_feature_enabled":true,"jetpack_social_post_already_shared":false,"jetpack_social_options":{"image_generator_settings":{"template":"highway","default_image_id":0,"font":"","enabled":false},"version":2}},"product_brand":[],"product_cat":[546],"product_tag":[725],"class_list":{"0":"post-1744","1":"product","2":"type-product","3":"status-publish","4":"has-post-thumbnail","6":"product_cat-societe","7":"product_tag-addictions","9":"first","10":"instock","11":"downloadable","12":"virtual","13":"sold-individually","14":"purchasable","15":"product-type-simple"},"aioseo_notices":[],"jetpack_publicize_connections":[],"jetpack-related-posts":[],"jetpack_sharing_enabled":true,"_links":{"self":[{"href":"https:\/\/karandoogo.com\/index.php\/wp-json\/wp\/v2\/product\/1744","targetHints":{"allow":["GET"]}}],"collection":[{"href":"https:\/\/karandoogo.com\/index.php\/wp-json\/wp\/v2\/product"}],"about":[{"href":"https:\/\/karandoogo.com\/index.php\/wp-json\/wp\/v2\/types\/product"}],"wp:featuredmedia":[{"embeddable":true,"href":"https:\/\/karandoogo.com\/index.php\/wp-json\/wp\/v2\/media\/831"}],"wp:attachment":[{"href":"https:\/\/karandoogo.com\/index.php\/wp-json\/wp\/v2\/media?parent=1744"}],"wp:term":[{"taxonomy":"product_brand","embeddable":true,"href":"https:\/\/karandoogo.com\/index.php\/wp-json\/wp\/v2\/product_brand?post=1744"},{"taxonomy":"product_cat","embeddable":true,"href":"https:\/\/karandoogo.com\/index.php\/wp-json\/wp\/v2\/product_cat?post=1744"},{"taxonomy":"product_tag","embeddable":true,"href":"https:\/\/karandoogo.com\/index.php\/wp-json\/wp\/v2\/product_tag?post=1744"}],"curies":[{"name":"wp","href":"https:\/\/api.w.org\/{rel}","templated":true}]}}