{"id":1753,"date":"2022-08-28T14:32:52","date_gmt":"2022-08-28T14:32:52","guid":{"rendered":"https:\/\/karandoogo.com\/?post_type=product&#038;p=1753"},"modified":"2025-10-19T13:53:00","modified_gmt":"2025-10-19T13:53:00","slug":"expose-complet-sur-miel-amer-de-jean-baptiste-some","status":"publish","type":"product","link":"https:\/\/karandoogo.com\/index.php\/produit\/expose-complet-sur-miel-amer-de-jean-baptiste-some\/","title":{"rendered":"Expos\u00e9 complet sur  Miel Amer de Jean Baptiste SOME"},"content":{"rendered":"","protected":false},"excerpt":{"rendered":"<p><strong>NB<\/strong>: Les documents mis \u00e0 disposition sur ce site sont des documents \u00e0 exploiter, autrement dit des compl\u00e9ments pour parfaire votre travail. Ils ne sont pas faits pour \u00eatre pr\u00e9sent\u00e9s \u00e0 l\u2019\u00e9tat.<\/p>\n<p><strong><u>PLAN<\/u><\/strong><\/p>\n<p><strong><u>INTRODUCTION<\/u><\/strong><\/p>\n<ol type=\"I\">\n<li>Biographie et Bibliographie de l\u2019auteur<\/li>\n<li>Biographie<\/li>\n<li>Bibliographie<\/li>\n<li>LES MANIFESTATIONS<\/li>\n<li>La rencontre<\/li>\n<li>Le mariage<\/li>\n<li>Structure et r\u00e9sum\u00e9 de l\u2019\u0153uvre<\/li>\n<li>Structure de l\u2019\u0153uvre<\/li>\n<li>R\u00e9sum\u00e9 de l\u2019\u0153uvre<\/li>\n<li>Etude des personnages principaux<\/li>\n<li>Personnages principaux<\/li>\n<li>Personnages secondaires<\/li>\n<li>Port\u00e9 de l\u2019\u0153uvre<\/li>\n<\/ol>\n<p><strong>Conclusion<\/strong><\/p>\n<p>&nbsp;<\/p>\n<p>INTRODUCTION<\/p>\n<p>L\u2019\u0153uvre de Jean Baptiste SOME (le Miel Amer nous relate l\u2019histoire d\u2019un couple qui s\u2019est mari\u00e9 pr\u00e9cipitamment \u00e0 la suite d\u2019une grossesse non intentionnelle. Au d\u00e9but tout allait bien mais apr\u00e8s la naissance de leur fille Lili sous l\u2019influence de ses amis, Aboubacar reprit ses anciennes habitudes qui plong\u00e8rent le foyer dans des probl\u00e8mes.<\/p>\n<p>Ce faisant, le sujet pose ainsi le probl\u00e8me des m\u00e9sententes dans le foyer. Quelles sont, les manifestations, les causes, les cons\u00e9quences et les solutions \u00e0 ces probl\u00e8mes.<\/p>\n<p>Les r\u00e9ponses successives \u00e0 ces quatres questions constitueront l\u2019objet de notre analyse.<\/p>\n<ol type=\"I\">\n<li><strong><u>BIOGRAPHIE ET BIBLIOGRAPHIE DE L\u2019AUTEUR<\/u><\/strong><\/li>\n<li><strong>Biographie<\/strong><\/li>\n<\/ol>\n<p>Jean Baptiste Som\u00e9 est n\u00e9 \u00e0 T\u00e9noulouau Burkina Faso en 1948. Il a fait ses \u00e9tudes primaires \u00e0 Dano et ses \u00e9tudes secondaires \u00e0 Bobo Dioulasso.<\/p>\n<p>Licenci\u00e9 \u00e8s lettres de l\u2019universit\u00e9 de Ouagadougou. Il poursuivit ses \u00e9tudes \u00e0 Nice en France.<\/p>\n<p>Revenu au Burkina Faso, il est nomm\u00e9 Professeur de Lettres au Lyc\u00e9e Ou\u00e9zzin Coulibalyde Bobo-Dioulasso. Il retourne ensuite aux \u00e9tudes au Canada o\u00f9 il obtient un doctorat (Ph.D) en Mesure et Evaluation \u00e0 l\u2019universit\u00e9 de Laval. Enseignant de retour du Canada \u00e0 l\u2019Institut des\u2026<\/p>\n<p>Pour obtenir l&rsquo;expos\u00e9 complet contactez le +226 56196345 (WhatsApp).<\/p>\n","protected":false},"featured_media":831,"template":"","meta":{"jetpack_publicize_message":"","jetpack_publicize_feature_enabled":true,"jetpack_social_post_already_shared":false,"jetpack_social_options":{"image_generator_settings":{"template":"highway","default_image_id":0,"font":"","enabled":false},"version":2}},"product_brand":[],"product_cat":[598,547],"product_tag":[730,729],"class_list":{"0":"post-1753","1":"product","2":"type-product","3":"status-publish","4":"has-post-thumbnail","6":"product_cat-litterature","7":"product_cat-litterature-africaine","8":"product_tag-jean-baptiste-some","9":"product_tag-miel-amer","11":"first","12":"instock","13":"downloadable","14":"virtual","15":"sold-individually","16":"purchasable","17":"product-type-simple"},"aioseo_notices":[],"jetpack_publicize_connections":[],"jetpack-related-posts":[],"jetpack_sharing_enabled":true,"_links":{"self":[{"href":"https:\/\/karandoogo.com\/index.php\/wp-json\/wp\/v2\/product\/1753","targetHints":{"allow":["GET"]}}],"collection":[{"href":"https:\/\/karandoogo.com\/index.php\/wp-json\/wp\/v2\/product"}],"about":[{"href":"https:\/\/karandoogo.com\/index.php\/wp-json\/wp\/v2\/types\/product"}],"wp:featuredmedia":[{"embeddable":true,"href":"https:\/\/karandoogo.com\/index.php\/wp-json\/wp\/v2\/media\/831"}],"wp:attachment":[{"href":"https:\/\/karandoogo.com\/index.php\/wp-json\/wp\/v2\/media?parent=1753"}],"wp:term":[{"taxonomy":"product_brand","embeddable":true,"href":"https:\/\/karandoogo.com\/index.php\/wp-json\/wp\/v2\/product_brand?post=1753"},{"taxonomy":"product_cat","embeddable":true,"href":"https:\/\/karandoogo.com\/index.php\/wp-json\/wp\/v2\/product_cat?post=1753"},{"taxonomy":"product_tag","embeddable":true,"href":"https:\/\/karandoogo.com\/index.php\/wp-json\/wp\/v2\/product_tag?post=1753"}],"curies":[{"name":"wp","href":"https:\/\/api.w.org\/{rel}","templated":true}]}}