{"id":1771,"date":"2022-08-28T15:07:49","date_gmt":"2022-08-28T15:07:49","guid":{"rendered":"https:\/\/karandoogo.com\/?post_type=product&#038;p=1771"},"modified":"2025-10-19T13:53:00","modified_gmt":"2025-10-19T13:53:00","slug":"expose-complet-sur-le-burkina-sous-domination-coloniale","status":"publish","type":"product","link":"https:\/\/karandoogo.com\/index.php\/produit\/expose-complet-sur-le-burkina-sous-domination-coloniale\/","title":{"rendered":"Expos\u00e9 complet sur le Burkina sous domination coloniale"},"content":{"rendered":"","protected":false},"excerpt":{"rendered":"<p><strong>NB:<\/strong> Les documents mis \u00e0 disposition sur ce site sont des documents \u00e0 exploiter, autrement dit des compl\u00e9ments pour parfaire votre travail. Ils ne sont pas faits pour \u00eatre pr\u00e9sent\u00e9s \u00e0 l\u2019\u00e9tat.<\/p>\n<p><strong><u>PLAN<\/u><\/strong><\/p>\n<p><strong><u>INTRODUCTION<\/u><\/strong><\/p>\n<p><strong><u>I- ETAPES DE LA DOMINATION<\/u><\/strong><\/p>\n<p><strong><u>II- LA CONQUETE ARMEE<\/u><\/strong><\/p>\n<p><strong><u>III- LE BURKINA SOUS DOMINATION COLONIALE<\/u><\/strong><\/p>\n<p><strong><u>IV- LA HAUTE-VOLTA DE 1919 A 1958<\/u><\/strong><\/p>\n<p><strong><u>LES NANAMSE, AGENTS DE LA MISE EN VALEUR DES COLONIES FRAN\u00c7AISES.<\/u><\/strong><\/p>\n<p><strong><u>II- LES CHEFFERIES<\/u><\/strong><\/p>\n<p><strong><u>CONCLUSION<\/u><\/strong><\/p>\n<p><strong><u>INTRODUCTION<\/u><\/strong><\/p>\n<p>A la fin de la saison des pluies de l\u2019ann\u00e9e 1915, les repr\u00e9sentants d\u2019une ligue d\u2019une douzaine de villages de la boucle de la Volta (Burkina-Faso) se rassembl\u00e8rent autour de l\u2019autel du culte de la terre du village de Bona, o\u00f9 ils pr\u00eat\u00e8rent serment de prendre les armes contre le pouvoir colonial et de ne les d\u00e9poser qu\u2019apr\u00e8s son d\u00e9part d\u00e9finitif. Ainsi d\u00e9buta l\u2019une des derni\u00e8res et des plus meurtri\u00e8res guerres coloniales de l\u2019Afrique de l\u2019Ouest. Apr\u00e8s avoir mis en d\u00e9route les premi\u00e8res exp\u00e9ditions punitives, les combattants anticoloniaux repouss\u00e8rent, en d\u00e9cembre 1915, une colonne militaire qui comprenait des bataillons provenant de diff\u00e9rentes colonies de l\u2019Afrique occidentale fran\u00e7aise (AOF) renforc\u00e9e par une unit\u00e9 d\u2019artillerie.<\/p>\n<p><strong><u>I- ETAPES DE LA DOMINATION<\/u><\/strong><\/p>\n<p>La France, depuis ses bases du Soudan fran\u00e7ais et de la C\u00f4te-d\u2019Ivoire, lance plusieurs missions destin\u00e9es \u00e0 relier ces territoires au Dahomey et \u00e0 faire barrage aux pr\u00e9tentions britanniques et allemandes. L\u2019exp\u00e9dition du docteur Crozat (ao\u00fbt-novembre 1890) se solde par un \u00e9chec politique\u00a0: il obtient des promesses d\u2019amiti\u00e9 du Mogho Naba mais ne parvient \u00e0 faire signer aucun trait\u00e9. Quant \u00e0 la mission du capitaine Monteil, qui le m\u00e8ne de Saint-Louis (d\u00e9cembre 1890) \u00e0 Tripoli (d\u00e9cembre 1892), elle n\u2019a gu\u00e8re plus de\u2026<\/p>\n<p>Pour obtenir l&rsquo;expos\u00e9 complet contactez le +226 56196345 (WhatsApp).<\/p>\n","protected":false},"featured_media":831,"template":"","meta":{"jetpack_publicize_message":"","jetpack_publicize_feature_enabled":true,"jetpack_social_post_already_shared":false,"jetpack_social_options":{"image_generator_settings":{"template":"highway","default_image_id":0,"font":"","enabled":false},"version":2}},"product_brand":[],"product_cat":[544,608],"product_tag":[740],"class_list":{"0":"post-1771","1":"product","2":"type-product","3":"status-publish","4":"has-post-thumbnail","6":"product_cat-exposes","7":"product_cat-histoire","8":"product_tag-domination-coloniale","10":"first","11":"instock","12":"downloadable","13":"virtual","14":"sold-individually","15":"purchasable","16":"product-type-simple"},"aioseo_notices":[],"jetpack_publicize_connections":[],"jetpack-related-posts":[],"jetpack_sharing_enabled":true,"_links":{"self":[{"href":"https:\/\/karandoogo.com\/index.php\/wp-json\/wp\/v2\/product\/1771","targetHints":{"allow":["GET"]}}],"collection":[{"href":"https:\/\/karandoogo.com\/index.php\/wp-json\/wp\/v2\/product"}],"about":[{"href":"https:\/\/karandoogo.com\/index.php\/wp-json\/wp\/v2\/types\/product"}],"wp:featuredmedia":[{"embeddable":true,"href":"https:\/\/karandoogo.com\/index.php\/wp-json\/wp\/v2\/media\/831"}],"wp:attachment":[{"href":"https:\/\/karandoogo.com\/index.php\/wp-json\/wp\/v2\/media?parent=1771"}],"wp:term":[{"taxonomy":"product_brand","embeddable":true,"href":"https:\/\/karandoogo.com\/index.php\/wp-json\/wp\/v2\/product_brand?post=1771"},{"taxonomy":"product_cat","embeddable":true,"href":"https:\/\/karandoogo.com\/index.php\/wp-json\/wp\/v2\/product_cat?post=1771"},{"taxonomy":"product_tag","embeddable":true,"href":"https:\/\/karandoogo.com\/index.php\/wp-json\/wp\/v2\/product_tag?post=1771"}],"curies":[{"name":"wp","href":"https:\/\/api.w.org\/{rel}","templated":true}]}}