{"id":1780,"date":"2022-08-28T15:47:19","date_gmt":"2022-08-28T15:47:19","guid":{"rendered":"https:\/\/karandoogo.com\/?post_type=product&#038;p=1780"},"modified":"2025-10-19T13:53:00","modified_gmt":"2025-10-19T13:53:00","slug":"expose-complet-sur-les-maladies-sexuellement-transmissibles-mst","status":"publish","type":"product","link":"https:\/\/karandoogo.com\/index.php\/produit\/expose-complet-sur-les-maladies-sexuellement-transmissibles-mst\/","title":{"rendered":"Expos\u00e9 complet sur les maladies sexuellement transmissibles-MST"},"content":{"rendered":"","protected":false},"excerpt":{"rendered":"<p><strong>NB:<\/strong> Les documents mis \u00e0 disposition sur ce site sont des documents \u00e0 exploiter, autrement dit des compl\u00e9ments pour parfaire votre travail. Ils ne sont pas faits pour \u00eatre pr\u00e9sent\u00e9s \u00e0 l\u2019\u00e9tat.<\/p>\n<p><strong><u>PLAN<\/u><\/strong><\/p>\n<p><strong><u>INTRODUCTION<\/u><\/strong><\/p>\n<ol type=\"I\">\n<li><strong><u>CAUSES DES MALADIES SEXUELLEMENT TRANSMISSIBLES<\/u><\/strong><\/li>\n<li><strong><u>COMMENT PREVENIR LES MALADIES SEXUELLEMENT TRANSMISSIBLES<\/u><\/strong><\/li>\n<li><strong><u>MANIFESTATION DES MALADIES SEXUELLEMENT TRANSMISSIBLES<\/u><\/strong><\/li>\n<li><strong><u>TRAITEMENT DES MALADIES SEXUELLEMENT TRANSMISSIBLES<\/u><\/strong><\/li>\n<\/ol>\n<p><strong><u>CONCLUSION<\/u><\/strong><\/p>\n<p><strong><u>INTRODUCTION<\/u><\/strong><\/p>\n<p>Les IST ont de profondes r\u00e9percussions sur la sant\u00e9 sexuelle et reproductive dans le monde.<\/p>\n<p>Chaque jour, plus d\u2019un million de personnes contractent des infections sexuellement transmissibles. On estime que, chaque ann\u00e9e, 357 millions de personnes contractent l\u2019une des 4 IST suivantes: chlamydiose (131 millions), gonorrh\u00e9e (78 millions), syphilis (5,6 millions) et trichomonase (143 millions). Plus de 500 millions de personnes vivent avec une infection par le HSV (herp\u00e8s). \u00c0 tout moment, plus de 290 millions de femmes ont une infection \u00e0 VPH, l\u2019une des IST les plus courantes.<\/p>\n<p>Les maladies sexuellement transmissibles (MST) sont dues \u00e0 diff\u00e9rents micro-organismes (bact\u00e9ries, virus, champignons ou parasites) et se transmettent lors des rapports sexuels. Certaines infections virales, comme l\u2019herp\u00e8s g\u00e9nital ou les verrues g\u00e9nitales sont end\u00e9miques dans la population. On note une augmentation r\u00e9guli\u00e8re du nombre d\u2019infections \u00e0 gonocoques et \u00e0 Chlamydiae. L\u2019incidence globale des infections \u00e0 virus de l\u2019immunod\u00e9ficience humaine (VIH) a diminu\u00e9 entre 2003 et 2008, mais reste comparativement \u00e9lev\u00e9e.<\/p>\n<ol type=\"I\">\n<li><strong><u>CAUSES DES MALADIES SEXUELLEMENT TRANSMISSIBLES<\/u><\/strong><\/li>\n<\/ol>\n<p>Les infections sexuellement transmissibles se transmettent principalement par contact cutan\u00e9 lors d\u2019un rapport sexuel, vaginal, anal ou oral. Elles peuvent aussi se propager par d\u2019autres voies, comme les transfusions sanguines. Un grand nombre d\u2019IST, notamment la chlamydiose, la gonorrh\u00e9e, l\u2019h\u00e9patite B primaire, l\u2019infection \u00e0 VIH et la syphilis, se transmettent aussi de la m\u00e8re \u00e0 l\u2019enfant pendant la grossesse et\u2026<\/p>\n<p>Pour obtenir l&rsquo;expos\u00e9 complet contactez le +226 56196345 (WhatsApp).<\/p>\n","protected":false},"featured_media":831,"template":"","meta":{"jetpack_publicize_message":"","jetpack_publicize_feature_enabled":true,"jetpack_social_post_already_shared":false,"jetpack_social_options":{"image_generator_settings":{"template":"highway","default_image_id":0,"font":"","enabled":false},"version":2}},"product_brand":[],"product_cat":[546],"product_tag":[744],"class_list":{"0":"post-1780","1":"product","2":"type-product","3":"status-publish","4":"has-post-thumbnail","6":"product_cat-societe","7":"product_tag-maladies-sexuellement-transmissibles","9":"first","10":"instock","11":"downloadable","12":"virtual","13":"sold-individually","14":"purchasable","15":"product-type-simple"},"aioseo_notices":[],"jetpack_publicize_connections":[],"jetpack-related-posts":[],"jetpack_sharing_enabled":true,"_links":{"self":[{"href":"https:\/\/karandoogo.com\/index.php\/wp-json\/wp\/v2\/product\/1780","targetHints":{"allow":["GET"]}}],"collection":[{"href":"https:\/\/karandoogo.com\/index.php\/wp-json\/wp\/v2\/product"}],"about":[{"href":"https:\/\/karandoogo.com\/index.php\/wp-json\/wp\/v2\/types\/product"}],"wp:featuredmedia":[{"embeddable":true,"href":"https:\/\/karandoogo.com\/index.php\/wp-json\/wp\/v2\/media\/831"}],"wp:attachment":[{"href":"https:\/\/karandoogo.com\/index.php\/wp-json\/wp\/v2\/media?parent=1780"}],"wp:term":[{"taxonomy":"product_brand","embeddable":true,"href":"https:\/\/karandoogo.com\/index.php\/wp-json\/wp\/v2\/product_brand?post=1780"},{"taxonomy":"product_cat","embeddable":true,"href":"https:\/\/karandoogo.com\/index.php\/wp-json\/wp\/v2\/product_cat?post=1780"},{"taxonomy":"product_tag","embeddable":true,"href":"https:\/\/karandoogo.com\/index.php\/wp-json\/wp\/v2\/product_tag?post=1780"}],"curies":[{"name":"wp","href":"https:\/\/api.w.org\/{rel}","templated":true}]}}