{"id":1784,"date":"2022-08-28T16:11:08","date_gmt":"2022-08-28T16:11:08","guid":{"rendered":"https:\/\/karandoogo.com\/?post_type=product&#038;p=1784"},"modified":"2025-10-19T13:51:37","modified_gmt":"2025-10-19T13:51:37","slug":"expose-complet-sur-la-confederation-africaine-de-football-caf-histoire-et-organisation","status":"publish","type":"product","link":"https:\/\/karandoogo.com\/index.php\/produit\/expose-complet-sur-la-confederation-africaine-de-football-caf-histoire-et-organisation\/","title":{"rendered":"Expos\u00e9 complet sur la conf\u00e9d\u00e9ration africaine de football &#8211; CAF &#8211; Histoire et Organisation"},"content":{"rendered":"","protected":false},"excerpt":{"rendered":"<p><strong>NB:<\/strong> Les documents mis \u00e0 disposition sur ce site sont des documents \u00e0 exploiter, autrement dit des compl\u00e9ments pour parfaire votre travail. Ils ne sont pas faits pour \u00eatre pr\u00e9sent\u00e9s \u00e0 l\u2019\u00e9tat.<\/p>\n<p><strong><u>PLAN<\/u><\/strong><\/p>\n<p><strong><u>INTRODUCTION<\/u><\/strong><\/p>\n<ol type=\"I\">\n<li><strong><u>HISTOIRE DE LA CAF<\/u><\/strong><\/li>\n<li><strong><u>ORGANISATION DE LA CAF<\/u><\/strong><\/li>\n<li><strong><u>Direction de la CAF<\/u><\/strong><\/li>\n<li><strong><u>Comit\u00e9 ex\u00e9cutif<\/u><\/strong><\/li>\n<li><strong><u>Membre honoraires<\/u><\/strong><\/li>\n<\/ol>\n<p><strong><u>Conclusion<\/u><\/strong><\/p>\n<p><strong><u>Source\u00a0:<\/u><\/strong><\/p>\n<p><strong><u>INTRODUCTION<\/u><\/strong><\/p>\n<p>La conf\u00e9d\u00e9ration africaine de football, \u00e9galement d\u00e9sign\u00e9e sous l\u2019acronyme CAF, est une association regroupant et repr\u00e9sentant les f\u00e9d\u00e9rations nationales de football d\u2019Afrique.<\/p>\n<p>Fond\u00e9e en 1957, la CAF a pour r\u00f4le de g\u00e9rer et d\u00e9velopper le football \u00e0 l\u2019\u00e9chelon continental, sous l\u2019\u00e9gide de la FIFA. Elle organise et administre les principales comp\u00e9titions continentales, qu\u2019elles soient destin\u00e9es aux s\u00e9lections, comme la Coupe d\u2019Afrique des nations et le Championnat d\u2019Afrique des nations, ou aux clubs, comme la Ligue des champions, la Coupe de la conf\u00e9d\u00e9ration et la Supercoupe de la CAF. Elle est aussi responsable des comp\u00e9titions continentales de football f\u00e9minin et de jeunes.<\/p>\n<p>La CAF rassemble actuellement 54 f\u00e9d\u00e9rations. Bas\u00e9e en \u00c9gypte, son pr\u00e9sident actuel est le Sud-africain, Patrice Motsepe, depuis mars 2021.<\/p>\n<ol type=\"I\">\n<li><strong><u>HISTOIRE DE LA CAF<\/u><\/strong><\/li>\n<\/ol>\n<p>Il a fallu attendre 1956 pour que les quatre pays africains membres de la FIFA (\u00c9gypte, Soudan, Afrique du Sud et \u00c9thiopie) s\u2019entendent pour cr\u00e9er une conf\u00e9d\u00e9ration africaine et pour organiser une comp\u00e9tition continentale. Les statuts ont \u00e9t\u00e9 accept\u00e9s par la FIFA en juin 10 f\u00e9vrier 1957, malgr\u00e9 le refus de l\u2019Afrique du Sud de se pr\u00e9senter 4 mois auparavant \u00e0 la premi\u00e8re comp\u00e9tition continentale au Soudan, pour ne pas \u00e0 avoir \u00e0 pr\u00e9senter une \u00e9quipe multi-raciale.<\/p>\n<ol type=\"I\">\n<li><strong><u>ORGANISATION DE LA CAF<\/u><\/strong><\/li>\n<li><strong><u>Direction de la CAF<\/u><\/strong><\/li>\n<\/ol>\n<p>Le pr\u00e9sident de la CAF est \u00e9lu par les pr\u00e9sidents des f\u00e9d\u00e9rations qui la composent. Le pr\u00e9sident de la CAF est automatiquement vice-pr\u00e9sident de la FIFA. Le pr\u00e9sident Ahmad Ahmad est \u00e9lu le 17 mars 2017, lors de l\u2019Assembl\u00e9e g\u00e9n\u00e9rale de la CAF \u00e0\u2026<\/p>\n<p>Pour obtenir l&rsquo;expos\u00e9 complet contactez le +226 56196345 (WhatsApp).<\/p>\n","protected":false},"featured_media":831,"template":"","meta":{"jetpack_publicize_message":"","jetpack_publicize_feature_enabled":true,"jetpack_social_post_already_shared":false,"jetpack_social_options":{"image_generator_settings":{"template":"highway","default_image_id":0,"font":"","enabled":false},"version":2}},"product_brand":[],"product_cat":[667,714],"product_tag":[748],"class_list":{"0":"post-1784","1":"product","2":"type-product","3":"status-publish","4":"has-post-thumbnail","6":"product_cat-epreuves-physiques-et-sportives-eps","7":"product_cat-politique","8":"product_tag-football-africain","10":"first","11":"instock","12":"downloadable","13":"virtual","14":"sold-individually","15":"purchasable","16":"product-type-simple"},"aioseo_notices":[],"jetpack_publicize_connections":[],"jetpack-related-posts":[],"jetpack_sharing_enabled":true,"_links":{"self":[{"href":"https:\/\/karandoogo.com\/index.php\/wp-json\/wp\/v2\/product\/1784","targetHints":{"allow":["GET"]}}],"collection":[{"href":"https:\/\/karandoogo.com\/index.php\/wp-json\/wp\/v2\/product"}],"about":[{"href":"https:\/\/karandoogo.com\/index.php\/wp-json\/wp\/v2\/types\/product"}],"wp:featuredmedia":[{"embeddable":true,"href":"https:\/\/karandoogo.com\/index.php\/wp-json\/wp\/v2\/media\/831"}],"wp:attachment":[{"href":"https:\/\/karandoogo.com\/index.php\/wp-json\/wp\/v2\/media?parent=1784"}],"wp:term":[{"taxonomy":"product_brand","embeddable":true,"href":"https:\/\/karandoogo.com\/index.php\/wp-json\/wp\/v2\/product_brand?post=1784"},{"taxonomy":"product_cat","embeddable":true,"href":"https:\/\/karandoogo.com\/index.php\/wp-json\/wp\/v2\/product_cat?post=1784"},{"taxonomy":"product_tag","embeddable":true,"href":"https:\/\/karandoogo.com\/index.php\/wp-json\/wp\/v2\/product_tag?post=1784"}],"curies":[{"name":"wp","href":"https:\/\/api.w.org\/{rel}","templated":true}]}}