{"id":1800,"date":"2022-08-28T16:32:27","date_gmt":"2022-08-28T16:32:27","guid":{"rendered":"https:\/\/karandoogo.com\/?post_type=product&#038;p=1800"},"modified":"2025-10-19T13:51:37","modified_gmt":"2025-10-19T13:51:37","slug":"expose-complet-sur-lempire-du-mali","status":"publish","type":"product","link":"https:\/\/karandoogo.com\/index.php\/produit\/expose-complet-sur-lempire-du-mali\/","title":{"rendered":"Expos\u00e9 complet sur l&#8217;empire du MALI"},"content":{"rendered":"","protected":false},"excerpt":{"rendered":"<p><strong>NB:<\/strong> Les documents mis \u00e0 disposition sur ce site sont des documents \u00e0 exploiter, autrement dit des compl\u00e9ments pour parfaire votre travail. Ils ne sont pas faits pour \u00eatre pr\u00e9sent\u00e9s \u00e0 l\u2019\u00e9tat.<\/p>\n<p><strong><u>INTRODUCTION<\/u><\/strong><\/p>\n<ol type=\"I\">\n<li><strong><u>EVOLUTION DE L\u2019EMPIRE DU MALI<\/u><\/strong><\/li>\n<li><strong><u>L\u2019origine du Mali<\/u><\/strong><\/li>\n<li><strong><u>L\u2019apog\u00e9e de l\u2019empire<\/u><\/strong><\/li>\n<li><strong><u>D\u00e9clin de l\u2019empire<\/u><\/strong><\/li>\n<\/ol>\n<ol type=\"I\">\n<li><strong><u>LA CIVILISATION DE L\u2019EMPIRE DU MALI<\/u><\/strong><\/li>\n<li><strong><u>L\u2019organisation sociale<\/u><\/strong><\/li>\n<li><strong><u>La religion de l\u2019empire<\/u><\/strong><\/li>\n<li><strong><u>L\u2019art de l\u2019empire<\/u><\/strong><\/li>\n<li><strong><u>L\u2019organisation \u00e9conomique<\/u><\/strong><\/li>\n<\/ol>\n<p><strong><u>CONCLUSION<\/u><\/strong><\/p>\n<p><strong><u>INTRODUCTION<\/u><\/strong><\/p>\n<p>L\u2019empire du Mali est un \u00c9tat africain qui a exist\u00e9 entre les XIIIe et XIVe si\u00e8cles en Afrique de l\u2019ouest. Il \u00e9tait compos\u00e9 de territoires s\u2019\u00e9tendant de l\u2019oc\u00e9an Atlantique la grande boucle du Niger, c\u2019est-\u00e0-dire sur l\u2019est de la Guin\u00e9e, le S\u00e9n\u00e9gal, une grande partie du Mali et le sud de la Mauritanie. Sa capitale est difficile localiser, certains historiens la situent dans l\u2019est guin\u00e9en \u00e0 Niani, d\u2019autres pensent que la capitale \u00e9tait itin\u00e9rante. Fond\u00e9 par les Mandingues(ou Malink\u00e9s) l\u2019empire du Mali est un grand producteur etexportateurd\u2019orvers l\u2019Afrique du Nordmusulmane et l\u2019Europe. Sa p\u00e9riode la plus prosp\u00e8re est leXIVesi\u00e8cle.<\/p>\n<ol type=\"I\">\n<li><strong><u>EVOLUTION DE L\u2019EMPIRE DU MALI<\/u><\/strong><\/li>\n<li><strong><u>L\u2019origine du Mali<\/u><\/strong><\/li>\n<\/ol>\n<p>Le nom est mentionn\u00e9 pour la premi\u00e8re fois en 1050 \u00e0 propos d\u2019un p\u00e8lerinage \u00e0 la Mecque du souverain. Mais c\u2019est au XIIIe si\u00e8cle que le Mali s\u2019impose v\u00e9ritablement avec Soundiata Keita dernier du douze enfants royaux qui ont p\u00e9ri successivement sous les cours du roi de Sosso, Soumangourou Kant\u00e9, venant d\u2019abattre l\u2019empire du Ghana.<\/p>\n<ul>\n<li><strong><u>L\u2019apog\u00e9e de l\u2019empire<\/u><\/strong><\/li>\n<\/ul>\n<p>Vers 1230 il devient roi et il r\u00e9unit les clans malink\u00e9s \u00e0 Siby Selon les traditions orales il aurait organis\u00e9 une arm\u00e9e compos\u00e9e de\u2026<\/p>\n<p>Pour obtenir l&rsquo;expos\u00e9 complet contactez le +226 56196345 (WhatsApp).<\/p>\n","protected":false},"featured_media":831,"template":"","meta":{"jetpack_publicize_message":"","jetpack_publicize_feature_enabled":true,"jetpack_social_post_already_shared":false,"jetpack_social_options":{"image_generator_settings":{"template":"highway","default_image_id":0,"font":"","enabled":false},"version":2}},"product_brand":[],"product_cat":[608],"product_tag":[751,574],"class_list":{"0":"post-1800","1":"product","2":"type-product","3":"status-publish","4":"has-post-thumbnail","6":"product_cat-histoire","7":"product_tag-empire-du-mali","8":"product_tag-histoire-des-peuples-dafrique","10":"first","11":"instock","12":"downloadable","13":"virtual","14":"sold-individually","15":"purchasable","16":"product-type-simple"},"aioseo_notices":[],"jetpack_publicize_connections":[],"jetpack-related-posts":[],"jetpack_sharing_enabled":true,"_links":{"self":[{"href":"https:\/\/karandoogo.com\/index.php\/wp-json\/wp\/v2\/product\/1800","targetHints":{"allow":["GET"]}}],"collection":[{"href":"https:\/\/karandoogo.com\/index.php\/wp-json\/wp\/v2\/product"}],"about":[{"href":"https:\/\/karandoogo.com\/index.php\/wp-json\/wp\/v2\/types\/product"}],"wp:featuredmedia":[{"embeddable":true,"href":"https:\/\/karandoogo.com\/index.php\/wp-json\/wp\/v2\/media\/831"}],"wp:attachment":[{"href":"https:\/\/karandoogo.com\/index.php\/wp-json\/wp\/v2\/media?parent=1800"}],"wp:term":[{"taxonomy":"product_brand","embeddable":true,"href":"https:\/\/karandoogo.com\/index.php\/wp-json\/wp\/v2\/product_brand?post=1800"},{"taxonomy":"product_cat","embeddable":true,"href":"https:\/\/karandoogo.com\/index.php\/wp-json\/wp\/v2\/product_cat?post=1800"},{"taxonomy":"product_tag","embeddable":true,"href":"https:\/\/karandoogo.com\/index.php\/wp-json\/wp\/v2\/product_tag?post=1800"}],"curies":[{"name":"wp","href":"https:\/\/api.w.org\/{rel}","templated":true}]}}