{"id":1808,"date":"2022-08-28T17:14:13","date_gmt":"2022-08-28T17:14:13","guid":{"rendered":"https:\/\/karandoogo.com\/?post_type=product&#038;p=1808"},"modified":"2025-10-19T13:51:37","modified_gmt":"2025-10-19T13:51:37","slug":"expose-complet-sur-le-royaume-de-kong-version-1","status":"publish","type":"product","link":"https:\/\/karandoogo.com\/index.php\/produit\/expose-complet-sur-le-royaume-de-kong-version-1\/","title":{"rendered":"Expos\u00e9 complet sur le royaume de KONG -Version 1"},"content":{"rendered":"","protected":false},"excerpt":{"rendered":"<p><strong>NB:<\/strong> Les documents mis \u00e0 disposition sur ce site sont des documents \u00e0 exploiter, autrement dit des compl\u00e9ments pour parfaire votre travail. Ils ne sont pas faits pour \u00eatre pr\u00e9sent\u00e9s \u00e0 l\u2019\u00e9tat.<\/p>\n<p>INTRODUCTION<\/p>\n<ol type=\"I\">\n<li>LES FONDEMENTS NATURELS ET LES ORIGINES DU ROYAUME DE KONG<\/li>\n<li>Le cadre g\u00e9ographique<\/li>\n<li>Le cadre humain<\/li>\n<li>Les origines du royaume de Kong et l\u2019acquisition du pouvoir pas S\u00e9kou Ouattara<\/li>\n<li>L\u2019EMPIRE DE KONG<\/li>\n<li>fortification du pouvoir<\/li>\n<li>L\u2019extension du royaume de Kong<\/li>\n<li>Zan Bakari soumet le pays lobi<\/li>\n<li>La soumission de nombreuses r\u00e9gions<\/li>\n<li>Le pouvoir \u00e9tendu du souverain et sa cour factieuse<\/li>\n<li>Des pouvoirs \u00e9tendus<\/li>\n<li>Une cour fastueuse<\/li>\n<li>Le gouvernement de S\u00e9kou Ouattara et le d\u00e9clin de l\u2019empire<\/li>\n<\/ol>\n<p>CONCLUSION<\/p>\n<p>BIBLIOGRAPHIE<\/p>\n<p>ANNEXE<\/p>\n<p><strong><u>INTRODUCTION\u00a0<\/u><\/strong><\/p>\n<p>L\u2019histoire de la Cote d\u2019ivoire part de la pr\u00e9histoire jusqu\u2019au contact avec l\u2019occident au XIX\u00e8me si\u00e8cle. Avant la colonisation, la Cote d\u2019Ivoire en tant qu\u2019entit\u00e9 n\u2019existait pas. Mais au plan politique on note l\u2019existence de nombreux Etats. La Cote d\u2019Ivoire pr\u00e9coloniale avait donc connue plusieurs organisations qui se regroupaient en trois (03) r\u00e9gimes ou syst\u00e8mes notamment la monarchie.\u00a0 Ce syst\u00e8me politique qui aussi le fait des populations malink\u00e9 instaure un Etat centralis\u00e9 avec un pouvoir fort. C\u2019est le cas des monarchies islamis\u00e9es qui, en s\u2019installant dans le Nord-est de l\u2019actuelle Cote\u00a0d\u2019Ivoire remplace les communaut\u00e9s autonomes par le r\u00e8gne de la royaut\u00e9. Le roi est ainsi le seul d\u00e9tenteur du pouvoir politique militaire et judiciaire. Le royaume de Kong est l\u2019un des deux royaumes les plus importants qu\u2019avaient fond\u00e9 les Malink\u00e9s. C\u2019est sous le r\u00e8gne de S\u00e9kou Ouattara au XVIII\u00e8me si\u00e8cle que ce royaume atteint son apog\u00e9e et \u00e9tait rest\u00e9 puissant jusqu\u2019au d\u00e9but du XIX\u00e8me si\u00e8cle. Que doit-on alors retenir de l\u2019histoire du royaume de Kong\u00a0?<\/p>\n<p>Il s\u2019agit ici, d\u2019exposer sur l\u2019empire de Kong sous\u00a0\u00a0 S\u00e9kou Ouattara. Mais bien avant nous montrerons les fondements naturels et les origines de ce royaume.<\/p>\n<ol type=\"I\">\n<li><strong><u>LES FONDEMENTS NATURELS ET LES ORIGINES DU ROYAUME DE KONG<\/u><\/strong><\/li>\n<\/ol>\n<p>Le royaume de Kong est l\u2019un des plus anciens royaumes que l\u2019Afrique de l\u2019Ouest a connu. De par sa position entre le haut Bandama et la Como\u00e9, Kong b\u00e9n\u00e9ficie du drainage des deux grands fleuves de la C\u00f4te d\u2019ivoire. L\u2019histoire de cette r\u00e9gion \u00e9tant \u00e9troitement li\u00e9e \u00e0 la migration des Mand\u00e9s les vall\u00e9es de ces cours d\u2019eaux constituaient non seulement des passages oblig\u00e9s, des courants migratoires qui ont peupl\u00e9 une grande partie de l\u2019actuelle C\u00f4te d\u2019ivoire. Cette zone constituera un brasage de divers peuples et de civilisations. La g\u00e9n\u00e9rosit\u00e9 de la nature \u00e9t\u00e9 un atout majeur du peuplement ancien du nord et au nord-est de la C\u00f4te d\u2019ivoire. Le d\u00e9veloppement de Kong voit le jour \u00e0 l\u2019aube du XI\u00e8me si\u00e8cle gr\u00e2ce \u00e0 son site et \u2026<\/p>\n<p>Pour obtenir l&rsquo;expos\u00e9 complet contactez le +226 56196345 (WhatsApp).<\/p>\n","protected":false},"featured_media":831,"template":"","meta":{"jetpack_publicize_message":"","jetpack_publicize_feature_enabled":true,"jetpack_social_post_already_shared":false,"jetpack_social_options":{"image_generator_settings":{"template":"highway","default_image_id":0,"font":"","enabled":false},"version":2}},"product_brand":[],"product_cat":[608],"product_tag":[574,755],"class_list":{"0":"post-1808","1":"product","2":"type-product","3":"status-publish","4":"has-post-thumbnail","6":"product_cat-histoire","7":"product_tag-histoire-des-peuples-dafrique","8":"product_tag-royaume-de-kong","10":"first","11":"instock","12":"downloadable","13":"virtual","14":"sold-individually","15":"purchasable","16":"product-type-simple"},"aioseo_notices":[],"jetpack_publicize_connections":[],"jetpack-related-posts":[],"jetpack_sharing_enabled":true,"_links":{"self":[{"href":"https:\/\/karandoogo.com\/index.php\/wp-json\/wp\/v2\/product\/1808","targetHints":{"allow":["GET"]}}],"collection":[{"href":"https:\/\/karandoogo.com\/index.php\/wp-json\/wp\/v2\/product"}],"about":[{"href":"https:\/\/karandoogo.com\/index.php\/wp-json\/wp\/v2\/types\/product"}],"wp:featuredmedia":[{"embeddable":true,"href":"https:\/\/karandoogo.com\/index.php\/wp-json\/wp\/v2\/media\/831"}],"wp:attachment":[{"href":"https:\/\/karandoogo.com\/index.php\/wp-json\/wp\/v2\/media?parent=1808"}],"wp:term":[{"taxonomy":"product_brand","embeddable":true,"href":"https:\/\/karandoogo.com\/index.php\/wp-json\/wp\/v2\/product_brand?post=1808"},{"taxonomy":"product_cat","embeddable":true,"href":"https:\/\/karandoogo.com\/index.php\/wp-json\/wp\/v2\/product_cat?post=1808"},{"taxonomy":"product_tag","embeddable":true,"href":"https:\/\/karandoogo.com\/index.php\/wp-json\/wp\/v2\/product_tag?post=1808"}],"curies":[{"name":"wp","href":"https:\/\/api.w.org\/{rel}","templated":true}]}}