{"id":1810,"date":"2022-08-28T17:19:24","date_gmt":"2022-08-28T17:19:24","guid":{"rendered":"https:\/\/karandoogo.com\/?post_type=product&#038;p=1810"},"modified":"2025-10-19T13:51:37","modified_gmt":"2025-10-19T13:51:37","slug":"expose-complet-sur-le-royaume-de-kong-version-2","status":"publish","type":"product","link":"https:\/\/karandoogo.com\/index.php\/produit\/expose-complet-sur-le-royaume-de-kong-version-2\/","title":{"rendered":"Expos\u00e9 complet sur le royaume de KONG -Version 2"},"content":{"rendered":"","protected":false},"excerpt":{"rendered":"<p><strong>NB:<\/strong> Les documents mis \u00e0 disposition sur ce site sont des documents \u00e0 exploiter, autrement dit des compl\u00e9ments pour parfaire votre travail. Ils ne sont pas faits pour \u00eatre pr\u00e9sent\u00e9s \u00e0 l\u2019\u00e9tat.<\/p>\n<p><strong><u>PLAN<\/u><\/strong><\/p>\n<p><strong><u>INTRODUCTION<\/u><\/strong><\/p>\n<ul>\n<li><strong><u>LES ORIGINES ET EVOLUTIONS DU ROYAUME DE KONG<\/u><\/strong><\/li>\n<li><strong><u>LES ORIGINES DU ROYAUME DE KONG<\/u><\/strong><\/li>\n<li><strong><u>L\u2019EVOLUTION DU ROYAUME DE KONG<\/u><\/strong><\/li>\n<li><strong><u>ORGANISATION DU ROYAUME DE KONG<\/u><\/strong><\/li>\n<li><strong><u>ORGANISATION POLITIQUE<\/u><\/strong><\/li>\n<li><strong><u>ORGANISATION ECONOMIQUE<\/u><\/strong><\/li>\n<li><strong><u>ORGANISATION SOCIOCULTURELLE<\/u><\/strong><\/li>\n<li><strong><u>DECLIN DU ROYAUME DE KONG<\/u><\/strong><\/li>\n<li><strong><u>CAUSES DU DECLIN<\/u><\/strong><\/li>\n<li><strong><u>CONSEQUENCES DU DECLIN<\/u><\/strong><\/li>\n<\/ul>\n<p><strong><u>CONCLUSION<\/u><\/strong><\/p>\n<p>&nbsp;<\/p>\n<p>&nbsp;<\/p>\n<p><strong><u>INTRODUCTION<\/u><\/strong><\/p>\n<p>L\u2019empire Gwiriko est cr\u00e9\u00e9 vers 18\u00e8si\u00e8cle dans la partie Ouest du Burkina Faso par un prince Dioula du nom de Famangan OUATTARA petit fr\u00e8re de S\u00e9kou OUATTARA fondateur du royaume de Kong en pays Senoufos dans le Nord de la c\u00f4te d\u2019Ivoire. Le Gwiriko \u00e9tait un royaume vassal de Kong. LE royaume avait pour objectifle contr\u00f4le des routes commerciales qui reliaient Kong au site du fleuve Niger.<\/p>\n<ul>\n<li><strong><u>LES ORIGINES ET EVOLUTIONS DU ROYAUME DE KONG<\/u><\/strong><\/li>\n<li><strong>Les origines du royaume de Kong<\/strong><\/li>\n<\/ul>\n<p>&nbsp;<\/p>\n<p>Les gens s\u2019interrogent de plus en plus aujourd\u2019hui sur la signification r\u00e9elle du nom \u00ab Gwiriko \u00bb\u00a0 Quelle est son origine ? \u00c9tait-ce vraiment le nom d\u2019un royaume comme l\u2019avait fait croire Dominique Traor\u00e9 ? Quelle \u00e9tait l\u2019\u00e9tendue de ce royaume ? Ou s\u2019agit-il simplement d\u2019un mythe ?<\/p>\n<p>Pour comprendre l\u2019origine du nom Gwiriko, il faut remonter \u00e0 l\u2019expansion commerciale et politique de Kong au d\u00e9but du XVIIe si\u00e8cle. Cette expansion commerciale est le fait des Jula dont les anc\u00eatres, les Wangara, \u00e9taient en activit\u00e9 dans&#8230;.<\/p>\n<p>Pour obtenir l&rsquo;expos\u00e9 complet contactez le +226 56196345 (WhatsApp).<\/p>\n","protected":false},"featured_media":831,"template":"","meta":{"jetpack_publicize_message":"","jetpack_publicize_feature_enabled":true,"jetpack_social_post_already_shared":false,"jetpack_social_options":{"image_generator_settings":{"template":"highway","default_image_id":0,"font":"","enabled":false},"version":2}},"product_brand":[],"product_cat":[608],"product_tag":[574,755],"class_list":{"0":"post-1810","1":"product","2":"type-product","3":"status-publish","4":"has-post-thumbnail","6":"product_cat-histoire","7":"product_tag-histoire-des-peuples-dafrique","8":"product_tag-royaume-de-kong","10":"first","11":"instock","12":"downloadable","13":"virtual","14":"sold-individually","15":"purchasable","16":"product-type-simple"},"aioseo_notices":[],"jetpack_publicize_connections":[],"jetpack-related-posts":[],"jetpack_sharing_enabled":true,"_links":{"self":[{"href":"https:\/\/karandoogo.com\/index.php\/wp-json\/wp\/v2\/product\/1810","targetHints":{"allow":["GET"]}}],"collection":[{"href":"https:\/\/karandoogo.com\/index.php\/wp-json\/wp\/v2\/product"}],"about":[{"href":"https:\/\/karandoogo.com\/index.php\/wp-json\/wp\/v2\/types\/product"}],"wp:featuredmedia":[{"embeddable":true,"href":"https:\/\/karandoogo.com\/index.php\/wp-json\/wp\/v2\/media\/831"}],"wp:attachment":[{"href":"https:\/\/karandoogo.com\/index.php\/wp-json\/wp\/v2\/media?parent=1810"}],"wp:term":[{"taxonomy":"product_brand","embeddable":true,"href":"https:\/\/karandoogo.com\/index.php\/wp-json\/wp\/v2\/product_brand?post=1810"},{"taxonomy":"product_cat","embeddable":true,"href":"https:\/\/karandoogo.com\/index.php\/wp-json\/wp\/v2\/product_cat?post=1810"},{"taxonomy":"product_tag","embeddable":true,"href":"https:\/\/karandoogo.com\/index.php\/wp-json\/wp\/v2\/product_tag?post=1810"}],"curies":[{"name":"wp","href":"https:\/\/api.w.org\/{rel}","templated":true}]}}