{"id":1853,"date":"2022-08-28T21:06:16","date_gmt":"2022-08-28T21:06:16","guid":{"rendered":"https:\/\/karandoogo.com\/?post_type=product&#038;p=1853"},"modified":"2025-10-19T13:51:37","modified_gmt":"2025-10-19T13:51:37","slug":"expose-sur-la-deforestation-causes-consequences-et-solutions","status":"publish","type":"product","link":"https:\/\/karandoogo.com\/index.php\/produit\/expose-sur-la-deforestation-causes-consequences-et-solutions\/","title":{"rendered":"Expos\u00e9 sur la d\u00e9forestation (causes, cons\u00e9quences et solutions)"},"content":{"rendered":"","protected":false},"excerpt":{"rendered":"<p><strong>NB:<\/strong> Les documents mis \u00e0 disposition sur ce site sont des documents \u00e0 exploiter, autrement dit des compl\u00e9ments pour parfaire votre travail. Ils ne sont pas faits pour \u00eatre pr\u00e9sent\u00e9s \u00e0 l\u2019\u00e9tat.<\/p>\n<p><strong>INTRODUCTION<\/strong><\/p>\n<ol type=\"I\">\n<li><strong>CAUSES DE LA DEFORESTATION<\/strong><\/li>\n<li><strong>Feu de bois<\/strong><\/li>\n<li><strong>Urbanisation<\/strong><\/li>\n<li><strong>Exploitation mini\u00e8re<\/strong><\/li>\n<li><strong>CONSEQUENCES DE LA DEFORESTATION<\/strong><\/li>\n<li><strong>Impact sur la biodiversit\u00e9<\/strong><\/li>\n<li><strong>Impact sur le climat<\/strong><\/li>\n<li><strong>Cons\u00e9quences \u00e9conomiques<\/strong><\/li>\n<li><strong>\u00a0PROPOSITIONS DE SOLUTIONS<\/strong><\/li>\n<li><strong>L\u2019action des ONG<\/strong><\/li>\n<li><strong>Protection l\u00e9gale des for\u00eats<\/strong><\/li>\n<\/ol>\n<p><strong>CONCLUSION<\/strong><\/p>\n<p><strong>INTRODUCTION<\/strong><\/p>\n<p>La d\u00e9forestation est le ph\u00e9nom\u00e8ne de r\u00e9gression des surfaces couvertes de for\u00eats qu\u2019il soit d\u2019origine anthropique ou naturelle, c\u2019est aussi l\u2019action qui occasionne la disparition permanente de for\u00eat. Si une for\u00eat repousse apr\u00e8s une coupe, une attaque d\u2019insectes xylophage ou un feu, on ne parle pas de d\u00e9forestation. Le ph\u00e9nom\u00e8ne de d\u00e9forestation est souvent \u00e9voqu\u00e9 en lien avec celui de d\u00e9gradation (fonctionnelle ou biologique) de la for\u00eat. La perte de couvert forestier fait r\u00e9f\u00e9rence \u00e0 la perte de surface foresti\u00e8re brute, elle est souvent observ\u00e9e par satellite.<\/p>\n<ol type=\"I\">\n<li><strong>CAUSES DE LA DEFORESTATION<\/strong><\/li>\n<li><strong>Feu de bois<\/strong><\/li>\n<\/ol>\n<p>Dans les pays en voie de d\u00e9veloppement, les trois quarts du bois servent de combustible utilis\u00e9 dans des installations peu efficientes ; ceci a caus\u00e9 la d\u00e9forestation presque totale d\u2019Ha\u00efti. En zone sah\u00e9lienne, la demande en charbon de bois est importante. Au sud de l\u2019Afrique, plus de 140 000 hectares de terrains bois\u00e9s indig\u00e8nes disparaissent chaque ann\u00e9e pour fournir du bois pour le s\u00e9chage du tabac ; c\u2019est 12 % de la d\u00e9forestation annuelle totale de la r\u00e9gion.<\/p>\n<ol type=\"1\">\n<li><strong>Urbanisation<\/strong><\/li>\n<\/ol>\n<p>Un nombre croissant de for\u00eats sont sous influence urbaine. Les derni\u00e8res zones naturelles bois\u00e9es sont de plus en plus fragment\u00e9es et mit\u00e9es. Les for\u00eats secondaires exploit\u00e9es le sont aussi en raison notamment de certaines\u00a0<em>normes sylvicoles<\/em>\u00a0r\u00e9centes et formes plus intensives d\u2019am\u00e9nagement forestier qui ajoutent leurs effets \u00e0 ceux d\u2019autres infrastructures (autoroutes, routes foresti\u00e8res.<\/p>\n<ul>\n<li><strong>Exploitation mini\u00e8re<\/strong><\/li>\n<\/ul>\n<p>Outre un certain d\u00e9boisement, l\u2019exploitation mini\u00e8re, dont l\u2019<a href=\"https:\/\/fr.wikipedia.org\/wiki\/Orpaillage\">orpaillage<\/a>, provoque un empoisonnement de la terre et des eaux (ex\u00a0: arsenic, cyanures, mercure et autres m\u00e9taux lourds ou radionucl\u00e9ides\u2026), avec des cons\u00e9quences parfois durables sur la v\u00e9g\u00e9tation\u00a0: la\u00a0<a href=\"https:\/\/fr.wikipedia.org\/wiki\/Mine_de_Caraj%C3%A1s\">mine de Carajas<\/a>\u00a0au Br\u00e9sil a ainsi d\u00e9truit 150\u00a0000\u00a0km\u00a0de for\u00eat, et l\u2019orpaillage guyanais et du Surinam empoisonne des milliers de km de cours d\u2019eau forestiers par le mercure, jusqu\u2019au c\u0153ur pourtant peu accessible de la jungle. Ces activit\u00e9s modifient souvent le cycle de l\u2019eau via des pompages, drainages ou d\u00e9tournement de grandes quantit\u00e9s d\u2019eau qui peuvent en priver la for\u00eat.<\/p>\n<ol type=\"I\">\n<li><strong>CONSEQUENCES DE LA DEFORESTATION<\/strong><\/li>\n<li><strong>Impact sur la biodiversit\u00e9<\/strong><\/li>\n<\/ol>\n<p>La d\u00e9forestation est une destruction d\u2019habitats de milliers d\u2019esp\u00e8ces animales et v\u00e9g\u00e9tales, souvent condamn\u00e9es \u00e0 localement (ou globalement) dispara\u00eetre. Elle perturbe les \u00e9quilibres et les assemblages d\u2019esp\u00e8ces, souvent en ajoutant ses effets \u00e0 ceux de l\u2019agriculture, du roadkill ou de l\u2019urbanisation fr\u00e9quemment associ\u00e9es \u00e0 la d\u00e9forestation. C\u2019est aussi un facteur de fragmentation \u00e9co paysag\u00e8re, qui\u2026<\/p>\n<p>Pour obtenir l&rsquo;expos\u00e9 complet contactez le +226 56196345 (WhatsApp).<\/p>\n","protected":false},"featured_media":831,"template":"","meta":{"jetpack_publicize_message":"","jetpack_publicize_feature_enabled":true,"jetpack_social_post_already_shared":false,"jetpack_social_options":{"image_generator_settings":{"template":"highway","default_image_id":0,"font":"","enabled":false},"version":2}},"product_brand":[],"product_cat":[549,627],"product_tag":[761],"class_list":{"0":"post-1853","1":"product","2":"type-product","3":"status-publish","4":"has-post-thumbnail","6":"product_cat-geographie","7":"product_cat-sciences-de-la-vie-et-de-la-terre","8":"product_tag-la-deforestation","10":"first","11":"instock","12":"downloadable","13":"virtual","14":"purchasable","15":"product-type-simple"},"aioseo_notices":[],"jetpack_publicize_connections":[],"jetpack-related-posts":[],"jetpack_sharing_enabled":true,"_links":{"self":[{"href":"https:\/\/karandoogo.com\/index.php\/wp-json\/wp\/v2\/product\/1853","targetHints":{"allow":["GET"]}}],"collection":[{"href":"https:\/\/karandoogo.com\/index.php\/wp-json\/wp\/v2\/product"}],"about":[{"href":"https:\/\/karandoogo.com\/index.php\/wp-json\/wp\/v2\/types\/product"}],"wp:featuredmedia":[{"embeddable":true,"href":"https:\/\/karandoogo.com\/index.php\/wp-json\/wp\/v2\/media\/831"}],"wp:attachment":[{"href":"https:\/\/karandoogo.com\/index.php\/wp-json\/wp\/v2\/media?parent=1853"}],"wp:term":[{"taxonomy":"product_brand","embeddable":true,"href":"https:\/\/karandoogo.com\/index.php\/wp-json\/wp\/v2\/product_brand?post=1853"},{"taxonomy":"product_cat","embeddable":true,"href":"https:\/\/karandoogo.com\/index.php\/wp-json\/wp\/v2\/product_cat?post=1853"},{"taxonomy":"product_tag","embeddable":true,"href":"https:\/\/karandoogo.com\/index.php\/wp-json\/wp\/v2\/product_tag?post=1853"}],"curies":[{"name":"wp","href":"https:\/\/api.w.org\/{rel}","templated":true}]}}