{"id":1855,"date":"2022-08-28T21:23:30","date_gmt":"2022-08-28T21:23:30","guid":{"rendered":"https:\/\/karandoogo.com\/?post_type=product&#038;p=1855"},"modified":"2025-10-19T13:51:36","modified_gmt":"2025-10-19T13:51:36","slug":"expose-complet-sur-lafrique-septentrional","status":"publish","type":"product","link":"https:\/\/karandoogo.com\/index.php\/produit\/expose-complet-sur-lafrique-septentrional\/","title":{"rendered":"Expos\u00e9 complet sur l&rsquo;Afrique septentrional"},"content":{"rendered":"","protected":false},"excerpt":{"rendered":"<p><strong>NB:<\/strong> Les documents mis \u00e0 disposition sur ce site sont des documents \u00e0 exploiter, autrement dit des compl\u00e9ments pour parfaire votre travail. Ils ne sont pas faits pour \u00eatre pr\u00e9sent\u00e9s \u00e0 l\u2019\u00e9tat.<\/p>\n<p><strong><u>PLAN<\/u><\/strong><\/p>\n<p><strong><u>INTRODUCTION<\/u><\/strong><\/p>\n<p>I-<strong><u>GEOGRAPHIE DE L\u2019AFRIQUE SEPTENTRIONAL<\/u><\/strong><\/p>\n<p>II-<u>LES DIFFERENTS PAYS DE L\u2019AFRIQUE SEPTENTRIONAL ET LEURSCARACTERISTIQUES.<\/u><\/p>\n<p><strong><u>1-ALGERIE :<\/u><\/strong><\/p>\n<p><strong><u>2-EGYPTE :<\/u><\/strong><\/p>\n<p>3-<strong><u>LIBYE :<\/u><\/strong><\/p>\n<p>4-<strong><u>MAROC :<\/u><\/strong><\/p>\n<p>5-<strong><u>MAURITANIE :<\/u><\/strong><\/p>\n<p><strong><u>6-TUNISIE :<\/u><\/strong><\/p>\n<p><strong><u>III-CLIMAT DE L\u2019AFRIQUE SEPTENTRIONAL<\/u><\/strong><\/p>\n<p><strong><u>CONCLUSION<\/u><\/strong><\/p>\n<p>&nbsp;<\/p>\n<p>&nbsp;<\/p>\n<p><strong><u>INTRODUCTION<\/u><\/strong><\/p>\n<p><strong>Afrique septentrional<\/strong>\u00a0est un terme collectif pour un groupe de pays m\u00e9diterran\u00e9ens situ\u00e9s dans la r\u00e9gion la plus septentrionale du continent africain. Ce terme n\u2019a pas de d\u00e9finition unique accept\u00e9e. Elle est parfois d\u00e9finie comme s\u2019\u00e9tendant des rives de l\u2019Atlantique, du Maroc \u00e0 l\u2019ouest, au canal de Suez et \u00e0 la mer Rouge \u00e0 l\u2019est. La d\u00e9finition la plus commun\u00e9ment accept\u00e9e comprend d\u2019Est en Ouest : l\u2019\u00c9gypte, la Libye, la Tunisie, l\u2019Alg\u00e9rie, et le Maroc. Le bureau du recensement des \u00c9tats-Unis d\u00e9finit l\u2019Afrique du Nord comme \u00e9tant l\u2019Alg\u00e9rie, la Libye, l\u2019\u00c9gypte, le Maroc et la Tunisie.<\/p>\n<p>I-<strong><u>GEOGRAPHIE DE L\u2019AFRIQUE SEPTENTRIONAL<\/u><\/strong><\/p>\n<p>II-<u>LES DIFFERENTS PAYS DE L\u2019AFRIQUE SEPTENTRIONAL ET LEURSCARACTERISTIQUES.<\/u><\/p>\n<p><strong><u>1-ALGERIE :<\/u><\/strong><\/p>\n<p><strong><u>2-EGYPTE :<\/u><\/strong><\/p>\n<p>3-<strong><u>LIBYE :<\/u><\/strong><\/p>\n<p>4-<strong><u>MAROC :<\/u><\/strong><\/p>\n<p>5-<strong><u>MAURITANIE :<\/u><\/strong><\/p>\n<p><strong><u>6-TUNISIE :<\/u><\/strong><\/p>\n<p><strong><u>III-CLIMAT DE L\u2019AFRIQUE SEPTENTRIONAL<\/u><\/strong><\/p>\n<p><strong><u>CONCLUSION<\/u><\/strong><\/p>\n<p>L\u2019Afrique septentrional est l\u2019une des parties la plus diversifi\u00e9e d\u2019Afrique. Un nombre croissant de chercheurs ont postul\u00e9 que l\u2019Afrique du Nord, plut\u00f4t que l\u2019Afrique de l\u2019Est, servait de point de sortie pour les humains modernes qui ont d\u2019abord quitt\u00e9 le continent lors de la migration hors d\u2019Afrique. Les pays d\u2019Afrique Septentrional partagent une identit\u00e9 ethnique, culturelle et linguistique commune propre \u00e0 cette r\u00e9gion.<\/p>\n<p>Pour obtenir l&rsquo;expos\u00e9 complet contactez le +226 56196345 (WhatsApp).<\/p>\n","protected":false},"featured_media":831,"template":"","meta":{"jetpack_publicize_message":"","jetpack_publicize_feature_enabled":true,"jetpack_social_post_already_shared":false,"jetpack_social_options":{"image_generator_settings":{"template":"highway","default_image_id":0,"font":"","enabled":false},"version":2}},"product_brand":[],"product_cat":[548],"product_tag":[763],"class_list":{"0":"post-1855","1":"product","2":"type-product","3":"status-publish","4":"has-post-thumbnail","6":"product_cat-histoire-geographie","7":"product_tag-afrique-septentrional","9":"first","10":"instock","11":"downloadable","12":"virtual","13":"sold-individually","14":"purchasable","15":"product-type-simple"},"aioseo_notices":[],"jetpack_publicize_connections":[],"jetpack-related-posts":[],"jetpack_sharing_enabled":true,"_links":{"self":[{"href":"https:\/\/karandoogo.com\/index.php\/wp-json\/wp\/v2\/product\/1855","targetHints":{"allow":["GET"]}}],"collection":[{"href":"https:\/\/karandoogo.com\/index.php\/wp-json\/wp\/v2\/product"}],"about":[{"href":"https:\/\/karandoogo.com\/index.php\/wp-json\/wp\/v2\/types\/product"}],"wp:featuredmedia":[{"embeddable":true,"href":"https:\/\/karandoogo.com\/index.php\/wp-json\/wp\/v2\/media\/831"}],"wp:attachment":[{"href":"https:\/\/karandoogo.com\/index.php\/wp-json\/wp\/v2\/media?parent=1855"}],"wp:term":[{"taxonomy":"product_brand","embeddable":true,"href":"https:\/\/karandoogo.com\/index.php\/wp-json\/wp\/v2\/product_brand?post=1855"},{"taxonomy":"product_cat","embeddable":true,"href":"https:\/\/karandoogo.com\/index.php\/wp-json\/wp\/v2\/product_cat?post=1855"},{"taxonomy":"product_tag","embeddable":true,"href":"https:\/\/karandoogo.com\/index.php\/wp-json\/wp\/v2\/product_tag?post=1855"}],"curies":[{"name":"wp","href":"https:\/\/api.w.org\/{rel}","templated":true}]}}