{"id":1858,"date":"2022-08-28T21:36:30","date_gmt":"2022-08-28T21:36:30","guid":{"rendered":"https:\/\/karandoogo.com\/?post_type=product&#038;p=1858"},"modified":"2025-10-19T13:51:36","modified_gmt":"2025-10-19T13:51:36","slug":"expose-complet-sur-lhistoire-de-la-litterature-francaise","status":"publish","type":"product","link":"https:\/\/karandoogo.com\/index.php\/produit\/expose-complet-sur-lhistoire-de-la-litterature-francaise\/","title":{"rendered":"Expos\u00e9 complet sur l&rsquo;histoire de la litt\u00e9rature fran\u00e7aise"},"content":{"rendered":"","protected":false},"excerpt":{"rendered":"<p><strong>NB:<\/strong> Les documents mis \u00e0 disposition sur ce site sont des documents \u00e0 exploiter, autrement dit des compl\u00e9ments pour parfaire votre travail. Ils ne sont pas faits pour \u00eatre pr\u00e9sent\u00e9s \u00e0 l\u2019\u00e9tat.<\/p>\n<p><strong><u>PLAN<\/u><\/strong><\/p>\n<p><strong><u>INTRODUCTION<\/u><\/strong><\/p>\n<ol type=\"I\">\n<li><strong><u>LE MOYEN AGE<\/u><\/strong><\/li>\n<\/ol>\n<p><strong><u>1. Le si\u00e8cle f\u00e9odal (1050-1150).<\/u><\/strong><\/p>\n<p><strong><u>2. Le si\u00e8cle courtois (1150-1250).<\/u><\/strong><\/p>\n<p><strong><u>3. Les communes (1250-1350).<\/u><\/strong><\/p>\n<p><strong><u>4. La Guerre de Cent Ans (1340-1440).<\/u><\/strong><\/p>\n<p><strong><u>5. La fin du Moyen \u00c2ge (1440-1500).<\/u><\/strong><\/p>\n<ol type=\"I\">\n<li><strong><u>LA RENAISSANCE AU 17<sup>EME<\/sup>\u00a0SIECLE<\/u><\/strong><\/li>\n<\/ol>\n<p><strong><u>1-Diff\u00e9rents facteurs ont caus\u00e9 ce retour:<\/u><\/strong><\/p>\n<p><strong><u>2-En litt\u00e9rature en particulier:<\/u><\/strong><\/p>\n<p><strong><em><u>3-Quelques auteurs:<\/u><\/em><\/strong><\/p>\n<ol type=\"I\">\n<li><strong><u>LE SIECLE DES LUMIERES<\/u><\/strong><\/li>\n<\/ol>\n<p><strong><u>1- Le courant rationaliste, philosophique<\/u><\/strong><\/p>\n<p><strong><u>2- Le courant sentimental<\/u><\/strong><\/p>\n<p><strong><u>CONCLUSION<\/u><\/strong><\/p>\n<p><strong><u>INTRODUCTION<\/u><\/strong><\/p>\n<p>La connaissance de la litt\u00e9rature fran\u00e7aise, d\u2019abord, et des litt\u00e9ratures \u00e9trang\u00e8res, a gravement p\u00e2ti du renoncement \u00e0 son enseignement chronologique par l\u2019\u00e9cole. Les textes officiels des programmes scolaires disent parfois le contraire, ainsi le pr\u00e9ambule du programme de la classe de Seconde et de Premi\u00e8re de lyc\u00e9e. L\u2019une des finalit\u00e9s de cet enseignement serait : \u00abla construction progressive de rep\u00e8res permettant une mise en perspective historique des \u0153uvres litt\u00e9raires\u00bb .<\/p>\n<ol type=\"I\">\n<li><strong><u>LE MOYEN AGE<\/u><\/strong><\/li>\n<\/ol>\n<p>Le moyen \u00e2ge historique est compris entre \u00b1 400 et \u00b1 1450. Le moyen \u00e2ge litt\u00e9raire commence quand on va \u00e9crire en roman (la langue qui provient du latin). Pendant tout le moyen \u00e2ge d\u2019ailleurs, une partie importante des oeuvres sera \u00e9crite en latin.<\/p>\n<p><strong><u>1. Le si\u00e8cle f\u00e9odal (1050-1150).<\/u><\/strong><\/p>\n<p>Dans la soci\u00e9t\u00e9 f\u00e9odale, structur\u00e9e hi\u00e9rarchiquement, les seigneurs et l\u2019\u00e9glise d\u00e9tiennent le pouvoir, qui est tr\u00e8s \u00ab local \u00bb \u00e0 cause du syst\u00e8me du suzerain et du vassal.<\/p>\n<p>Dans ce milieu na\u00eet une litt\u00e9rature \u00e9pique. Pendant l\u2019hiver, des jongleurs viennent chanter dans les ch\u00e2teaux les chansons de geste, des \u00e9pop\u00e9es qui racontent les exploits de h\u00e9ros surhumains, surtout du temps de Charlemagne. Ces h\u00e9ros poursuivent l\u2019honneur personnel, celui de la chr\u00e9tient\u00e9 et de la patrie. Dans les chansons ult\u00e9rieures, ils deviendront plus cruels. Exemple: La chanson de Roland.<\/p>\n<p>L\u2019Occitanie (les pays de la langue d\u2019oc, au sud de la Loire, avait d\u00e9j\u00e0 vu se d\u00e9velopper la po\u00e9sie d\u2019exceptionnelle qualit\u00e9 des troubadours. Quand en 1137 Louis VII se marie avec Ali\u00e9nor d\u2019Aquitaine, la po\u00e9sie est \u00ab export\u00e9e \u00bb vers les pays de la langue d\u2019o\u00efl, au nord de la Loire. (Ali\u00e9nor divorcera d\u2019ailleurs et \u00e9pousera en 1152 Henri II Plantagen\u00eat, roi d\u2019Angleterre.)<\/p>\n<p><strong><u>2. Le si\u00e8cle courtois (1150-1250).<\/u><\/strong><\/p>\n<p>Le pouvoir est centralis\u00e9 par les rois de France Philippe Auguste et Saint Louis IX. Le style gothique na\u00eet (Notre Dame de Paris!). Dans l\u2019\u00e9pop\u00e9e, l\u2019assonance est remplac\u00e9e par la rime. Les sentiments s\u2019introduisent, et la femme va avoir un r\u00f4le tr\u00e8s important dans l\u2019amour courtois. Les h\u00e9ros deviennent plus humains et des \u00e9l\u00e9ments\u2026<\/p>\n<p>Pour obtenir l&rsquo;expos\u00e9 complet contactez le +226 56196345 (WhatsApp).<\/p>\n","protected":false},"featured_media":831,"template":"","meta":{"jetpack_publicize_message":"","jetpack_publicize_feature_enabled":true,"jetpack_social_post_already_shared":false,"jetpack_social_options":{"image_generator_settings":{"template":"highway","default_image_id":0,"font":"","enabled":false},"version":2}},"product_brand":[],"product_cat":[608,598],"product_tag":[651,636],"class_list":{"0":"post-1858","1":"product","2":"type-product","3":"status-publish","4":"has-post-thumbnail","6":"product_cat-histoire","7":"product_cat-litterature","8":"product_tag-histoire","9":"product_tag-litterature","11":"first","12":"instock","13":"downloadable","14":"virtual","15":"sold-individually","16":"purchasable","17":"product-type-simple"},"aioseo_notices":[],"jetpack_publicize_connections":[],"jetpack-related-posts":[],"jetpack_sharing_enabled":true,"_links":{"self":[{"href":"https:\/\/karandoogo.com\/index.php\/wp-json\/wp\/v2\/product\/1858","targetHints":{"allow":["GET"]}}],"collection":[{"href":"https:\/\/karandoogo.com\/index.php\/wp-json\/wp\/v2\/product"}],"about":[{"href":"https:\/\/karandoogo.com\/index.php\/wp-json\/wp\/v2\/types\/product"}],"wp:featuredmedia":[{"embeddable":true,"href":"https:\/\/karandoogo.com\/index.php\/wp-json\/wp\/v2\/media\/831"}],"wp:attachment":[{"href":"https:\/\/karandoogo.com\/index.php\/wp-json\/wp\/v2\/media?parent=1858"}],"wp:term":[{"taxonomy":"product_brand","embeddable":true,"href":"https:\/\/karandoogo.com\/index.php\/wp-json\/wp\/v2\/product_brand?post=1858"},{"taxonomy":"product_cat","embeddable":true,"href":"https:\/\/karandoogo.com\/index.php\/wp-json\/wp\/v2\/product_cat?post=1858"},{"taxonomy":"product_tag","embeddable":true,"href":"https:\/\/karandoogo.com\/index.php\/wp-json\/wp\/v2\/product_tag?post=1858"}],"curies":[{"name":"wp","href":"https:\/\/api.w.org\/{rel}","templated":true}]}}