{"id":1861,"date":"2022-08-28T20:53:26","date_gmt":"2022-08-28T20:53:26","guid":{"rendered":"https:\/\/karandoogo.com\/?post_type=product&#038;p=1861"},"modified":"2025-10-19T13:51:37","modified_gmt":"2025-10-19T13:51:37","slug":"expose-complet-sur-le-pagne-noir-de-bernard-dadie","status":"publish","type":"product","link":"https:\/\/karandoogo.com\/index.php\/produit\/expose-complet-sur-le-pagne-noir-de-bernard-dadie\/","title":{"rendered":"Expos\u00e9 complet sur le pagne noir de Bernard Dadi\u00e9"},"content":{"rendered":"","protected":false},"excerpt":{"rendered":"<p><strong>NB:<\/strong> Les documents mis \u00e0 disposition sur ce site sont des documents \u00e0 exploiter, autrement dit des compl\u00e9ments pour parfaire votre travail. Ils ne sont pas faits pour \u00eatre pr\u00e9sent\u00e9s \u00e0 l\u2019\u00e9tat.<\/p>\n<p>Plan<\/p>\n<p>INTRODUCTION<\/p>\n<ol type=\"I\">\n<li>Description du roman<\/li>\n<\/ol>\n<ol type=\"I\">\n<li>BIOGRAPHIE ET BIBLIOGRAPHIE<\/li>\n<li>Biographie de l\u2019auteur<\/li>\n<li>Bibliographie de l\u2019auteur<\/li>\n<li>R\u00e9sum\u00e9<\/li>\n<li>Les personnages du roman<\/li>\n<li>Th\u00e8me de l\u2019\u0153uvre<\/li>\n<\/ol>\n<p>Conclusion<\/p>\n<p><strong><u>Introduction<\/u><\/strong><\/p>\n<p>L\u2019\u0153uvre de Bernard Dadi\u00e9 intitul\u00e9\u00a0le pagne noir\u00a0\u00abPr\u00e9sence africaine\u00bb est un conte qui nous relate l\u2019histoire d\u2019une araign\u00e9e nomm\u00e9 Kacou Ananz\u00e9 Ce dernier se r\u00e9v\u00e8le comme un espi\u00e8gle et un ent\u00eat\u00e9 qui n\u2019a pas son pareil et\u00a0 de la jolie fille A\u00efwa Orpheline de m\u00e8re avec son histoire de pagne noir qui donne son nom \u00e0 l\u2019\u0153uvre.<\/p>\n<ol type=\"I\">\n<li><strong><u>Description du roman<\/u><\/strong><\/li>\n<\/ol>\n<p>Il tr\u00f4ne une figurine en rouge sur fond jaune au recto du livre et uniquement le fond jaune sur le verso de la couverture noire du \u00ab\u00a0<em><strong>pagne noir<\/strong><\/em>\u00a0\u00bb, ouvrage dont il est question. L\u2019image en rouge d\u00e9crit ais\u00e9ment l\u2019araign\u00e9e Kacou Ananz\u00e9, personnage principal et protagoniste attitr\u00e9 de ce recueil de contes africains \u00e9crit par Bernard Binlin Dadi\u00e9 en Juillet 1953. C\u2019est dire que l\u2019\u0153uvre a travers\u00e9 des \u00e9poques, berc\u00e9 des adolescents dans leur qu\u00eate du savoir. Ces 160 pages de contes continuent d\u2019ailleurs d\u2019accompagner les jeunes apprenants dans les lyc\u00e9es et coll\u00e8ges du B\u00e9nin \u00e0 travers seize (16) contes \u00e9labor\u00e9s avec humour, dynamisme et imagination dans l\u2019univers invraisemblable de la narration. \u00c0 la premi\u00e8re de couverture, le nom de l\u2019auteur tr\u00f4ne en haut et plus bas apr\u00e8s la figurine, il y a le titre du livre et de la maison d\u2019\u00e9dition, \u00ab\u00a0Pr\u00e9sence africaine\u00a0\u00bb. On y pr\u00e9cise\u2026<\/p>\n<p>Pour obtenir l&rsquo;expos\u00e9 complet contactez le +226 56196345 (WhatsApp).<\/p>\n","protected":false},"featured_media":831,"template":"","meta":{"jetpack_publicize_message":"","jetpack_publicize_feature_enabled":true,"jetpack_social_post_already_shared":false,"jetpack_social_options":{"image_generator_settings":{"template":"highway","default_image_id":0,"font":"","enabled":false},"version":2}},"product_brand":[],"product_cat":[598,547],"product_tag":[757,756],"class_list":{"0":"post-1861","1":"product","2":"type-product","3":"status-publish","4":"has-post-thumbnail","6":"product_cat-litterature","7":"product_cat-litterature-africaine","8":"product_tag-bernard-dadie","9":"product_tag-pagne-noir","11":"first","12":"instock","13":"downloadable","14":"virtual","15":"sold-individually","16":"purchasable","17":"product-type-simple"},"aioseo_notices":[],"jetpack_publicize_connections":[],"jetpack-related-posts":[],"jetpack_sharing_enabled":true,"_links":{"self":[{"href":"https:\/\/karandoogo.com\/index.php\/wp-json\/wp\/v2\/product\/1861","targetHints":{"allow":["GET"]}}],"collection":[{"href":"https:\/\/karandoogo.com\/index.php\/wp-json\/wp\/v2\/product"}],"about":[{"href":"https:\/\/karandoogo.com\/index.php\/wp-json\/wp\/v2\/types\/product"}],"wp:featuredmedia":[{"embeddable":true,"href":"https:\/\/karandoogo.com\/index.php\/wp-json\/wp\/v2\/media\/831"}],"wp:attachment":[{"href":"https:\/\/karandoogo.com\/index.php\/wp-json\/wp\/v2\/media?parent=1861"}],"wp:term":[{"taxonomy":"product_brand","embeddable":true,"href":"https:\/\/karandoogo.com\/index.php\/wp-json\/wp\/v2\/product_brand?post=1861"},{"taxonomy":"product_cat","embeddable":true,"href":"https:\/\/karandoogo.com\/index.php\/wp-json\/wp\/v2\/product_cat?post=1861"},{"taxonomy":"product_tag","embeddable":true,"href":"https:\/\/karandoogo.com\/index.php\/wp-json\/wp\/v2\/product_tag?post=1861"}],"curies":[{"name":"wp","href":"https:\/\/api.w.org\/{rel}","templated":true}]}}