{"id":1862,"date":"2022-08-28T20:58:36","date_gmt":"2022-08-28T20:58:36","guid":{"rendered":"https:\/\/karandoogo.com\/?post_type=product&#038;p=1862"},"modified":"2025-10-19T13:51:37","modified_gmt":"2025-10-19T13:51:37","slug":"expose-complet-sur-la-justice-dans-letranger-dalbert-camus","status":"publish","type":"product","link":"https:\/\/karandoogo.com\/index.php\/produit\/expose-complet-sur-la-justice-dans-letranger-dalbert-camus\/","title":{"rendered":"Expos\u00e9 complet sur la justice dans l&rsquo;Etranger d&rsquo;Albert camus"},"content":{"rendered":"","protected":false},"excerpt":{"rendered":"<p><strong>NB:<\/strong> Les documents mis \u00e0 disposition sur ce site sont des documents \u00e0 exploiter, autrement dit des compl\u00e9ments pour parfaire votre travail. Ils ne sont pas faits pour \u00eatre pr\u00e9sent\u00e9s \u00e0 l\u2019\u00e9tat.<\/p>\n<p><strong><u>PLAN<\/u><\/strong><\/p>\n<p><strong><u>INTRODUCTION<\/u><\/strong><\/p>\n<p><strong><u>I. BIOGRAPHIE ET BIBLIOGRAHIE DE L\u2019AUTEUR<\/u><\/strong><\/p>\n<p><strong><u>1) Biographie<\/u><\/strong><\/p>\n<p><strong><u>2) Bibliographie<\/u><\/strong><\/p>\n<p><strong><u>3) Le r\u00e9sum\u00e9 de l\u2019\u0153uvre<\/u><\/strong><\/p>\n<p><strong><u>II- \u00a0EUDE DES PERSONNAGES<br \/>\n1) Le personnage principal:<\/u><\/strong><\/p>\n<p><strong><u>Meursault :<br \/>\n2) Les personnages secondaires<\/u><\/strong><\/p>\n<p><strong><u>III. ETUDE THEMATIQUE DE L\u2019\u0152UVRE\u00a0:<\/u><\/strong><\/p>\n<p><strong><u>1- Th\u00e8me principal :<\/u><\/strong><\/p>\n<p><strong><u>\u00a02- Th\u00e8mes secondaires<\/u><\/strong><\/p>\n<p><strong><u>IV. ETUDE DU TEMPS ET DE L\u2019ESPACE<\/u><\/strong><\/p>\n<p><strong><u>CONCLUSION<\/u><\/strong><\/p>\n<p><strong><u>INTRODUCTION<\/u><\/strong><\/p>\n<p>Publi\u00e9 en 1942, L\u2019Etranger est le premier roman d\u2019Albert Camus qui n\u2019avait \u00e9crit que des essais. Juste apr\u00e8s sa sortie, l\u2019\u0153uvre conna\u00eet un immense succ\u00e8s aupr\u00e8s du public qui d\u00e9couvre une nouvelle notion celle de l\u2019absurde. Ainsi L\u2019Etranger appartient \u00e0 un cycle d\u2019\u0153uvres consacr\u00e9 \u00e0 l\u2019absurdit\u00e9 de l\u2019existence.<br \/>\nEcrit dans un style simple, ce roman, \u00e0 travers ses personnages, son d\u00e9cor, ses th\u00e8mes d\u00e9velopp\u00e9s est un v\u00e9ritable chef d\u2019\u0153uvre de la litt\u00e9rature d\u2019apr\u00e8s-guerre. Alors que cette instruction et le proc\u00e8s permettent au lecteur de mieux comprendre Meursault, la soci\u00e9t\u00e9, \u00e0 l\u2019inverse, m\u00e9conna\u00eet la r\u00e9alit\u00e9 des ressorts psychologiques du personnage. Plus Meursault se r\u00e9v\u00e8le \u00e0 travers ses remarques de prisonnier et d\u2019inculp\u00e9, plus les autorit\u00e9s judiciaires s\u2019\u00e9garent dans des points de vue superficiels et inexacts, faisant de lui un homme sans sentiment, sans regret et criminel avec pr\u00e9m\u00e9ditation (le procureur) ou bon travailleur, aimant sa m\u00e8re (son avocat). Ainsi se cr\u00e9e un hiatus entre le point de vue du lecteur et le jugement port\u00e9 par les autorit\u00e9s judiciaires sur Meursault \u00e0 la faveur duquel Camus instruit le proc\u00e8s d\u2019une justice qui pr\u00e9tend \u00e0 la v\u00e9rit\u00e9 quand elle se contente de d\u00e9bats superficiels.<\/p>\n<p><strong><u>I. BIOGRAPHIE ET BIBLIOGRAHIE DE L\u2019AUTEUR<\/u><\/strong><\/p>\n<p><strong><u>1) Biographie<\/u><\/strong><br \/>\nAlbert Camus est n\u00e9 le 07 Novembre 1913 \u00e0 Mondovie, en Alg\u00e9rie dans une famille modeste o\u00f9 il devient t\u00f4t orphelin d\u2019un p\u00e8re (Lucien) ouvrier agricole tu\u00e9 pendant la guerre de 1914-1918. Il y passe son enfance et son adolescence. Il est \u00e9lev\u00e9 par sa m\u00e8re et sa grand-m\u00e8re. Gr\u00e2ce \u00e0 l\u2019intervention de son instituteur, il entre au lyc\u00e9e et poursuit ses \u00e9tudes tout en travaillant dans l\u2019administration mais en 1937, la tuberculose l\u2019emp\u00eache de passer l\u2019agr\u00e9gation de philosophie.<br \/>\nDevenu journaliste, R\u00e9dacteur en chef au journal Le Combat qu\u2019il a lui-m\u00eame fond\u00e9 de mani\u00e8re clandestin pendant la seconde guerre mondiale, il appelle \u00e0 la r\u00e9volte contre\u2026<\/p>\n<p>Pour obtenir l&rsquo;expos\u00e9 complet contactez le +226 56196345 (WhatsApp).<\/p>\n","protected":false},"featured_media":831,"template":"","meta":{"jetpack_publicize_message":"","jetpack_publicize_feature_enabled":true,"jetpack_social_post_already_shared":false,"jetpack_social_options":{"image_generator_settings":{"template":"highway","default_image_id":0,"font":"","enabled":false},"version":2}},"product_brand":[],"product_cat":[598],"product_tag":[600,759,758],"class_list":{"0":"post-1862","1":"product","2":"type-product","3":"status-publish","4":"has-post-thumbnail","6":"product_cat-litterature","7":"product_tag-albert-camus","8":"product_tag-justice","9":"product_tag-letranger","11":"first","12":"instock","13":"downloadable","14":"virtual","15":"sold-individually","16":"purchasable","17":"product-type-simple"},"aioseo_notices":[],"jetpack_publicize_connections":[],"jetpack-related-posts":[],"jetpack_sharing_enabled":true,"_links":{"self":[{"href":"https:\/\/karandoogo.com\/index.php\/wp-json\/wp\/v2\/product\/1862","targetHints":{"allow":["GET"]}}],"collection":[{"href":"https:\/\/karandoogo.com\/index.php\/wp-json\/wp\/v2\/product"}],"about":[{"href":"https:\/\/karandoogo.com\/index.php\/wp-json\/wp\/v2\/types\/product"}],"wp:featuredmedia":[{"embeddable":true,"href":"https:\/\/karandoogo.com\/index.php\/wp-json\/wp\/v2\/media\/831"}],"wp:attachment":[{"href":"https:\/\/karandoogo.com\/index.php\/wp-json\/wp\/v2\/media?parent=1862"}],"wp:term":[{"taxonomy":"product_brand","embeddable":true,"href":"https:\/\/karandoogo.com\/index.php\/wp-json\/wp\/v2\/product_brand?post=1862"},{"taxonomy":"product_cat","embeddable":true,"href":"https:\/\/karandoogo.com\/index.php\/wp-json\/wp\/v2\/product_cat?post=1862"},{"taxonomy":"product_tag","embeddable":true,"href":"https:\/\/karandoogo.com\/index.php\/wp-json\/wp\/v2\/product_tag?post=1862"}],"curies":[{"name":"wp","href":"https:\/\/api.w.org\/{rel}","templated":true}]}}