{"id":1867,"date":"2022-08-28T21:18:05","date_gmt":"2022-08-28T21:18:05","guid":{"rendered":"https:\/\/karandoogo.com\/?post_type=product&#038;p=1867"},"modified":"2025-10-19T13:51:37","modified_gmt":"2025-10-19T13:51:37","slug":"expose-complet-sur-le-sous-developpement-de-lafrique-et-du-burkina-causesconsequencessolutions","status":"publish","type":"product","link":"https:\/\/karandoogo.com\/index.php\/produit\/expose-complet-sur-le-sous-developpement-de-lafrique-et-du-burkina-causesconsequencessolutions\/","title":{"rendered":"EXPOS\u00c9 COMPLET SUR LE SOUS DEVELOPPEMENT DE L\u2019AFRIQUE ET DU BURKINA (CAUSES,CONS\u00c9QUENCES,SOLUTIONS)"},"content":{"rendered":"","protected":false},"excerpt":{"rendered":"<p><strong>NB:<\/strong> Les documents mis \u00e0 disposition sur ce site sont des documents \u00e0 exploiter, autrement dit des compl\u00e9ments pour parfaire votre travail. Ils ne sont pas faits pour \u00eatre pr\u00e9sent\u00e9s \u00e0 l\u2019\u00e9tat.<\/p>\n<p><strong><u>PLAN<\/u><\/strong><\/p>\n<p><strong><u>INTRODUCTION<\/u><\/strong><\/p>\n<ol type=\"I\">\n<li><strong><u>DEFINITION<\/u><\/strong><\/li>\n<li><strong><u>CAUSES ET CONSEQUENCES DU SOUS-DEVELOPPEMENT EN AFRIQUE<\/u><\/strong><\/li>\n<li><strong><u>Causes du sous d\u00e9veloppement de l\u2019Afrique\u00a0:<\/u><\/strong><\/li>\n<li><strong><u>La colonisation<\/u><\/strong><\/li>\n<li><strong><u>L\u2019\u00e8re des ind\u00e9pendances<\/u><\/strong><\/li>\n<li><strong><u>Le blocage culturel<\/u><\/strong><\/li>\n<li><strong><u>Cons\u00e9quences du sous d\u00e9veloppement de l\u2019Afrique<\/u><\/strong><\/li>\n<li><strong><u>\u00e9migration<\/u><\/strong><\/li>\n<li><strong><u>L\u2019alimentation<\/u><\/strong><strong>\u00a0:<\/strong><\/li>\n<li><strong><u>\u00a0La d\u00e9mographie<\/u><\/strong><strong>\u00a0:<\/strong><\/li>\n<li><strong><u>La sant\u00e9<\/u><\/strong><strong>\u00a0:<\/strong><\/li>\n<li><strong><u>Le sous-d\u00e9veloppement culturel et social<\/u><\/strong><strong>\u00a0:<\/strong><\/li>\n<li><strong><u>SOUS-DEVELOPPEMENT AU BURKINA FASO<\/u><\/strong><\/li>\n<li><strong><u>Causes du sous-d\u00e9veloppement au Burkina Faso<\/u><\/strong><\/li>\n<li><strong><u>Manque d\u2019ambitions<\/u><\/strong><\/li>\n<li><strong><u>P\u00e9dagogie de la pauvret\u00e9<\/u><\/strong><\/li>\n<li><strong><u>Multiplication de discours sans effet<\/u><\/strong><\/li>\n<li><strong><u>Cons\u00e9quences du sous-d\u00e9veloppement au Burkina Faso<\/u><\/strong><\/li>\n<li><strong><u>La croissance du PIB<\/u><\/strong><strong>\u00a0:<\/strong><\/li>\n<li><strong><u>Les in\u00e9galit\u00e9s<\/u><\/strong><strong>\u00a0:<\/strong><\/li>\n<li><strong><u>le ch\u00f4mage<\/u><\/strong><strong>\u00a0:<\/strong><\/li>\n<li><strong><u>La d\u00e9pendance financi\u00e8re :<\/u><\/strong><\/li>\n<li><strong>La d\u00e9pendance technologique :<\/strong><\/li>\n<li><strong><u>SOLUTIONS POUR SORTIR DU SOUS DEVELOPPEMENT<\/u><\/strong><\/li>\n<li><strong><u>La sant\u00e9<\/u><\/strong><\/li>\n<li><strong><u>L\u2019eau<\/u><\/strong><\/li>\n<li><strong><u>L\u2019\u00e9ducation<\/u><\/strong><\/li>\n<li><em><strong><u>L\u2019\u00e9lectricit\u00e9.<\/u><\/strong><\/em><u><\/u><\/li>\n<li><em><strong><u>Les infrastructures communicationnelles.<\/u><\/strong><\/em><u><\/u><\/li>\n<\/ol>\n<p><strong><u>CONCLUSION<\/u><\/strong><\/p>\n<p><strong><u>Sources\u00a0:<\/u><\/strong><\/p>\n<p><strong><u>INTRODUCTION<\/u><\/strong><\/p>\n<p>On parle de\u00a0<strong>pays sous-d\u00e9velopp\u00e9<\/strong>\u00a0et de\u00a0<strong>sous-d\u00e9veloppement<\/strong>\u00a0d\u2019un pays lorsque la situation sanitaire et \u00e9conomique y est tr\u00e8s mauvaise. Le terme\u00a0<strong>pays sous-d\u00e9velopp\u00e9<\/strong>\u00a0n\u2019est plus beaucoup employ\u00e9, on pr\u00e9f\u00e8re le terme plus neutre de\u00a0<a href=\"https:\/\/fr.wikipedia.org\/wiki\/Pays_en_voie_de_d%C3%A9veloppement\">pays en voie de d\u00e9veloppement<\/a>, ou pays en d\u00e9veloppement. Les pays les plus pauvres sont les\u00a0<a href=\"https:\/\/fr.wikipedia.org\/wiki\/Pays_les_moins_avanc%C3%A9s\">pays les moins avanc\u00e9s<\/a>\u00a0(PMA).<\/p>\n<ol type=\"I\">\n<li><strong><u>DEFINITION<\/u><\/strong><\/li>\n<\/ol>\n<p>Le terme sous-d\u00e9veloppement a \u00e9t\u00e9 employ\u00e9 pour la premi\u00e8re fois en 1947 par le pr\u00e9sident am\u00e9ricain HARRY TRUMAN qui le rev\u00eat d\u2019un caract\u00e8re tr\u00e8s \u00e9conomique! Caract\u00e9ristiques g\u00e9n\u00e9rale du sous-d\u00e9veloppement: L\u2019analphab\u00e9tisme, le faible taux de scolarisation Gestion d\u00e9faillante d\u2019une \u00e9conomie paralytique et d\u00e9pendante La subordination politique Ampleur des in\u00e9galit\u00e9s sociales: une minorit\u00e9 riche qui s\u2019engouffre de fortune Au d\u00e9triment d\u2019une majorit\u00e9 pauvre qui sombre dans la mis\u00e8re<\/p>\n<ol type=\"I\">\n<li><strong><u>CAUSES ET CONSEQUENCES DU SOUS-DEVELOPPEMENT EN AFRIQUE<\/u><\/strong><\/li>\n<li><strong><u>Causes du sous d\u00e9veloppement de l\u2019Afrique\u00a0:<\/u><\/strong><\/li>\n<li><strong><u>La colonisation<\/u><\/strong><\/li>\n<\/ol>\n<p>Parmi les causes du retard de l\u2019Afrique dans le d\u00e9veloppement, la colonisation ne peut passer sous silence! Elle a entra\u00een\u00e9: la destruction locale de formes traditionnelles, l\u2019exploitation abusive des ressources un syst\u00e8me \u00e9litiste marqu\u00e9 par l\u2019exploitation des populations La constitution de sous-groupes de population souvent antagoniste: l\u2019ex du g\u00e9nocide du Rwanda en est une des cons\u00e9quences La prise en main par l\u2019occident, imposition habitudes de vie, de m\u0153urs, voire religion<\/p>\n<ul>\n<li><strong><u>L\u2019\u00e8re des ind\u00e9pendances<\/u><\/strong><\/li>\n<\/ul>\n<p>L\u2019espoir suscit\u00e9 par les ind\u00e9pendances s\u2019est tr\u00e8s vite amenuis\u00e9 avec la liste des maux qui les accompagnent: un n\u00e9o-colonialisme qui est une fa\u00e7on pour les m\u00e9tropoles d\u2019avoir une main mise sur leurs colonies la lutte pour le pouvoir des dirigeants qui ne soucient que de leurs propres int\u00e9r\u00eats: la cause du continent leur importe peu, situation favorable aux m\u00e9tropoles<\/p>\n<ul>\n<li><strong><u>Le blocage culturel<\/u><\/strong><\/li>\n<\/ul>\n<p>La volont\u00e9 de copier le mod\u00e8le occidental est en constante opposition avec les pratiques locales traditionnelles Les PVD ont du mal \u00e0 se forger une identit\u00e9, d\u2019autant que les PD par l\u2019interm\u00e9diaire de firme multinationales cherchent \u00e0 v\u00e9hiculer leurs valeurs, leur mode de vie.<\/p>\n<ul>\n<li><strong><u>Cons\u00e9quences du sous d\u00e9veloppement de l\u2019Afrique<\/u><\/strong><\/li>\n<li><strong><u>\u00e9migration<\/u><\/strong><\/li>\n<\/ul>\n<p>Quand on voit l\u2019\u00e9nergie, le courage et la d\u00e9termination des africains pour affronter les dangers de l\u2019\u00e9migration et ensuite pour accepter n\u2019importe quel emploi en Europe (on voit ainsi un m\u00e9decin ghan\u00e9en devenir gardien de parking \u00e0 Paris ou un \u00ab\u00a0\u00e9narque\u00a0\u00bb malien devenir balayeur \u00e0 Rome), on doit donc se dire que ces personnes ne sont ni des \u00ab\u00a0trouillards\u00a0\u00bb ni des \u00ab\u00a0tire aux flancs\u00a0\u00bb.<br \/>\nOn se doit d\u00e8s lors, si on veut trouver une solution \u00e0 ce probl\u00e8me, de rechercher les vraies causes de l\u2019\u00e9migration africaine.<br \/>\nIl existe plusieurs causes entre autres les guerres, le manque d\u2019emploi etc. mais la principale, c\u2019est la pauvret\u00e9 en Afrique, que l\u2019on peut illustrer par quelques chiffres Plus de la moiti\u00e9 de la population africaine vit avec moins de 1\u20ac par jour pour se loger, se nourrir, se soigner, et s\u2019\u00e9duquer\u2026<\/p>\n<ul>\n<li><strong><u>L\u2019alimentation<\/u><\/strong><strong>\u00a0:<\/strong><\/li>\n<\/ul>\n<p>Dans les PVD, les populations ne parviennent pas \u00e0 manger \u00e0 leur faim, elles pensent manger en quantit\u00e9 qu\u2019en qualit\u00e9. La famine, la sous-alimentation et la mal \u2013 nutrition sont r\u00e9currentes. Les aliments consomm\u00e9s en moyenne par individus ne renferment pas la quantit\u00e9 de calories (moins de 200 calories par jour) et de vitamines n\u00e9cessaires. Pourtant il est constat\u00e9 qu\u2019il y a assez de nourriture dans le monde, mais elle est simplement in\u00e9galement r\u00e9partie ; en plus il ya des terres fertiles dans ces pays.<\/p>\n<ul>\n<li><strong><u>\u00a0La d\u00e9mographie<\/u><\/strong><strong>\u00a0:<\/strong><\/li>\n<\/ul>\n<p>Dans les pays en voie de d\u00e9veloppement (PVD) les taux de natalit\u00e9 et de f\u00e9condit\u00e9 sont tr\u00e8s \u00e9lev\u00e9s, alors que celui de la mortalit\u00e9 est en recul gr\u00e2ce au progr\u00e8s de la m\u00e9decine. Par cons\u00e9quent la population augmente d\u2019une mani\u00e8re tr\u00e8s rapide. Cette d\u00e9mographie galopante a des raisons culturelles (volont\u00e9 d\u2019avoir plusieurs gar\u00e7ons pour assurer sa descendance et prouver sa fertilit\u00e9) et \u00e9conomique (l\u2019enfant est un investissement et une assurance pour ses parents). Cette hausse de la population augmente la demande sociale : probl\u00e8mes de nourriture, d\u2019habitat, d\u2019urbanisation d\u2019assainissement, d\u2019\u00e9lectrification, d\u2019\u00e9ducation, de sant\u00e9\u2026<\/p>\n<ul>\n<li><strong><u>La sant\u00e9<\/u><\/strong><strong>\u00a0:<\/strong><\/li>\n<\/ul>\n<p>L\u2019accroissement rapide de la population p\u00e8se beaucoup sur la sant\u00e9 des individus. Le nombre de m\u00e9decins \/hbt et les infrastructures sanitaires ne pouvant pas suivre le rythme d\u2019\u00e9volution de la population, sont insuffisants. Le peu d\u2019infrastructures qui existent sont mal r\u00e9parties dans les territoires, car les meilleurs h\u00f4pitaux, les meilleurs m\u00e9decins, infirmiers, \u00e9quipements sont concentr\u00e9s dans les capitales au d\u00e9triment des autres villes et campagnes.<\/p>\n<ul>\n<li><strong><u>Le sous-d\u00e9veloppement culturel et social<\/u><\/strong><strong>\u00a0:<\/strong><\/li>\n<\/ul>\n<p>L\u2019accroissement rapide de la population va entra\u00eener beaucoup de difficult\u00e9s dans les domaines social et culturel. En effet, les \u00e9coles et les universit\u00e9s, ont d\u00e9pass\u00e9 leur capacit\u00e9 d\u2019accueil. Les moyens didactiques, les infrastructures scolaires et&#8230;.<\/p>\n<p>Pour obtenir l&rsquo;expos\u00e9 complet contactez le +226 56196345 (WhatsApp).<\/p>\n","protected":false},"featured_media":831,"template":"","meta":{"jetpack_publicize_message":"","jetpack_publicize_feature_enabled":true,"jetpack_social_post_already_shared":false,"jetpack_social_options":{"image_generator_settings":{"template":"highway","default_image_id":0,"font":"","enabled":false},"version":2}},"product_brand":[],"product_cat":[703,548,714],"product_tag":[610,561,762],"class_list":{"0":"post-1867","1":"product","2":"type-product","3":"status-publish","4":"has-post-thumbnail","6":"product_cat-economie","7":"product_cat-histoire-geographie","8":"product_cat-politique","9":"product_tag-afrique","10":"product_tag-burkina-faso","11":"product_tag-sous-developpement","13":"first","14":"instock","15":"downloadable","16":"virtual","17":"sold-individually","18":"purchasable","19":"product-type-simple"},"aioseo_notices":[],"jetpack_publicize_connections":[],"jetpack-related-posts":[],"jetpack_sharing_enabled":true,"_links":{"self":[{"href":"https:\/\/karandoogo.com\/index.php\/wp-json\/wp\/v2\/product\/1867","targetHints":{"allow":["GET"]}}],"collection":[{"href":"https:\/\/karandoogo.com\/index.php\/wp-json\/wp\/v2\/product"}],"about":[{"href":"https:\/\/karandoogo.com\/index.php\/wp-json\/wp\/v2\/types\/product"}],"wp:featuredmedia":[{"embeddable":true,"href":"https:\/\/karandoogo.com\/index.php\/wp-json\/wp\/v2\/media\/831"}],"wp:attachment":[{"href":"https:\/\/karandoogo.com\/index.php\/wp-json\/wp\/v2\/media?parent=1867"}],"wp:term":[{"taxonomy":"product_brand","embeddable":true,"href":"https:\/\/karandoogo.com\/index.php\/wp-json\/wp\/v2\/product_brand?post=1867"},{"taxonomy":"product_cat","embeddable":true,"href":"https:\/\/karandoogo.com\/index.php\/wp-json\/wp\/v2\/product_cat?post=1867"},{"taxonomy":"product_tag","embeddable":true,"href":"https:\/\/karandoogo.com\/index.php\/wp-json\/wp\/v2\/product_tag?post=1867"}],"curies":[{"name":"wp","href":"https:\/\/api.w.org\/{rel}","templated":true}]}}